{"id":8301,"date":"2022-09-20T13:38:04","date_gmt":"2022-09-20T11:38:04","guid":{"rendered":"https:\/\/0x1wxbcjat.preview.infomaniak.website\/?page_id=8301"},"modified":"2025-10-13T14:25:38","modified_gmt":"2025-10-13T12:25:38","slug":"wijkateliers-bri-co-hulpmiddelen","status":"publish","type":"page","link":"https:\/\/www.fdss.be\/nl\/wijkateliers-bri-co-hulpmiddelen\/","title":{"rendered":"Wijkateliers (BRI-Co): hulpmiddelen"},"content":{"rendered":"<h2>Hulpmiddelen<\/h2>\n<h3>brochure met uitleg en verschillende hulpmiddelen<\/h3>\n<p>&nbsp;<\/p>\n<div id=\"attachment_7956\" style=\"width: 246px\" class=\"wp-caption alignleft\"><a href=\"https:\/\/www.fdss.be\/wp-content\/uploads\/Depliant_BRI-Co_FR.pdf\" target=\"_blank\" rel=\"noopener\"><img loading=\"lazy\" decoding=\"async\" aria-describedby=\"caption-attachment-7956\" class=\"wp-image-7956 size-medium\" title=\"D\u00e9pliant explicatif du dispositif BRI-Co francophone\" src=\"https:\/\/www.fdss.be\/wp-content\/uploads\/Depliant-fr-236x500.png\" alt=\"D\u00e9pliant explicatif du dispositif BRI-Co francophone\" width=\"236\" height=\"500\" srcset=\"https:\/\/www.fdss.be\/wp-content\/uploads\/Depliant-fr-236x500.png 236w, https:\/\/www.fdss.be\/wp-content\/uploads\/Depliant-fr-71x150.png 71w, https:\/\/www.fdss.be\/wp-content\/uploads\/Depliant-fr.png 420w\" sizes=\"auto, (max-width: 236px) 100vw, 236px\" \/><\/a><p id=\"caption-attachment-7956\" class=\"wp-caption-text\"><a href=\"https:\/\/www.fdss.be\/wp-content\/uploads\/Depliant_BRI-Co_FR.pdf\">Klik hier om de folder met uitleg over het Franse BRI-Co-systeem te bekijkend\u00e9pliant explicatif du dispositif BRI-Co francophone<\/a><\/p><\/div>\n<div id=\"attachment_7958\" style=\"width: 239px\" class=\"wp-caption alignleft\"><a href=\"https:\/\/www.fdss.be\/wp-content\/uploads\/Depliant_BRI-Co_NL.pdf\" target=\"_blank\" rel=\"noopener\"><img loading=\"lazy\" decoding=\"async\" aria-describedby=\"caption-attachment-7958\" class=\"wp-image-7958 size-medium\" title=\"D\u00e9pliant explicatif du dispositif BRI-Co n\u00e9erlandophone\" src=\"https:\/\/www.fdss.be\/wp-content\/uploads\/depliant-nl-229x500.png\" alt=\"D\u00e9pliant explicatif du dispositif BRI-Co n\u00e9erlandophone\" width=\"229\" height=\"500\" srcset=\"https:\/\/www.fdss.be\/wp-content\/uploads\/depliant-nl-229x500.png 229w, https:\/\/www.fdss.be\/wp-content\/uploads\/depliant-nl-69x150.png 69w, https:\/\/www.fdss.be\/wp-content\/uploads\/depliant-nl.png 408w\" sizes=\"auto, (max-width: 229px) 100vw, 229px\" \/><\/a><p id=\"caption-attachment-7958\" class=\"wp-caption-text\"><a href=\"https:\/\/www.fdss.be\/wp-content\/uploads\/Depliant_BRI-Co_NL.pdf\">Klik hier voor de verklarende brochure over de Nederlandse BRI-Co regeling<\/a><\/p><\/div>\n<p style=\"text-align: center;\"><a href=\"https:\/\/www.fdss.be\/ateliers-de-quartiers-bri-co-photos\/\" class=\"su-button su-button-style-default\" style=\"color:#ffffff;background-color:#00849f;border-color:#006a80;border-radius:0px\" target=\"_blank\" rel=\"noopener noreferrer\"><span style=\"color:#ffffff;padding:0px 18px;font-size:14px;line-height:28px;border-color:#4da9bc;border-radius:0px;text-shadow:none\"> Foto\u2019s van de wijkateliers<\/span><\/a>\n<p style=\"text-align: center;\"><a href=\"https:\/\/www.fdss.be\/wp-content\/uploads\/22-42-BRI-Co-A3-Schema-hor_02_FR.jpg\" class=\"su-button su-button-style-default\" style=\"color:#ffffff;background-color:#00849f;border-color:#006a80;border-radius:0px\" target=\"_blank\" rel=\"noopener noreferrer\"><span style=\"color:#ffffff;padding:0px 18px;font-size:14px;line-height:28px;border-color:#4da9bc;border-radius:0px;text-shadow:none\"> Franstalige verklarende infographic<\/span><\/a>\n<p style=\"text-align: center;\"><a href=\"https:\/\/www.fdss.be\/wp-content\/uploads\/22-42-BRI-Co-A3-Schema-hor_022_NL.jpg\" class=\"su-button su-button-style-default\" style=\"color:#ffffff;background-color:#00849f;border-color:#006a80;border-radius:0px\" target=\"_blank\" rel=\"noopener noreferrer\"><span style=\"color:#ffffff;padding:0px 18px;font-size:14px;line-height:28px;border-color:#4da9bc;border-radius:0px;text-shadow:none\"> Nederlandstalige verklarende infographic<\/span><\/a>\n<p style=\"text-align: center;\"><a href=\"https:\/\/www.fdss.be\/wp-content\/uploads\/Flyer-Bri-Co-Volta.pdf\" class=\"su-button su-button-style-default\" style=\"color:#ffffff;background-color:#00849f;border-color:#006a80;border-radius:0px\" target=\"_blank\" rel=\"noopener noreferrer\"><span style=\"color:#ffffff;padding:0px 18px;font-size:14px;line-height:28px;border-color:#4da9bc;border-radius:0px;text-shadow:none\"> Voorbeeld van een Franstalige flyer<\/span><\/a>\n<p style=\"text-align: center;\"><a href=\"https:\/\/www.fdss.be\/wp-content\/uploads\/Flyer-BRI-Co-Peterbos-NL.pdf\" class=\"su-button su-button-style-default\" style=\"color:#ffffff;background-color:#00849f;border-color:#006a80;border-radius:0px\" target=\"_blank\" rel=\"noopener noreferrer\"><span style=\"color:#ffffff;padding:0px 18px;font-size:14px;line-height:28px;border-color:#4da9bc;border-radius:0px;text-shadow:none\"> Voorbeeld van een Nederlandstalige flyer<\/span><\/a>\n<p style=\"text-align: center;\"><a href=\"https:\/\/www.fdss.be\/wp-content\/uploads\/Affiche-A3-Brabant-FR.pdf\" class=\"su-button su-button-style-default\" style=\"color:#ffffff;background-color:#00849f;border-color:#006a80;border-radius:0px\" target=\"_blank\" rel=\"noopener noreferrer\"><span style=\"color:#ffffff;padding:0px 18px;font-size:14px;line-height:28px;border-color:#4da9bc;border-radius:0px;text-shadow:none\"> Voorbeeld van een Franstalige poster<\/span><\/a>\n<p style=\"text-align: center;\"><a href=\"https:\/\/www.fdss.be\/wp-content\/uploads\/Affiche-A3-Brabant-A3-NL.pdf\" class=\"su-button su-button-style-default\" style=\"color:#ffffff;background-color:#00849f;border-color:#006a80;border-radius:0px\" target=\"_blank\" rel=\"noopener noreferrer\"><span style=\"color:#ffffff;padding:0px 18px;font-size:14px;line-height:28px;border-color:#4da9bc;border-radius:0px;text-shadow:none\"> Voorbeeld van een Nederlandstalige poster<\/span><\/a>\n<p style=\"text-align: center;\"><a href=\"https:\/\/www.fdss.be\/wp-content\/uploads\/Affiche-A3-Brabant-Bilingue.pdf\" class=\"su-button su-button-style-default\" style=\"color:#ffffff;background-color:#00849f;border-color:#006a80;border-radius:0px\" target=\"_blank\" rel=\"noopener noreferrer\"><span style=\"color:#ffffff;padding:0px 18px;font-size:14px;line-height:28px;border-color:#4da9bc;border-radius:0px;text-shadow:none\"> Voorbeeld van een tweetalige poster<\/span><\/a>\n<h2 style=\"text-align: left;\">We hebben het over wijkateliers<\/h2>\n<h3>Interview met C\u00e9line Nieuwenhuys over de \u201cBrigades de R\u00e9parations Imm\u00e9diates et Collectives (BRI-Co)\u201d<\/h3>\n<p><a href=\"https:\/\/bx1.be\/categories\/news\/les-populations-en-situation-de-precarite-narrivent-plus-a-se-connecter-au-service-public\/\"><img decoding=\"async\" class=\"size-medium wp-image-7949\" src=\"https:\/\/www.fdss.be\/wp-content\/uploads\/Celine-BX1-500x257.png\" alt=\"C\u00e9line Nieuwenhuys ge\u00efnterviewd over de &quot; Brigades de R\u00e9parations Imm\u00e9diates et Collectives (BRI-Co)\u201c width=\" height=\"257\" srcset=\"https:\/\/www.fdss.be\/wp-content\/uploads\/Celine-BX1-500x257.png 500w, https:\/\/www.fdss.be\/wp-content\/uploads\/Celine-BX1-1024x525.png 1024w, https:\/\/www.fdss.be\/wp-content\/uploads\/Celine-BX1-150x77.png 150w, https:\/\/www.fdss.be\/wp-content\/uploads\/Celine-BX1-768x394.png 768w, https:\/\/www.fdss.be\/wp-content\/uploads\/Celine-BX1.png 1076w\" sizes=\"(max-width: 500px) 100vw, 500px\" \/><\/a><\/p>\n<h3>Interventies van Kinch op Radio Panik en Radio Pogge<\/h3>\n<a href=\"https:\/\/radiopogge.weebly.com\/podcasts\" class=\"su-button su-button-style-default\" style=\"color:#ffffff;background-color:#00849f;border-color:#006a80;border-radius:0px\" target=\"_blank\" rel=\"noopener noreferrer\"><span style=\"color:#ffffff;padding:0px 18px;font-size:14px;line-height:28px;border-color:#4da9bc;border-radius:0px;text-shadow:none\"> Geluidsfragmenten over de wijkworkshops<\/span><\/a>\n<p>&nbsp;<\/p>\n<h3>Geluidsfragment verschenen in \u201cLe grain des choses\u201d &#8211; Tekst en voorlezing door Paul Hermant<\/h3>\n<div class=\"su-audio\" data-id=\"su_audio_player_69e35f0689739\" data-audio=\"https:\/\/www.fdss.be\/wp-content\/uploads\/paul-brico.mp3\" data-swf=\"https:\/\/www.fdss.be\/wp-content\/plugins\/shortcodes-ultimate\/vendor\/jplayer\/jplayer.swf\" data-autoplay=\"no\" data-loop=\"no\" style=\"\"><div id=\"su_audio_player_69e35f0689739\" class=\"jp-jplayer\"><\/div><div id=\"su_audio_player_69e35f0689739_container\" class=\"jp-audio\"><div class=\"jp-type-single\"><div class=\"jp-gui jp-interface\"><div class=\"jp-controls\"><span class=\"jp-play\"><\/span><span class=\"jp-pause\"><\/span><span class=\"jp-stop\"><\/span><span class=\"jp-mute\"><\/span><span class=\"jp-unmute\"><\/span><span class=\"jp-volume-max\"><\/span><\/div><div class=\"jp-progress\"><div class=\"jp-seek-bar\"><div class=\"jp-play-bar\"><\/div><\/div><\/div><div class=\"jp-volume-bar\"><div class=\"jp-volume-bar-value\"><\/div><\/div><div class=\"jp-current-time\"><\/div><div class=\"jp-duration\"><\/div><\/div><div class=\"jp-title\"><\/div><\/div><\/div><\/div>\n","protected":false},"excerpt":{"rendered":"<p>Hulpmiddelen brochure met uitleg en verschillende hulpmiddelen &nbsp; We hebben het over wijkateliers Interview met C\u00e9line Nieuwenhuys over de \u201cBrigades de R\u00e9parations Imm\u00e9diates et Collectives (BRI-Co)\u201d Interventies van Kinch op Radio Panik en Radio Pogge &nbsp; Geluidsfragment verschenen in \u201cLe grain des choses\u201d &#8211; Tekst en voorlezing door Paul Hermant<\/p>\n","protected":false},"author":4,"featured_media":0,"parent":0,"menu_order":0,"comment_status":"closed","ping_status":"closed","template":"","meta":{"_acf_changed":false,"footnotes":""},"class_list":["post-8301","page","type-page","status-publish","hentry"],"acf":[],"_links":{"self":[{"href":"https:\/\/www.fdss.be\/nl\/wp-json\/wp\/v2\/pages\/8301","targetHints":{"allow":["GET"]}}],"collection":[{"href":"https:\/\/www.fdss.be\/nl\/wp-json\/wp\/v2\/pages"}],"about":[{"href":"https:\/\/www.fdss.be\/nl\/wp-json\/wp\/v2\/types\/page"}],"author":[{"embeddable":true,"href":"https:\/\/www.fdss.be\/nl\/wp-json\/wp\/v2\/users\/4"}],"replies":[{"embeddable":true,"href":"https:\/\/www.fdss.be\/nl\/wp-json\/wp\/v2\/comments?post=8301"}],"version-history":[{"count":7,"href":"https:\/\/www.fdss.be\/nl\/wp-json\/wp\/v2\/pages\/8301\/revisions"}],"predecessor-version":[{"id":13996,"href":"https:\/\/www.fdss.be\/nl\/wp-json\/wp\/v2\/pages\/8301\/revisions\/13996"}],"wp:attachment":[{"href":"https:\/\/www.fdss.be\/nl\/wp-json\/wp\/v2\/media?parent=8301"}],"curies":[{"name":"wp","href":"https:\/\/api.w.org\/{rel}","templated":true}]}}