{"id":369,"date":"2019-02-06T09:40:35","date_gmt":"2019-02-06T08:40:35","guid":{"rendered":"http:\/\/ry0xytcrk.preview.infomaniak.website\/?page_id=369"},"modified":"2025-08-20T12:28:29","modified_gmt":"2025-08-20T10:28:29","slug":"tools-en-valorisaties","status":"publish","type":"page","link":"https:\/\/www.fdss.be\/nl\/actieonderzoek\/tools-en-valorisaties\/","title":{"rendered":"Tools en valorisaties"},"content":{"rendered":"<div class=\"su-animate\" style=\"opacity:0;-webkit-animation-duration:1s;-webkit-animation-delay:0s;animation-duration:1s;animation-delay:0s;\" data-animation=\"bounceInUp\" data-duration=\"1\" data-delay=\"0\">\n<h2><span lang=\"NL-BE\">Prostitutie en toegang tot rechten<\/span><\/h2>\n<div class=\"title_code\">Kaartspel voor veldwerkers<\/div>\n        <div class=\"content_code\">\n<p><span lang=\"NL-BE\"><a href=\"https:\/\/www.fdss.be\/nl\/onderzoekactie\/creaties\/dsc_8417-2\/\" rel=\"attachment wp-att-7195\"><img loading=\"lazy\" decoding=\"async\" class=\" wp-image-7195 alignleft\" src=\"https:\/\/www.fdss.be\/wp-content\/uploads\/DSC_8417-331x500.jpg\" alt=\"\" width=\"148\" height=\"224\" srcset=\"https:\/\/www.fdss.be\/wp-content\/uploads\/DSC_8417-331x500.jpg 331w, https:\/\/www.fdss.be\/wp-content\/uploads\/DSC_8417-678x1024.jpg 678w, https:\/\/www.fdss.be\/wp-content\/uploads\/DSC_8417-99x150.jpg 99w, https:\/\/www.fdss.be\/wp-content\/uploads\/DSC_8417-768x1160.jpg 768w, https:\/\/www.fdss.be\/wp-content\/uploads\/DSC_8417-1017x1536.jpg 1017w, https:\/\/www.fdss.be\/wp-content\/uploads\/DSC_8417-1356x2048.jpg 1356w, https:\/\/www.fdss.be\/wp-content\/uploads\/DSC_8417-scaled.jpg 1696w\" sizes=\"auto, (max-width: 148px) 100vw, 148px\" \/><\/a>Het DOEL is om dialoog en reflectie te stimuleren over de mechanismen die ervoor zorgen dat mensen in de prostitutie geen toegang hebben tot rechten en ondersteuning, en om te gaan nadenken over hoe we onze eigen werkwijze kunnen aanpassen om deze mensen beter te bedienen en te ondersteunen.<\/span><\/p>\n<p><span lang=\"NL-BE\">De INHOUD van de kaarten is gebaseerd op de resultaten van een <a href=\"https:\/\/www.fdss.be\/nl\/onderzoekactie\/ons-onderzoek\/\" target=\"_blank\" rel=\"noopener\">actieonderzoek gevoerd door de FdSS<\/a> in samenwerking met Brusselse en Waalse maatschappelijke diensten die zich specifiek richten op sekswerkers.<\/span><\/p>\n<p><a class=\"button\" href=\"https:\/\/www.fdss.be\/wp-content\/uploads\/23-17-CRAC-jeu-selfprintNL_01.pdf\" target=\"_blank\" rel=\"noopener\"><span class=\"f0f\"><span class=\"f0j\"><span class=\"f3 f0g\"><span class=\"f0\"><span class=\"fr\">Downloaden<\/span><\/span><\/span><\/span><\/span><\/a><\/p>\n<\/div>\n<h2><\/h2>\n<p>&nbsp;<\/p>\n<h2><span lang=\"NL-BE\">Voedselhulp<\/span><\/h2>\n<div class=\"title_code\">Fototentoonstelling (2019) \u2018De realiteit van voedselhulp\u2019, partnerschap Solenprim<\/div>\n        <div class=\"content_code\">\n<p><span lang=\"NL-BE\"><img loading=\"lazy\" decoding=\"async\" class=\"wp-image-1861 alignleft\" src=\"https:\/\/www.fdss.be\/wp-content\/uploads\/Capture-d\u2019\u00e9cran-2019-06-10-\u00e0-17.59.10-500x338.png\" alt=\"\" width=\"400\" height=\"270\" srcset=\"https:\/\/www.fdss.be\/wp-content\/uploads\/Capture-d\u2019\u00e9cran-2019-06-10-\u00e0-17.59.10-500x338.png 500w, https:\/\/www.fdss.be\/wp-content\/uploads\/Capture-d\u2019\u00e9cran-2019-06-10-\u00e0-17.59.10-150x101.png 150w, https:\/\/www.fdss.be\/wp-content\/uploads\/Capture-d\u2019\u00e9cran-2019-06-10-\u00e0-17.59.10-768x519.png 768w, https:\/\/www.fdss.be\/wp-content\/uploads\/Capture-d\u2019\u00e9cran-2019-06-10-\u00e0-17.59.10.png 778w\" sizes=\"auto, (max-width: 400px) 100vw, 400px\" \/>De bedoeling van deze tentoonstelling is om op symbolische wijze duidelijk maken in welke situaties de begunstigden van voedselhulp zich bevinden. <\/span><span lang=\"NL-BE\">De fototentoonstelling kan op verzoek worden ontleend.<\/span><\/p>\n<p><strong>Contact :<\/strong> Brigitte Grisar<br \/>\n&#98;&#x72;&#105;&#x67;&#105;&#x74;&#116;&#x65;&#46;&#x67;&#114;&#x69;&#115;&#x61;&#114;&#x40;&#102;&#x64;&#115;&#x73;&#46;&#x62;&#101; 02\/250 09 13<\/p>\n<p><strong>Over:<\/strong> <a href=\"https:\/\/solenprim.com\/expo-photo-les-realites-de-laide-alimentaire\/\">https:\/\/solenprim.com\/expo-photo-les-realites-de-laide-alimentaire\/<\/a><\/p>\n<p>&nbsp;<\/p>\n<p>&nbsp;<\/p>\n<p>&nbsp;<\/p>\n<p>&nbsp;<\/p>\n<p><strong>Overzicht<\/strong><\/p>\n<p><img loading=\"lazy\" decoding=\"async\" class=\"alignnone wp-image-1859 size-full\" src=\"https:\/\/www.fdss.be\/wp-content\/uploads\/Capture-d\u2019\u00e9cran-2019-06-10-\u00e0-17.58.51.png\" alt=\"\" width=\"2148\" height=\"1188\" srcset=\"https:\/\/www.fdss.be\/wp-content\/uploads\/Capture-d\u2019\u00e9cran-2019-06-10-\u00e0-17.58.51.png 2148w, https:\/\/www.fdss.be\/wp-content\/uploads\/Capture-d\u2019\u00e9cran-2019-06-10-\u00e0-17.58.51-150x83.png 150w, https:\/\/www.fdss.be\/wp-content\/uploads\/Capture-d\u2019\u00e9cran-2019-06-10-\u00e0-17.58.51-500x277.png 500w, https:\/\/www.fdss.be\/wp-content\/uploads\/Capture-d\u2019\u00e9cran-2019-06-10-\u00e0-17.58.51-768x425.png 768w, https:\/\/www.fdss.be\/wp-content\/uploads\/Capture-d\u2019\u00e9cran-2019-06-10-\u00e0-17.58.51-1024x566.png 1024w\" sizes=\"auto, (max-width: 2148px) 100vw, 2148px\" \/><\/p>\n<\/div>\n<div class=\"title_code\">Les fiches-outil Solenprim (2019) Rapport final : le portfolio Solenprimeur(s)<\/div>\n        <div class=\"content_code\">\n<p><strong>\u00a0<\/strong><\/p>\n<p><a class=\"button\" href=\"https:\/\/solenprimcom.files.wordpress.com\/2019\/04\/19013-solenprim0-outil-appel-projet_03.pdf\">Solenprim\u00a0: une r\u00e9ponse \u00e0 l\u2019appel \u00e0 projet Co-Create en alimentation durable<\/a><\/p>\n<p><a class=\"button\" href=\"https:\/\/solenprim.com\/en-construction\/\">Strat\u00e9gie bruxelloise en mati\u00e8re d\u2019acc\u00e8s \u00e0 l\u2019alimentation : un regard critique<\/a><\/p>\n<p><a class=\"button\" href=\"https:\/\/solenprimcom.files.wordpress.com\/2019\/04\/19013-solenprim2-outil-6-dimensions_03.pdf\">Les 6 dimensions du \u00ab\u00a0bien se nourrir\u00a0\u00bb- une d\u00e9finition co-construite\u00a0<\/a><\/p>\n<p><a class=\"button\" href=\"https:\/\/solenprimcom.files.wordpress.com\/2019\/04\/19013-solenprim2-outil-freins-acces_03.pdf\">Les freins dans l\u2019acc\u00e8s au \u00ab\u00a0bien se nourrir\u00a0\u00bb\u00a0<\/a><\/p>\n<p>De l\u2019utilit\u00e9 de produire des &#8220;objets interm\u00e9diaires&#8221; (\u00e0 venir)<\/p>\n<p><a class=\"button\" href=\"https:\/\/solenprimcom.files.wordpress.com\/2019\/04\/19013-solenprim4-outil-diagnostic-collectif_04.pdf\">\u00ab\u00a0Produire un diagnostic collectif\u00a0: retour sur le dispositif d\u00e9ploy\u00e9\u00a0\u00bb<\/a><\/p>\n<p>D\u00e9roul\u00e9 de l\u2019animation des diagnostics locaux (\u00e0 venir)<\/p>\n<p><a class=\"button\" href=\"https:\/\/solenprimcom.files.wordpress.com\/2019\/04\/19013-solenprim4-outil-co-construire_03.pdf\">Co-construire des projets \u2013 le r\u00f4le des s\u00e9ances \u00ab\u00a0inspiration\u00a0\u00bb,\u00a0\u00ab\u00a0\u00e9mergence\u00a0\u00bb et \u00ab\u00a0impl\u00e9mentation\u00a0\u00bb<\/a><\/p>\n<p>D\u00e9roul\u00e9 d\u2019animation des s\u00e9ances &#8220;impl\u00e9mentation&#8221; (\u00e0 venir)<\/p>\n<p><a class=\"button\" href=\"https:\/\/solenprim.com\/en-construction\/\">Dynamique de groupe et gouvernance d\u2019un projet participatif<\/a><\/p>\n<p><a class=\"button\" href=\"https:\/\/solenprimcom.files.wordpress.com\/2019\/04\/19013-solenprim5-outil-recommandation-favoriser_03.pdf\">Une recommandation \u2013 favoriser le travail social communautaire pour concr\u00e9tiser le droit \u00e0 l\u2019alimentation\u00a0<\/a><\/p>\n<p>&nbsp;<\/p>\n<\/div>\n<div class=\"title_code\">Carnet d\u2019exp\u00e9riences (2019) \u00ab Vers un acc\u00e8s pour tous \u00e0 un acc\u00e8s \u00e0 l\u2019alimentation de qualit\u00e9 \u00bb<\/div>\n        <div class=\"content_code\">\n<p><a class=\"button\" href=\"https:\/\/solenprimcom.files.wordpress.com\/2019\/04\/19002-a4_journaldebord_solenprim_07lr.pdf\">Consulter<\/a><\/p>\n<\/div>\n<div class=\"title_code\">Documentaire sonore &amp; fiche p\u00e9dagogique (2019)<br \/>\n\u00ab Retour sur trois exp\u00e9rimentations locales \u2013 un outil p\u00e9dagogique \u00e0 partir de l\u2019exp\u00e9rience Solenprim \u00bb<\/div>\n        <div class=\"content_code\">\n<p><a class=\"button\" href=\"https:\/\/solenprim.com\/documentaire-sonore-retour-sur-trois-experimentations-locales-de-solenprim\/\">Consulter\u00a0<\/a><\/p>\n<\/div>\n<div class=\"title_code\">Carnet de bord du diagnostic (2017) \u00ab Vers un acc\u00e8s pour tous \u00e0 un acc\u00e8s \u00e0 l\u2019alimentation de qualit\u00e9<\/div>\n        <div class=\"content_code\">\n<p><a class=\"button\" href=\"https:\/\/solenprimcom.files.wordpress.com\/2017\/12\/a4_journaldebord_solenprim_2017_5.pdf\">Consulter<\/a><\/p>\n<\/div>\n<\/div>\n<div class=\"su-animate\" style=\"opacity:0;-webkit-animation-duration:1s;-webkit-animation-delay:0s;animation-duration:1s;animation-delay:0s;\" data-animation=\"bounceInUp\" data-duration=\"1\" data-delay=\"0\"><\/div>\n<p>&nbsp;<\/p>\n<h2>Maatschappelijk werk op individuele en gemeenschapsbasis<\/h2>\n<div class=\"title_code\">Reizende tentoonstelling (2017) \u2018Stemmen van gebruikers\u2019<\/div>\n        <div class=\"content_code\">\n<p><strong><span lang=\"NL-BE\">\u2018Stemmen van gebruikers\u2019 is een reizende tentoonstelling die de bezoeker meeneemt naar de wachtruimte van een sociale dienst.<\/span><\/strong><\/p>\n<p><strong><span lang=\"NL-BE\">Meer weten\u00a0\u2026<\/span><\/strong><\/p>\n<h3>E\u00e9n traject, twee ruimtes<\/h3>\n<p>&#8230;Wandel de sociale dienst binnen en neem eerst plaats in de wachtruimte. Je hoort het zachte geroezemoes van de aanwezige gebruikers. Ze hebben geen gezicht, maar vertegenwoordigen tegelijk duizenden gezichten: dat van jou, dat van ons en dat van de mensen rondom ons.<\/p>\n<p><iframe loading=\"lazy\" src=\"https:\/\/w.soundcloud.com\/player\/?url=https%3A\/\/api.soundcloud.com\/tracks\/149358165%3Fsecret_token%3Ds-NBLNZ&amp;color=479c9f&amp;auto_play=false&amp;hide_related=false&amp;show_artwork=true\" width=\"40%\" height=\"140\" frameborder=\"no\" scrolling=\"no\" data-mce-fragment=\"1\"> <\/iframe><\/p>\n<p>&#8230;Dompel je vervolgens onder in de stortvloed van stemmen. Sluit je ogen en laat de vele woorden, die evenveel verschillende relaties met de sociale dienst uitdrukken, over je heen komen.<\/p>\n<p>&#8230;Dat is in een paar zinnen het traject dat je volgt met de tentoonstelling <strong>\u2018Stemmen van gebruikers\u2019<\/strong>!<\/p>\n<h3>Kunst als aanvulling op wetenschappelijke analyse<\/h3>\n<p>In het kader van het onderzoek\u00a0<a href=\"about:blank\"><strong>\u2018<\/strong><\/a><a href=\"https:\/\/www.fdss.be\/nl\/onderzoekactie\/ons-onderzoek\/\" target=\"_blank\" rel=\"noopener\"><strong>Gekruiste perspectieven: gebruikers en maatschappelijk werkers<\/strong><\/a><a href=\"about:blank\"><strong>\u2019<\/strong><\/a> zijn de onderzoekers van de FdSS-FMBD langsgegaan bij een twintigtal sociale diensten in Brussel en Walloni\u00eb om getuigenissen van gebruikers te verzamelen. Er werden meer dan honderd interviews afgenomen.<\/p>\n<p>Tijdens de analyse worden deze unieke verhalen geobjectiveerd en ge\u00efnterpreteerd vanuit het afstandelijke oogpunt van de onderzoeker. Om de stemmen van de gebruikers op bredere schaal over te brengen, werden nieuwe manieren bedacht om ze af te spelen! Bij de\u00a0<a href=\"https:\/\/www.fdss.be\/nl\/onderzoekactie\/\" target=\"_blank\" rel=\"noopener\"><strong>cel Actieonderzoek<\/strong><\/a> van de FdSS-FBMD is kunst een aanvulling geworden op wetenschappelijke analyse.<\/p>\n<p>De onderzoekers van de FdSS-FBMD, C\u00e9cile Hupin (decorontwerpster), Guillaume Istace (geluidsregisseur) en de CBCS hebben de krachten gebundeld om de unieke ervaringen van de gebruikers en vooral hun bijzondere relatie met de sociale diensten op een artistieke manier weer te geven. Deze samenwerking resulteerde in een geluidstraject waarbij men \u2018de ander\u2019 ontmoet, die zijn verhaal met de sociale dienst deelt.<\/p>\n<h3>Een uitnodiging tot bezinning\u00a0&#8230;<\/h3>\n<ul>\n<li>want de woorden van de gebruikers roepen ertoe op om de interventiemethoden van het maatschappelijk werk in vraag te stellen, om de professionaliteit van deze interventiemethoden omver te werpen en om nieuwe vormen van interventiemethoden uit te vinden;<\/li>\n<li>want zij beschrijven unieke institutionele contexten met hun sterktes en zwaktes;<\/li>\n<li>want zij zetten aan tot een breder denkwerk, dat vooral gericht is op de verenigingssector en op ons sociaal beleid;<\/li>\n<li>want deze woorden verdienen het om gehoord te worden;<\/li>\n<li><strong>We nodigen u uit om ook even door de bril van de gebruikers te komen kijken &#8230;<\/strong><\/li>\n<\/ul>\n<h3><span lang=\"NL-BE\">\u2018Stemmen van gebruikers\u2019: een reizende tentoonstelling!<\/span><\/h3>\n<p><span lang=\"NL-BE\">Wil je\u00a0<strong>de tentoonstelling ontlenen<\/strong>\u00a0om je evenementen, debatten of vergaderruimtes te verrijken?<\/span><\/p>\n<p><span lang=\"NL-BE\">Er zijn verschillende opstellingen mogelijk.<\/span><\/p>\n<p><span lang=\"NL-BE\">Voor meer informatie over de tentoonstelling en de praktische organisatie ervan (beschikbaarheid, prijzen, &#8230;) kun je\u00a0<strong>contact opnemen met Khamisa Achargui via\u00a0<\/strong><a href=\"about:blank\"><strong>&#97;c&#x68;a&#x72;g&#x75;i&#x40;f&#x64;s&#x73;&#46;&#x62;&#101; <\/strong><\/a><strong>of op 02\/250.09.10<\/strong>.<\/span><\/p>\n<\/div>\n","protected":false},"excerpt":{"rendered":"<p>&nbsp; Maatschappelijk werk op individuele en gemeenschapsbasis<\/p>\n","protected":false},"author":1,"featured_media":0,"parent":343,"menu_order":147,"comment_status":"closed","ping_status":"closed","template":"","meta":{"_acf_changed":false,"footnotes":""},"class_list":["post-369","page","type-page","status-publish","hentry"],"acf":[],"_links":{"self":[{"href":"https:\/\/www.fdss.be\/nl\/wp-json\/wp\/v2\/pages\/369","targetHints":{"allow":["GET"]}}],"collection":[{"href":"https:\/\/www.fdss.be\/nl\/wp-json\/wp\/v2\/pages"}],"about":[{"href":"https:\/\/www.fdss.be\/nl\/wp-json\/wp\/v2\/types\/page"}],"author":[{"embeddable":true,"href":"https:\/\/www.fdss.be\/nl\/wp-json\/wp\/v2\/users\/1"}],"replies":[{"embeddable":true,"href":"https:\/\/www.fdss.be\/nl\/wp-json\/wp\/v2\/comments?post=369"}],"version-history":[{"count":8,"href":"https:\/\/www.fdss.be\/nl\/wp-json\/wp\/v2\/pages\/369\/revisions"}],"predecessor-version":[{"id":13769,"href":"https:\/\/www.fdss.be\/nl\/wp-json\/wp\/v2\/pages\/369\/revisions\/13769"}],"up":[{"embeddable":true,"href":"https:\/\/www.fdss.be\/nl\/wp-json\/wp\/v2\/pages\/343"}],"wp:attachment":[{"href":"https:\/\/www.fdss.be\/nl\/wp-json\/wp\/v2\/media?parent=369"}],"curies":[{"name":"wp","href":"https:\/\/api.w.org\/{rel}","templated":true}]}}