{"id":367,"date":"2018-08-07T12:23:28","date_gmt":"2018-08-07T10:23:28","guid":{"rendered":"http:\/\/ry0xytcrk.preview.infomaniak.website\/?page_id=367"},"modified":"2025-08-18T11:53:19","modified_gmt":"2025-08-18T09:53:19","slug":"de-ledencoordinatie","status":"publish","type":"page","link":"https:\/\/www.fdss.be\/nl\/ledendiensten\/de-ledencoordinatie\/","title":{"rendered":"De Ledenco\u00f6rdinatie"},"content":{"rendered":"<div class=\"su-row\"><div class=\"su-column su-column-size-1-2\"><div class=\"su-column-inner su-u-clearfix su-u-trim\">\n<p>De kernactiviteit van de FdSS is het ondersteunen van <b>maatschappelijk werk.st.ers<\/b> en <b>maatschappelijk werk <\/b>in de breedste zin van het woord. Deze beroepen spelen een essenti\u00eble rol in het behoud en de versterking van een solidaire en democratische samenleving. Zich bewust van de toenemende moeilijkheden waarmee de sector wordt geconfronteerd (toenemende ongelijkheid, onzekere financiering van verenigingen, enz.), staat de FdSS open voor <b>nieuwe leden<\/b> om de <b>solidariteit tussen actoren<\/b> die dezelfde waarden en <b>uitdagingen<\/b> delen, te versterken. De FdSS biedt <b>maatschappelijk werkers<\/b> en <b>verenigingen<\/b> die dat wensen de mogelijkheid om <b>lid<\/b> te worden.<\/p>\n<p>De FdSS biedt een <b>verschillende dienstverlening <\/b>aan <a href=\"https:\/\/www.fdss.be\/nl\/member\/\">volwaardige leden<\/a> en <a href=\"https:\/\/www.fdss.be\/nl\/toegetreden-leden\/\">toegetreden leden<\/a>. Volwaardige leden kunnen rekenen op ondersteuning en vertegenwoordiging door de FdSS op het vlak van <b>werkgeversaangelegenheden<\/b> (werkgeversfederatie). Toegetreden leden krijgen toegang tot <b>reflecties over fundamentele uitdagingen<\/b> van het sociaal werk en de specificiteit van de verenigingssector (dienstverlenende federatie).<\/p>\n<\/div><\/div> <div class=\"su-column su-column-size-1-2\"><div class=\"su-column-inner su-u-clearfix su-u-trim\"><img loading=\"lazy\" decoding=\"async\" class=\"wp-image-4696 aligncenter\" src=\"https:\/\/www.fdss.be\/wp-content\/uploads\/21-25-c.identite-membresNL_01.jpg\" alt=\"\" width=\"434\" height=\"445\" \/><\/div><\/div> <\/div>\n<p><strong>De FdSS co\u00f6rdineert momenteel zes soorten maatschappelijke diensten: <\/strong>enerzijds in Brussel de Centra voor Globale Sociale Actie <strong>(CGSA)<\/strong>, de Centra voor Algemeen Welzijnswerk <strong>(CAW)<\/strong> en de Dienst voor Maatschappelijke Begeleiding van Sociale Huurders <strong>(DMBSH)<\/strong> en anderzijds in Walloni\u00eb de Centres de Service Social <strong>(CSS)<\/strong>, de Initiatives Locales d\u2019Int\u00e9gration <strong>(ILI)<\/strong> en de Services d\u2019Aide et de Soins aux Personnes Prostitu\u00e9es <strong>(SASPP)<\/strong>.<\/p>\n<div class=\"title_code\">Co\u00f6rdinatie van de leden<\/div>\n        <div class=\"content_code\">\n<ul>\n<li>Dit werk vertaalt zich in ondersteuning bij hun reflectie over sociale kwesties;<\/li>\n<li>Ze informeert hen over werkgeverskwesties en wijzigingen in het wettelijk kader;<\/li>\n<li>Ze ondersteunt het cre\u00ebren van een gemeenschappelijke collectieve dynamiek binnen elke sector;<\/li>\n<li>Ze bevordert ook een permanente dialoog tussen leden van dezelfde sector en van verschillende sectoren, via de intercentra en werkgroepen.<\/li>\n<\/ul>\n<\/div>\n<div class=\"title_code\">Intercentra<\/div>\n        <div class=\"content_code\">\n<p>De intercentra zijn specifieke vergaderingen voor elke sector. Deze vergaderingen worden bijgewoond door co\u00f6rdinatoren en soms ook werknemers. Er wordt voornamelijk gewerkt rond kwesties die verband houden met het veldwerk, de subsidi\u00ebrende overheden, de methodologie, het maatschappelijk werk en de samenhang tussen de sectoren.<\/p>\n<\/div>\n<div class=\"title_code\">Team verantwoordelijk voor de co\u00f6rdinatie en vertegenwoordiging van de leden<\/div>\n        <div class=\"content_code\">\n<p><strong><img loading=\"lazy\" decoding=\"async\" class=\"wp-image-880 size-thumbnail alignleft\" src=\"https:\/\/www.fdss.be\/wp-content\/uploads\/julie-square-150x150.jpg\" alt=\"\" width=\"150\" height=\"150\" srcset=\"https:\/\/www.fdss.be\/wp-content\/uploads\/julie-square-150x150.jpg 150w, https:\/\/www.fdss.be\/wp-content\/uploads\/julie-square-500x500.jpg 500w, https:\/\/www.fdss.be\/wp-content\/uploads\/julie-square-768x768.jpg 768w, https:\/\/www.fdss.be\/wp-content\/uploads\/julie-square-1024x1024.jpg 1024w, https:\/\/www.fdss.be\/wp-content\/uploads\/julie-square-60x60.jpg 60w, https:\/\/www.fdss.be\/wp-content\/uploads\/julie-square-400x400.jpg 400w\" sizes=\"auto, (max-width: 150px) 100vw, 150px\" \/><\/strong><\/p>\n<p>&nbsp;<\/p>\n<p><strong>Julie Kesteloot<br \/>\n<\/strong><em>Co\u00f6rdinatrice van de cel Leden &#8211; Brussels Gewest<\/em><\/p>\n<p><a href=\"&#109;&#x61;i&#108;&#x74;o&#58;&#x6a;u&#108;&#x69;e&#46;&#x6b;&#101;&#x73;&#x74;&#101;&#x6c;&#x6f;&#111;&#x74;&#64;&#102;&#x64;s&#115;&#x2e;b&#101;\">&#x6a;u&#x6c;&#105;&#x65;&#46;&#x6b;&#x65;s&#x74;&#101;&#x6c;&#111;&#x6f;&#116;&#64;&#x66;&#100;&#x73;&#115;&#x2e;&#98;e<\/a><br \/>\n02 223 37 74<\/p>\n<p><img loading=\"lazy\" decoding=\"async\" class=\" wp-image-9189 alignleft\" src=\"https:\/\/www.fdss.be\/wp-content\/uploads\/stephanieg-square-500x500.jpg\" alt=\"\" width=\"151\" height=\"151\" srcset=\"https:\/\/www.fdss.be\/wp-content\/uploads\/stephanieg-square-500x500.jpg 500w, https:\/\/www.fdss.be\/wp-content\/uploads\/stephanieg-square-1024x1024.jpg 1024w, https:\/\/www.fdss.be\/wp-content\/uploads\/stephanieg-square-150x150.jpg 150w, https:\/\/www.fdss.be\/wp-content\/uploads\/stephanieg-square-768x768.jpg 768w, https:\/\/www.fdss.be\/wp-content\/uploads\/stephanieg-square-1536x1536.jpg 1536w, https:\/\/www.fdss.be\/wp-content\/uploads\/stephanieg-square-2048x2048.jpg 2048w, https:\/\/www.fdss.be\/wp-content\/uploads\/stephanieg-square-60x60.jpg 60w, https:\/\/www.fdss.be\/wp-content\/uploads\/stephanieg-square-400x400.jpg 400w\" sizes=\"auto, (max-width: 151px) 100vw, 151px\" \/><\/p>\n<p><strong>St\u00e9phanie Gribomont<br \/>\n<\/strong><em>Co\u00f6rdinatrice van de cel Leden &#8211; Waals Gewest <\/em><\/p>\n<p><a href=\"m&#97;&#105;&#x6c;&#x74;&#x6f;:&#115;&#116;&#x65;&#x70;&#x68;an&#105;&#x65;&#x2e;&#x67;ri&#98;&#111;&#x6d;&#x6f;&#x6e;t&#64;&#102;&#x64;&#x73;&#x73;&#46;&#98;&#101;\">&#x73;&#116;&#101;p&#x68;&#x61;&#110;i&#x65;&#x2e;&#103;r&#x69;&#x62;&#111;m&#x6f;&#x6e;&#116;&#64;&#x66;&#x64;&#115;s&#x2e;&#x62;&#101;<\/a><br \/>\n0498 15 01 58<\/p>\n<p>&nbsp;<\/p>\n<p><strong><img loading=\"lazy\" decoding=\"async\" class=\"wp-image-1328 alignleft\" src=\"https:\/\/www.fdss.be\/wp-content\/uploads\/jonathan-square-500x500.jpg\" alt=\"\" width=\"150\" height=\"150\" srcset=\"https:\/\/www.fdss.be\/wp-content\/uploads\/jonathan-square-500x500.jpg 500w, https:\/\/www.fdss.be\/wp-content\/uploads\/jonathan-square-150x150.jpg 150w, https:\/\/www.fdss.be\/wp-content\/uploads\/jonathan-square-768x768.jpg 768w, https:\/\/www.fdss.be\/wp-content\/uploads\/jonathan-square-1024x1024.jpg 1024w, https:\/\/www.fdss.be\/wp-content\/uploads\/jonathan-square-60x60.jpg 60w, https:\/\/www.fdss.be\/wp-content\/uploads\/jonathan-square-400x400.jpg 400w\" sizes=\"auto, (max-width: 150px) 100vw, 150px\" \/>Jonathan de Schaetzen<br \/>\n<\/strong><\/p>\n<p><em>Projectmedewerker \u2013 <\/em><em><span class=\"tlid-translation translation\" lang=\"nl\"><span class=\"\" title=\"\">Co\u00f6rdinator van de Waalse leden (CSS, ILI, SASPP)<\/span><\/span><\/em><\/p>\n<p><a href=\"m&#97;&#105;&#x6c;&#x74;&#x6f;:&#74;&#111;&#x6e;&#x61;&#x74;ha&#110;&#x2e;&#x44;&#x65;Sc&#104;&#97;&#x65;&#x74;&#x7a;e&#110;&#64;&#x66;&#x64;&#x73;s&#46;&#98;&#x65;\">&#x4a;&#111;n&#x61;&#116;h&#x61;&#110;&#46;&#x44;&#x65;&#83;&#x63;&#x68;&#97;e&#x74;&#122;e&#x6e;&#64;f&#x64;&#x73;&#115;&#x2e;&#x62;&#101;<\/a><br \/>\n02 223 37 74<\/p>\n<p>&nbsp;<\/p>\n<p><img loading=\"lazy\" decoding=\"async\" class=\"wp-image-8271 alignleft\" src=\"https:\/\/www.fdss.be\/wp-content\/uploads\/vien-square-500x500.jpg\" alt=\"\" width=\"154\" height=\"154\" srcset=\"https:\/\/www.fdss.be\/wp-content\/uploads\/vien-square-500x500.jpg 500w, https:\/\/www.fdss.be\/wp-content\/uploads\/vien-square-1024x1024.jpg 1024w, https:\/\/www.fdss.be\/wp-content\/uploads\/vien-square-150x150.jpg 150w, https:\/\/www.fdss.be\/wp-content\/uploads\/vien-square-768x768.jpg 768w, https:\/\/www.fdss.be\/wp-content\/uploads\/vien-square-1536x1536.jpg 1536w, https:\/\/www.fdss.be\/wp-content\/uploads\/vien-square-2048x2048.jpg 2048w, https:\/\/www.fdss.be\/wp-content\/uploads\/vien-square-60x60.jpg 60w, https:\/\/www.fdss.be\/wp-content\/uploads\/vien-square-400x400.jpg 400w\" sizes=\"auto, (max-width: 154px) 100vw, 154px\" \/><\/p>\n<p><strong>Vi\u00ean H\u00f4<\/strong><\/p>\n<p><em>Projectmedewerker \u2013<\/em>\u00a0<em>Co\u00f6rdinator van de Brusselse leden (CASG \u2013 CAP)<\/em><\/p>\n<p><a href=\"&#109;&#x61;i&#108;&#x74;&#111;&#x3a;v&#105;&#x65;n&#x2e;&#x68;&#111;&#x40;f&#100;&#x73;s&#x2e;&#x62;&#101;\">&#118;&#x69;&#x65;&#110;&#x2e;&#x68;o&#x40;&#x66;d&#115;&#x73;&#46;&#98;&#x65;<\/a><br \/>\n0484 61 88 05<\/p>\n<p>&nbsp;<\/p>\n<p><strong><img loading=\"lazy\" decoding=\"async\" class=\"wp-image-6631 alignleft\" src=\"https:\/\/www.fdss.be\/wp-content\/uploads\/renaud-square-500x500.jpg\" alt=\"\" width=\"162\" height=\"162\" srcset=\"https:\/\/www.fdss.be\/wp-content\/uploads\/renaud-square-500x500.jpg 500w, https:\/\/www.fdss.be\/wp-content\/uploads\/renaud-square-1024x1024.jpg 1024w, https:\/\/www.fdss.be\/wp-content\/uploads\/renaud-square-150x150.jpg 150w, https:\/\/www.fdss.be\/wp-content\/uploads\/renaud-square-768x768.jpg 768w, https:\/\/www.fdss.be\/wp-content\/uploads\/renaud-square-1536x1536.jpg 1536w, https:\/\/www.fdss.be\/wp-content\/uploads\/renaud-square-2048x2048.jpg 2048w, https:\/\/www.fdss.be\/wp-content\/uploads\/renaud-square-60x60.jpg 60w, https:\/\/www.fdss.be\/wp-content\/uploads\/renaud-square-400x400.jpg 400w\" sizes=\"auto, (max-width: 162px) 100vw, 162px\" \/>Renaud Van der Meerschen<\/strong><\/p>\n<p><em>Projectmedewerker \u2013 Associatieve referent voor sociale en gemeenschapsactie<\/em><\/p>\n<p><a href=\"mailto:renaud&#46;vandermeer&#115;&#99;&#104;&#101;&#110;&#64;&#102;&#100;&#115;&#115;&#46;&#98;&#101;\">r&#101;&#110;&#x61;&#x75;d&#46;&#118;&#x61;&#x6e;&#x64;e&#114;&#109;&#x65;&#x65;rs&#99;&#x68;&#x65;&#x6e;&#64;&#102;&#100;&#x73;&#x73;&#46;b&#101;<\/a><\/p>\n<p>0476 83 76 68<\/p>\n<p>&nbsp;<\/p>\n<p><img loading=\"lazy\" decoding=\"async\" class=\" wp-image-6774 alignleft\" src=\"https:\/\/www.fdss.be\/wp-content\/uploads\/samantha-square-1-500x500.jpg\" alt=\"\" width=\"150\" height=\"150\" \/><\/p>\n<p><strong>Samantha Smith Vicat<br \/>\n<\/strong><em>Non-profit adviseur<\/em><br \/>\n<a href=\"&#x6d;&#97;i&#x6c;&#x74;&#111;:&#x73;&#x61;&#109;a&#x6e;&#116;h&#x61;&#x2e;&#115;m&#x69;&#x74;&#104;&#64;&#x66;&#100;&#115;&#x73;&#x2e;&#98;e\">&#115;a&#109;a&#110;t&#x68;a&#x2e;s&#x6d;i&#x74;h&#x40;f&#x64;s&#x73;&#46;&#x62;e <\/a><br \/>\n02 223 37 74<\/p>\n<p>&nbsp;<\/p>\n<p>&nbsp;<\/p>\n<\/div>\n<div class=\"title_code\">Ontdek onze presentatiefolder (in het Frans)<\/div>\n        <div class=\"content_code\">\n<p><a href=\"https:\/\/www.fdss.be\/wp-content\/uploads\/22-48-c.identite-membresFR_02.pdf\">Pdf \u00e0 t\u00e9l\u00e9charger<\/a><\/p>\n<\/div>\n<h2>typen maatschappelijke diensten<\/h2>\n","protected":false},"excerpt":{"rendered":"<p>De FdSS co\u00f6rdineert momenteel zes soorten maatschappelijke diensten: enerzijds in Brussel de Centra voor Globale Sociale Actie (CGSA), de Centra voor Algemeen Welzijnswerk (CAW) en de Dienst voor Maatschappelijke Begeleiding van Sociale Huurders (DMBSH) en anderzijds in Walloni\u00eb de Centres de Service Social (CSS), de Initiatives Locales d\u2019Int\u00e9gration (ILI) en de Services d\u2019Aide et de [&hellip;]<\/p>\n","protected":false},"author":1,"featured_media":0,"parent":379,"menu_order":89,"comment_status":"closed","ping_status":"closed","template":"temp-members.php","meta":{"_acf_changed":false,"footnotes":""},"class_list":["post-367","page","type-page","status-publish","hentry"],"acf":[],"_links":{"self":[{"href":"https:\/\/www.fdss.be\/nl\/wp-json\/wp\/v2\/pages\/367","targetHints":{"allow":["GET"]}}],"collection":[{"href":"https:\/\/www.fdss.be\/nl\/wp-json\/wp\/v2\/pages"}],"about":[{"href":"https:\/\/www.fdss.be\/nl\/wp-json\/wp\/v2\/types\/page"}],"author":[{"embeddable":true,"href":"https:\/\/www.fdss.be\/nl\/wp-json\/wp\/v2\/users\/1"}],"replies":[{"embeddable":true,"href":"https:\/\/www.fdss.be\/nl\/wp-json\/wp\/v2\/comments?post=367"}],"version-history":[{"count":31,"href":"https:\/\/www.fdss.be\/nl\/wp-json\/wp\/v2\/pages\/367\/revisions"}],"predecessor-version":[{"id":13720,"href":"https:\/\/www.fdss.be\/nl\/wp-json\/wp\/v2\/pages\/367\/revisions\/13720"}],"up":[{"embeddable":true,"href":"https:\/\/www.fdss.be\/nl\/wp-json\/wp\/v2\/pages\/379"}],"wp:attachment":[{"href":"https:\/\/www.fdss.be\/nl\/wp-json\/wp\/v2\/media?parent=367"}],"curies":[{"name":"wp","href":"https:\/\/api.w.org\/{rel}","templated":true}]}}