{"id":360,"date":"2018-07-30T11:19:01","date_gmt":"2018-07-30T09:19:01","guid":{"rendered":"http:\/\/ry0xytcrk.preview.infomaniak.website\/?page_id=360"},"modified":"2025-08-18T11:00:31","modified_gmt":"2025-08-18T09:00:31","slug":"historiek","status":"publish","type":"page","link":"https:\/\/www.fdss.be\/nl\/historiek\/","title":{"rendered":"Historiek"},"content":{"rendered":"<div class=\"su-animate\" style=\"opacity:0;-webkit-animation-duration:1s;-webkit-animation-delay:0s;animation-duration:1s;animation-delay:0s;\" data-animation=\"slideInRight\" data-duration=\"1\" data-delay=\"0\">\n<p class=\"historique\">1970<\/p>\n<p>De <strong>Federatie van de Maatschappelijke Diensten<\/strong> werd opgericht in juni 1970. Het oorspronkelijke doel van deze federatie was erkende en erkende sociale diensten te groeperen, hun activiteiten te co\u00f6rdineren en bij te dragen tot hun ontwikkeling, hun belangen te verdedigen en hen te vertegenwoordigen, bij te dragen tot het onderzoek op het gebied van de sociale diensten en tot de permanente opleiding van het personeel, en deel te nemen aan de ontwikkeling van het sociaal beleid.<br \/>\n<\/div>\n<div class=\"su-animate\" style=\"opacity:0;-webkit-animation-duration:1s;-webkit-animation-delay:0s;animation-duration:1s;animation-delay:0s;\" data-animation=\"slideInLeft\" data-duration=\"1\" data-delay=\"0\">\n<p class=\"historique\">1980<\/p>\n<p>De <strong>Federatie van de Maatschappelijke Diensten<\/strong> wordt de Federatie van Sociale Dienstencentra. De evolutie van de Staat en de verschillende structurele hervormingen die de bijstand aan de bevolking hebben be\u00efnvloed, hebben de Federatie ertoe gebracht zich uit te rusten met instrumenten die in overeenstemming zijn met de nieuwe instellingen.<br \/>\n<\/div>\n<div class=\"su-animate\" style=\"opacity:0;-webkit-animation-duration:1s;-webkit-animation-delay:0s;animation-duration:1s;animation-delay:0s;\" data-animation=\"slideInRight\" data-duration=\"1\" data-delay=\"0\">\n<p class=\"historique\">1997<\/p>\n<p>In 1997 werd een <strong>bi-communale opgericht<\/strong>. Het is nauw verbonden met het FCSS (nu FdSS), dat de instelling blijft die de samenhang en de kwaliteit garandeert van de diensten die de verenigingen en maatschappelijk werkers op het terrein moeten ontwikkelen. Het FCSSB-FBCMW is echter een afzonderlijke non-profitorganisatie van het FCSS en publiceert zijn eigen activiteitenverslag.<br \/>\n<\/div>\n<div class=\"su-animate\" style=\"opacity:0;-webkit-animation-duration:1s;-webkit-animation-delay:0s;animation-duration:1s;animation-delay:0s;\" data-animation=\"slideInLeft\" data-duration=\"1\" data-delay=\"0\">\n<p class=\"historique\">1998<\/p>\n<p>De Franstalige centra van het Brussels Hoofdstedelijk Gewest zijn bij toepassing van het decreet van de Franse Gemeenschapscommissie van 17 oktober 1997 <strong>Centres d&#8217;Action Sociale Globale (CASG)<\/strong> geworden. Deze nieuwe wetgeving voorziet in een bredere organisatie van de Gemeenschapscentra en belast hen met nieuwe taken waarvoor de Federatie een belangrijke rol moet spelen, met name op het gebied van logistiek en opleiding.<br \/>\n<\/div>\n<div class=\"su-animate\" style=\"opacity:0;-webkit-animation-duration:1s;-webkit-animation-delay:0s;animation-duration:1s;animation-delay:0s;\" data-animation=\"slideInRight\" data-duration=\"1\" data-delay=\"0\">\n<p class=\"historique\">2006<\/p>\n<p>Sinds 1 januari 2006 is het <strong>FCSS<\/strong> door de Franse Gemeenschapscommissie erkend als representatief orgaan voor <strong>sociale actie en gezin<\/strong>.<\/p>\n<p>Het eerste <strong>actieonderzoek<\/strong> van de FCSS is ontstaan uit een geco\u00f6rdineerd verzoek van de sociale en gezondheidsactoren in Brussel. Vervolgens wilden de leden van de FCSS met nog andere onderwerpen aan de slag gaan. In de vorm van actieonderzoeken, waarvan de thema&#8217;s voorgesteld worden door mensen uit het veld en waarvan de resultaten gebruikt kunnen worden door de verenigingen en maatschappelijk werkers zelf. De onderzoeksactiviteiten houden verband met de sociologie van maatschappelijke actie. Ze gaan over de <strong>uitdagingen die gepaard gaan met het sociale beleid, sociale bijstand en de leefomstandigheden van kwetsbare mensen<\/strong>.<br \/>\n<\/div>\n<div class=\"su-animate\" style=\"opacity:0;-webkit-animation-duration:1s;-webkit-animation-delay:0s;animation-duration:1s;animation-delay:0s;\" data-animation=\"slideInLeft\" data-duration=\"1\" data-delay=\"0\">\n<p class=\"historique\">2009<\/p>\n<p>Op initiatief van haar leden heeft het FCSS-FCSSB het <strong>Overleg Voedselhulp<\/strong> opgericht om de Brusselse verenigingen (erkende, vrijwillige en openbare) die in de sector werken (distributie van pakketten, sociale kruidenierswinkels, sociale restaurants) te verenigen. Haar missie is de ontvangst, het maatschappelijk draagvlak en de kwaliteit van de gedistribueerde producten te verbeteren.<br \/>\n<\/div>\n<div class=\"su-animate\" style=\"opacity:0;-webkit-animation-duration:1s;-webkit-animation-delay:0s;animation-duration:1s;animation-delay:0s;\" data-animation=\"slideInRight\" data-duration=\"1\" data-delay=\"0\">\n<p class=\"historique\">2010<\/p>\n<p>Naar aanleiding van de liberalisering van de energiemarkt en de vraag van de aangesloten maatschappelijk werkers heeft de FdSS het <strong>Steunpunt SocialEnergie <\/strong>opgericht. Haar opdracht bestaat erin de behandeling van energieproblemen te verbeteren door de deskundigheid van de Brusselse maatschappelijk werkers te versterken.<br \/>\n<\/div>\n<div class=\"su-animate\" style=\"opacity:0;-webkit-animation-duration:1s;-webkit-animation-delay:0s;animation-duration:1s;animation-delay:0s;\" data-animation=\"slideInLeft\" data-duration=\"1\" data-delay=\"0\">\n<p class=\"historique\">2011<\/p>\n<p>De <strong>Overleg Voedselhulp breidt haar activiteiten uit tot het Waalse Gewest<\/strong>, dankzij de steun van de Minister van Sociale Actie. De uitdaging van de omvang van het grondgebied stuurt de activiteiten van de CAAW in de richting van de oprichting van plaatselijke overlegorganen. De CAA steunt de oprichting van dit overleg per gebied, om overleg tussen actoren aan te moedigen en logistieke samenwerking te ondersteunen.<br \/>\n<\/div>\n<div class=\"su-animate\" style=\"opacity:0;-webkit-animation-duration:1s;-webkit-animation-delay:0s;animation-duration:1s;animation-delay:0s;\" data-animation=\"slideInRight\" data-duration=\"1\" data-delay=\"0\">\n<p class=\"historique\">2012<\/p>\n<p>De FCSS (Federatie van Centra voor Sociale Diensten) verandert haar naam in <strong>FdSS<\/strong> (Federatie van de Maatschappelijke Diensten) om de acties die op het terrein in onze sectoren worden uitgevoerd beter weer te geven. De FCSSB (F\u00e9d\u00e9ration des Centres de Service Social Bicommunautaires) wordt de <strong>FdSSB<\/strong> (Federatie van de Bicommunautaire Maatschappelijke Diensten).<br \/>\n<\/div>\n<div class=\"su-animate\" style=\"opacity:0;-webkit-animation-duration:1s;-webkit-animation-delay:0s;animation-duration:1s;animation-delay:0s;\" data-animation=\"slideInLeft\" data-duration=\"1\" data-delay=\"0\">\n<p class=\"historique\">2021<\/p>\n<p>Het project Alcov (Agir localement contre le virus, lokaal optreden tegen het virus) ziet het levenslicht in het Brussels Gewest met de steun van de GOG tijdens de coronacrisis. Het heeft tot doel de sociale en gezondheidsdeterminanten en de toegang tot rechten te verbeteren. In dit kader ontwikkelt de FdSSB (Federatie van de Bicommunautaire Maatschappelijke Diensten) twee instrumenten:<\/p>\n<ul>\n<li>de <strong>Buurt Actie Relais<\/strong>, maatschappelijk werkers die in de Brusselse wijken worden ingezet in nauwe samenwerking met lokale verenigingen<\/li>\n<\/ul>\n<ul>\n<li>de wijkateliers (<strong>BRI-Co<\/strong>), die de inwoners weer een stem geven over hun behoeften en prioriteiten en hen vragen welke concrete maatregelen er in hun directe omgeving moeten worden genomen.<\/li>\n<\/ul>\n<p>Het BAR-BRI-Co-project is ook na de coronacrisis voortgezet en is in de Brusselse wijken actief rond verschillende thema&#8217;s.<br \/>\n<\/div>\n<div class=\"su-animate\" style=\"opacity:0;-webkit-animation-duration:1s;-webkit-animation-delay:0s;animation-duration:1s;animation-delay:0s;\" data-animation=\"slideInRight\" data-duration=\"1\" data-delay=\"0\">\n<p class=\"historique\">2022<\/p>\n<p>Het project Relais Familles Mono, een initiatief van het Waalse Gewest,<strong> heeft tot doel eenoudergezinnen te ondersteunen door acties te ontwikkelen die zijn afgestemd op de behoeften en de realiteit van de regio&#8217;s. <\/strong>Deze regeling bestaat uit een ondersteuningscentrum dat is ondergebracht bij de FdSS en een twintigtal Point relais-medewerkers die zijn aangeworven door de Waalse sociale dienstcentra verspreid over de hele regio. Het bevordert ook de netwerkvorming tussen professionals en aanverwante initiatieven (Ligue des Familles, R\u00e9seau Wallon de lutte contre la pauvret\u00e9, CSS mutuellistes et associatifs, enz.).<\/p>\n<p>Naar aanleiding van de coronapandemie heeft de FdSS (Federatie van de Maatschappelijke Diensten), in samenwerking met Le Forum \u2013 Bruxelles contre les in\u00e9galit\u00e9s, de F\u00e9d\u00e9ration des Maisons M\u00e9dicales (FMM), Lire et \u00c9crire, de vzw Le Grain en nog enkele andere partners het project \u2018<strong>Ce Qui Nous Arrive<\/strong>\u2019 (CQNA) opgestart. In het kader daarvan worden bijeenkomsten georganiseerd om meer inzicht te krijgen in de huidige uitdagingen. Op die manier probeert CQNA gemeenschappelijke referentiepunten op te bouwen om sociale, ecologische en democratische kwesties deel te laten uitmaken van onze acties op het terrein en om op lokaal niveau nieuwe vormen van solidariteit te ontwikkelen.<\/p>\n<\/div>\n","protected":false},"excerpt":{"rendered":"","protected":false},"author":1,"featured_media":0,"parent":0,"menu_order":150,"comment_status":"closed","ping_status":"closed","template":"","meta":{"_acf_changed":false,"footnotes":""},"class_list":["post-360","page","type-page","status-publish","hentry"],"acf":[],"_links":{"self":[{"href":"https:\/\/www.fdss.be\/nl\/wp-json\/wp\/v2\/pages\/360","targetHints":{"allow":["GET"]}}],"collection":[{"href":"https:\/\/www.fdss.be\/nl\/wp-json\/wp\/v2\/pages"}],"about":[{"href":"https:\/\/www.fdss.be\/nl\/wp-json\/wp\/v2\/types\/page"}],"author":[{"embeddable":true,"href":"https:\/\/www.fdss.be\/nl\/wp-json\/wp\/v2\/users\/1"}],"replies":[{"embeddable":true,"href":"https:\/\/www.fdss.be\/nl\/wp-json\/wp\/v2\/comments?post=360"}],"version-history":[{"count":17,"href":"https:\/\/www.fdss.be\/nl\/wp-json\/wp\/v2\/pages\/360\/revisions"}],"predecessor-version":[{"id":13701,"href":"https:\/\/www.fdss.be\/nl\/wp-json\/wp\/v2\/pages\/360\/revisions\/13701"}],"wp:attachment":[{"href":"https:\/\/www.fdss.be\/nl\/wp-json\/wp\/v2\/media?parent=360"}],"curies":[{"name":"wp","href":"https:\/\/api.w.org\/{rel}","templated":true}]}}