{"id":353,"date":"2019-02-06T09:50:48","date_gmt":"2019-02-06T08:50:48","guid":{"rendered":"http:\/\/ry0xytcrk.preview.infomaniak.website\/?page_id=353"},"modified":"2025-07-16T16:11:15","modified_gmt":"2025-07-16T14:11:15","slug":"voedselhulp-in-belgie","status":"publish","type":"page","link":"https:\/\/www.fdss.be\/nl\/voedselhulp\/voedselhulp-in-belgie\/","title":{"rendered":"Voedselhulp in Belgi\u00eb"},"content":{"rendered":"<p>Een persoon <strong>leeft in armoede<\/strong> wanneer het inkomen lager ligt dan 1.287 euro per maand voor een alleenstaande en 2.703 euro per maand voor een gezin van twee volwassenen en twee kinderen. <strong>In Belgi\u00eb leeft een op de vijf mensen in armoede.<\/strong><\/p>\n<p>In zo&#8217;n situatie hebben mensen te weinig middelen om te betalen voor huisvesting, energie, gezondheidszorg, voeding en andere noodzakelijke uitgaven. En dus vragen sommige van hen om voedselhulp. Rekening houdend met de verdeling van voedselpakketten, de sociale restaurants en de sociale kruideniers, <strong>doen naar schatting 600.000 Belgen een beroep op voedselhulp<\/strong>.<\/p>\n<p>In de praktijk trachten de organisaties zo goed en zo kwaad als dat gaat aan alle behoeften te voldoen. Deze \u2013 soms professionele \u2013 organisaties kunnen vaak enkel rekenen op vrijwilligers en hebben \u00e9\u00e9n voor \u00e9\u00e9n een nijpend tekort aan middelen om aan de alsmaar toenemende vraag te beantwoorden.<\/p>\n<h3>Walloni\u00eb<\/h3>\n<p>In heel Walloni\u00eb zijn er diensten voor voedselhulp aanwezig, zowel in de grote agglomeraties als op het platteland. Het gaat hierbij om:<\/p>\n<ul>\n<li><strong>meer dan 400 centra voor de verdeling van voedselpakketten<\/strong>, die worden beheerd door conferenties en centra van de Soci\u00e9t\u00e9 de Saint Vincent de Paul (meer dan een derde), door de OCMW\u2019s (ook een derde), door het Belgische Rode Kruis en door verschillende verenigingen<\/li>\n<li><strong>85 sociale kruideniers<\/strong><\/li>\n<li><strong>30 sociale restaurants<\/strong><\/li>\n<\/ul>\n<p>Gezien de mobiliteitsuitdagingen in Walloni\u00eb neemt de voedselhulp er soms specifieke vormen aan: thuislevering, mobiele verdeeldiensten, voedselbonnen, enz.<\/p>\n<p>In 2017 keurde het Waals Parlement een decreet goed tot invoeging van bepalingen betreffende voedselhulp in het Waalse Wetboek van Sociale Actie en Gezondheid (gepubliceerd in het Belgisch Staatsblad op 2 mei 2017). Dit decreet voorziet om sociale kruideniers en restaurants te erkennen en te financieren, op voorwaarde dat zij zorgen voor \u201csociale begeleiding (van de begunstigden), intern of via een partnerschapsovereenkomst\u201d. Dit decreet effende bovendien het pad naar de erkenning van Overleg Voedselhulp als \u2018Waalse overleginstelling voor voedselhulp\u2019.<\/p>\n<h3>Brussel<\/h3>\n<p>In het Brussels Gewest zijn er:<\/p>\n<ul>\n<li><strong>57 diensten voor de verdeling van voedselpakketten<\/strong>, waarvan ongeveer een derde wordt beheerd door vrijwilligers van de Soci\u00e9t\u00e9 de Saint Vincent de Paul en de rest door enkele OCMW\u2019s en verschillende verenigingen<\/li>\n<li>een <strong>veertigtal sociale restaurants<\/strong><\/li>\n<li>een <strong>vijftiental sociale kruideniers<\/strong><\/li>\n<li>en een <strong>vijftiental geplande solidariteitskoelkasten<\/strong><\/li>\n<\/ul>\n<p>Er doen naar schatting <strong>90.000 Brusselaars<\/strong> een beroep op voedselhulp.<\/p>\n<h3>Hoe is de voedselhulp georganiseerd?<\/h3>\n<p>&nbsp;<\/p>\n<p><img loading=\"lazy\" decoding=\"async\" class=\"alignnone  wp-image-13571\" src=\"https:\/\/www.fdss.be\/wp-content\/uploads\/2025_CAA_schema-aa_A3-NL_V01-500x177.jpg\" alt=\"\" width=\"958\" height=\"339\" srcset=\"https:\/\/www.fdss.be\/wp-content\/uploads\/2025_CAA_schema-aa_A3-NL_V01-500x177.jpg 500w, https:\/\/www.fdss.be\/wp-content\/uploads\/2025_CAA_schema-aa_A3-NL_V01-1024x362.jpg 1024w, https:\/\/www.fdss.be\/wp-content\/uploads\/2025_CAA_schema-aa_A3-NL_V01-150x53.jpg 150w, https:\/\/www.fdss.be\/wp-content\/uploads\/2025_CAA_schema-aa_A3-NL_V01-768x272.jpg 768w, https:\/\/www.fdss.be\/wp-content\/uploads\/2025_CAA_schema-aa_A3-NL_V01-1536x543.jpg 1536w, https:\/\/www.fdss.be\/wp-content\/uploads\/2025_CAA_schema-aa_A3-NL_V01-2048x724.jpg 2048w\" sizes=\"auto, (max-width: 958px) 100vw, 958px\" \/><\/p>\n<p>&nbsp;<\/p>\n","protected":false},"excerpt":{"rendered":"<p>Een persoon leeft in armoede wanneer het inkomen lager ligt dan 1.287 euro per maand voor een alleenstaande en 2.703 euro per maand voor een gezin van twee volwassenen en twee kinderen. In Belgi\u00eb leeft een op de vijf mensen in armoede. In zo&#8217;n situatie hebben mensen te weinig middelen om te betalen voor huisvesting, [&hellip;]<\/p>\n","protected":false},"author":1,"featured_media":0,"parent":341,"menu_order":82,"comment_status":"closed","ping_status":"closed","template":"","meta":{"_acf_changed":false,"footnotes":""},"class_list":["post-353","page","type-page","status-publish","hentry"],"acf":[],"_links":{"self":[{"href":"https:\/\/www.fdss.be\/nl\/wp-json\/wp\/v2\/pages\/353","targetHints":{"allow":["GET"]}}],"collection":[{"href":"https:\/\/www.fdss.be\/nl\/wp-json\/wp\/v2\/pages"}],"about":[{"href":"https:\/\/www.fdss.be\/nl\/wp-json\/wp\/v2\/types\/page"}],"author":[{"embeddable":true,"href":"https:\/\/www.fdss.be\/nl\/wp-json\/wp\/v2\/users\/1"}],"replies":[{"embeddable":true,"href":"https:\/\/www.fdss.be\/nl\/wp-json\/wp\/v2\/comments?post=353"}],"version-history":[{"count":6,"href":"https:\/\/www.fdss.be\/nl\/wp-json\/wp\/v2\/pages\/353\/revisions"}],"predecessor-version":[{"id":13573,"href":"https:\/\/www.fdss.be\/nl\/wp-json\/wp\/v2\/pages\/353\/revisions\/13573"}],"up":[{"embeddable":true,"href":"https:\/\/www.fdss.be\/nl\/wp-json\/wp\/v2\/pages\/341"}],"wp:attachment":[{"href":"https:\/\/www.fdss.be\/nl\/wp-json\/wp\/v2\/media?parent=353"}],"curies":[{"name":"wp","href":"https:\/\/api.w.org\/{rel}","templated":true}]}}