{"id":1213,"date":"2019-04-15T14:23:01","date_gmt":"2019-04-15T12:23:01","guid":{"rendered":"http:\/\/ry0xytcrk.preview.infomaniak.website\/?page_id=1213"},"modified":"2026-03-26T15:00:39","modified_gmt":"2026-03-26T14:00:39","slug":"vacatures","status":"publish","type":"page","link":"https:\/\/www.fdss.be\/nl\/vacatures\/","title":{"rendered":"Vacatures"},"content":{"rendered":"<div class=\"su-animate\" style=\"opacity:0;-webkit-animation-duration:1s;-webkit-animation-delay:0s;animation-duration:1s;animation-delay:0s;\" data-animation=\"bounceInUp\" data-duration=\"1\" data-delay=\"0\"><\/div>\n<p><strong>Op deze pagina vindt u de vacatures van de FdSS en haar leden.<\/strong><\/p>\n<p>Aangezien onze federatie geen eigen sociale dienst heeft, kunnen we geen stageplaatsen voor maatschappelijk werkers aanbieden.<\/p>\n<p>We werken echter samen met sociale diensten in Brussel en Walloni\u00eb die u wellicht kunnen helpen.<\/p>\n<p>Wij geven de aanvragen niet door aan onze leden, maar nodigen u uit om hen te ontdekken en <a href=\"https:\/\/www.fdss.be\/nl\/lid\/\">contact met hen op te nemen<\/a>:<\/p>\n<ul>\n<li>In Brussel: wij verenigen <b>centra voor hulp aan personen<\/b> en <b>centra voor globale sociale actie<\/b>.<\/li>\n<li>In Walloni\u00eb: wij verenigen <b>centra voor sociale dienstverlening<\/b>, <b>lokale initiatieven voor de integratie van buitenlanders<\/b> en <b>diensten voor hulp en zorg aan prostituees<\/b>.<\/li>\n<\/ul>\n<p>&nbsp;<\/p>\n<div class=\"title_code\"><strong>ONZE VACATURES<\/strong><\/div>\n        <div class=\"content_code\">\n<h3><strong>De FDSSB werft 4 buurt actie relais (m\/v\/x)<\/strong><\/h3>\n<p>2 tijdelijke contracten en 2 vervangingscontracten van mei 2026 (zo snel mogelijk) tot december 2026 \u2013 Fulltime<\/p>\n<p>Brussel<\/p>\n<p><a class=\"button\" href=\"https:\/\/www.alterjob.be\/job-fr-53186-s.html\" target=\"_blank\" rel=\"noopener\">Bekijk de vacature (in het Frans)<\/a><\/p>\n<\/div>\n<div class=\"title_code\"><strong>VACATURES VAN LEDEN EN PARTNERS<\/strong><\/div>\n        <div class=\"content_code\">\n<p><em>Deze vacature is opgesteld in het Frans.<\/em><\/p>\n<h3><strong>T\u00e9l\u00e9-Service Li\u00e8ge engage un\u00b7e<\/strong>\u00a0<strong>responsable du service de transport de Personnes \u00e0 Mobilit\u00e9 R\u00e9duite (h\/f\/x)<\/strong><\/h3>\n<p>CDD suivi d&#8217;un CDI &#8211; Temps plein<\/p>\n<p>Li\u00e8ge<\/p>\n<p><a class=\"button\" href=\"https:\/\/www.fdss.be\/wp-content\/uploads\/20260324-TSL-offre-emploi-responsable-service-PMR.pdf\" target=\"_blank\" rel=\"noopener\">Voir l&#8217;annonce<\/a><\/p>\n<p><em>Deze vacature is opgesteld in het Frans.<\/em><\/p>\n<h3><strong>T\u00e9l\u00e9-Accueil Li\u00e8ge est \u00e0 la recherche d&#8217;\u00e9coutants b\u00e9n\u00e9voles <\/strong><strong>(h\/f\/x)<\/strong><\/h3>\n<p>Li\u00e8ge<\/p>\n<p><a class=\"button\" href=\"https:\/\/www.fdss.be\/wp-content\/uploads\/Article-Tele-Accueil-Liege.docx\" target=\"_blank\" rel=\"noopener\">Voir l&#8217;annonce<\/a><\/p>\n<p><em>Deze vacature is opgesteld in het Frans.<\/em><\/p>\n<h3><strong>Dune engage un\u00b7e Assistant\u00b7e Op\u00e9rations Support <\/strong><strong>(h\/f\/x)<\/strong><\/h3>\n<p>CDI &#8211; 38h semaine<\/p>\n<p>Bruxelles<\/p>\n<p><a class=\"button\" href=\"https:\/\/dune-asbl.be\/2026\/01\/dune-recrute-un%C2%B7e-assistant%C2%B7e-operations-support\/\" target=\"_blank\" rel=\"noopener\">Voir l&#8217;annonce<\/a><\/p>\n<p>&nbsp;<\/p>\n<\/div>\n","protected":false},"excerpt":{"rendered":"<p>Op deze pagina vindt u de vacatures van de FdSS en haar leden. Aangezien onze federatie geen eigen sociale dienst heeft, kunnen we geen stageplaatsen voor maatschappelijk werkers aanbieden. We werken echter samen met sociale diensten in Brussel en Walloni\u00eb die u wellicht kunnen helpen. Wij geven de aanvragen niet door aan onze leden, maar [&hellip;]<\/p>\n","protected":false},"author":1,"featured_media":13101,"parent":0,"menu_order":94,"comment_status":"closed","ping_status":"closed","template":"","meta":{"_acf_changed":false,"footnotes":""},"class_list":["post-1213","page","type-page","status-publish","has-post-thumbnail","hentry"],"acf":[],"_links":{"self":[{"href":"https:\/\/www.fdss.be\/nl\/wp-json\/wp\/v2\/pages\/1213","targetHints":{"allow":["GET"]}}],"collection":[{"href":"https:\/\/www.fdss.be\/nl\/wp-json\/wp\/v2\/pages"}],"about":[{"href":"https:\/\/www.fdss.be\/nl\/wp-json\/wp\/v2\/types\/page"}],"author":[{"embeddable":true,"href":"https:\/\/www.fdss.be\/nl\/wp-json\/wp\/v2\/users\/1"}],"replies":[{"embeddable":true,"href":"https:\/\/www.fdss.be\/nl\/wp-json\/wp\/v2\/comments?post=1213"}],"version-history":[{"count":67,"href":"https:\/\/www.fdss.be\/nl\/wp-json\/wp\/v2\/pages\/1213\/revisions"}],"predecessor-version":[{"id":14749,"href":"https:\/\/www.fdss.be\/nl\/wp-json\/wp\/v2\/pages\/1213\/revisions\/14749"}],"wp:featuredmedia":[{"embeddable":true,"href":"https:\/\/www.fdss.be\/nl\/wp-json\/wp\/v2\/media\/13101"}],"wp:attachment":[{"href":"https:\/\/www.fdss.be\/nl\/wp-json\/wp\/v2\/media?parent=1213"}],"curies":[{"name":"wp","href":"https:\/\/api.w.org\/{rel}","templated":true}]}}