{"id":11948,"date":"2023-04-17T14:14:19","date_gmt":"2023-04-17T12:14:19","guid":{"rendered":"https:\/\/www.fdss.be\/?page_id=11948"},"modified":"2026-01-16T17:17:42","modified_gmt":"2026-01-16T16:17:42","slug":"bronnen","status":"publish","type":"page","link":"https:\/\/www.fdss.be\/nl\/voedselhulp\/bronnen\/","title":{"rendered":"Sensibilisering, opleiding en onderzoek"},"content":{"rendered":"<p>Overleg Voedselhulp organiseert <strong>opleidingen<\/strong> ter ondersteuning van de <strong>werknemers<\/strong> en <strong>vrijwilligers in de sector van de voedselhulp<\/strong>. In samenwerking met haar partners ontwikkelt ze ook <strong>hulpmiddelen<\/strong> om meer inzicht te krijgen in het voedselhulpsysteem.<\/p>\n<p>Op deze pagina vind je verschillende hulpmiddelen en tools in verband met voedselhulp.<\/p>\n<h2>Tools voor sensibilisering rond voedselhulp<\/h2>\n<div class=\"su-row\"><div class=\"su-column su-column-size-1-4\"><div class=\"su-column-inner su-u-clearfix su-u-trim\">\n<div class=\"su-image-carousel  su-image-carousel-has-spacing su-image-carousel-crop su-image-carousel-crop-4-3 su-image-carousel-has-outline su-image-carousel-adaptive su-image-carousel-slides-style-default su-image-carousel-controls-style-dark su-image-carousel-align-none\" style=\"max-width:70%\" data-flickity-options='{\"groupCells\":true,\"cellSelector\":\".su-image-carousel-item\",\"adaptiveHeight\":false,\"cellAlign\":\"left\",\"prevNextButtons\":true,\"pageDots\":true,\"autoPlay\":5000,\"imagesLoaded\":true,\"contain\":true,\"selectedAttraction\":0.025,\"friction\":0.28}' id=\"su_image_carousel_6a095d5a7f5cb\"><div class=\"su-image-carousel-item\"><div class=\"su-image-carousel-item-content\"><img loading=\"lazy\" decoding=\"async\" width=\"500\" height=\"338\" src=\"https:\/\/www.fdss.be\/wp-content\/uploads\/Expo.png\" class=\"\" alt=\"\" srcset=\"https:\/\/www.fdss.be\/wp-content\/uploads\/Expo.png 500w, https:\/\/www.fdss.be\/wp-content\/uploads\/Expo-150x101.png 150w\" sizes=\"auto, (max-width: 500px) 100vw, 500px\" \/><\/div><\/div><div class=\"su-image-carousel-item\"><div class=\"su-image-carousel-item-content\"><img loading=\"lazy\" decoding=\"async\" width=\"500\" height=\"347\" src=\"https:\/\/www.fdss.be\/wp-content\/uploads\/TRS_1438-500x347.jpg\" class=\"\" alt=\"\" srcset=\"https:\/\/www.fdss.be\/wp-content\/uploads\/TRS_1438-500x347.jpg 500w, https:\/\/www.fdss.be\/wp-content\/uploads\/TRS_1438-1024x710.jpg 1024w, https:\/\/www.fdss.be\/wp-content\/uploads\/TRS_1438-150x104.jpg 150w, https:\/\/www.fdss.be\/wp-content\/uploads\/TRS_1438-768x532.jpg 768w, https:\/\/www.fdss.be\/wp-content\/uploads\/TRS_1438-1536x1065.jpg 1536w, https:\/\/www.fdss.be\/wp-content\/uploads\/TRS_1438-2048x1420.jpg 2048w\" sizes=\"auto, (max-width: 500px) 100vw, 500px\" \/><\/div><\/div><div class=\"su-image-carousel-item\"><div class=\"su-image-carousel-item-content\"><img loading=\"lazy\" decoding=\"async\" width=\"500\" height=\"368\" src=\"https:\/\/www.fdss.be\/wp-content\/uploads\/TRS_1290-500x368.jpg\" class=\"\" alt=\"\" srcset=\"https:\/\/www.fdss.be\/wp-content\/uploads\/TRS_1290-500x368.jpg 500w, https:\/\/www.fdss.be\/wp-content\/uploads\/TRS_1290-1024x753.jpg 1024w, https:\/\/www.fdss.be\/wp-content\/uploads\/TRS_1290-150x110.jpg 150w, https:\/\/www.fdss.be\/wp-content\/uploads\/TRS_1290-768x565.jpg 768w, https:\/\/www.fdss.be\/wp-content\/uploads\/TRS_1290-1536x1129.jpg 1536w, https:\/\/www.fdss.be\/wp-content\/uploads\/TRS_1290-2048x1506.jpg 2048w\" sizes=\"auto, (max-width: 500px) 100vw, 500px\" \/><\/div><\/div><\/div><script id=\"su_image_carousel_6a095d5a7f5cb_script\">if(window.SUImageCarousel){setTimeout(function() {window.SUImageCarousel.initGallery(document.getElementById(\"su_image_carousel_6a095d5a7f5cb\"))}, 0);}var su_image_carousel_6a095d5a7f5cb_script=document.getElementById(\"su_image_carousel_6a095d5a7f5cb_script\");if(su_image_carousel_6a095d5a7f5cb_script){su_image_carousel_6a095d5a7f5cb_script.parentNode.removeChild(su_image_carousel_6a095d5a7f5cb_script);}<\/script>\n<p><a href=\"https:\/\/www.fdss.be\/nl\/voedselhulp\/hulpmiddelen\/fototentoonstelling-de-realiteit-van-voedselhulp\/\" target=\"_blank\" rel=\"noopener\"><span lang=\"NL-BE\"><strong><span style=\"color: blue;\">Fototentoonstelling \u2018De realiteit van voedselhulp\u2019<\/span><\/strong><\/span><\/a><\/p>\n<p><span lang=\"NL-BE\">De bedoeling van deze tentoonstelling is om op symbolische wijze duidelijk te maken in welke situaties de begunstigden van voedselhulp zich bevinden.<\/span><\/p>\n<\/div><\/div>\n<div class=\"su-column su-column-size-1-4\"><div class=\"su-column-inner su-u-clearfix su-u-trim\">\n<div class=\"su-image-carousel  su-image-carousel-has-spacing su-image-carousel-crop su-image-carousel-crop-4-3 su-image-carousel-has-outline su-image-carousel-adaptive su-image-carousel-slides-style-default su-image-carousel-controls-style-dark su-image-carousel-align-none\" style=\"max-width:70%\" data-flickity-options='{\"groupCells\":true,\"cellSelector\":\".su-image-carousel-item\",\"adaptiveHeight\":false,\"cellAlign\":\"left\",\"prevNextButtons\":true,\"pageDots\":true,\"autoPlay\":5000,\"imagesLoaded\":true,\"contain\":true,\"selectedAttraction\":0.025,\"friction\":0.28}' id=\"su_image_carousel_6a095d5a8104c\"><div class=\"su-image-carousel-item\"><div class=\"su-image-carousel-item-content\"><img loading=\"lazy\" decoding=\"async\" width=\"400\" height=\"256\" src=\"https:\/\/www.fdss.be\/wp-content\/uploads\/Faim-de-vie.jpg\" class=\"\" alt=\"\" srcset=\"https:\/\/www.fdss.be\/wp-content\/uploads\/Faim-de-vie.jpg 400w, https:\/\/www.fdss.be\/wp-content\/uploads\/Faim-de-vie-150x96.jpg 150w\" sizes=\"auto, (max-width: 400px) 100vw, 400px\" \/><\/div><\/div><div class=\"su-image-carousel-item\"><div class=\"su-image-carousel-item-content\"><img loading=\"lazy\" decoding=\"async\" width=\"500\" height=\"335\" src=\"https:\/\/www.fdss.be\/wp-content\/uploads\/P1060448-500x335.jpg\" class=\"\" alt=\"\" srcset=\"https:\/\/www.fdss.be\/wp-content\/uploads\/P1060448-500x335.jpg 500w, https:\/\/www.fdss.be\/wp-content\/uploads\/P1060448-1024x685.jpg 1024w, https:\/\/www.fdss.be\/wp-content\/uploads\/P1060448-150x100.jpg 150w, https:\/\/www.fdss.be\/wp-content\/uploads\/P1060448-768x514.jpg 768w, https:\/\/www.fdss.be\/wp-content\/uploads\/P1060448-1536x1028.jpg 1536w, https:\/\/www.fdss.be\/wp-content\/uploads\/P1060448-2048x1370.jpg 2048w\" sizes=\"auto, (max-width: 500px) 100vw, 500px\" \/><\/div><\/div><div class=\"su-image-carousel-item\"><div class=\"su-image-carousel-item-content\"><img loading=\"lazy\" decoding=\"async\" width=\"500\" height=\"335\" src=\"https:\/\/www.fdss.be\/wp-content\/uploads\/P1060386-500x335.jpg\" class=\"\" alt=\"\" srcset=\"https:\/\/www.fdss.be\/wp-content\/uploads\/P1060386-500x335.jpg 500w, https:\/\/www.fdss.be\/wp-content\/uploads\/P1060386-1024x685.jpg 1024w, https:\/\/www.fdss.be\/wp-content\/uploads\/P1060386-150x100.jpg 150w, https:\/\/www.fdss.be\/wp-content\/uploads\/P1060386-768x514.jpg 768w, https:\/\/www.fdss.be\/wp-content\/uploads\/P1060386-1536x1028.jpg 1536w, https:\/\/www.fdss.be\/wp-content\/uploads\/P1060386-2048x1370.jpg 2048w\" sizes=\"auto, (max-width: 500px) 100vw, 500px\" \/><\/div><\/div><\/div><script id=\"su_image_carousel_6a095d5a8104c_script\">if(window.SUImageCarousel){setTimeout(function() {window.SUImageCarousel.initGallery(document.getElementById(\"su_image_carousel_6a095d5a8104c\"))}, 0);}var su_image_carousel_6a095d5a8104c_script=document.getElementById(\"su_image_carousel_6a095d5a8104c_script\");if(su_image_carousel_6a095d5a8104c_script){su_image_carousel_6a095d5a8104c_script.parentNode.removeChild(su_image_carousel_6a095d5a8104c_script);}<\/script>\n<p><a href=\"https:\/\/www.fdss.be\/nl\/voedselhulp\/sensibilisering-opleiding-en-onderzoek\/theatrale-conferentie-faim-de-vie\/\" target=\"_blank\" rel=\"noopener\"><strong>Theatrale conferentie \u2018Faim de Vie\u2019<\/strong><\/a><\/p>\n<p>Deze conferentie ontrafelt de uitdagingen op het vlak van voedselhulp door een gevarieerd menu aan te bieden met diverse ingredi\u00ebnten, zoals ongeremd kapitalisme, voedselarmoede en kwetsbaarheid, op smaak gebracht met momenten uit het heden.<\/p>\n<\/div><\/div>\n<div class=\"su-column su-column-size-1-4\"><div class=\"su-column-inner su-u-clearfix su-u-trim\">\n<p><img loading=\"lazy\" decoding=\"async\" class=\"alignnone wp-image-9170\" src=\"https:\/\/www.fdss.be\/wp-content\/uploads\/Oie.jpg\" alt=\"\" width=\"270\" height=\"185\" srcset=\"https:\/\/www.fdss.be\/wp-content\/uploads\/Oie.jpg 388w, https:\/\/www.fdss.be\/wp-content\/uploads\/Oie-150x103.jpg 150w\" sizes=\"auto, (max-width: 270px) 100vw, 270px\" \/><\/p>\n<p><a href=\"https:\/\/www.fdss.be\/nl\/ganzenbordspel-strijders-tegen-voedselarmoede\/\" target=\"_blank\" rel=\"noopener\"><span lang=\"NL-BE\"><strong><span style=\"color: blue;\">Ganzenbordspel<\/span><\/strong><strong><span style=\"color: blue;\"> \u2018Strijders tegen voedselarmoede\u2019<\/span><\/strong><\/span><\/a><\/p>\n<p><span lang=\"NL-BE\">Het doel van dit spel is om de spelers bewust te maken van de problemen qua toegang tot kwaliteitsvolle voeding voor iedereen en om hen aan te moedigen hun ervaringen te delen. Dit ganzenbordspel is bedacht door het collectief \u2018Wat verborgen is zichtbaar maken\u2019, dat sinds 2017 acties organiseert op de Werelddag van het verzet tegen armoede.<\/span><\/p>\n<\/div><\/div>\n<div class=\"su-column su-column-size-1-4\"><div class=\"su-column-inner su-u-clearfix su-u-trim\">\n<p><img loading=\"lazy\" decoding=\"async\" class=\"alignnone wp-image-14233\" src=\"https:\/\/www.fdss.be\/wp-content\/uploads\/TRS_1500-revu_500x392-500x392.jpg\" alt=\"\" width=\"266\" height=\"208\" srcset=\"https:\/\/www.fdss.be\/wp-content\/uploads\/TRS_1500-revu_500x392-500x392.jpg 500w, https:\/\/www.fdss.be\/wp-content\/uploads\/TRS_1500-revu_500x392-1024x803.jpg 1024w, https:\/\/www.fdss.be\/wp-content\/uploads\/TRS_1500-revu_500x392-150x118.jpg 150w, https:\/\/www.fdss.be\/wp-content\/uploads\/TRS_1500-revu_500x392-768x602.jpg 768w, https:\/\/www.fdss.be\/wp-content\/uploads\/TRS_1500-revu_500x392-1536x1204.jpg 1536w, https:\/\/www.fdss.be\/wp-content\/uploads\/TRS_1500-revu_500x392-2048x1606.jpg 2048w\" sizes=\"auto, (max-width: 266px) 100vw, 266px\" \/><\/p>\n<p><a href=\"https:\/\/www.fdss.be\/fr\/frigovide-une-campagne-de-sensibilisation-de-laide-alimentaire\/\"><strong>#FrigoVide: een bewustmakingscampagne over de uitdagingen van voedselhulp<\/strong><\/a><\/p>\n<p>De beweging <strong>#FrigoVide<\/strong> wil de aandacht vestigen op de moeilijkheden waarmee voedselhulporganisaties worden geconfronteerd om hun activiteiten voort te zetten en de realiteit zichtbaar maken van mensen die in zo&#8217;n precaire situatie leven dat ze voedselhulp nodig hebben om zich te kunnen voeden. Voeding is echter geen luxe. Het is een fundamenteel recht!<\/p>\n<\/div><\/div> <\/div>\n<h2>Opleidingen<\/h2>\n<p>Deze opleidingen worden georganiseerd door Overleg Voedselhulp<\/p>\n<p>&nbsp;<\/p>\n<div class=\"su-row\"><div class=\"su-column su-column-size-1-3\"><div class=\"su-column-inner su-u-clearfix su-u-trim\">\n<p><img loading=\"lazy\" decoding=\"async\" class=\"wp-image-9191 aligncenter\" src=\"https:\/\/www.fdss.be\/wp-content\/uploads\/VIP.jpg\" alt=\"\" width=\"208\" height=\"182\" srcset=\"https:\/\/www.fdss.be\/wp-content\/uploads\/VIP.jpg 409w, https:\/\/www.fdss.be\/wp-content\/uploads\/VIP-150x131.jpg 150w\" sizes=\"auto, (max-width: 208px) 100vw, 208px\" \/><\/p>\n<p>&nbsp;<\/p>\n<p><strong>Vrijwilligers Tegen Armoede<br \/>\n<\/strong><\/p>\n<p>Overleg Voedselhulp organiseert deze opleiding, waarbij de focus ligt op een beter begrip van armoede.<\/p>\n<p><a href=\"https:\/\/www.fdss.be\/wp-content\/uploads\/Fiche-promo-Tous-VIP-FdSS.pdf\">Bekijk de promofiche<\/a><\/p>\n<\/div><\/div>\n<div class=\"su-column su-column-size-1-3\"><div class=\"su-column-inner su-u-clearfix su-u-trim\">\n<p><img loading=\"lazy\" decoding=\"async\" class=\"wp-image-9567 aligncenter\" src=\"https:\/\/www.fdss.be\/wp-content\/uploads\/DSC_0443-500x334.jpg\" alt=\"\" width=\"271\" height=\"181\" srcset=\"https:\/\/www.fdss.be\/wp-content\/uploads\/DSC_0443-500x334.jpg 500w, https:\/\/www.fdss.be\/wp-content\/uploads\/DSC_0443-1024x683.jpg 1024w, https:\/\/www.fdss.be\/wp-content\/uploads\/DSC_0443-150x100.jpg 150w, https:\/\/www.fdss.be\/wp-content\/uploads\/DSC_0443-768x512.jpg 768w, https:\/\/www.fdss.be\/wp-content\/uploads\/DSC_0443-1536x1025.jpg 1536w, https:\/\/www.fdss.be\/wp-content\/uploads\/DSC_0443-2048x1367.jpg 2048w\" sizes=\"auto, (max-width: 271px) 100vw, 271px\" \/><\/p>\n<p>&nbsp;<\/p>\n<p><strong>Onthalen en luisteren: tips &amp; tricks<\/strong><\/p>\n<p>Deze opleiding focust op de gepaste houding ten aanzien van complexe situaties waarin mensen in armoede zich steeds weer bevinden.<\/p>\n<p>Samen analyseren we meer bepaald de situaties waarmee je geconfronteerd werd op het terrein en ontwikkelen we goede communicatiestrategie\u00ebn.<\/p>\n<p><a href=\"https:\/\/www.fdss.be\/wp-content\/uploads\/Fiche-promo-Oser-accueillir-FdSS.pdf\">Bekijk de promofiche<\/a><\/p>\n<\/div><\/div>\n<div class=\"su-column su-column-size-1-3\"><div class=\"su-column-inner su-u-clearfix su-u-trim\">\n<p><img loading=\"lazy\" decoding=\"async\" class=\"wp-image-9569 aligncenter\" src=\"https:\/\/www.fdss.be\/wp-content\/uploads\/DSC_0531-500x334.jpg\" alt=\"\" width=\"272\" height=\"181\" srcset=\"https:\/\/www.fdss.be\/wp-content\/uploads\/DSC_0531-500x334.jpg 500w, https:\/\/www.fdss.be\/wp-content\/uploads\/DSC_0531-1024x683.jpg 1024w, https:\/\/www.fdss.be\/wp-content\/uploads\/DSC_0531-150x100.jpg 150w, https:\/\/www.fdss.be\/wp-content\/uploads\/DSC_0531-768x512.jpg 768w, https:\/\/www.fdss.be\/wp-content\/uploads\/DSC_0531-1536x1025.jpg 1536w, https:\/\/www.fdss.be\/wp-content\/uploads\/DSC_0531-2048x1367.jpg 2048w\" sizes=\"auto, (max-width: 272px) 100vw, 272px\" \/><\/p>\n<p>&nbsp;<\/p>\n<p><strong>Meer opleidingen<\/strong><\/p>\n<p>Georganiseerd door Overleg Voedselhulp en verstrekt door partners:<\/p>\n<ul>\n<li><a href=\"https:\/\/www.fdss.be\/wp-content\/uploads\/2024_PUB_FichePromoVierge-AFSCA.pdf\">FAVV<\/a><\/li>\n<li>Vrijwilligerswerk: <a href=\"https:\/\/www.fdss.be\/wp-content\/uploads\/2024_PUB_FichePromoVierge-Legislation-Benevolat-PVF.pdf\">wetgeving<\/a> en <a href=\"https:\/\/www.fdss.be\/wp-content\/uploads\/2024_PUB_FichePromoVierge-Recrutement-Loi-Volontaire-PVF.pdf\">werving<\/a><\/li>\n<li><a href=\"https:\/\/www.fdss.be\/wp-content\/uploads\/2024_PUB_FichePromoVierge-Diabete-Tandemmm.pdf\">Diabetes<\/a><\/li>\n<li><a href=\"https:\/\/www.fdss.be\/wp-content\/uploads\/2024_PUB_FichePromoVierge-Orienter-les-demandes-daide.pdf\">Doorverwijzing van aanvragen tot bijstand<\/a><\/li>\n<li>Mentale gezondheid<\/li>\n<li>Enz.<\/li>\n<\/ul>\n<p><em>Andere thematische opleidingen op aanvraag.<\/em><\/p>\n<\/div><\/div> <\/div>\n<h2><span lang=\"NL-BE\">ONDERZOEK<\/span><\/h2>\n<div class=\"su-row\"><div class=\"su-column su-column-size-1-3\"><div class=\"su-column-inner su-u-clearfix su-u-trim\">\n<p><img loading=\"lazy\" decoding=\"async\" class=\"wp-image-9892 aligncenter\" src=\"https:\/\/www.fdss.be\/wp-content\/uploads\/solenprim.jpg\" alt=\"\" width=\"276\" height=\"208\" srcset=\"https:\/\/www.fdss.be\/wp-content\/uploads\/solenprim.jpg 407w, https:\/\/www.fdss.be\/wp-content\/uploads\/solenprim-150x113.jpg 150w\" sizes=\"auto, (max-width: 276px) 100vw, 276px\" \/><\/p>\n<h4><strong>Solenprim (solidarit\u00e9 en primeur(s))<\/strong><\/h4>\n<p>In 2016 toonde onderzoek in Belgi\u00eb aan dat meer dan 450.000 mensen een beroep doen op voedselhulp.<\/p>\n<p>Hoe kunnen we de toegang tot kwaliteitsvol voedsel verbeteren voor kwetsbare doelgroepen? Is de ontwikkeling van duurzame voedingssystemen een kans om iedereen een vlottere toegang tot kwaliteitsvolle voeding te bieden? Kom meer te weten over de kwesties die aan de basis liggen van het Solenprim-onderzoek.<\/p>\n<p><a class=\"button\" href=\"https:\/\/www.fdss.be\/fr\/solidarite-en-primeurs\/\">Meer weten<\/a><\/p>\n<\/div><\/div>\n<div class=\"su-column su-column-size-1-3\"><div class=\"su-column-inner su-u-clearfix su-u-trim\">\n<h4><img loading=\"lazy\" decoding=\"async\" class=\"wp-image-9888 aligncenter\" src=\"https:\/\/www.fdss.be\/wp-content\/uploads\/Pages-de-19033-rapport-croisement_06-354x500.jpg\" alt=\"\" width=\"144\" height=\"204\" srcset=\"https:\/\/www.fdss.be\/wp-content\/uploads\/Pages-de-19033-rapport-croisement_06-354x500.jpg 354w, https:\/\/www.fdss.be\/wp-content\/uploads\/Pages-de-19033-rapport-croisement_06-724x1024.jpg 724w, https:\/\/www.fdss.be\/wp-content\/uploads\/Pages-de-19033-rapport-croisement_06-106x150.jpg 106w, https:\/\/www.fdss.be\/wp-content\/uploads\/Pages-de-19033-rapport-croisement_06-768x1086.jpg 768w, https:\/\/www.fdss.be\/wp-content\/uploads\/Pages-de-19033-rapport-croisement_06-1086x1536.jpg 1086w, https:\/\/www.fdss.be\/wp-content\/uploads\/Pages-de-19033-rapport-croisement_06-1448x2048.jpg 1448w, https:\/\/www.fdss.be\/wp-content\/uploads\/Pages-de-19033-rapport-croisement_06-scaled.jpg 1810w\" sizes=\"auto, (max-width: 144px) 100vw, 144px\" \/><\/h4>\n<p><strong><span lang=\"NL-BE\">Ervaringen met voedselhulp<\/span><\/strong><\/p>\n<p><span lang=\"NL-BE\">In het kader van een interdisciplinair kennisonderzoek konden mensen die zelf in armoede leven of geleefd hebben, maatschappelijk werkers en universitaire onderzoekers met elkaar van gedachten wisselen en in dialoog gaan over voedselhulp en de alternatieven voor voedselhulp.<\/span><\/p>\n<p><a class=\"button\" href=\"https:\/\/www.fdss.be\/nl\/publicaties\/lexperience-de-laide-alimentaire-quelles-alternatives-2019-uitsluitend-beschikbaar-in-het-frans\/\" target=\"_blank\" rel=\"noopener\"><span lang=\"NL-BE\">Lees het rapport<\/span><\/a><\/p>\n<\/div><\/div>\n<div class=\"su-column su-column-size-1-3\"><div class=\"su-column-inner su-u-clearfix su-u-trim\">\n<h4><img loading=\"lazy\" decoding=\"async\" class=\"wp-image-11951 aligncenter\" src=\"https:\/\/www.fdss.be\/wp-content\/uploads\/Anderlecht.jpg\" alt=\"\" width=\"271\" height=\"192\" srcset=\"https:\/\/www.fdss.be\/wp-content\/uploads\/Anderlecht.jpg 406w, https:\/\/www.fdss.be\/wp-content\/uploads\/Anderlecht-150x106.jpg 150w\" sizes=\"auto, (max-width: 271px) 100vw, 271px\" \/><\/h4>\n<h4><\/h4>\n<h4><strong>Toegang tot voedsel in Anderlecht<\/strong><\/h4>\n<p>Dit document is het resultaat van een participatief onderzoek, waarbij zowel inwoners van de wijk Peterbos in Anderlecht (Brussel) als maatschappelijk werkers en vrijwilligers die in de gemeente voedselhulp bieden betrokken waren.<\/p>\n<p><a class=\"button\" href=\"https:\/\/www.fdss.be\/nl\/publicaties\/toegang-tot-voedsel-in-anderlecht-logboek-van-een-participatief-actieonderzoeksproject\/\" target=\"_blank\" rel=\"noopener\">Lees het logboek<\/a><\/p>\n<\/div><\/div><\/div>\n<h2>outils multim\u00e9dias<\/h2>\n<div class=\"su-row\"><div class=\"su-column su-column-size-1-2\"><div class=\"su-column-inner su-u-clearfix su-u-trim\">\n<p><strong>Reportage du Festival Gastronomique Solidaire organis\u00e9 par le Ralliement des Fourchettes (17 juin 2018)<\/strong><\/p>\n<p>&nbsp;<\/p>\n<p><iframe loading=\"lazy\" src=\"https:\/\/www.youtube.com\/embed\/nj11g5weSL8\" width=\"560\" height=\"315\" frameborder=\"0\" allowfullscreen=\"allowfullscreen\" data-mce-fragment=\"1\"><\/iframe><\/p>\n<p><a class=\"button\" href=\"https:\/\/www.fdss.be\/concertation-aide-alimentaire\/projets\/le-ralliement-des-fourchettes\/\">En savoir plus sur le Ralliement des Fourchettes<\/a><\/p>\n<\/div><\/div>\n<div class=\"su-column su-column-size-1-2\"><div class=\"su-column-inner su-u-clearfix su-u-trim\">\n<p><strong>\u00ab De la gastronomie pour tous \u00bb (2017)<\/strong><\/p>\n<p>La qualit\u00e9 et le service au c\u0153ur d\u2019une assiette gastronomique accessible \u00e0 tous : bienvenue chez &#8220;<strong>Les Uns et les Autres<\/strong>&#8221; !<\/p>\n<p><iframe loading=\"lazy\" src=\"https:\/\/www.youtube.com\/embed\/SK207hxPoEA\" width=\"500\" height=\"315\" frameborder=\"0\" data-mce-fragment=\"1\"><\/iframe><\/p>\n<\/div><\/div>\n<\/div>\n<div class=\"su-row\"><div class=\"su-column su-column-size-1-2\"><div class=\"su-column-inner su-u-clearfix su-u-trim\">\n<p><strong>\u00ab Le sans-abrisme \u00e0 l\u2019\u00e8re de l\u2019alimentation durable \u00bb (2017)<\/strong><\/p>\n<p>Le restaurant social \u00ab\u00a0Le Clos\u00a0\u00bb pr\u00e9pare tous ses repas \u00e0 partir d\u2019invendus de la cha\u00eene agro-alimentaire et propose une fois\/sem un repas sans viande.<\/p>\n<p><iframe loading=\"lazy\" src=\"https:\/\/www.youtube.com\/embed\/uuxfYNmS0Ds\" width=\"500\" height=\"315\" frameborder=\"0\" data-mce-fragment=\"1\"><\/iframe><\/p>\n<\/div><\/div>\n<div class=\"su-column su-column-size-1-2\"><div class=\"su-column-inner su-u-clearfix su-u-trim\">\n<p><strong>\u00ab Se nourrir\u00a0 et se soigner \u00e0 petits prix, un d\u00e9fi permanent ! \u00bb (2017)<\/strong><\/p>\n<p>Avec seulement quelques euros par jour ou par semaine, se nourrir sainement est un d\u00e9fi du quotidien. Le R\u00e9seau Sant\u00e9-Diab\u00e8te et l\u2019\u00e9picerie sociale Les Capucines proposent des aides pour soutenir les personnes qui y sont confront\u00e9es.<\/p>\n<p><iframe loading=\"lazy\" src=\"https:\/\/www.youtube.com\/embed\/i4LTmPE1U8s\" width=\"500\" height=\"315\" frameborder=\"0\" data-mce-fragment=\"1\"><\/iframe><\/p>\n<\/div><\/div><\/div>\n<h2><span lang=\"NL-BE\">Externe bronnen<\/span><\/h2>\n<div class=\"su-row\"><div class=\"su-column su-column-size-1-3\"><div class=\"su-column-inner su-u-clearfix su-u-trim\">\n<p><img loading=\"lazy\" decoding=\"async\" class=\"alignnone wp-image-9221\" src=\"https:\/\/www.fdss.be\/wp-content\/uploads\/carotte-500x231.png\" alt=\"\" width=\"271\" height=\"125\" srcset=\"https:\/\/www.fdss.be\/wp-content\/uploads\/carotte-500x231.png 500w, https:\/\/www.fdss.be\/wp-content\/uploads\/carotte-150x69.png 150w, https:\/\/www.fdss.be\/wp-content\/uploads\/carotte.png 588w\" sizes=\"auto, (max-width: 271px) 100vw, 271px\" \/><\/p>\n<p>&nbsp;<\/p>\n<p><strong>La Ressourcerie du Manger Solidaire<\/strong><\/p>\n<p>Dit platform centraliseert zoveel mogelijk hulpmiddelen die de overgang van onze voedingssystemen koppelen aan sociale rechtvaardigheid.<\/p>\n<p><a href=\"https:\/\/www.ressourceriedumangersolidaire.be\/\">Raadpleeg de website<\/a><\/p>\n<\/div><\/div>\n<div class=\"su-column su-column-size-1-3\"><div class=\"su-column-inner su-u-clearfix su-u-trim\">\n<p><img loading=\"lazy\" decoding=\"async\" class=\"alignnone wp-image-12852\" src=\"https:\/\/www.fdss.be\/wp-content\/uploads\/Mpangerbouger.png\" alt=\"\" width=\"273\" height=\"109\" srcset=\"https:\/\/www.fdss.be\/wp-content\/uploads\/Mpangerbouger.png 355w, https:\/\/www.fdss.be\/wp-content\/uploads\/Mpangerbouger-150x60.png 150w\" sizes=\"auto, (max-width: 273px) 100vw, 273px\" \/><\/p>\n<p>&nbsp;<\/p>\n<p><b>Het platform Manger Bouger<\/b><\/p>\n<p>MangerBouger.be is een informatieplatform over voeding en lichaamsbeweging.<\/p>\n<p><a href=\"https:\/\/www.mangerbouger.be\/\">Bezoek de website<\/a><\/p>\n<\/div><\/div>\n<div class=\"su-column su-column-size-1-3\"><div class=\"su-column-inner su-u-clearfix su-u-trim\">\n<\/div><\/div> <\/div>\n<p>&nbsp;<\/p>\n","protected":false},"excerpt":{"rendered":"<p>Overleg Voedselhulp organiseert opleidingen ter ondersteuning van de werknemers en vrijwilligers in de sector van de voedselhulp. In samenwerking met haar partners ontwikkelt ze ook hulpmiddelen om meer inzicht te krijgen in het voedselhulpsysteem. Op deze pagina vind je verschillende hulpmiddelen en tools in verband met voedselhulp. Tools voor sensibilisering rond voedselhulp Opleidingen Deze opleidingen [&hellip;]<\/p>\n","protected":false},"author":4,"featured_media":0,"parent":341,"menu_order":0,"comment_status":"closed","ping_status":"closed","template":"","meta":{"_acf_changed":false,"footnotes":""},"class_list":["post-11948","page","type-page","status-publish","hentry"],"acf":[],"_links":{"self":[{"href":"https:\/\/www.fdss.be\/nl\/wp-json\/wp\/v2\/pages\/11948","targetHints":{"allow":["GET"]}}],"collection":[{"href":"https:\/\/www.fdss.be\/nl\/wp-json\/wp\/v2\/pages"}],"about":[{"href":"https:\/\/www.fdss.be\/nl\/wp-json\/wp\/v2\/types\/page"}],"author":[{"embeddable":true,"href":"https:\/\/www.fdss.be\/nl\/wp-json\/wp\/v2\/users\/4"}],"replies":[{"embeddable":true,"href":"https:\/\/www.fdss.be\/nl\/wp-json\/wp\/v2\/comments?post=11948"}],"version-history":[{"count":15,"href":"https:\/\/www.fdss.be\/nl\/wp-json\/wp\/v2\/pages\/11948\/revisions"}],"predecessor-version":[{"id":14397,"href":"https:\/\/www.fdss.be\/nl\/wp-json\/wp\/v2\/pages\/11948\/revisions\/14397"}],"up":[{"embeddable":true,"href":"https:\/\/www.fdss.be\/nl\/wp-json\/wp\/v2\/pages\/341"}],"wp:attachment":[{"href":"https:\/\/www.fdss.be\/nl\/wp-json\/wp\/v2\/media?parent=11948"}],"curies":[{"name":"wp","href":"https:\/\/api.w.org\/{rel}","templated":true}]}}