{"id":9233,"date":"2023-04-24T16:53:01","date_gmt":"2023-04-24T14:53:01","guid":{"rendered":"https:\/\/0x1wxbcjat.preview.infomaniak.website\/?page_id=9233"},"modified":"2024-11-26T14:20:49","modified_gmt":"2024-11-26T13:20:49","slug":"jeu-de-loie-les-combatant-e%c2%b7s-de-lalimentation","status":"publish","type":"page","link":"https:\/\/www.fdss.be\/fr\/jeu-de-loie-les-combatant-e%c2%b7s-de-lalimentation\/","title":{"rendered":"Jeu de l\u2019oie \u00ab Les combattant e\u00b7s de l\u2019alimentation \u00bb"},"content":{"rendered":"<p><strong><img loading=\"lazy\" decoding=\"async\" class=\" wp-image-9580 alignleft\" src=\"https:\/\/www.fdss.be\/wp-content\/uploads\/22-80-CAA-jeu-oie-1200x600_03-500x286.jpg\" alt=\"\" width=\"352\" height=\"201\" srcset=\"https:\/\/www.fdss.be\/wp-content\/uploads\/22-80-CAA-jeu-oie-1200x600_03-500x286.jpg 500w, https:\/\/www.fdss.be\/wp-content\/uploads\/22-80-CAA-jeu-oie-1200x600_03-150x86.jpg 150w, https:\/\/www.fdss.be\/wp-content\/uploads\/22-80-CAA-jeu-oie-1200x600_03.jpg 567w\" sizes=\"auto, (max-width: 352px) 100vw, 352px\" \/><\/strong><\/p>\n<p><strong>Description : <\/strong>Cr\u00e9\u00e9 par le collectif <a href=\"https:\/\/1710.be\/\">Rendre Visible l\u2019Invisible<\/a> en collaboration avec des personnes vivant ou ayant v\u00e9cu des situations de pr\u00e9carit\u00e9, ce jeu vise \u00e0 sensibiliser les joueur.euse.s aux difficult\u00e9s d\u2019acc\u00e8s \u00e0 l\u2019alimentation de qualit\u00e9 pour tous. Disponible en diff\u00e9rents formats, ce jeu donne la part belle aux interactions et au partage des r\u00e9alit\u00e9s de chacun. Cela vous int\u00e9resse, n\u2019h\u00e9sitez pas \u00e0 contacter l\u2019\u00e9quipe de la Concertation Aide Alimentaire qui se fera un plaisir de venir animer le jeu pour vous.<\/p>\n<p><strong>But du jeu\u00a0: <\/strong>Essayer d\u2019atteindre la case d\u2019arriv\u00e9e sans trop de casse tout en d\u00e9battant et en s\u2019informant sur les difficult\u00e9s d\u2019acc\u00e8s \u00e0 l\u2019alimentation de qualit\u00e9 pour tous.<\/p>\n<p><strong>Public\u00a0: <\/strong>Adulte<\/p>\n<p><strong>Nombre de joueurs\u00a0:<\/strong>\u00a0 De 5 \u00e0 30 joueurs<\/p>\n<p><strong>Formats disponibles :<\/strong><\/p>\n<ul>\n<li>Petit format pliable<\/li>\n<li>Moyen format : b\u00e2che 1 m x 60 cm<\/li>\n<li>Grand format : jeu \u00e0 taille humaine, planches de bois 50 cm x 50 cm<\/li>\n<\/ul>\n<p><strong>Animation<\/strong><\/p>\n<p>Ce jeu n\u00e9cessite une animation par une personne qui connait bien les enjeux d\u2019acc\u00e8s \u00e0 l\u2019alimentation. La Concertation Aide Alimentaire est donc \u00e0 votre disposition pour venir animer le jeu pour votre \u00e9quipe, votre public ou encore lors d\u2019un \u00e9v\u00e9nement que vous organiser. Pour plus d\u2019information, veuillez prendre contact avec Flavie Leclair :\u00a0 <a href=\"m&#97;&#105;&#x6c;&#x74;&#x6f;&#x3a;F&#108;&#97;&#118;&#x69;&#x65;&#x2e;le&#99;&#108;&#x61;&#x69;&#x72;&#64;f&#100;&#115;&#x73;&#x2e;&#x62;e\">&#x66;&#x6c;&#97;vi&#x65;&#x2e;&#108;&#101;c&#x6c;&#x61;&#105;&#114;&#64;&#x66;&#x64;&#x73;&#115;&#46;b&#x65;<\/a><\/p>\n<p>&nbsp;<\/p>\n<p><img loading=\"lazy\" decoding=\"async\" class=\"wp-image-9236 alignright\" src=\"https:\/\/www.fdss.be\/wp-content\/uploads\/CARTE-500x301.png\" alt=\"\" width=\"420\" height=\"253\" srcset=\"https:\/\/www.fdss.be\/wp-content\/uploads\/CARTE-500x301.png 500w, https:\/\/www.fdss.be\/wp-content\/uploads\/CARTE-150x90.png 150w, https:\/\/www.fdss.be\/wp-content\/uploads\/CARTE.png 509w\" sizes=\"auto, (max-width: 420px) 100vw, 420px\" \/><\/p>\n<p>&nbsp;<\/p>\n","protected":false},"excerpt":{"rendered":"<p>Description : Cr\u00e9\u00e9 par le collectif Rendre Visible l\u2019Invisible en collaboration avec des personnes vivant ou ayant v\u00e9cu des situations de pr\u00e9carit\u00e9, ce jeu vise \u00e0 sensibiliser les joueur.euse.s aux difficult\u00e9s d\u2019acc\u00e8s \u00e0 l\u2019alimentation de qualit\u00e9 pour tous. Disponible en diff\u00e9rents formats, ce jeu donne la part belle aux interactions et au partage des r\u00e9alit\u00e9s [&hellip;]<\/p>\n","protected":false},"author":4,"featured_media":0,"parent":0,"menu_order":0,"comment_status":"closed","ping_status":"closed","template":"","meta":{"_acf_changed":false,"footnotes":""},"class_list":["post-9233","page","type-page","status-publish","hentry"],"acf":[],"_links":{"self":[{"href":"https:\/\/www.fdss.be\/fr\/wp-json\/wp\/v2\/pages\/9233","targetHints":{"allow":["GET"]}}],"collection":[{"href":"https:\/\/www.fdss.be\/fr\/wp-json\/wp\/v2\/pages"}],"about":[{"href":"https:\/\/www.fdss.be\/fr\/wp-json\/wp\/v2\/types\/page"}],"author":[{"embeddable":true,"href":"https:\/\/www.fdss.be\/fr\/wp-json\/wp\/v2\/users\/4"}],"replies":[{"embeddable":true,"href":"https:\/\/www.fdss.be\/fr\/wp-json\/wp\/v2\/comments?post=9233"}],"version-history":[{"count":17,"href":"https:\/\/www.fdss.be\/fr\/wp-json\/wp\/v2\/pages\/9233\/revisions"}],"predecessor-version":[{"id":11973,"href":"https:\/\/www.fdss.be\/fr\/wp-json\/wp\/v2\/pages\/9233\/revisions\/11973"}],"wp:attachment":[{"href":"https:\/\/www.fdss.be\/fr\/wp-json\/wp\/v2\/media?parent=9233"}],"curies":[{"name":"wp","href":"https:\/\/api.w.org\/{rel}","templated":true}]}}