{"id":8769,"date":"2023-03-02T13:33:51","date_gmt":"2023-03-02T12:33:51","guid":{"rendered":"https:\/\/0x1wxbcjat.preview.infomaniak.website\/?page_id=8769"},"modified":"2026-01-14T09:54:44","modified_gmt":"2026-01-14T08:54:44","slug":"projets-groupes-de-travail","status":"publish","type":"page","link":"https:\/\/www.fdss.be\/fr\/caa\/projets-groupes-de-travail\/","title":{"rendered":"Projets &#038; groupes de travail"},"content":{"rendered":"<h4><strong>La Concertation Aide Alimentaire, incubatrice de projets\u00a0<\/strong><\/h4>\n<p>La Concertation Aide Alimentaire organise des groupes de travail th\u00e9matiques lors desquels elle mobilise des m\u00e9thodes <strong>d\u2019intelligence collective<\/strong> pour faire \u00e9merger de<strong> nouvelles id\u00e9es<\/strong>, cr\u00e9er des outils et formuler des revendications.<\/p>\n<p>Elle collabore \u00e9galement avec les <strong>acteurs de terrain<\/strong> pour concevoir des projets dont l\u2019objectif premier est de renforcer <strong>l\u2019acc\u00e8s aux droits<\/strong> des personnes qui vivent en situation de pr\u00e9carit\u00e9. Pour soutenir le lancement de ces projets innovants, elle joue un <strong>r\u00f4le d\u2019incubatrice<\/strong> en mettant \u00e0 disposition son <strong>expertise<\/strong> jusqu\u2019\u00e0 ce qu\u2019ils puissent voler de leurs propres ailes<em>. <\/em><\/p>\n<h1>les Projets<\/h1>\n<p>&nbsp;<\/p>\n<h3><strong>Le Ralliement des Fourchettes<\/strong><\/h3>\n<p><a href=\"https:\/\/www.fdss.be\/concertation-aide-alimentaire\/projets\/le-ralliement-des-fourchettes\/\"><img loading=\"lazy\" decoding=\"async\" class=\"alignleft wp-image-2151\" src=\"https:\/\/www.fdss.be\/wp-content\/uploads\/team8997-500x250.jpg\" alt=\"\" width=\"318\" height=\"159\" srcset=\"https:\/\/www.fdss.be\/wp-content\/uploads\/team8997-500x250.jpg 500w, https:\/\/www.fdss.be\/wp-content\/uploads\/team8997-150x75.jpg 150w, https:\/\/www.fdss.be\/wp-content\/uploads\/team8997-768x384.jpg 768w, https:\/\/www.fdss.be\/wp-content\/uploads\/team8997-1024x512.jpg 1024w\" sizes=\"auto, (max-width: 318px) 100vw, 318px\" \/><\/a>Le <strong>Ralliement des Fourchettes<\/strong> est un r\u00e9seau de restaurants sociaux \u00e0 Bruxelles qui luttent contre la pr\u00e9carit\u00e9 alimentaire et d\u00e9fendent l\u2019acc\u00e8s \u00e0 l\u2019alimentation de qualit\u00e9 pour tous comme un droit fondamental.<\/p>\n<p>En 2016, la Concertation Aide Alimentaire a lanc\u00e9 un groupe de travail sp\u00e9cifique aux <strong>restaurants sociaux<\/strong> bruxellois pour travailler la qualit\u00e9 de l\u2019assiette et la mise en place d\u2019\u00e9changes de bonnes pratiques. De 2016 \u00e0 2022, elle a incub\u00e9 le R\u00e9seau du Ralliement des Fourchettes, un r\u00e9seau de restaurants sociaux bruxellois qui luttent <strong>contre la pr\u00e9carit\u00e9 alimentaire et d\u00e9fendent l\u2019acc\u00e8s \u00e0 l\u2019alimentation de qualit\u00e9<\/strong> pour tous comme un droit fondamental.<\/p>\n<p>En mars 2022, le Ralliement des fourchettes est devenu une ASBL \u00e0 part enti\u00e8re avec un <a href=\"https:\/\/www.fdss.be\/fr\/hors-les-murs\/foodtruck-solidaire\/\"><strong>Foodtruck Solidaire<\/strong><\/a> qui propose des repas de qualit\u00e9 dans une ambiance festive et conviviale, \u00e0 petits prix.<\/p>\n<p><a class=\"button\" href=\"https:\/\/ralliementdesfourchettes.be\" target=\"_blank\" rel=\"noopener\">En savoir plus<\/a><\/p>\n<p>&nbsp;<\/p>\n<p>&nbsp;<\/p>\n<h3><strong>Le R\u00e9seau Loco<\/strong><\/h3>\n<p><a href=\"https:\/\/www.fdss.be\/concertation-aide-alimentaire\/projets\/reseau-loco\/loco_logistique-collaboration-pour-laa\/\" rel=\"attachment wp-att-5452\"><img loading=\"lazy\" decoding=\"async\" class=\"wp-image-5452 alignleft\" src=\"https:\/\/www.fdss.be\/wp-content\/uploads\/LOCO_Logistique-collaboration-pour-lAA.png\" alt=\"\" width=\"318\" height=\"261\" srcset=\"https:\/\/www.fdss.be\/wp-content\/uploads\/LOCO_Logistique-collaboration-pour-lAA.png 398w, https:\/\/www.fdss.be\/wp-content\/uploads\/LOCO_Logistique-collaboration-pour-lAA-150x123.png 150w\" sizes=\"auto, (max-width: 318px) 100vw, 318px\" \/><\/a>Le <a href=\"https:\/\/www.loco.brussels\/\" target=\"_blank\" rel=\"noopener\"><strong>R\u00e9seau LOCO<\/strong><\/a> est un r\u00e9seau d&rsquo;antennes logistiques locales qui propose un service d\u2019approvisionnement et de logistique aux organisations d\u2019aide alimentaire sur l&rsquo;ensemble de la r\u00e9gion Bruxelles-Capitale.<\/p>\n<p>En 2016, la Concertation Aide Alimentaire a lanc\u00e9 un groupe de travail \u00ab logistique \u00bb pour dresser un diagnostic des contraintes logistiques qui p\u00e8sent sur l\u2019approvisionnement des organisations d\u2019aide alimentaire. De 2017 \u00e0 2021, elle a incub\u00e9 le <strong>R\u00e9seau LOCO \u2013 pour Logistique Collaborative<\/strong>, un r\u00e9seau d\u2019antennes logistiques locales qui propose un service <strong>d\u2019approvisionnement et de logistique aux organisations d\u2019aide alimentaire<\/strong> sur l\u2019ensemble de la r\u00e9gion Bruxelles-Capitale.<\/p>\n<p>Depuis d\u00e9cembre 2021, le R\u00e9seau LOCO est devenu une ASBL \u00e0 part enti\u00e8re.<\/p>\n<p><a class=\"button\" href=\"https:\/\/www.fdss.be\/fr\/reseau-loco\/\" target=\"_blank\" rel=\"noopener\">En savoir plus<\/a><\/p>\n<p>&nbsp;<\/p>\n<p>&nbsp;<\/p>\n<h3><strong>Gratin de la col\u00e8re<\/strong><\/h3>\n<p><img loading=\"lazy\" decoding=\"async\" class=\" wp-image-10641 alignleft\" src=\"https:\/\/www.fdss.be\/wp-content\/uploads\/2024_CAA_gratin-illu-logo.jpg\" alt=\"\" width=\"298\" height=\"224\" srcset=\"https:\/\/www.fdss.be\/wp-content\/uploads\/2024_CAA_gratin-illu-logo.jpg 417w, https:\/\/www.fdss.be\/wp-content\/uploads\/2024_CAA_gratin-illu-logo-150x113.jpg 150w\" sizes=\"auto, (max-width: 298px) 100vw, 298px\" \/><\/p>\n<p>&nbsp;<\/p>\n<p>Le Collectif du <strong>gratin de la col\u00e8re<\/strong> rassemble des associations des secteurs social, sant\u00e9 et alimentation qui souhaitent co-organiser des actions de mobilisation autour des th\u00e9matiques du <strong>droit \u00e0 l\u2019alimentation<\/strong>, de l<strong>\u2019acc\u00e8s \u00e0 l\u2019alimentation<\/strong> et de la <strong>pr\u00e9carit\u00e9 alimentaire<\/strong>.<\/p>\n<p>&nbsp;<\/p>\n<p><a class=\"button\" href=\"https:\/\/www.fdss.be\/fr\/collectif-du-gratin-de-la-colere\/\" target=\"_blank\" rel=\"noopener\">En savoir plus<\/a><\/p>\n<p>&nbsp;<\/p>\n<p>&nbsp;<\/p>\n<p>&nbsp;<\/p>\n<p>&nbsp;<\/p>\n<h3><strong>Soli-Food<\/strong><\/h3>\n<p><img loading=\"lazy\" decoding=\"async\" class=\" wp-image-8776 alignleft\" src=\"https:\/\/www.fdss.be\/wp-content\/uploads\/soli-food.png\" alt=\"\" width=\"318\" height=\"115\" srcset=\"https:\/\/www.fdss.be\/wp-content\/uploads\/soli-food.png 271w, https:\/\/www.fdss.be\/wp-content\/uploads\/soli-food-150x54.png 150w\" sizes=\"auto, (max-width: 318px) 100vw, 318px\" \/>La <strong>plateforme Soli-Food<\/strong> permet aux organisations du secteur de l&rsquo;aide alimentaire de faciliter l&rsquo;approvisionnement en produits vari\u00e9s et de qualit\u00e9. Avec des prix pr\u00e9f\u00e9rentiels, la plate-forme ach\u00e8te des denr\u00e9es aupr\u00e8s des entreprises et les propose ensuite aux organisations partenaires.<\/p>\n<p>En 2010, la Concertation Aide Alimentaire a r\u00e9alis\u00e9 une \u00e9tude sur les <strong>\u00e9piceries sociales<\/strong> en R\u00e9gion Bruxelles-Capitale et en R\u00e9gion wallonne.<\/p>\n<p>L\u2019ann\u00e9e suivante, elle a instaur\u00e9 le groupe de travail REPIS <em>(R\u00e9seau des \u00e9piceries sociales pour approfondir les r\u00e9sultats de la recherche)<\/em>. L\u2019une des probl\u00e9matiques essentielles rencontr\u00e9es par les acteurs de terrain \u00e9tait celle de <strong>l\u2019approvisionnement au vu du mod\u00e8le \u00e9conomique d\u00e9ficitaire<\/strong> de ce type d\u2019aide alimentaire. Pour pallier cette difficult\u00e9, les membres du r\u00e9seau ont travaill\u00e9 \u00e0 la cr\u00e9ation d\u2019une plateforme d\u2019achats solidaires.<\/p>\n<p>En d\u00e9cembre 2015, Soli-Food est devenue une ASBL \u00e0 part enti\u00e8re h\u00e9berg\u00e9e au sein de la Croix-Rouge de Belgique. Soli-Food permet aux organisations du secteur de <strong>l\u2019aide alimentaire de faciliter l\u2019approvisionnement<\/strong> en produits vari\u00e9s et de qualit\u00e9. Avec des prix pr\u00e9f\u00e9rentiels, la plateforme ach\u00e8te des denr\u00e9es aupr\u00e8s des entreprises et les propose ensuite aux organisations partenaires.<\/p>\n<p><a class=\"button\" href=\"https:\/\/www.solifood.be\/\" target=\"_blank\" rel=\"noopener\">En savoir plus<\/a><\/p>\n<h3><\/h3>\n<h3><\/h3>\n<p>&nbsp;<\/p>\n<h1>Les groupes de travail<\/h1>\n<p><em><img loading=\"lazy\" decoding=\"async\" class=\" wp-image-9479 alignleft\" src=\"https:\/\/www.fdss.be\/wp-content\/uploads\/GT-icones.png\" alt=\"\" width=\"75\" height=\"75\" srcset=\"https:\/\/www.fdss.be\/wp-content\/uploads\/GT-icones.png 236w, https:\/\/www.fdss.be\/wp-content\/uploads\/GT-icones-150x150.png 150w, https:\/\/www.fdss.be\/wp-content\/uploads\/GT-icones-60x60.png 60w\" sizes=\"auto, (max-width: 75px) 100vw, 75px\" \/>Voici une liste non-exhaustive des groupes de travail men\u00e9 par la CAA. Ces groupes sont susceptibles de changer au fur et \u00e0 mesure que des th\u00e9matiques \u00e9mergent.<\/em><\/p>\n<p>&nbsp;<\/p>\n<div class=\"su-animate\" style=\"opacity:0;-webkit-animation-duration:1s;-webkit-animation-delay:0s;animation-duration:1s;animation-delay:0s;\" data-animation=\"slideInRight\" data-duration=\"1\" data-delay=\"0\">\n<div class=\"title_code\">Concertations locales <\/div>\n        <div class=\"content_code\">\n<p><img loading=\"lazy\" decoding=\"async\" class=\" wp-image-9626 alignleft\" src=\"https:\/\/www.fdss.be\/wp-content\/uploads\/22-64-CAA-pictos_017.png\" alt=\"\" width=\"62\" height=\"62\" srcset=\"https:\/\/www.fdss.be\/wp-content\/uploads\/22-64-CAA-pictos_017.png 236w, https:\/\/www.fdss.be\/wp-content\/uploads\/22-64-CAA-pictos_017-150x150.png 150w, https:\/\/www.fdss.be\/wp-content\/uploads\/22-64-CAA-pictos_017-60x60.png 60w\" sizes=\"auto, (max-width: 62px) 100vw, 62px\" \/>Les concertations locales sont des lieux de discussions qui rassemblent les acteurs d\u2019un territoire donn\u00e9 autour de la question de l\u2019aide alimentaire de l\u2019acc\u00e8s pour tous \u00e0 une alimentation de qualit\u00e9.<\/p>\n<p>&nbsp;<\/p>\n<p>Ces concertations ont pour objectif de renforcer les synergies entre les acteurs locaux et de r\u00e9pondre au mieux aux besoins des diff\u00e9rents publics, en particulier les publics les plus pr\u00e9caires. Elles sont principalement co-anim\u00e9es par la Concertation Aide Alimentaire et un partenaire local comme la coordination sociale ou les relais sociaux.<\/p>\n<p><strong>R\u00e9alisations<\/strong><\/p>\n<ul>\n<li>R\u00e9alisation de diagnostics collectifs des besoins<\/li>\n<li>Cr\u00e9ation de r\u00e9pertoires des organisations d\u2019aide alimentaire locales<\/li>\n<li>Mise en place d\u2019outils de communication rapide pour repartager les surplus alimentaires<\/li>\n<li>Organisation d\u2019\u00e9v\u00e9nements de sensibilisation et\/ou revendication<\/li>\n<li>\u00c9laboration de projets concrets<\/li>\n<\/ul>\n<\/div>\n<\/div>\n<div class=\"su-animate\" style=\"opacity:0;-webkit-animation-duration:1s;-webkit-animation-delay:0s;animation-duration:1s;animation-delay:0s;\" data-animation=\"slideInRight\" data-duration=\"1\" data-delay=\"0\">\n<div class=\"title_code\">REPIS: R\u00e9seau des \u00e9piceries sociales Wallonie-Bruxelles<\/div>\n        <div class=\"content_code\">\n<p>&nbsp;<\/p>\n<p><img loading=\"lazy\" decoding=\"async\" class=\"wp-image-9628 alignleft\" src=\"https:\/\/www.fdss.be\/wp-content\/uploads\/22-64-CAA-pictos_0110.png\" alt=\"\" width=\"65\" height=\"65\" srcset=\"https:\/\/www.fdss.be\/wp-content\/uploads\/22-64-CAA-pictos_0110.png 236w, https:\/\/www.fdss.be\/wp-content\/uploads\/22-64-CAA-pictos_0110-150x150.png 150w, https:\/\/www.fdss.be\/wp-content\/uploads\/22-64-CAA-pictos_0110-60x60.png 60w\" sizes=\"auto, (max-width: 65px) 100vw, 65px\" \/>Le r\u00e9seau REPIS regroupe les \u00e9piceries sociales situ\u00e9es dans la R\u00e9gion de Bruxelles-Capitale et en Wallonie. Ce r\u00e9seau a pour vocation de soutenir les \u00e9piceries sociales et de mettre \u00e0 leur disposition des outils pour am\u00e9liorer leurs pratiques et faciliter leur travail.<\/p>\n<p>&nbsp;<\/p>\n<p><strong>R\u00e9alisations<\/strong><\/p>\n<ul>\n<li>Cr\u00e9ation de Soli-Food, une plateforme d\u2019achats solidaire pour approvisionner en qualit\u00e9 et en vari\u00e9t\u00e9 le secteur de l\u2019aide alimentaire<\/li>\n<li>R\u00e9alisation et mise \u00e0 jour du guide \u00ab\u2009Monter une \u00e9picerie sociale\u00a0: 10 cl\u00e9s pour r\u00e9ussir son projet\u2009\u00bb<\/li>\n<li>Organisation de \u00ab\u2009Tourn\u00e9e REPIS\u2009\u00bb, des journ\u00e9es de visites sur le terrain dans les diverses \u00e9piceries sociales<\/li>\n<\/ul>\n<\/div>\n<\/div>\n<div class=\"su-animate\" style=\"opacity:0;-webkit-animation-duration:1s;-webkit-animation-delay:0s;animation-duration:1s;animation-delay:0s;\" data-animation=\"slideInRight\" data-duration=\"1\" data-delay=\"0\">\n<div class=\"title_code\">Plateformes logistiques<\/div>\n        <div class=\"content_code\">\n<p><img loading=\"lazy\" decoding=\"async\" class=\"wp-image-9632 alignleft\" src=\"https:\/\/www.fdss.be\/wp-content\/uploads\/22-64-CAA-pictos_0118.png\" alt=\"\" width=\"69\" height=\"69\" srcset=\"https:\/\/www.fdss.be\/wp-content\/uploads\/22-64-CAA-pictos_0118.png 236w, https:\/\/www.fdss.be\/wp-content\/uploads\/22-64-CAA-pictos_0118-150x150.png 150w, https:\/\/www.fdss.be\/wp-content\/uploads\/22-64-CAA-pictos_0118-60x60.png 60w\" sizes=\"auto, (max-width: 69px) 100vw, 69px\" \/>Ce groupe de travail regroupe les plateformes logistiques de l&rsquo;aide alimentaire situ\u00e9es dans la R\u00e9gion de Bruxelles-Capitale et en Wallonie. Ce r\u00e9seau a pour vocation de soutenir les plateformes, partager les bonnes pratiques et de mettre \u00e0 leur disposition des outils pour am\u00e9liorer leurs pratiques et faciliter leur travail.<\/p>\n<p><strong>R\u00e9alisations<\/strong><\/p>\n<ul>\n<li>R\u00e9daction d&rsquo;une d\u00e9finition commune d&rsquo;une plateforme logistique dans l&rsquo;aide alimentaire<\/li>\n<li>R\u00e9alisation d&rsquo;une note de plaidoyer pour revendiquer des changements l\u00e9gislatifs et des moyens pour les plateformes logistiques<\/li>\n<\/ul>\n<\/div>\n<\/div>\n","protected":false},"excerpt":{"rendered":"<p>La Concertation Aide Alimentaire, incubatrice de projets\u00a0 La Concertation Aide Alimentaire organise des groupes de travail th\u00e9matiques lors desquels elle mobilise des m\u00e9thodes d\u2019intelligence collective pour faire \u00e9merger de nouvelles id\u00e9es, cr\u00e9er des outils et formuler des revendications. Elle collabore \u00e9galement avec les acteurs de terrain pour concevoir des projets dont l\u2019objectif premier est de [&hellip;]<\/p>\n","protected":false},"author":4,"featured_media":0,"parent":161,"menu_order":0,"comment_status":"closed","ping_status":"closed","template":"","meta":{"_acf_changed":false,"footnotes":""},"class_list":["post-8769","page","type-page","status-publish","hentry"],"acf":[],"_links":{"self":[{"href":"https:\/\/www.fdss.be\/fr\/wp-json\/wp\/v2\/pages\/8769","targetHints":{"allow":["GET"]}}],"collection":[{"href":"https:\/\/www.fdss.be\/fr\/wp-json\/wp\/v2\/pages"}],"about":[{"href":"https:\/\/www.fdss.be\/fr\/wp-json\/wp\/v2\/types\/page"}],"author":[{"embeddable":true,"href":"https:\/\/www.fdss.be\/fr\/wp-json\/wp\/v2\/users\/4"}],"replies":[{"embeddable":true,"href":"https:\/\/www.fdss.be\/fr\/wp-json\/wp\/v2\/comments?post=8769"}],"version-history":[{"count":73,"href":"https:\/\/www.fdss.be\/fr\/wp-json\/wp\/v2\/pages\/8769\/revisions"}],"predecessor-version":[{"id":14365,"href":"https:\/\/www.fdss.be\/fr\/wp-json\/wp\/v2\/pages\/8769\/revisions\/14365"}],"up":[{"embeddable":true,"href":"https:\/\/www.fdss.be\/fr\/wp-json\/wp\/v2\/pages\/161"}],"wp:attachment":[{"href":"https:\/\/www.fdss.be\/fr\/wp-json\/wp\/v2\/media?parent=8769"}],"curies":[{"name":"wp","href":"https:\/\/api.w.org\/{rel}","templated":true}]}}