{"id":811,"date":"2019-04-04T10:01:43","date_gmt":"2019-04-04T08:01:43","guid":{"rendered":"http:\/\/ry0xytcrk.preview.infomaniak.website\/?page_id=811"},"modified":"2020-02-10T17:34:08","modified_gmt":"2020-02-10T16:34:08","slug":"epiceries-sociales","status":"publish","type":"page","link":"https:\/\/www.fdss.be\/fr\/caa\/laide-alimentaire-en-belgique\/epiceries-sociales\/","title":{"rendered":"\u00e9piceries sociales"},"content":{"rendered":"<p>Les \u00e9piceries sociales se d\u00e9finissent comme des magasins ouverts aux personnes en situation de pr\u00e9carit\u00e9 o\u00f9 ces derni\u00e8res peuvent acheter des produits alimentaires et des produits d\u2019hygi\u00e8ne de qualit\u00e9 \u00e0 un prix inf\u00e9rieur au prix du march\u00e9.<\/p>\n<h2>Public et missions<\/h2>\n<p>Les \u00e9piceries sociales proposent une forme d\u2019aide alimentaire qui conna\u00eet un v\u00e9ritable essor depuis une quinzaine d\u2019ann\u00e9es. Cet essor s\u2019explique par l\u2019aug\u00admentation constante des demandes d\u2019aide alimentaire, mais aussi par la volont\u00e9 d\u2019apporter \u00e0 ces demandes des r\u00e9ponses innovantes et respectueuses des droits et de la dignit\u00e9 des b\u00e9n\u00e9ficiaires.<\/p>\n<p>Dans une \u00e9picerie sociale, les b\u00e9n\u00e9ficiaires sont identifi\u00e9s \u00e0 partir de crit\u00e8res d\u2019acc\u00e8s d\u00e9termin\u00e9s. Ils sont consid\u00e9r\u00e9s comme des \u00ab clients \u00bb et peuvent faire leurs achats parmi une gamme de produits la plus large possible. Le c\u0153ur de la mission des \u00e9piceries sociales consiste \u00e0 favoriser l\u2019autonomie financi\u00e8re et alimentaire de leurs b\u00e9n\u00e9ficiaires. Beaucoup d\u2019entre elles mettent d\u00e8s lors l\u2019accent sur l\u2019accueil et l\u2019accompagnement social des b\u00e9n\u00e9ficiaires.<\/p>\n<p>En 2010, les \u00e9piceries sociales, soutenues par la FdSS-FdSSB et Cr\u00e9dal, ont cr\u00e9\u00e9 le r\u00e9seau REPIS.<br \/>\n<div class=\"title_code\">REPIS - R\u00e9seau des \u00e9piceries sociales Wallonie-Bruxelles<\/div>\n        <div class=\"content_code\">\n<h3>Qu&rsquo;est-ce que c&rsquo;est?<\/h3>\n<p>Le r\u00e9seau REPIS regroupe les \u00e9piceries sociales situ\u00e9es dans la R\u00e9gion de Bruxelles-Capitale et en Wallonie.Ce r\u00e9seau a pour vocation de soutenir le d\u00e9veloppement et la professionnalisation de ce secteur d\u2019ac\u00adtivit\u00e9s, de coordonner les \u00e9piceries sociales et de mettre \u00e0 leur disposition des outils pour am\u00e9liorer leurs pratiques et faciliter leur travail. Une des priorit\u00e9s du r\u00e9seau REPIS est de d\u00e9velopper des outils et des partenariats pour faciliter l\u2019approvisionnement des \u00e9piceries sociales.<\/p>\n<p>Il est pilot\u00e9 par un Bureau compos\u00e9 du CPAS de Charleroi, du CPAS de Les Bons-Villers, du CPAS d\u2019Uccle, de l\u2019\u00e9picerie sociale Amphora (Molenbeek), de la Maison des familles (Tournai), de la Croix-Rouge de Belgique et de la FdSS-FdSSB.<\/p>\n<h3>Projets<\/h3>\n<p>En 2015, le r\u00e9seau REPIS inaugurera une plate-forme d\u2019approvisionnement pour le secteur de l\u2019aide alimentaire. La mise en place de cette plate-forme d\u2019approvisionnement doit permettre aux organisations d\u2019aide alimentaire de se d\u00e9charger d\u2019une grosse partie de la logistique des achats et, autant que possible, de diminuer le co\u00fbt de ces derniers. Les marges ainsi d\u00e9gag\u00e9es doivent permettre \u00e0 ces organisations de centrer leur travail sur l\u2019accompagnement social de leurs b\u00e9n\u00e9ficiaires.<\/p>\n<p><strong>Contact et informations<\/strong><\/p>\n<p>Brigitte Grisar \u2013 <a href=\"&#109;&#x61;&#x69;l&#116;&#x6f;&#x3a;b&#114;&#x69;g&#105;&#x74;&#x74;e&#46;&#x67;r&#105;&#x73;&#x61;r&#64;&#x66;&#x64;&#115;&#x73;&#x2e;b&#101;\">&#98;&#x72;&#105;&#x67;&#105;&#x74;&#116;&#x65;&#46;&#x67;&#114;&#x69;&#115;&#x61;&#114;&#x40;&#102;&#x64;&#115;&#x73;&#46;&#x62;&#101;<\/a> \u2013 02 223 37 74<br \/>\n<\/div>\n<div class=\"title_code\">Soli-Food- la premi\u00e8re plateforme solidaire d\u2019achats alimentaires<\/div>\n        <div class=\"content_code\">\n<p>Soli-Food est une initiative du REPIS, notamment repr\u00e9sent\u00e9 par la F\u00e9d\u00e9ration des Services Sociaux et la Croix-Rouge de Belgique.<\/p>\n<h3>Qu&rsquo;est-ce que c&rsquo;est?<\/h3>\n<p>En Belgique, 1.650.000 personnes vivent sous le seuil de pauvret\u00e9.<\/p>\n<p>Un Belge sur 7 est pauvre, un Wallon sur 5, un Bruxellois sur 4 !<\/p>\n<p>Des centaines de milliers de personnes d\u00e9pendent de l\u2019aide alimentaire : restaurants sociaux, \u00e9piceries sociales, colis d\u2019urgence alimentaire&#8230;<\/p>\n<p>Soli-Food, la premi\u00e8re plate-forme d\u2019achats solidaires en Belgique, est une initiative in\u00e9dite qui permettra :<\/p>\n<p>d\u2019approvisionner tout ce secteur de l\u2019aide alimentaire (\u00e9piceries sociales, dont 25 \u00e9piceries Croix-Rouge, restaurants sociaux, colis d\u2019urgence\u2026) avec des produits vari\u00e9s, des fruits et l\u00e9gumes frais<br \/>\nde r\u00e9duire les co\u00fbts logistiques et de transport<br \/>\nde n\u00e9gocier les meilleurs prix avec des fournisseurs vari\u00e9s<br \/>\nde proposer une plus grande vari\u00e9t\u00e9 de produits aux clients<\/p>\n<p><strong>Contact et informations<\/strong><\/p>\n<p><a href=\"m&#97;&#105;&#x6c;&#x74;o&#58;&#103;&#x2e;&#x76;&#x61;n&#122;&#101;&#x65;&#x62;ro&#101;&#x63;&#x6b;&#x40;c&#114;&#111;&#x69;&#x78;-r&#111;&#x75;&#x67;&#x65;&#46;&#98;&#101;\">&#x67;&#x2e;&#x76;&#x61;&#x6e;&#x7a;&#x65;&#x65;&#x62;&#x72;&#x6f;&#x65;&#x63;&#x6b;&#64;&#99;&#114;&#111;&#105;&#120;&#45;&#114;&#111;&#117;&#103;e&#46;be<\/a><br \/>\n<\/div>\n","protected":false},"excerpt":{"rendered":"<p>Les \u00e9piceries sociales se d\u00e9finissent comme des magasins ouverts aux personnes en situation de pr\u00e9carit\u00e9 o\u00f9 ces derni\u00e8res peuvent acheter des produits alimentaires et des produits d\u2019hygi\u00e8ne de qualit\u00e9 \u00e0 un prix inf\u00e9rieur au prix du march\u00e9. Public et missions Les \u00e9piceries sociales proposent une forme d\u2019aide alimentaire qui conna\u00eet un v\u00e9ritable essor depuis une [&hellip;]<\/p>\n","protected":false},"author":4,"featured_media":0,"parent":196,"menu_order":84,"comment_status":"closed","ping_status":"closed","template":"","meta":{"_acf_changed":false,"footnotes":""},"class_list":["post-811","page","type-page","status-publish","hentry"],"acf":[],"_links":{"self":[{"href":"https:\/\/www.fdss.be\/fr\/wp-json\/wp\/v2\/pages\/811","targetHints":{"allow":["GET"]}}],"collection":[{"href":"https:\/\/www.fdss.be\/fr\/wp-json\/wp\/v2\/pages"}],"about":[{"href":"https:\/\/www.fdss.be\/fr\/wp-json\/wp\/v2\/types\/page"}],"author":[{"embeddable":true,"href":"https:\/\/www.fdss.be\/fr\/wp-json\/wp\/v2\/users\/4"}],"replies":[{"embeddable":true,"href":"https:\/\/www.fdss.be\/fr\/wp-json\/wp\/v2\/comments?post=811"}],"version-history":[{"count":4,"href":"https:\/\/www.fdss.be\/fr\/wp-json\/wp\/v2\/pages\/811\/revisions"}],"predecessor-version":[{"id":816,"href":"https:\/\/www.fdss.be\/fr\/wp-json\/wp\/v2\/pages\/811\/revisions\/816"}],"up":[{"embeddable":true,"href":"https:\/\/www.fdss.be\/fr\/wp-json\/wp\/v2\/pages\/196"}],"wp:attachment":[{"href":"https:\/\/www.fdss.be\/fr\/wp-json\/wp\/v2\/media?parent=811"}],"curies":[{"name":"wp","href":"https:\/\/api.w.org\/{rel}","templated":true}]}}