{"id":7923,"date":"2022-09-20T13:38:04","date_gmt":"2022-09-20T11:38:04","guid":{"rendered":"https:\/\/0x1wxbcjat.preview.infomaniak.website\/?page_id=7923"},"modified":"2023-09-25T16:27:54","modified_gmt":"2023-09-25T14:27:54","slug":"ateliers-de-quartier-bri-co-ressources","status":"publish","type":"page","link":"https:\/\/www.fdss.be\/fr\/ateliers-de-quartier-bri-co-ressources\/","title":{"rendered":"Ateliers de quartier (BRI-Co): ressources"},"content":{"rendered":"<h2>Ressources<\/h2>\n<h3>Les d\u00e9pliants explicatifs et diverses ressources<\/h3>\n<p>&nbsp;<\/p>\n<div id=\"attachment_9284\" style=\"width: 376px\" class=\"wp-caption alignleft\"><a href=\"https:\/\/www.fdss.be\/wp-content\/uploads\/23-30-BRICO-depliantFR_07.pdf\"><img loading=\"lazy\" decoding=\"async\" aria-describedby=\"caption-attachment-9284\" class=\"wp-image-9284 size-medium\" title=\"D\u00e9pliant explicatif du dispositif BRI-Co francophone\" src=\"https:\/\/www.fdss.be\/wp-content\/uploads\/BRI-Co_Depliant-FR-366x500.png\" alt=\"\" width=\"366\" height=\"500\" srcset=\"https:\/\/www.fdss.be\/wp-content\/uploads\/BRI-Co_Depliant-FR-366x500.png 366w, https:\/\/www.fdss.be\/wp-content\/uploads\/BRI-Co_Depliant-FR-110x150.png 110w, https:\/\/www.fdss.be\/wp-content\/uploads\/BRI-Co_Depliant-FR.png 524w\" sizes=\"auto, (max-width: 366px) 100vw, 366px\" \/><\/a><p id=\"caption-attachment-9284\" class=\"wp-caption-text\">Cliquez ici pour d\u00e9couvrir le <a href=\"https:\/\/www.fdss.be\/wp-content\/uploads\/23-30-BRICO-depliantFR_07.pdf\">d\u00e9pliant explicatif en fran\u00e7ais<\/a><\/p><\/div>\n<div id=\"attachment_9278\" style=\"width: 389px\" class=\"wp-caption alignleft\"><a href=\"https:\/\/www.fdss.be\/wp-content\/uploads\/23-30-BRICO-depliantNL_01.pdf\"><img loading=\"lazy\" decoding=\"async\" aria-describedby=\"caption-attachment-9278\" class=\"wp-image-9278 size-medium\" title=\"D\u00e9pliant explicatif du dispositif BRI-Co n\u00e9erlandophone\" src=\"https:\/\/www.fdss.be\/wp-content\/uploads\/BRI-Co_Depliant-NL-379x500.png\" alt=\"\" width=\"379\" height=\"500\" srcset=\"https:\/\/www.fdss.be\/wp-content\/uploads\/BRI-Co_Depliant-NL-379x500.png 379w, https:\/\/www.fdss.be\/wp-content\/uploads\/BRI-Co_Depliant-NL-114x150.png 114w, https:\/\/www.fdss.be\/wp-content\/uploads\/BRI-Co_Depliant-NL.png 540w\" sizes=\"auto, (max-width: 379px) 100vw, 379px\" \/><\/a><p id=\"caption-attachment-9278\" class=\"wp-caption-text\">Cliquez ici pour d\u00e9couvrir <a href=\"https:\/\/www.fdss.be\/wp-content\/uploads\/23-30-BRICO-depliantNL_01.pdf\">le d\u00e9pliant explicatif en n\u00e9erlandais<\/a><\/p><\/div>\n<p>&nbsp;<\/p>\n<p>&nbsp;<\/p>\n<p>&nbsp;<\/p>\n<p>&nbsp;<\/p>\n<p>&nbsp;<\/p>\n<p>&nbsp;<\/p>\n<p>&nbsp;<\/p>\n<p>&nbsp;<\/p>\n<p>&nbsp;<\/p>\n<p>&nbsp;<\/p>\n<p>&nbsp;<\/p>\n<p>&nbsp;<\/p>\n<p>&nbsp;<\/p>\n<p>&nbsp;<\/p>\n<p>&nbsp;<\/p>\n<p>&nbsp;<\/p>\n<p>&nbsp;<\/p>\n<p style=\"text-align: center;\"><a href=\"https:\/\/www.fdss.be\/ateliers-de-quartiers-bri-co-photos\/\" class=\"su-button su-button-style-default\" style=\"color:#ffffff;background-color:#00849f;border-color:#006a80;border-radius:0px\" target=\"_blank\" rel=\"noopener noreferrer\"><span style=\"color:#ffffff;padding:0px 18px;font-size:14px;line-height:28px;border-color:#4da9bc;border-radius:0px;text-shadow:none\"> Photos des ateliers de quartier<\/span><\/a><\/p>\n<p style=\"text-align: center;\"><a href=\"https:\/\/www.fdss.be\/wp-content\/uploads\/22-42-BRI-Co-A3-Schema-hor_02_FR.jpg\" class=\"su-button su-button-style-default\" style=\"color:#ffffff;background-color:#00849f;border-color:#006a80;border-radius:0px\" target=\"_blank\" rel=\"noopener noreferrer\"><span style=\"color:#ffffff;padding:0px 18px;font-size:14px;line-height:28px;border-color:#4da9bc;border-radius:0px;text-shadow:none\"> Infographie explicative francophone<\/span><\/a><\/p>\n<p style=\"text-align: center;\"><a href=\"https:\/\/www.fdss.be\/wp-content\/uploads\/22-42-BRI-Co-A3-Schema-hor_022_NL.jpg\" class=\"su-button su-button-style-default\" style=\"color:#ffffff;background-color:#00849f;border-color:#006a80;border-radius:0px\" target=\"_blank\" rel=\"noopener noreferrer\"><span style=\"color:#ffffff;padding:0px 18px;font-size:14px;line-height:28px;border-color:#4da9bc;border-radius:0px;text-shadow:none\"> Infographie explicative n\u00e9erlandophone<\/span><\/a><\/p>\n<p style=\"text-align: center;\"><a href=\"https:\/\/www.fdss.be\/wp-content\/uploads\/Flyer-Bri-Co-Volta.pdf\" class=\"su-button su-button-style-default\" style=\"color:#ffffff;background-color:#00849f;border-color:#006a80;border-radius:0px\" target=\"_blank\" rel=\"noopener noreferrer\"><span style=\"color:#ffffff;padding:0px 18px;font-size:14px;line-height:28px;border-color:#4da9bc;border-radius:0px;text-shadow:none\"> Exemple de flyer francophone<\/span><\/a><\/p>\n<p style=\"text-align: center;\"><a href=\"https:\/\/www.fdss.be\/wp-content\/uploads\/Flyer-BRI-Co-Peterbos-NL.pdf\" class=\"su-button su-button-style-default\" style=\"color:#ffffff;background-color:#00849f;border-color:#006a80;border-radius:0px\" target=\"_blank\" rel=\"noopener noreferrer\"><span style=\"color:#ffffff;padding:0px 18px;font-size:14px;line-height:28px;border-color:#4da9bc;border-radius:0px;text-shadow:none\"> Exemple de flyer n\u00e9erlandophone<\/span><\/a><\/p>\n<p style=\"text-align: center;\"><a href=\"https:\/\/www.fdss.be\/wp-content\/uploads\/Affiche-A3-Brabant-FR.pdf\" class=\"su-button su-button-style-default\" style=\"color:#ffffff;background-color:#00849f;border-color:#006a80;border-radius:0px\" target=\"_blank\" rel=\"noopener noreferrer\"><span style=\"color:#ffffff;padding:0px 18px;font-size:14px;line-height:28px;border-color:#4da9bc;border-radius:0px;text-shadow:none\"> Exemple d&rsquo;affiche francophone<\/span><\/a><\/p>\n<p style=\"text-align: center;\"><a href=\"https:\/\/www.fdss.be\/wp-content\/uploads\/Affiche-A3-Brabant-A3-NL.pdf\" class=\"su-button su-button-style-default\" style=\"color:#ffffff;background-color:#00849f;border-color:#006a80;border-radius:0px\" target=\"_blank\" rel=\"noopener noreferrer\"><span style=\"color:#ffffff;padding:0px 18px;font-size:14px;line-height:28px;border-color:#4da9bc;border-radius:0px;text-shadow:none\"> Exemple d&rsquo;affiche n\u00e9erlandophone<\/span><\/a><\/p>\n<p style=\"text-align: center;\"><a href=\"https:\/\/www.fdss.be\/wp-content\/uploads\/Affiche-A3-Brabant-Bilingue.pdf\" class=\"su-button su-button-style-default\" style=\"color:#ffffff;background-color:#00849f;border-color:#006a80;border-radius:0px\" target=\"_blank\" rel=\"noopener noreferrer\"><span style=\"color:#ffffff;padding:0px 18px;font-size:14px;line-height:28px;border-color:#4da9bc;border-radius:0px;text-shadow:none\"> Exemple d&rsquo;affiche bilingue<\/span><\/a><\/p>\n<h2 style=\"text-align: left;\">On parle des ateliers de quartier<\/h2>\n<h3>Interview de C\u00e9line Nieuwenhuys sur les \u00ab\u00a0Brigades de R\u00e9parations Imm\u00e9diates et Collectives (BRI-Co)\u00a0\u00bb<\/h3>\n<div id=\"attachment_7949\" style=\"width: 510px\" class=\"wp-caption alignnone\"><a href=\"https:\/\/bx1.be\/categories\/news\/les-populations-en-situation-de-precarite-narrivent-plus-a-se-connecter-au-service-public\/\"><img loading=\"lazy\" decoding=\"async\" aria-describedby=\"caption-attachment-7949\" class=\"size-medium wp-image-7949\" src=\"https:\/\/www.fdss.be\/wp-content\/uploads\/Celine-BX1-500x257.png\" alt=\"C\u00e9line Nieuwenhuys interviw\u00e9e sur les &quot;Brigades de R\u00e9parations Imm\u00e9diates et Collectives (BRI-Co)&quot;\" width=\"500\" height=\"257\" srcset=\"https:\/\/www.fdss.be\/wp-content\/uploads\/Celine-BX1-500x257.png 500w, https:\/\/www.fdss.be\/wp-content\/uploads\/Celine-BX1-1024x525.png 1024w, https:\/\/www.fdss.be\/wp-content\/uploads\/Celine-BX1-150x77.png 150w, https:\/\/www.fdss.be\/wp-content\/uploads\/Celine-BX1-768x394.png 768w, https:\/\/www.fdss.be\/wp-content\/uploads\/Celine-BX1.png 1076w\" sizes=\"auto, (max-width: 500px) 100vw, 500px\" \/><\/a><p id=\"caption-attachment-7949\" class=\"wp-caption-text\">Cliquez ici pour d\u00e9couvrir <a href=\"https:\/\/bx1.be\/categories\/news\/les-populations-en-situation-de-precarite-narrivent-plus-a-se-connecter-au-service-public\/\">l&rsquo;interview de C\u00e9line Nieuwenhuys sur le BRI-Co\u00a0\u00bb<\/a><\/p><\/div>\n<h3>Interventions de Kinch sur Radio Panik et Radio Pogge<\/h3>\n<a href=\"https:\/\/radiopogge.weebly.com\/podcasts\" class=\"su-button su-button-style-default\" style=\"color:#ffffff;background-color:#00849f;border-color:#006a80;border-radius:0px\" target=\"_blank\" rel=\"noopener noreferrer\"><span style=\"color:#ffffff;padding:0px 18px;font-size:14px;line-height:28px;border-color:#4da9bc;border-radius:0px;text-shadow:none\"> Extraits sonores sur les ateliers de quartier<\/span><\/a>\n<p>&nbsp;<\/p>\n<h3>Extrait sonore paru dans \u00ab\u00a0Le grain des choses\u00a0\u00bb &#8211; Texte et lecture de Paul Hermant<\/h3>\n<div class=\"su-audio\" data-id=\"su_audio_player_69eb689981ecd\" data-audio=\"https:\/\/www.fdss.be\/wp-content\/uploads\/paul-brico.mp3\" data-swf=\"https:\/\/www.fdss.be\/wp-content\/plugins\/shortcodes-ultimate\/vendor\/jplayer\/jplayer.swf\" data-autoplay=\"no\" data-loop=\"no\" style=\"\"><div id=\"su_audio_player_69eb689981ecd\" class=\"jp-jplayer\"><\/div><div id=\"su_audio_player_69eb689981ecd_container\" class=\"jp-audio\"><div class=\"jp-type-single\"><div class=\"jp-gui jp-interface\"><div class=\"jp-controls\"><span class=\"jp-play\"><\/span><span class=\"jp-pause\"><\/span><span class=\"jp-stop\"><\/span><span class=\"jp-mute\"><\/span><span class=\"jp-unmute\"><\/span><span class=\"jp-volume-max\"><\/span><\/div><div class=\"jp-progress\"><div class=\"jp-seek-bar\"><div class=\"jp-play-bar\"><\/div><\/div><\/div><div class=\"jp-volume-bar\"><div class=\"jp-volume-bar-value\"><\/div><\/div><div class=\"jp-current-time\"><\/div><div class=\"jp-duration\"><\/div><\/div><div class=\"jp-title\"><\/div><\/div><\/div><\/div>\n","protected":false},"excerpt":{"rendered":"<p>Ressources Les d\u00e9pliants explicatifs et diverses ressources &nbsp; &nbsp; &nbsp; &nbsp; &nbsp; &nbsp; &nbsp; &nbsp; &nbsp; &nbsp; &nbsp; &nbsp; &nbsp; &nbsp; &nbsp; &nbsp; &nbsp; &nbsp; On parle des ateliers de quartier Interview de C\u00e9line Nieuwenhuys sur les \u00ab\u00a0Brigades de R\u00e9parations Imm\u00e9diates et Collectives (BRI-Co)\u00a0\u00bb Interventions de Kinch sur Radio Panik et Radio Pogge &nbsp; Extrait [&hellip;]<\/p>\n","protected":false},"author":4,"featured_media":0,"parent":0,"menu_order":0,"comment_status":"closed","ping_status":"closed","template":"","meta":{"_acf_changed":false,"footnotes":""},"class_list":["post-7923","page","type-page","status-publish","hentry"],"acf":[],"_links":{"self":[{"href":"https:\/\/www.fdss.be\/fr\/wp-json\/wp\/v2\/pages\/7923","targetHints":{"allow":["GET"]}}],"collection":[{"href":"https:\/\/www.fdss.be\/fr\/wp-json\/wp\/v2\/pages"}],"about":[{"href":"https:\/\/www.fdss.be\/fr\/wp-json\/wp\/v2\/types\/page"}],"author":[{"embeddable":true,"href":"https:\/\/www.fdss.be\/fr\/wp-json\/wp\/v2\/users\/4"}],"replies":[{"embeddable":true,"href":"https:\/\/www.fdss.be\/fr\/wp-json\/wp\/v2\/comments?post=7923"}],"version-history":[{"count":55,"href":"https:\/\/www.fdss.be\/fr\/wp-json\/wp\/v2\/pages\/7923\/revisions"}],"predecessor-version":[{"id":9790,"href":"https:\/\/www.fdss.be\/fr\/wp-json\/wp\/v2\/pages\/7923\/revisions\/9790"}],"wp:attachment":[{"href":"https:\/\/www.fdss.be\/fr\/wp-json\/wp\/v2\/media?parent=7923"}],"curies":[{"name":"wp","href":"https:\/\/api.w.org\/{rel}","templated":true}]}}