{"id":7476,"date":"2022-07-25T16:39:54","date_gmt":"2022-07-25T14:39:54","guid":{"rendered":"https:\/\/0x1wxbcjat.preview.infomaniak.website\/?page_id=7476"},"modified":"2025-02-12T14:26:27","modified_gmt":"2025-02-12T13:26:27","slug":"expo-photo-les-realites-de-laide-alimentaire","status":"publish","type":"page","link":"https:\/\/www.fdss.be\/fr\/caa\/ressources-caa\/expo-photo-les-realites-de-laide-alimentaire\/","title":{"rendered":"Expo photo \u00ab\u00a0Les r\u00e9alit\u00e9s de l&rsquo;aide alimentaire\u00a0\u00bb"},"content":{"rendered":"<p><img loading=\"lazy\" decoding=\"async\" class=\"wp-image-1861 alignleft\" src=\"https:\/\/www.fdss.be\/wp-content\/uploads\/Capture-d\u2019\u00e9cran-2019-06-10-\u00e0-17.59.10-500x338.png\" alt=\"\" width=\"400\" height=\"270\" srcset=\"https:\/\/www.fdss.be\/wp-content\/uploads\/Capture-d\u2019\u00e9cran-2019-06-10-\u00e0-17.59.10-500x338.png 500w, https:\/\/www.fdss.be\/wp-content\/uploads\/Capture-d\u2019\u00e9cran-2019-06-10-\u00e0-17.59.10-150x101.png 150w, https:\/\/www.fdss.be\/wp-content\/uploads\/Capture-d\u2019\u00e9cran-2019-06-10-\u00e0-17.59.10-768x519.png 768w, https:\/\/www.fdss.be\/wp-content\/uploads\/Capture-d\u2019\u00e9cran-2019-06-10-\u00e0-17.59.10.png 778w\" sizes=\"auto, (max-width: 400px) 100vw, 400px\" \/><\/p>\n<p>Cette exposition, r\u00e9alis\u00e9e dans le cadre de la recherche \u00ab\u00a0Solidarit\u00e9 en primeur(s)\u00a0\u00bb, a pour vocation d\u2019illustrer de mani\u00e8re symbolique certaines r\u00e9alit\u00e9s v\u00e9cues par les personnes ayant recours \u00e0 l\u2019aide alimentaire.<\/p>\n<p>Elle peut \u00eatre emprunt\u00e9e \u00e0 la demande.<\/p>\n<p><strong>Support <\/strong>: 10 photos imprim\u00e9es sur Forex A1 avec 2 trous de suspension + <a class=\"fancybox\" href=\"https:\/\/www.fdss.be\/wp-content\/uploads\/FICHE_CAA_EXPO_PHOTO.pdf\" target=\"_blank\" rel=\"album noopener\">Fiche d\u2019explication\u00a0<\/a><\/p>\n<p><strong>Contact :<\/strong> Brigitte Grisar<br \/>\n<a href=\"&#x6d;&#97;i&#x6c;&#116;o&#x3a;&#98;r&#x69;&#x67;&#105;&#x74;&#x74;&#101;&#46;&#x67;&#114;i&#x73;&#97;r&#x40;&#x66;&#100;&#x73;&#x73;&#46;b&#x65;\">&#x62;&#x72;&#105;&#103;&#105;t&#x74;&#x65;&#x2e;&#103;&#114;is&#x61;&#x72;&#x40;&#102;&#100;s&#x73;&#x2e;&#x62;&#101; <\/a><\/p>\n<p>02\/250 09 13<\/p>\n<p>&nbsp;<\/p>\n<p>&nbsp;<\/p>\n<p>&nbsp;<\/p>\n<h1><strong>Aper\u00e7u<\/strong><\/h1>\n<p><img loading=\"lazy\" decoding=\"async\" class=\"alignnone wp-image-1859 size-full\" src=\"https:\/\/www.fdss.be\/wp-content\/uploads\/Capture-d\u2019\u00e9cran-2019-06-10-\u00e0-17.58.51.png\" alt=\"\" width=\"2148\" height=\"1188\" srcset=\"https:\/\/www.fdss.be\/wp-content\/uploads\/Capture-d\u2019\u00e9cran-2019-06-10-\u00e0-17.58.51.png 2148w, https:\/\/www.fdss.be\/wp-content\/uploads\/Capture-d\u2019\u00e9cran-2019-06-10-\u00e0-17.58.51-150x83.png 150w, https:\/\/www.fdss.be\/wp-content\/uploads\/Capture-d\u2019\u00e9cran-2019-06-10-\u00e0-17.58.51-500x277.png 500w, https:\/\/www.fdss.be\/wp-content\/uploads\/Capture-d\u2019\u00e9cran-2019-06-10-\u00e0-17.58.51-768x425.png 768w, https:\/\/www.fdss.be\/wp-content\/uploads\/Capture-d\u2019\u00e9cran-2019-06-10-\u00e0-17.58.51-1024x566.png 1024w\" sizes=\"auto, (max-width: 2148px) 100vw, 2148px\" \/><\/p>\n<p>&nbsp;<\/p>\n","protected":false},"excerpt":{"rendered":"<p>Cette exposition, r\u00e9alis\u00e9e dans le cadre de la recherche \u00ab\u00a0Solidarit\u00e9 en primeur(s)\u00a0\u00bb, a pour vocation d\u2019illustrer de mani\u00e8re symbolique certaines r\u00e9alit\u00e9s v\u00e9cues par les personnes ayant recours \u00e0 l\u2019aide alimentaire. Elle peut \u00eatre emprunt\u00e9e \u00e0 la demande. Support : 10 photos imprim\u00e9es sur Forex A1 avec 2 trous de suspension + Fiche d\u2019explication\u00a0 Contact : [&hellip;]<\/p>\n","protected":false},"author":4,"featured_media":0,"parent":7423,"menu_order":70,"comment_status":"closed","ping_status":"closed","template":"","meta":{"_acf_changed":false,"footnotes":""},"class_list":["post-7476","page","type-page","status-publish","hentry"],"acf":[],"_links":{"self":[{"href":"https:\/\/www.fdss.be\/fr\/wp-json\/wp\/v2\/pages\/7476","targetHints":{"allow":["GET"]}}],"collection":[{"href":"https:\/\/www.fdss.be\/fr\/wp-json\/wp\/v2\/pages"}],"about":[{"href":"https:\/\/www.fdss.be\/fr\/wp-json\/wp\/v2\/types\/page"}],"author":[{"embeddable":true,"href":"https:\/\/www.fdss.be\/fr\/wp-json\/wp\/v2\/users\/4"}],"replies":[{"embeddable":true,"href":"https:\/\/www.fdss.be\/fr\/wp-json\/wp\/v2\/comments?post=7476"}],"version-history":[{"count":11,"href":"https:\/\/www.fdss.be\/fr\/wp-json\/wp\/v2\/pages\/7476\/revisions"}],"predecessor-version":[{"id":12768,"href":"https:\/\/www.fdss.be\/fr\/wp-json\/wp\/v2\/pages\/7476\/revisions\/12768"}],"up":[{"embeddable":true,"href":"https:\/\/www.fdss.be\/fr\/wp-json\/wp\/v2\/pages\/7423"}],"wp:attachment":[{"href":"https:\/\/www.fdss.be\/fr\/wp-json\/wp\/v2\/media?parent=7476"}],"curies":[{"name":"wp","href":"https:\/\/api.w.org\/{rel}","templated":true}]}}