{"id":67,"date":"2018-07-31T14:40:32","date_gmt":"2018-07-31T12:40:32","guid":{"rendered":"http:\/\/ry0xytcrk.preview.infomaniak.website?page_id=67"},"modified":"2022-06-17T12:01:49","modified_gmt":"2022-06-17T10:01:49","slug":"accueil","status":"publish","type":"page","link":"https:\/\/www.fdss.be\/fr\/","title":{"rendered":"Accueil"},"content":{"rendered":"<p>La <strong>FdSS*<\/strong> f\u00e9d\u00e8re et repr\u00e9sente des<a href=\"https:\/\/www.fdss.be\/member\/\"> services sociaux associatifs<\/a> en Wallonie et \u00e0 Bruxelles.<\/p>\n<p><span dir=\"ltr\" role=\"presentation\">Pour soutenir les acteur\u00b7rice\u00b7s sociaux<\/span> de terrain, elle d\u00e9veloppe des projets, des formations et une expertise, en particulier dans les domaines du <a href=\"https:\/\/www.fdss.be\/concertation-aide-alimentaire\/\">droit \u00e0 l\u2019alimentation<\/a>, \u00e0 <a href=\"https:\/\/www.fdss.be\/centre-dappui-socialenergie\/\">l\u2019eau et \u00e0 l\u2019\u00e9nergie<\/a>. Elle contribue \u00e9galement \u00e0 la r\u00e9flexion en mati\u00e8re de travail social et de politique sociale via ses <a href=\"https:\/\/www.fdss.be\/recherchaction\/\">projets de recherche-action.<\/a><\/p>\n<p><span dir=\"ltr\" role=\"presentation\">\u00c0 partir de ces analyses et en collaboration avec les travailleur\u00b7euse\u00b7s sociaux\u00b7ales, elle interpelle et formule des <\/span><span dir=\"ltr\" role=\"presentation\"><a href=\"https:\/\/www.fdss.be\/publication\/#documents-politiques\">recommandations<\/a> \u00e0 l\u2019attention des pouvoirs publics et des acteur\u00b7rice\u00b7s administratif\u00b7ive\u00b7s et associatif\u00b7ive\u00b7s.<\/span><\/p>\n<h5><span dir=\"ltr\" role=\"presentation\">* La FdSS (F\u00e9d\u00e9ration des Services Sociaux) regroupe deux ASBL distinctes mais s\u0153urs : l\u2019ASBL F\u00e9d\u00e9ration des Services Sociaux <\/span><span dir=\"ltr\" role=\"presentation\">et l\u2019ASBL F\u00e9d\u00e9ration des Services Sociaux Bicommunautaires \/ de VZW Federatie van de Bicommunautaire Maatschappelijke <\/span><span dir=\"ltr\" role=\"presentation\">Diensten. Elles ont chacune leurs propres membres. Elles mettent en commun leurs ressources et poursuivent des objectifs simi<\/span><span dir=\"ltr\" role=\"presentation\">laires, tout en \u00e9tant attentives, l\u2019une et l\u2019autre, \u00e0 d\u00e9fendre les int\u00e9r\u00eats sp\u00e9cifiques de leurs membres.<\/span><\/h5>\n","protected":false},"excerpt":{"rendered":"<p>La FdSS* f\u00e9d\u00e8re et repr\u00e9sente des services sociaux associatifs en Wallonie et \u00e0 Bruxelles. Pour soutenir les acteur\u00b7rice\u00b7s sociaux de terrain, elle d\u00e9veloppe des projets, des formations et une expertise, en particulier dans les domaines du droit \u00e0 l\u2019alimentation, \u00e0 l\u2019eau et \u00e0 l\u2019\u00e9nergie. Elle contribue \u00e9galement \u00e0 la r\u00e9flexion en mati\u00e8re de travail social [&hellip;]<\/p>\n","protected":false},"author":4,"featured_media":0,"parent":0,"menu_order":93,"comment_status":"closed","ping_status":"closed","template":"","meta":{"_acf_changed":false,"footnotes":""},"class_list":["post-67","page","type-page","status-publish","hentry"],"acf":[],"_links":{"self":[{"href":"https:\/\/www.fdss.be\/fr\/wp-json\/wp\/v2\/pages\/67","targetHints":{"allow":["GET"]}}],"collection":[{"href":"https:\/\/www.fdss.be\/fr\/wp-json\/wp\/v2\/pages"}],"about":[{"href":"https:\/\/www.fdss.be\/fr\/wp-json\/wp\/v2\/types\/page"}],"author":[{"embeddable":true,"href":"https:\/\/www.fdss.be\/fr\/wp-json\/wp\/v2\/users\/4"}],"replies":[{"embeddable":true,"href":"https:\/\/www.fdss.be\/fr\/wp-json\/wp\/v2\/comments?post=67"}],"version-history":[{"count":22,"href":"https:\/\/www.fdss.be\/fr\/wp-json\/wp\/v2\/pages\/67\/revisions"}],"predecessor-version":[{"id":7310,"href":"https:\/\/www.fdss.be\/fr\/wp-json\/wp\/v2\/pages\/67\/revisions\/7310"}],"wp:attachment":[{"href":"https:\/\/www.fdss.be\/fr\/wp-json\/wp\/v2\/media?parent=67"}],"curies":[{"name":"wp","href":"https:\/\/api.w.org\/{rel}","templated":true}]}}