{"id":5877,"date":"2021-08-04T16:25:46","date_gmt":"2021-08-04T14:25:46","guid":{"rendered":"https:\/\/0x1wxbcjat.preview.infomaniak.website\/?page_id=5877"},"modified":"2024-06-04T13:26:11","modified_gmt":"2024-06-04T11:26:11","slug":"bilans-des-appels-allo-aide-sociale","status":"publish","type":"page","link":"https:\/\/www.fdss.be\/fr\/membres\/bilans-des-appels-allo-aide-sociale\/","title":{"rendered":"Bilans des appels &#8211; Allo? Aide Sociale"},"content":{"rendered":"<p><img loading=\"lazy\" decoding=\"async\" class=\" wp-image-9424 alignright\" src=\"https:\/\/www.fdss.be\/wp-content\/uploads\/23-55-FdSS-bulletin_fev23-FR_01-500x353.png\" alt=\"\" width=\"283\" height=\"200\" srcset=\"https:\/\/www.fdss.be\/wp-content\/uploads\/23-55-FdSS-bulletin_fev23-FR_01-500x353.png 500w, https:\/\/www.fdss.be\/wp-content\/uploads\/23-55-FdSS-bulletin_fev23-FR_01-1024x724.png 1024w, https:\/\/www.fdss.be\/wp-content\/uploads\/23-55-FdSS-bulletin_fev23-FR_01-150x106.png 150w, https:\/\/www.fdss.be\/wp-content\/uploads\/23-55-FdSS-bulletin_fev23-FR_01-768x543.png 768w, https:\/\/www.fdss.be\/wp-content\/uploads\/23-55-FdSS-bulletin_fev23-FR_01-1536x1086.png 1536w, https:\/\/www.fdss.be\/wp-content\/uploads\/23-55-FdSS-bulletin_fev23-FR_01.png 1754w\" sizes=\"auto, (max-width: 283px) 100vw, 283px\" \/>Depuis sa cr\u00e9ation, le dispositif Allo? Aide Sociale a re\u00e7u plusieurs milliers d&rsquo;appels de personnes traversant des situations sociales complexes, vari\u00e9es, multidimensionnelles. Des r\u00e9pondant\u00b7e\u00b7s professionnel\u00b7le\u00b7s, tous travailleur\u00b7euse\u00b7s sociaux\u00b7ales de services membres de la F\u00e9d\u00e9ration des Services Sociaux sont, depuis le d\u00e9but, de l&rsquo;autre cot\u00e9 du fil pour accueillir et orienter les demandes.<\/p>\n<p><a href=\"https:\/\/www.fdss.be\/allo-aide-sociale-numero-gratuit-bruxelles-0800-35-243\/\">&gt;&gt; En savoir plus sur le dispositif<\/a><\/p>\n<h2 data-wp-editing=\"1\">Bilans mensuels<\/h2>\n<div class=\"su-animate\" style=\"opacity:0;-webkit-animation-duration:1s;-webkit-animation-delay:0s;animation-duration:1s;animation-delay:0s;\" data-animation=\"slideInRight\" data-duration=\"1\" data-delay=\"0\">\n<div class=\"title_code\"><strong>2024<\/strong><\/div>\n        <div class=\"content_code\">\n<p><a href=\"https:\/\/www.fdss.be\/wp-content\/uploads\/202404_NUMVERT_PUB_BILAN_FR_V01.pdf\" target=\"_blank\" rel=\"noopener\">&gt;&gt; Avril 2024<\/a><\/p>\n<p><a href=\"https:\/\/www.fdss.be\/wp-content\/uploads\/202403_NUMVERT_PUB_BILAN_FR_V01.pdf\" target=\"_blank\" rel=\"noopener\">&gt;&gt; Mars 2024<\/a><\/p>\n<p><a href=\"https:\/\/www.fdss.be\/wp-content\/uploads\/202402_NUMVERT_PUB_BILAN_FR_V02.pdf\" target=\"_blank\" rel=\"noopener\">&gt;&gt; F\u00e9vrier 2024<\/a><\/p>\n<p><a href=\"https:\/\/www.fdss.be\/wp-content\/uploads\/202401_NUMVERT_PUB_BILAN_FR_V01.pdf\" target=\"_blank\" rel=\"noopener\">&gt;&gt; Janvier 2024<\/a><\/p>\n<\/div>\n<\/div>\n<div class=\"su-animate\" style=\"opacity:0;-webkit-animation-duration:1s;-webkit-animation-delay:0s;animation-duration:1s;animation-delay:0s;\" data-animation=\"slideInRight\" data-duration=\"1\" data-delay=\"0\">\n<div class=\"title_code\"><strong>2023<\/strong><\/div>\n        <div class=\"content_code\">\n<p><a href=\"https:\/\/www.fdss.be\/wp-content\/uploads\/2024_NUMVERT_BILAN_202312-NL_V01-1.pdf\">&gt;&gt; D\u00e9cembre 2023<\/a><\/p>\n<p><a href=\"https:\/\/www.fdss.be\/wp-content\/uploads\/23-55-FdSS-bulletin_nov23-FR_01.pdf\">&gt;&gt; Novembre 2023<\/a><\/p>\n<p><a href=\"https:\/\/www.fdss.be\/wp-content\/uploads\/202310_NUMVERT_PUB_BILAN_FR_V01.pdf\">&gt;&gt; Octobre 2023<\/a><\/p>\n<p><a href=\"https:\/\/www.fdss.be\/wp-content\/uploads\/202309_NUMVERT_PUB_BILAN_FR_V01.pdf\">&gt;&gt; Septembre 2023<\/a><\/p>\n<p><a href=\"https:\/\/www.fdss.be\/wp-content\/uploads\/202308_NUMVERT_PUB_BILAN_FR_V01.pdf\">&gt;&gt; Ao\u00fbt 2023<\/a><\/p>\n<p><a href=\"https:\/\/www.fdss.be\/wp-content\/uploads\/202307_NUMVERT_PUB_BILAN_FR_V01.pdf\">&gt;&gt; Juillet 2023<\/a><\/p>\n<p><a href=\"https:\/\/www.fdss.be\/wp-content\/uploads\/2024_NUMVERT_BILAN_202306-FR_V01.pdf\">&gt;&gt; Juin 2023<\/a><\/p>\n<p><a href=\"https:\/\/www.fdss.be\/wp-content\/uploads\/2024_NUMVERT_BILAN_202305-FR_V01.pdf\">&gt;&gt; Mai 2023<\/a><\/p>\n<p><a href=\"https:\/\/www.fdss.be\/wp-content\/uploads\/2024_NUMVERT_BILAN_202304-FR_V01.pdf\">&gt;&gt; Avril 2023<\/a><\/p>\n<p>&gt;&gt; Mars 2023 : Les donn\u00e9es encod\u00e9es entre le 1<sup>er<\/sup> et le 15 mars ont \u00e9t\u00e9 effac\u00e9es en raison d\u2019un probl\u00e8me technique. Ces donn\u00e9es ne sont donc pas disponibles pour l\u2019analyse.<\/p>\n<p><a href=\"https:\/\/www.fdss.be\/wp-content\/uploads\/23-55-FdSS-bulletin_fev23-FR_01.pdf\">&gt;&gt; F\u00e9vrier 2023<\/a><\/p>\n<p><a href=\"https:\/\/www.fdss.be\/wp-content\/uploads\/23-55-FdSS-bulletin_janv23-FR_01.pdf\">&gt;&gt; Janvier 2023<\/a><\/p>\n<\/div>\n<\/div>\n<div class=\"su-animate\" style=\"opacity:0;-webkit-animation-duration:1s;-webkit-animation-delay:0s;animation-duration:1s;animation-delay:0s;\" data-animation=\"slideInRight\" data-duration=\"1\" data-delay=\"0\">\n<div class=\"title_code\"><strong>2022<\/strong><\/div>\n        <div class=\"content_code\">\n<p><a href=\"https:\/\/www.fdss.be\/wp-content\/uploads\/23-55-FdSS-bulletin_dec22-FR_01.pdf\">&gt;&gt; D\u00e9cembre 2022<\/a><\/p>\n<p><a href=\"https:\/\/www.fdss.be\/wp-content\/uploads\/23-55-FdSS-bulletin_nov22-FR_01.pdf\">&gt;&gt; Novembre 2022<\/a><\/p>\n<p><a href=\"https:\/\/www.fdss.be\/wp-content\/uploads\/23-55-FdSS-bulletin_oct22-FR_01.pdf\">&gt;&gt; Octobre 2022<\/a><\/p>\n<p><a href=\"https:\/\/www.fdss.be\/wp-content\/uploads\/23-55-FdSS-bulletin_sept22-FR_01.pdf\">&gt;&gt; Septembre 2022<\/a><\/p>\n<p><a href=\"https:\/\/www.fdss.be\/wp-content\/uploads\/23-55-FdSS-bulletin_aout22-FR_01.pdf\">&gt;&gt; Ao\u00fbt 2022<\/a><\/p>\n<p><a href=\"https:\/\/www.fdss.be\/wp-content\/uploads\/23-55-FdSS-bulletin_juillet22-FR_01.pdf\">&gt;&gt; Juillet 2022<\/a><\/p>\n<p><a href=\"https:\/\/www.fdss.be\/wp-content\/uploads\/22-08-FdSS-bulletin_juin-FR_01.pdf\">&gt;&gt; Juin 2022<\/a><\/p>\n<p><a href=\"https:\/\/www.fdss.be\/wp-content\/uploads\/22-08-FdSS-bulletin_mai-FR_01.pdf\">&gt;&gt; Mai 2022<\/a><\/p>\n<p><a href=\"https:\/\/www.fdss.be\/wp-content\/uploads\/22-08-FdSS-bulletin_avril-FR_01.pdf\">&gt;&gt; Avril 2022<\/a><\/p>\n<p><a href=\"https:\/\/www.fdss.be\/wp-content\/uploads\/22-08-FdSS-bulletin_mars-FR_01.pdf\">&gt;&gt; Mars 2022<\/a><\/p>\n<p><a href=\"https:\/\/www.fdss.be\/wp-content\/uploads\/22-08-FdSS-bulletin_fev-FR_01.pdf\">&gt;&gt; F\u00e9vrier 2022<\/a><\/p>\n<p><a href=\"https:\/\/www.fdss.be\/wp-content\/uploads\/22-08-FdSS-bulletin_janv-FR_01.pdf\">&gt;&gt; Janvier 2022<\/a><\/p>\n<\/div>\n<\/div>\n<div class=\"su-animate\" style=\"opacity:0;-webkit-animation-duration:1s;-webkit-animation-delay:0s;animation-duration:1s;animation-delay:0s;\" data-animation=\"slideInRight\" data-duration=\"1\" data-delay=\"0\">\n<div class=\"title_code\"><strong>2021<\/strong><\/div>\n        <div class=\"content_code\">\n<p><a href=\"https:\/\/www.fdss.be\/wp-content\/uploads\/22-08-FdSS-bulletin_dec-FR_01.pdf\">&gt;&gt; D\u00e9cembre 2021<\/a><\/p>\n<p><a href=\"https:\/\/www.fdss.be\/wp-content\/uploads\/21-05-FdSS-bulletin_nov-FR_01.pdf\">&gt;&gt; Novembre 2021<\/a><\/p>\n<p><a href=\"https:\/\/www.fdss.be\/wp-content\/uploads\/21-05-FdSS-bulletin_oct-FR_01-1.pdf\">&gt;&gt; Octobre 2021<\/a><\/p>\n<p><a href=\"https:\/\/www.fdss.be\/wp-content\/uploads\/21-05-FdSS-bulletin_sept-FR_01.pdf\">&gt;&gt; Septembre 2021<\/a><\/p>\n<p><a href=\"https:\/\/www.fdss.be\/wp-content\/uploads\/21-05-FdSS-bulletin_aout-FR_02.pdf\">&gt;&gt; Ao\u00fbt 2021<\/a><\/p>\n<p><a href=\"https:\/\/www.fdss.be\/wp-content\/uploads\/21-05-FdSS-bulletin_juillet-FR_02.pdf\">&gt;&gt; Juillet 2021<\/a><\/p>\n<p><a href=\"https:\/\/www.fdss.be\/wp-content\/uploads\/21-05-FdSS-bulletin_juin-FR_01.pdf\">&gt;&gt; Juin 2021<\/a><\/p>\n<p><a href=\"https:\/\/www.fdss.be\/wp-content\/uploads\/21-05-FdSS-bulletin_mai-FR_03.pdf\">&gt;&gt; Mai 2021<\/a><\/p>\n<p><a href=\"https:\/\/www.fdss.be\/wp-content\/uploads\/21-05-FdSS-bulletin_avril-FR_02.pdf\">&gt;&gt; Avril 2021<\/a><\/p>\n<p><a href=\"https:\/\/www.fdss.be\/wp-content\/uploads\/21-05-FdSS-bulletin_mars-FR_07.pdf\">&gt;&gt; Mars 2021<\/a><\/p>\n<\/div>\n<\/div>\n<h2>Bilans g\u00e9n\u00e9raux et analyse des donn\u00e9es<\/h2>\n<p><a href=\"https:\/\/www.fdss.be\/wp-content\/uploads\/2023_NUMVERT_PUB_bilan-A4-VII_FRV06.pdf\">&gt;&gt; Bilan des appels VII (07.22-06.23)<\/a><\/p>\n<p><a href=\"https:\/\/www.fdss.be\/publication\/bilan-des-appels-allo-aide-sociale-vi-janvier-a-juillet-2022\/\">&gt;&gt; Bilan des appels VI (01-07.22)<\/a><\/p>\n<p><a href=\"https:\/\/www.fdss.be\/publication\/bilan-des-appels-allo-aide-sociale-annee-2021\/\">&gt;&gt; Bilan des appels V (2021)<\/a><\/p>\n<p><a href=\"https:\/\/www.fdss.be\/publication\/numero-vert-durgence-sociale-bruxellois-dossier-de-presse-2\/\">&gt;&gt;\u00a0<\/a><a href=\"https:\/\/www.fdss.be\/publication\/bilan-des-appels-du-n-vert-1-fevrier-2021-au-31-mai-2021\/\">Bilan des appels IV (2021)<\/a><\/p>\n<p><a href=\"https:\/\/www.fdss.be\/publication\/bilan-des-appels-du-n-vert-26-octobre-2020-au-29-janvier-2021\/\">&gt;&gt; Bilan des appels III (2021)<\/a><\/p>\n<p><a href=\"https:\/\/www.fdss.be\/publication\/bilan-des-appels-du-numero-vert-entre-le-6-juillet-et-le-23-octobre\/\" target=\"_blank\" rel=\"noopener\">&gt;&gt; Bilan des appels II (2020)<\/a><\/p>\n<p><a href=\"https:\/\/www.fdss.be\/publication\/numero-vert-durgence-sociale-bruxellois-dossier-de-presse-2\/\">&gt;&gt;\u00a0<\/a><a href=\"https:\/\/www.fdss.be\/publication\/numero-vert-durgence-sociale-bruxellois-dossier-de-presse-2\/\">Bilan des appels I (2020) + dossier de presse<\/a><\/p>\n","protected":false},"excerpt":{"rendered":"<p>Depuis sa cr\u00e9ation, le dispositif Allo? Aide Sociale a re\u00e7u plusieurs milliers d&rsquo;appels de personnes traversant des situations sociales complexes, vari\u00e9es, multidimensionnelles. Des r\u00e9pondant\u00b7e\u00b7s professionnel\u00b7le\u00b7s, tous travailleur\u00b7euse\u00b7s sociaux\u00b7ales de services membres de la F\u00e9d\u00e9ration des Services Sociaux sont, depuis le d\u00e9but, de l&rsquo;autre cot\u00e9 du fil pour accueillir et orienter les demandes. &gt;&gt; En savoir [&hellip;]<\/p>\n","protected":false},"author":4,"featured_media":6002,"parent":159,"menu_order":31,"comment_status":"closed","ping_status":"closed","template":"","meta":{"_acf_changed":false,"footnotes":""},"class_list":["post-5877","page","type-page","status-publish","has-post-thumbnail","hentry"],"acf":[],"_links":{"self":[{"href":"https:\/\/www.fdss.be\/fr\/wp-json\/wp\/v2\/pages\/5877","targetHints":{"allow":["GET"]}}],"collection":[{"href":"https:\/\/www.fdss.be\/fr\/wp-json\/wp\/v2\/pages"}],"about":[{"href":"https:\/\/www.fdss.be\/fr\/wp-json\/wp\/v2\/types\/page"}],"author":[{"embeddable":true,"href":"https:\/\/www.fdss.be\/fr\/wp-json\/wp\/v2\/users\/4"}],"replies":[{"embeddable":true,"href":"https:\/\/www.fdss.be\/fr\/wp-json\/wp\/v2\/comments?post=5877"}],"version-history":[{"count":48,"href":"https:\/\/www.fdss.be\/fr\/wp-json\/wp\/v2\/pages\/5877\/revisions"}],"predecessor-version":[{"id":9824,"href":"https:\/\/www.fdss.be\/fr\/wp-json\/wp\/v2\/pages\/5877\/revisions\/9824"}],"up":[{"embeddable":true,"href":"https:\/\/www.fdss.be\/fr\/wp-json\/wp\/v2\/pages\/159"}],"wp:featuredmedia":[{"embeddable":true,"href":"https:\/\/www.fdss.be\/fr\/wp-json\/wp\/v2\/media\/6002"}],"wp:attachment":[{"href":"https:\/\/www.fdss.be\/fr\/wp-json\/wp\/v2\/media?parent=5877"}],"curies":[{"name":"wp","href":"https:\/\/api.w.org\/{rel}","templated":true}]}}