{"id":5091,"date":"2021-03-09T19:08:18","date_gmt":"2021-03-09T18:08:18","guid":{"rendered":"https:\/\/0x1wxbcjat.preview.infomaniak.website\/?page_id=5091"},"modified":"2026-04-08T08:53:20","modified_gmt":"2026-04-08T06:53:20","slug":"allo-aide-sociale-numero-gratuit-bruxelles-0800-35-243","status":"publish","type":"page","link":"https:\/\/www.fdss.be\/fr\/membres\/allo-aide-sociale-numero-gratuit-bruxelles-0800-35-243\/","title":{"rendered":"Allo? Aide Sociale &#8211; Num\u00e9ro gratuit et confidentiel"},"content":{"rendered":"<p><span style=\"color: #ff0000;\"><img loading=\"lazy\" decoding=\"async\" class=\"wp-image-9826 alignright\" src=\"https:\/\/www.fdss.be\/wp-content\/uploads\/23-72-FdSS_numvert-logo_01-e1699952964590-500x325.png\" alt=\"\" width=\"351\" height=\"228\" srcset=\"https:\/\/www.fdss.be\/wp-content\/uploads\/23-72-FdSS_numvert-logo_01-e1699952964590-500x325.png 500w, https:\/\/www.fdss.be\/wp-content\/uploads\/23-72-FdSS_numvert-logo_01-e1699952964590-1024x665.png 1024w, https:\/\/www.fdss.be\/wp-content\/uploads\/23-72-FdSS_numvert-logo_01-e1699952964590-150x97.png 150w, https:\/\/www.fdss.be\/wp-content\/uploads\/23-72-FdSS_numvert-logo_01-e1699952964590-768x499.png 768w, https:\/\/www.fdss.be\/wp-content\/uploads\/23-72-FdSS_numvert-logo_01-e1699952964590-1536x998.png 1536w, https:\/\/www.fdss.be\/wp-content\/uploads\/23-72-FdSS_numvert-logo_01-e1699952964590-2048x1331.png 2048w\" sizes=\"auto, (max-width: 351px) 100vw, 351px\" \/><\/span><\/p>\n<h4 class=\"centered\" style=\"text-align: center;\">Logement, nourriture, situation financi\u00e8re ou familiale compliqu\u00e9e,<br \/>\nd\u00e9marches administratives, isolement\u2026<\/h4>\n<h4 class=\"centered\" style=\"text-align: center;\">Vous avez besoin d\u2019aide mais vous ne savez pas \u00e0 qui vous adresser ?<br \/>\n<strong>Appelez le num\u00e9ro gratuit et confidentiel (r\u00e9gion de Bruxelles-Capitale) :<\/strong><\/h4>\n<h2 style=\"text-align: center;\"><a class=\"link\" href=\"tel:080035243\"><strong>0800 35 243<\/strong><\/a><\/h2>\n<p class=\"centered\" style=\"text-align: center;\">Des <strong>professionnel\u00b7le\u00b7s<\/strong> sont \u00e0 votre \u00e9coute et vous accompagnent pour trouver une solution !<\/p>\n<div class=\"su-animate\" style=\"opacity:0;-webkit-animation-duration:1s;-webkit-animation-delay:0s;animation-duration:1s;animation-delay:0s;\" data-animation=\"slideInRight\" data-duration=\"1\" data-delay=\"0\">\n<p>&nbsp;<\/p>\n<div class=\"title_code\"><strong>POUR QUI ?<\/strong><\/div>\n        <div class=\"content_code\">\n<p>Gratuit et confidentiel, le num\u00e9ro <strong>0800 35 243<\/strong> s\u2019adresse aux <strong>habitant\u00b7e\u00b7s de la r\u00e9gion bruxelloise qui ont des questions ou rencontrent des difficult\u00e9s d\u2019ordre social<\/strong> (alimentation, logement, budget, d\u00e9marches administratives, situation familiale, isolement\u2026).<\/p>\n<p>En <strong>Wallonie<\/strong>, vous pouvez contacter le <a href=\"https:\/\/www.fdss.be\/fr\/urgence-sociale-deux-outils-mis-en-place-en-wallonie\/\" target=\"_blank\" rel=\"noopener\">num\u00e9ro gratuit et confidentiel<\/a> : <strong>1718<\/strong><\/p>\n<p>En <strong>Flandre<\/strong>, vous pouvez contacter le num\u00e9ro gratuit : <strong>0800 13 500<\/strong><\/p>\n<\/div>\n<div class=\"title_code\"><strong>QUAND ?<\/strong><\/div>\n        <div class=\"content_code\">\n<p>De <strong>9 heures<\/strong> \u00e0 <strong>17 heures<\/strong> du <strong>lundi<\/strong> au <strong>vendredi<\/strong>, les jours ouvrables.<\/p>\n<\/div>\n<div class=\"title_code\"><strong>UN POINT D'\u00c9COUTE ET D'ACCOMPAGNEMENT<\/strong><\/div>\n        <div class=\"content_code\">\n<p>Mis en place lors de la crise sanitaire, le dispositif Allo ? Aide Sociale est actif dans la r\u00e9gion de Bruxelles-Capitale. \u00c0 l\u2019initiative du secteur social associatif et de la F\u00e9d\u00e9ration des Services Sociaux, des travailleur\u00b7se\u00b7s sociaux\u00b7les se relaient pour offrir une premi\u00e8re \u00e9coute aux personnes qui appellent ainsi qu\u2019une orientation vers les services et ressources des secteurs de l\u2019aide sociale et de la sant\u00e9.<\/p>\n<p>Le dispositif propose et organise, si l\u2019appelant\u00b7e le souhaite, un relais direct et personnalis\u00e9 au sein des secteurs de l\u2019aide sociale et de la sant\u00e9. Il informe \u00e9galement les personnes sur leurs droits sociaux.<\/p>\n<p>Ce num\u00e9ro se pense donc comme une porte d\u2019entr\u00e9e suppl\u00e9mentaire pour les bruxellois\u00b7e\u00b7s vers l\u2019aide sociale formalis\u00e9e ou citoyenne visant, de cette mani\u00e8re, \u00e0 lutter contre le non-recours aux droits fondamentaux\u00a0accentu\u00e9 actuellement par la digitalisation de nombreux services.<\/p>\n<p><em>Pr\u00e9cision : Un professionnel peu familier avec le secteur social bruxellois peut \u00e9galement appeler pour obtenir de l\u2019aide et des informations sur l\u2019orientation d\u2019un b\u00e9n\u00e9ficiaire.<\/em><\/p>\n<\/div>\n<div class=\"title_code\"><strong>KIT POUR LES PARTENAIRES<\/strong><\/div>\n        <div class=\"content_code\">\n<p>Vous trouverez ci-dessous un flyer et une affiche \u00e0 t\u00e9l\u00e9charger afin de pouvoir diffuser les informations du Num\u00e9ro Vert :<\/p>\n<ul>\n<li><a href=\"https:\/\/www.fdss.be\/wp-content\/uploads\/2024_NUMVERT_flyerA6_V07.pdf\" target=\"_blank\" rel=\"noopener\">Flyer &#8211; A6 PDF<\/a><\/li>\n<li><a href=\"https:\/\/www.fdss.be\/wp-content\/uploads\/2024_NUMVERT_afficheA3_V03.pdf\" target=\"_blank\" rel=\"noopener\">Affiche &#8211; A3 PDF<\/a><\/li>\n<\/ul>\n<\/div>\n<div class=\"title_code\"><strong>BILANS MENSUELS DU NUM\u00c9RO VERT<\/strong><\/div>\n        <div class=\"content_code\">\n<h3>2026<\/h3>\n<p><a href=\"https:\/\/www.fdss.be\/wp-content\/uploads\/202603_NUMVERT_PUB_BILAN_FR_V01.pdf\" target=\"_blank\" rel=\"noopener\">&gt;&gt; Mars 2026<\/a><\/p>\n<p><a href=\"https:\/\/www.fdss.be\/wp-content\/uploads\/202602_NUMVERT_PUB_BILAN_FR_V01.pdf\" target=\"_blank\" rel=\"noopener\">&gt;&gt; F\u00e9vrier 2026<\/a><\/p>\n<p><a href=\"https:\/\/www.fdss.be\/wp-content\/uploads\/202601_NUMVERT_PUB_BILAN_FR_V01.pdf\" target=\"_blank\" rel=\"noopener\">&gt;&gt; Janvier 2026<\/a><\/p>\n<h3>2025<\/h3>\n<p><a href=\"https:\/\/www.fdss.be\/wp-content\/uploads\/202512_NUMVERT_PUB_BILAN_FR_V01.pdf\" target=\"_blank\" rel=\"noopener\">&gt;&gt; D\u00e9cembre 2025<\/a><\/p>\n<p><a href=\"https:\/\/www.fdss.be\/wp-content\/uploads\/202511_NUMVERT_PUB_BILAN_FR_V01.pdf\">&gt;&gt; Novembre 2025<\/a><\/p>\n<p><a href=\"https:\/\/www.fdss.be\/wp-content\/uploads\/202510_NUMVERT_PUB_BILAN_FR_V01.pdf\">&gt;&gt; Octobre 2025<\/a><\/p>\n<p><a href=\"https:\/\/www.fdss.be\/wp-content\/uploads\/202509_NUMVERT_PUB_BILAN_FR_V01.pdf\">&gt;&gt; Septembre 2025<\/a><\/p>\n<p><a href=\"https:\/\/www.fdss.be\/wp-content\/uploads\/202508_NUMVERT_PUB_BILAN_FR_V01.pdf\">&gt;&gt; Ao\u00fbt 2025<\/a><\/p>\n<p><a href=\"https:\/\/www.fdss.be\/wp-content\/uploads\/202507_NUMVERT_PUB_BILAN_FR_V01.pdf\">&gt;&gt; Juillet 2025<\/a><\/p>\n<p><a href=\"https:\/\/www.fdss.be\/wp-content\/uploads\/202506_NUMVERT_PUB_BILAN_FR_V02.pdf\">&gt;&gt; Juin 2025<\/a><\/p>\n<p><a href=\"https:\/\/www.fdss.be\/wp-content\/uploads\/202505_NUMVERT_PUB_BILAN_FR_V01.pdf\">&gt;&gt; Mai 2025<\/a><\/p>\n<p><a href=\"https:\/\/www.fdss.be\/wp-content\/uploads\/202504_NUMVERT_PUB_BILAN_FR_V01.pdf\">&gt;&gt; Avril 2025<\/a><\/p>\n<p><a href=\"https:\/\/www.fdss.be\/wp-content\/uploads\/202503_NUMVERT_PUB_BILAN_FR_V01.pdf\">&gt;&gt; Mars 2025<\/a><\/p>\n<p><a href=\"https:\/\/www.fdss.be\/wp-content\/uploads\/202502_NUMVERT_PUB_BILAN_FR_V01.pdf\">&gt;&gt; F\u00e9vrier 2025<\/a><\/p>\n<p><a href=\"https:\/\/www.fdss.be\/wp-content\/uploads\/202501_NUMVERT_PUB_BILAN_FR_V01.pdf\">&gt;&gt; Janvier 2025<\/a><\/p>\n<h3>2024<\/h3>\n<p><a href=\"https:\/\/www.fdss.be\/wp-content\/uploads\/202412_NUMVERT_PUB_BILAN_FR_V01.pdf\">&gt;&gt; D\u00e9cembre 2024<\/a><\/p>\n<p><a href=\"https:\/\/www.fdss.be\/wp-content\/uploads\/202411_NUMVERT_PUB_BILAN_FR_V02.pdf\">&gt;&gt; Novembre 2024<\/a><\/p>\n<p><a href=\"https:\/\/www.fdss.be\/wp-content\/uploads\/202410_NUMVERT_PUB_BILAN_FR_V03.pdf\">&gt;&gt; Octobre 2024<\/a><\/p>\n<p><a href=\"https:\/\/www.fdss.be\/wp-content\/uploads\/202409_NUMVERT_PUB_BILAN_FR_V02.pdf\">&gt;&gt; Septembre 2024<\/a><\/p>\n<p><a href=\"https:\/\/www.fdss.be\/wp-content\/uploads\/202408_NUMVERT_PUB_BILAN_FR_V02.pdf\" target=\"_blank\" rel=\"noopener\">&gt;&gt; Ao\u00fbt 2024<\/a><\/p>\n<p><a href=\"https:\/\/www.fdss.be\/wp-content\/uploads\/202407_NUMVERT_PUB_BILAN_FR_V02.pdf\" target=\"_blank\" rel=\"noopener\">&gt;&gt; Juillet 2024<\/a><\/p>\n<p><a href=\"https:\/\/www.fdss.be\/wp-content\/uploads\/202406_NUMVERT_PUB_BILAN_FR_V02.pdf\" target=\"_blank\" rel=\"noopener\">&gt;&gt; Juin 2024<\/a><\/p>\n<p><a href=\"https:\/\/www.fdss.be\/wp-content\/uploads\/202405_NUMVERT_PUB_BILAN_FR_V02.pdf\" target=\"_blank\" rel=\"noopener\">&gt;&gt; Mai 2024<\/a><\/p>\n<p><a href=\"https:\/\/www.fdss.be\/wp-content\/uploads\/202404_NUMVERT_PUB_BILAN_FR_V02.pdf\" target=\"_blank\" rel=\"noopener\">&gt;&gt; Avril 2024<\/a><\/p>\n<p><a href=\"https:\/\/www.fdss.be\/wp-content\/uploads\/202403_NUMVERT_PUB_BILAN_FR_V02.pdf\" target=\"_blank\" rel=\"noopener\">&gt;&gt; Mars 2024<\/a><\/p>\n<p><a href=\"https:\/\/www.fdss.be\/wp-content\/uploads\/202402_NUMVERT_PUB_BILAN_FR_V03.pdf\" target=\"_blank\" rel=\"noopener\">&gt;&gt; F\u00e9vrier 2024<\/a><\/p>\n<p><a href=\"https:\/\/www.fdss.be\/wp-content\/uploads\/202401_NUMVERT_PUB_BILAN_FR_V02.pdf\" target=\"_blank\" rel=\"noopener\">&gt;&gt; Janvier 2024<\/a><\/p>\n<h3>2023<\/h3>\n<p><a href=\"https:\/\/www.fdss.be\/wp-content\/uploads\/2024_NUMVERT_BILAN_202312-NL_V01-1.pdf\">&gt;&gt; D\u00e9cembre 2023<\/a><\/p>\n<p><a href=\"https:\/\/www.fdss.be\/wp-content\/uploads\/23-55-FdSS-bulletin_nov23-FR_01.pdf\">&gt;&gt; Novembre 2023<\/a><\/p>\n<p><a href=\"https:\/\/www.fdss.be\/wp-content\/uploads\/202310_NUMVERT_PUB_BILAN_FR_V01.pdf\">&gt;&gt; Octobre 2023<\/a><\/p>\n<p><a href=\"https:\/\/www.fdss.be\/wp-content\/uploads\/202309_NUMVERT_PUB_BILAN_FR_V01.pdf\">&gt;&gt; Septembre 2023<\/a><\/p>\n<p><a href=\"https:\/\/www.fdss.be\/wp-content\/uploads\/202308_NUMVERT_PUB_BILAN_FR_V01.pdf\">&gt;&gt; Ao\u00fbt 2023<\/a><\/p>\n<p><a href=\"https:\/\/www.fdss.be\/wp-content\/uploads\/202307_NUMVERT_PUB_BILAN_FR_V01.pdf\">&gt;&gt; Juillet 2023<\/a><\/p>\n<p><a href=\"https:\/\/www.fdss.be\/wp-content\/uploads\/2024_NUMVERT_BILAN_202306-FR_V01.pdf\">&gt;&gt; Juin 2023<\/a><\/p>\n<p><a href=\"https:\/\/www.fdss.be\/wp-content\/uploads\/2024_NUMVERT_BILAN_202305-FR_V01.pdf\">&gt;&gt; Mai 2023<\/a><\/p>\n<p><a href=\"https:\/\/www.fdss.be\/wp-content\/uploads\/2024_NUMVERT_BILAN_202304-FR_V01.pdf\">&gt;&gt; Avril 2023<\/a><\/p>\n<p>&gt;&gt; Mars 2023 :<\/p>\n<h5>Les donn\u00e9es encod\u00e9es entre le 1<sup>er<\/sup> et le 15 mars ont \u00e9t\u00e9 effac\u00e9es en raison d\u2019un probl\u00e8me technique. Ces donn\u00e9es ne sont donc pas disponibles pour l\u2019analyse.<\/h5>\n<p><a href=\"https:\/\/www.fdss.be\/wp-content\/uploads\/23-55-FdSS-bulletin_fev23-FR_01.pdf\">&gt;&gt; F\u00e9vrier 2023<\/a><\/p>\n<p><a href=\"https:\/\/www.fdss.be\/wp-content\/uploads\/23-55-FdSS-bulletin_janv23-FR_01.pdf\">&gt;&gt; Janvier 2023<\/a><\/p>\n<h3>2022<\/h3>\n<p><a href=\"https:\/\/www.fdss.be\/wp-content\/uploads\/23-55-FdSS-bulletin_dec22-FR_01.pdf\">&gt;&gt; D\u00e9cembre 2022<\/a><\/p>\n<p><a href=\"https:\/\/www.fdss.be\/wp-content\/uploads\/23-55-FdSS-bulletin_nov22-FR_01.pdf\">&gt;&gt; Novembre 2022<\/a><\/p>\n<p><a href=\"https:\/\/www.fdss.be\/wp-content\/uploads\/23-55-FdSS-bulletin_oct22-FR_01.pdf\">&gt;&gt; Octobre 2022<\/a><\/p>\n<p><a href=\"https:\/\/www.fdss.be\/wp-content\/uploads\/23-55-FdSS-bulletin_sept22-FR_01.pdf\">&gt;&gt; Septembre 2022<\/a><\/p>\n<p><a href=\"https:\/\/www.fdss.be\/wp-content\/uploads\/23-55-FdSS-bulletin_aout22-FR_01.pdf\">&gt;&gt; Ao\u00fbt 2022<\/a><\/p>\n<p><a href=\"https:\/\/www.fdss.be\/wp-content\/uploads\/23-55-FdSS-bulletin_juillet22-FR_01.pdf\">&gt;&gt; Juillet 2022<\/a><\/p>\n<p><a href=\"https:\/\/www.fdss.be\/wp-content\/uploads\/22-08-FdSS-bulletin_juin-FR_01.pdf\">&gt;&gt; Juin 2022<\/a><\/p>\n<p><a href=\"https:\/\/www.fdss.be\/wp-content\/uploads\/22-08-FdSS-bulletin_mai-FR_01.pdf\">&gt;&gt; Mai 2022<\/a><\/p>\n<p><a href=\"https:\/\/www.fdss.be\/wp-content\/uploads\/22-08-FdSS-bulletin_avril-FR_01.pdf\">&gt;&gt; Avril 2022<\/a><\/p>\n<p><a href=\"https:\/\/www.fdss.be\/wp-content\/uploads\/22-08-FdSS-bulletin_mars-FR_01.pdf\">&gt;&gt; Mars 2022<\/a><\/p>\n<p><a href=\"https:\/\/www.fdss.be\/wp-content\/uploads\/22-08-FdSS-bulletin_fev-FR_01.pdf\">&gt;&gt; F\u00e9vrier 2022<\/a><\/p>\n<p><a href=\"https:\/\/www.fdss.be\/wp-content\/uploads\/22-08-FdSS-bulletin_janv-FR_01.pdf\">&gt;&gt; Janvier 2022<\/a><\/p>\n<h3>2021<\/h3>\n<p><a href=\"https:\/\/www.fdss.be\/wp-content\/uploads\/22-08-FdSS-bulletin_dec-FR_01.pdf\">&gt;&gt; D\u00e9cembre 2021<\/a><\/p>\n<p><a href=\"https:\/\/www.fdss.be\/wp-content\/uploads\/21-05-FdSS-bulletin_nov-FR_01.pdf\">&gt;&gt; Novembre 2021<\/a><\/p>\n<p><a href=\"https:\/\/www.fdss.be\/wp-content\/uploads\/21-05-FdSS-bulletin_oct-FR_01-1.pdf\">&gt;&gt; Octobre 2021<\/a><\/p>\n<p><a href=\"https:\/\/www.fdss.be\/wp-content\/uploads\/21-05-FdSS-bulletin_sept-FR_01.pdf\">&gt;&gt; Septembre 2021<\/a><\/p>\n<p><a href=\"https:\/\/www.fdss.be\/wp-content\/uploads\/21-05-FdSS-bulletin_aout-FR_02.pdf\">&gt;&gt; Ao\u00fbt 2021<\/a><\/p>\n<p><a href=\"https:\/\/www.fdss.be\/wp-content\/uploads\/21-05-FdSS-bulletin_juillet-FR_02.pdf\">&gt;&gt; Juillet 2021<\/a><\/p>\n<p><a href=\"https:\/\/www.fdss.be\/wp-content\/uploads\/21-05-FdSS-bulletin_juin-FR_01.pdf\">&gt;&gt; Juin 2021<\/a><\/p>\n<p><a href=\"https:\/\/www.fdss.be\/wp-content\/uploads\/21-05-FdSS-bulletin_mai-FR_03.pdf\">&gt;&gt; Mai 2021<\/a><\/p>\n<p><a href=\"https:\/\/www.fdss.be\/wp-content\/uploads\/21-05-FdSS-bulletin_avril-FR_02.pdf\">&gt;&gt; Avril 2021<\/a><\/p>\n<p><a href=\"https:\/\/www.fdss.be\/wp-content\/uploads\/21-05-FdSS-bulletin_mars-FR_07.pdf\">&gt;&gt; Mars 2021<\/a><\/p>\n<p>&nbsp;<\/p>\n<\/div>\n<div class=\"title_code\"><strong>BILANS G\u00c9N\u00c9RAUX ET ANALYSES DU NUM\u00c9RO VERT<\/strong><\/div>\n        <div class=\"content_code\">\n<p><a href=\"https:\/\/www.fdss.be\/wp-content\/uploads\/2024_NUMVERT_PUB_bilan-A4-VIII_FRV05-1.pdf\" target=\"_blank\" rel=\"noopener\">&gt;&gt; Bilan des appels VIII (2023 &#8211; 2024)<\/a><\/p>\n<p><a href=\"https:\/\/www.fdss.be\/wp-content\/uploads\/2023_NUMVERT_PUB_bilan-A4-VII_FRV06.pdf\">&gt;&gt; Bilan des appels VII (07.22-06.23)<\/a><\/p>\n<p><a href=\"https:\/\/www.fdss.be\/publication\/bilan-des-appels-allo-aide-sociale-vi-janvier-a-juillet-2022\/\">&gt;&gt; Bilan des appels VI (01-07.22)<\/a><\/p>\n<p><a href=\"https:\/\/www.fdss.be\/publication\/bilan-des-appels-allo-aide-sociale-annee-2021\/\">&gt;&gt; Bilan des appels V (2021)<\/a><\/p>\n<p><a href=\"https:\/\/www.fdss.be\/publication\/numero-vert-durgence-sociale-bruxellois-dossier-de-presse-2\/\">&gt;&gt;\u00a0<\/a><a href=\"https:\/\/www.fdss.be\/publication\/bilan-des-appels-du-n-vert-1-fevrier-2021-au-31-mai-2021\/\">Bilan des appels IV (2021)<\/a><\/p>\n<p><a href=\"https:\/\/www.fdss.be\/publication\/bilan-des-appels-du-n-vert-26-octobre-2020-au-29-janvier-2021\/\">&gt;&gt; Bilan des appels III (2021)<\/a><\/p>\n<p><a href=\"https:\/\/www.fdss.be\/publication\/bilan-des-appels-du-numero-vert-entre-le-6-juillet-et-le-23-octobre\/\" target=\"_blank\" rel=\"noopener\">&gt;&gt; Bilan des appels II (2020)<\/a><\/p>\n<p><a href=\"https:\/\/www.fdss.be\/publication\/numero-vert-durgence-sociale-bruxellois-dossier-de-presse-2\/\">&gt;&gt;\u00a0<\/a><a href=\"https:\/\/www.fdss.be\/publication\/numero-vert-durgence-sociale-bruxellois-dossier-de-presse-2\/\">Bilan des appels I (2020) + dossier de presse<\/a><\/p>\n<p>&nbsp;<\/p>\n<\/div>\n<div class=\"title_code\"><strong>AUTRES PUBLICATIONS<\/strong><\/div>\n        <div class=\"content_code\">\n<ul>\n<li><a href=\"https:\/\/www.fdss.be\/wp-content\/uploads\/2023_NUMVERT_PUB_BILAN-famille-mono_FR_V03.pdf\" target=\"_blank\" rel=\"noopener\">Bilan des appels re\u00e7us \/ campagne parents solos<\/a><\/li>\n<li><a href=\"https:\/\/www.fdss.be\/publication\/allo-aide-sociale-un-numero-vert-de-crise-devenu-un-outil-social-dacces-aux-droits\/\" target=\"_blank\" rel=\"noopener\">Cahier de la Recherch&rsquo;action \u00ab\u00a0Allo? Aide Sociale, un num\u00e9ro vert de crise devenu un outil social d\u2019acc\u00e8s aux droits\u00a0\u00bb<\/a><\/li>\n<li><a href=\"https:\/\/www.fdss.be\/fr\/publication\/bruxelles-apres-un-an-le-n-vert-pour-les-urgences-sociales-prouve-malheureusement-son-utilite-une-campagne-est-lancee\/\" target=\"_blank\" rel=\"noopener\">Communiqu\u00e9 de presse : 17 mars 2021<\/a><\/li>\n<li>\u00ab Ins\u00e9curit\u00e9 alimentaire, logement\u2026 Le num\u00e9ro vert des urgences sociales chauffe depuis un an \u00e0 Bruxelles \u00bb, La Libre, 18 mars 2021 <a href=\"https:\/\/www.lalibre.be\/belgique\/societe\/insecurite-alimentaire-logement-le-numero-vert-des-urgences-sociales-chauffe-depuis-un-an-a-bruxelles-60524aaf7b50a60517c95b1d\">&gt;&gt; Consulter<\/a><\/li>\n<li>\u00ab\u00a04 592 demandes d\u2019aide en un an au num\u00e9ro vert pour les urgences sociales \u00e0 Bruxelles\u00a0\u00bb, La DH, 17 mars 2021 <a href=\"https:\/\/www.dhnet.be\/regions\/bruxelles\/4-592-demandes-d-aide-en-un-an-au-numero-vert-pour-les-urgences-sociales-a-bruxelles-6051c655d8ad58713a9f79aa?fbclid=IwAR0ZNju-CPTNY-YrXuxBQIx8kY0fTLix84tsdWl8k_vHza7xzcklRURfGtI\">&gt;&gt; Consulter<\/a><\/li>\n<li>\u00ab Le num\u00e9ro vert pour les urgences sociales fortement sollicit\u00e9 pendant la crise sanitaire \u00bb, BX1, 17 mars 2021<\/li>\n<li>En (premi\u00e8re) ligne face aux urgences sociales, Alterechos, le 11 juillet 2020\u00a0<a href=\"https:\/\/www.alterechos.be\/en-premiere-ligne-face-aux-urgence-sociales\/?fbclid=IwAR3W6WLNPWmzQztu7bJahwbmTvSCtAO2x1GNf281yyNv5smMUL4DNt4WonE\">&gt;&gt; Lire<\/a><\/li>\n<li>Reportage : A Bruxelles, la crise sanitaire acc\u00e9l\u00e8re un basculement dans la pauvret\u00e9, RTBF, 28 mai 2020\u00a0\u00a0<a href=\"https:\/\/www.rtbf.be\/info\/regions\/bruxelles\/detail_a-bruxelles-la-crise-sanitaire-accelere-un-basculement-dans-la-pauvrete?id=10510513&amp;fbclid=IwAR2G_fMvQm7c-gWxPA5-5Lbf1RqgR7D0Ecf6ntE0POjF4y4ywb5EOpZ1mXk\">&gt;&gt; Consulter<\/a><\/li>\n<li>Interview sur le plateau de la RTBF, avril 2020\u00a0<a href=\"https:\/\/www.youtube.com\/watch?v=JOYLdVFrSsc\">&gt;&gt; Visionner<\/a><\/li>\n<li>Urgence sociale : reportage au sein du num\u00e9ro vert \u00e0 Bruxelles, 16\/04\/2020 &gt;&gt; <a href=\"https:\/\/www.facebook.com\/FdSSFdSSb\/videos\/230439988021503\/\">Visionner<\/a><\/li>\n<li>Dans les coulisses du num\u00e9ro vert d\u2019urgence sociale 31\/03\/2020\u00a0<a href=\"https:\/\/www.dhnet.be\/regions\/bruxelles\/dans-les-coulisses-du-numero-vert-d-urgence-sociale-les-questions-fusent-dans-tous-les-sens-5e834ada9978e228414239ce\">&gt;&gt; Consulter<\/a><\/li>\n<\/ul>\n<\/div>\n<p>&nbsp;<\/p>\n<\/div>\n<p>&nbsp;<\/p>\n<blockquote>\n<p style=\"text-align: left;\">Madame m\u2019appelle pour expliquer que dans son immeuble, il y a une chaudi\u00e8re<br \/>\ncollective et que la propri\u00e9taire ne veut pas la mettre en route, car elle<br \/>\na des soucis d\u2019argent. Le dialogue avec la propri\u00e9taire semble compliqu\u00e9.<br \/>\nElle me demande \u00e0 qui elle peut s\u2019adresser pour faire le m\u00e9diateur.<\/p>\n<\/blockquote>\n<p>&nbsp;<\/p>\n<p><em>Une initiative de la F\u00e9d\u00e9ration des Services Sociaux (FdSS) avec le soutien de la Commission communautaire commune, de la Commission communautaire fran\u00e7aise et des services sociaux CASG (COCOF), CAP-CAW (COCOM) et CAW Brussel.<\/em><\/p>\n<div class=\"page\" title=\"Page 1\">\n<div class=\"layoutArea\">\n<div class=\"column\">\n<p><em><strong><img loading=\"lazy\" decoding=\"async\" class=\" wp-image-9944 alignleft\" src=\"https:\/\/www.fdss.be\/wp-content\/uploads\/Tel-vert-500x500.jpg\" alt=\"\" width=\"113\" height=\"113\" srcset=\"https:\/\/www.fdss.be\/wp-content\/uploads\/Tel-vert-500x500.jpg 500w, https:\/\/www.fdss.be\/wp-content\/uploads\/Tel-vert-1024x1024.jpg 1024w, https:\/\/www.fdss.be\/wp-content\/uploads\/Tel-vert-150x150.jpg 150w, https:\/\/www.fdss.be\/wp-content\/uploads\/Tel-vert-768x768.jpg 768w, https:\/\/www.fdss.be\/wp-content\/uploads\/Tel-vert-60x60.jpg 60w, https:\/\/www.fdss.be\/wp-content\/uploads\/Tel-vert-400x400.jpg 400w, https:\/\/www.fdss.be\/wp-content\/uploads\/Tel-vert.jpg 1080w\" sizes=\"auto, (max-width: 113px) 100vw, 113px\" \/>Avec :<\/strong><\/em><\/p>\n<p><em>CASG Centre de Service Social Bruxelles Sud-Est, CAP Brabantia \u2013 SS Cureghem, CAP Les Amis d\u2019Accompagner, CASG Service Social Juif, CAP Centre d\u2019Accueil Social Abb\u00e9 Froidure (Les Petits Riens), CAP Centre Social Protestant, CASG Wolu-services, CASG Espace Social T\u00e9l\u00e9 -Service, CAP Services Sociaux des Quartiers 1030, CAP Brabantia \u2013 Caritas International, CAW Brussel<\/em><\/p>\n<\/div>\n<\/div>\n<\/div>\n","protected":false},"excerpt":{"rendered":"<p>Logement, nourriture, situation financi\u00e8re ou familiale compliqu\u00e9e, d\u00e9marches administratives, isolement\u2026 Vous avez besoin d\u2019aide mais vous ne savez pas \u00e0 qui vous adresser ? Appelez le num\u00e9ro gratuit et confidentiel (r\u00e9gion de Bruxelles-Capitale) : 0800 35 243 Des professionnel\u00b7le\u00b7s sont \u00e0 votre \u00e9coute et vous accompagnent pour trouver une solution ! &nbsp; Madame m\u2019appelle pour [&hellip;]<\/p>\n","protected":false},"author":4,"featured_media":0,"parent":159,"menu_order":36,"comment_status":"closed","ping_status":"closed","template":"","meta":{"_acf_changed":false,"footnotes":""},"class_list":["post-5091","page","type-page","status-publish","hentry"],"acf":[],"_links":{"self":[{"href":"https:\/\/www.fdss.be\/fr\/wp-json\/wp\/v2\/pages\/5091","targetHints":{"allow":["GET"]}}],"collection":[{"href":"https:\/\/www.fdss.be\/fr\/wp-json\/wp\/v2\/pages"}],"about":[{"href":"https:\/\/www.fdss.be\/fr\/wp-json\/wp\/v2\/types\/page"}],"author":[{"embeddable":true,"href":"https:\/\/www.fdss.be\/fr\/wp-json\/wp\/v2\/users\/4"}],"replies":[{"embeddable":true,"href":"https:\/\/www.fdss.be\/fr\/wp-json\/wp\/v2\/comments?post=5091"}],"version-history":[{"count":142,"href":"https:\/\/www.fdss.be\/fr\/wp-json\/wp\/v2\/pages\/5091\/revisions"}],"predecessor-version":[{"id":14791,"href":"https:\/\/www.fdss.be\/fr\/wp-json\/wp\/v2\/pages\/5091\/revisions\/14791"}],"up":[{"embeddable":true,"href":"https:\/\/www.fdss.be\/fr\/wp-json\/wp\/v2\/pages\/159"}],"wp:attachment":[{"href":"https:\/\/www.fdss.be\/fr\/wp-json\/wp\/v2\/media?parent=5091"}],"curies":[{"name":"wp","href":"https:\/\/api.w.org\/{rel}","templated":true}]}}