{"id":465,"date":"2019-02-26T16:35:06","date_gmt":"2019-02-26T15:35:06","guid":{"rendered":"http:\/\/ry0xytcrk.preview.infomaniak.website\/?page_id=465"},"modified":"2025-08-18T14:59:57","modified_gmt":"2025-08-18T12:59:57","slug":"a-propos","status":"publish","type":"page","link":"https:\/\/www.fdss.be\/fr\/case\/a-propos\/","title":{"rendered":"Le Centre d&rsquo;Appui SocialEnergie"},"content":{"rendered":"<p><a href=\"https:\/\/www.fdss.be\/toutes-les-actus-energie-et-eau-sur-le-site-socialenergie-be\/socialenergie_centredappui_logo\/\" rel=\"attachment wp-att-3571\"><img loading=\"lazy\" decoding=\"async\" class=\" wp-image-3571 alignleft\" src=\"https:\/\/www.fdss.be\/wp-content\/uploads\/Socialenergie_CentredAppui_logo-500x304.png\" alt=\"\" width=\"220\" height=\"134\" srcset=\"https:\/\/www.fdss.be\/wp-content\/uploads\/Socialenergie_CentredAppui_logo-500x304.png 500w, https:\/\/www.fdss.be\/wp-content\/uploads\/Socialenergie_CentredAppui_logo-1024x623.png 1024w, https:\/\/www.fdss.be\/wp-content\/uploads\/Socialenergie_CentredAppui_logo-150x91.png 150w, https:\/\/www.fdss.be\/wp-content\/uploads\/Socialenergie_CentredAppui_logo-768x468.png 768w, https:\/\/www.fdss.be\/wp-content\/uploads\/Socialenergie_CentredAppui_logo-1536x935.png 1536w, https:\/\/www.fdss.be\/wp-content\/uploads\/Socialenergie_CentredAppui_logo-2048x1247.png 2048w\" sizes=\"auto, (max-width: 220px) 100vw, 220px\" \/><\/a><div class=\"su-animate\" style=\"opacity:0;-webkit-animation-duration:1s;-webkit-animation-delay:0s;animation-duration:1s;animation-delay:0s;\" data-animation=\"bounceInUp\" data-duration=\"1\" data-delay=\"0\">\n<p>SocialEnergie\u00a0est le Centre d\u2019Appui en <strong>mati\u00e8re d\u2019\u00e9nergie et d\u2019eau au service des travailleur\u00b7euse\u00b7s de premi\u00e8re ligne<\/strong> de la R\u00e9gion de Bruxelles-Capitale. Il dispose d\u2019un site internet<strong><em>\u00a0<\/em><\/strong>(<a href=\"http:\/\/www.socialenergie.be\" target=\"_blank\" rel=\"noopener\">www.socialenergie.be<\/a>) sur lequel toutes les informations concernant ses missions, travaux et expertises sont disponibles.<\/p>\n<p><a class=\"button\" href=\"https:\/\/www.socialenergie.be\/fr\/qui-sommes-nous\/\" target=\"_blank\" rel=\"noopener\">En savoir plus sur le Centre d\u2019Appui SocialEnergie<\/a><\/p>\n<\/div>\n<p>&nbsp;<\/p>\n<div class=\"su-animate\" style=\"opacity:0;-webkit-animation-duration:1s;-webkit-animation-delay:0s;animation-duration:1s;animation-delay:0s;\" data-animation=\"bounceInUp\" data-duration=\"1\" data-delay=\"0\">\n<p>Pourtant, face \u00e0 l\u2019\u00e9tendue et \u00e0 la complexit\u00e9 de ces mati\u00e8res, les travailleur\u00b7euse\u00b7s de premi\u00e8re ligne \u2013 sp\u00e9cialement les travailleur\u00b7euse\u00b7s de premi\u00e8re ligne g\u00e9n\u00e9ralistes \u2013 sont relativement peu outill\u00e9s. Il est donc essentiel de leur fournir les outils n\u00e9cessaires \u00e0 la r\u00e9alisation de suivis plus complets, pertinents et efficaces.<\/p>\n<p>C\u2019est sur ce plan que la FdSS-FdSSB souhaite agir, via le projet du Centre d\u2019Appui SocialEnergie (CASE). Celui-ci a \u00e9t\u00e9 cr\u00e9\u00e9 en janvier 2011 avec le soutien de la Ministre bruxelloise de l\u2019\u00e9nergie et de Bruxelles Environnement. Le CASE traite donc essentiellement<strong> les\u00a0mati\u00e8res bruxelloises\u00a0et, dans une moindre mesure, f\u00e9d\u00e9rales<\/strong>, mais prend aussi en consid\u00e9ration les dimensions europ\u00e9ennes et internationales. Les personnes int\u00e9ress\u00e9es par les mati\u00e8res wallonnes peuvent contacter\u00a0<a href=\"http:\/\/www.energieinfowallonie.be\/fr\" target=\"_blank\" rel=\"noopener\">Energie Info Wallonie.<\/a><\/p>\n<p>Le Centre d\u2019Appui SocialEnergie est compos\u00e9 d\u2019une \u00e9quipe pluridisciplinaire pour r\u00e9pondre au mieux aux besoins des travailleur\u00b7euse\u00b7s de premi\u00e8re ligne. Il propose ainsi des formations, une permanence t\u00e9l\u00e9phonique et par e-mail, des accompagnements sur mesure, des outils et des publications adapt\u00e9s, entre autres.<\/p>\n<p><a class=\"button\" href=\"https:\/\/www.socialenergie.be\/fr\/formations\/\" target=\"_blank\" rel=\"noopener\">En savoir plus sur les formations<\/a><\/p>\n<\/div>\n<div class=\"su-animate\" style=\"opacity:0;-webkit-animation-duration:1s;-webkit-animation-delay:0s;animation-duration:1s;animation-delay:0s;\" data-animation=\"bounceInUp\" data-duration=\"1\" data-delay=\"0\">\n<h2>Sa vision<\/h2>\n<p><strong>L\u2019acc\u00e8s \u00e0 l\u2019\u00e9nergie et \u00e0 l\u2019eau est un besoin et un droit fondamental qu\u2019il faut garantir pour toute personne !<\/strong><\/p>\n<p>Lorsque ce droit est mis en p\u00e9ril, par exemple parce que l\u2019on \u00e9prouve des difficult\u00e9s \u00e0 payer, que l\u2019on ploie sous la charge administrative ou les probl\u00e8mes techniques, l\u2019\u00e9nergie et l\u2019eau deviennent vecteurs d\u2019appauvrissement\u00a0(logement froid et humide, endettement, perte de ma\u00eetrise de sa vie).<\/p>\n<p>Le Centre d\u2019Appui SocialEnergie soutient les travailleur\u00b7euse\u00b7s de premi\u00e8re ligne bruxellois sur toutes les questions relatives \u00e0 l\u2019\u00e9nergie et \u00e0 l\u2019eau quelle qu\u2019en soit la nature : sociale, administrative, juridique, &#8230;<\/p>\n<p>Par ailleurs, le CASE propose \u00e9galement une expertise aux d\u00e9cideurs politiques gr\u00e2ce \u00e0 l\u2019analyse des informations, questions et constats qu\u2019il recueille aupr\u00e8s des travailleur\u00b7euse\u00b7s de premi\u00e8re ligne, toujours en mati\u00e8re d\u2019\u00e9nergie et d\u2019eau. Cette expertise se refl\u00e8te dans sa participation \u00e0 des lieux de repr\u00e9sentation et dans la r\u00e9daction d\u2019avis, de notes d\u2019analyse et de recommandations.<\/p>\n<\/div>\n<p>&nbsp;<\/p>\n<div class=\"su-animate\" style=\"opacity:0;-webkit-animation-duration:1s;-webkit-animation-delay:0s;animation-duration:1s;animation-delay:0s;\" data-animation=\"bounceInUp\" data-duration=\"1\" data-delay=\"0\">\n<p>SocialEnergie est un projet propos\u00e9 par la F\u00e9d\u00e9ration des Services Sociaux asbl, avec le soutien de la R\u00e9gion de Bruxelles-Capitale et de Bruxelles Environnement.<\/p>\n<h3>Contact<\/h3>\n<p><a href=\"http:\/\/www.socialenergie.be\" target=\"_blank\" rel=\"noopener\">www.socialenergie.be<\/a><\/p>\n<p><a href=\"&#x6d;&#x61;&#x69;&#x6c;&#x74;&#x6f;&#x3a;&#x73;&#x6f;&#x63;&#x69;&#x61;&#x6c;&#x65;&#x6e;&#x65;&#x72;&#x67;&#x69;&#x65;&#x40;&#x66;&#x64;&#x73;&#x73;&#x2e;&#x62;&#x65;\" target=\"_blank\" rel=\"noopener\">s&#111;&#99;&#x69;&#x61;&#x6c;e&#110;&#101;&#x72;&#x67;&#x69;e&#64;&#102;&#x64;&#x73;&#x73;&#46;b&#101;<\/a><\/p>\n<p>02 526 03 00<\/p>\n<p>&nbsp;<\/p>\n<p><a href=\"https:\/\/www.fdss.be\/centre-dappui-socialenergie\/a-propos\/2013-banner_01\/\" rel=\"attachment wp-att-4501\"><img loading=\"lazy\" decoding=\"async\" class=\"alignnone wp-image-4501\" src=\"https:\/\/www.fdss.be\/wp-content\/uploads\/2013-banner_01-500x63.jpg\" alt=\"\" width=\"1071\" height=\"135\" srcset=\"https:\/\/www.fdss.be\/wp-content\/uploads\/2013-banner_01-500x63.jpg 500w, https:\/\/www.fdss.be\/wp-content\/uploads\/2013-banner_01-150x19.jpg 150w, https:\/\/www.fdss.be\/wp-content\/uploads\/2013-banner_01-768x96.jpg 768w, https:\/\/www.fdss.be\/wp-content\/uploads\/2013-banner_01.jpg 800w\" sizes=\"auto, (max-width: 1071px) 100vw, 1071px\" \/><\/div>\n<\/a><\/p>\n","protected":false},"excerpt":{"rendered":"<p>&nbsp; &nbsp;<\/p>\n","protected":false},"author":4,"featured_media":0,"parent":163,"menu_order":64,"comment_status":"closed","ping_status":"closed","template":"","meta":{"_acf_changed":false,"footnotes":""},"class_list":["post-465","page","type-page","status-publish","hentry"],"acf":[],"_links":{"self":[{"href":"https:\/\/www.fdss.be\/fr\/wp-json\/wp\/v2\/pages\/465","targetHints":{"allow":["GET"]}}],"collection":[{"href":"https:\/\/www.fdss.be\/fr\/wp-json\/wp\/v2\/pages"}],"about":[{"href":"https:\/\/www.fdss.be\/fr\/wp-json\/wp\/v2\/types\/page"}],"author":[{"embeddable":true,"href":"https:\/\/www.fdss.be\/fr\/wp-json\/wp\/v2\/users\/4"}],"replies":[{"embeddable":true,"href":"https:\/\/www.fdss.be\/fr\/wp-json\/wp\/v2\/comments?post=465"}],"version-history":[{"count":32,"href":"https:\/\/www.fdss.be\/fr\/wp-json\/wp\/v2\/pages\/465\/revisions"}],"predecessor-version":[{"id":13745,"href":"https:\/\/www.fdss.be\/fr\/wp-json\/wp\/v2\/pages\/465\/revisions\/13745"}],"up":[{"embeddable":true,"href":"https:\/\/www.fdss.be\/fr\/wp-json\/wp\/v2\/pages\/163"}],"wp:attachment":[{"href":"https:\/\/www.fdss.be\/fr\/wp-json\/wp\/v2\/media?parent=465"}],"curies":[{"name":"wp","href":"https:\/\/api.w.org\/{rel}","templated":true}]}}