{"id":459,"date":"2019-02-26T16:32:58","date_gmt":"2019-02-26T15:32:58","guid":{"rendered":"http:\/\/ry0xytcrk.preview.infomaniak.website\/?page_id=459"},"modified":"2023-02-02T14:58:03","modified_gmt":"2023-02-02T13:58:03","slug":"a-propos","status":"publish","type":"page","link":"https:\/\/www.fdss.be\/fr\/crac\/a-propos\/","title":{"rendered":"Pr\u00e9sentation"},"content":{"rendered":"<div class=\"su-animate\" style=\"opacity:0;-webkit-animation-duration:1s;-webkit-animation-delay:0s;animation-duration:1s;animation-delay:0s;\" data-animation=\"bounceInUp\" data-duration=\"1\" data-delay=\"0\">\n<h2>La d\u00e9marche de la recherch&rsquo;action<\/h2>\n<p>Les activit\u00e9s de recherche de la FdSS visent \u00e0 nourrir la r\u00e9flexion des travailleurs sociaux et des acteurs politiques en vue de\u00a0:<\/p>\n<ul>\n<li>Am\u00e9liorer les services aux personnes pr\u00e9caris\u00e9es<\/li>\n<li>Lutter plus efficacement contre les causes de la pauvret\u00e9<\/li>\n<li>Alimenter le d\u00e9bat de soci\u00e9t\u00e9 touchant les th\u00e9matiques du social<\/li>\n<\/ul>\n<p>Dans la recherch\u2019action, il ne s\u2019agit pas tant de produire un savoir \u00ab sur \u00bb une r\u00e9alit\u00e9 sociale en soumettant les personnes \u00e0 la question que de produire un savoir \u00ab avec \u00bb les personnes concern\u00e9es \u00e0 propos de leur r\u00e9alit\u00e9 ; autrement dit, de les consid\u00e9rer comme des acteurs, acteurs de la d\u00e9marche de recherche et acteurs de changement social.<br \/>\n<\/div>\n<div class=\"su-animate\" style=\"opacity:0;-webkit-animation-duration:1s;-webkit-animation-delay:0s;animation-duration:1s;animation-delay:0s;\" data-animation=\"bounceInUp\" data-duration=\"1\" data-delay=\"0\">\n<h2>Principes de recherche<\/h2>\n<p>Dans le cadre de ses projets de recherche, la FdSS veille \u00e0\u00a0:<\/p>\n<ul>\n<li>Participer \u00e0 l\u2019\u00e9laboration des connaissances propres au champ du travail social\u00a0;<\/li>\n<li>Donner aux personnes concern\u00e9es par une m\u00eame r\u00e9alit\u00e9 sociale une place d\u2019acteurs de la d\u00e9marche de recherche\u00a0;<\/li>\n<li>Rendre les r\u00e9sultats des recherches utiles et appropriables par les professionnels du secteur social, notamment en variant les formats de diffusion des r\u00e9sultats.<\/li>\n<\/ul>\n<\/div>\n<div class=\"su-animate\" style=\"opacity:0;-webkit-animation-duration:1s;-webkit-animation-delay:0s;animation-duration:1s;animation-delay:0s;\" data-animation=\"bounceInUp\" data-duration=\"1\" data-delay=\"0\">\n<h2>Axes\/th\u00e9matiques de recherche<\/h2>\n<p>Les activit\u00e9s de recherche se situent dans le champ de la sociologie de l\u2019action sociale. Elles portent sur les enjeux li\u00e9s aux politiques sociales, \u00e0 l\u2019intervention sociale et aux conditions de vie des personnes pr\u00e9caris\u00e9es. Les th\u00e9matiques de recherche sont les suivantes\u00a0:<\/p>\n<ul>\n<li>Aide alimentaire<\/li>\n<li>Travail social individuel et communautaire<\/li>\n<li>\u00c9thique et travail social<\/li>\n<li>Travail social aupr\u00e8s de personnes concern\u00e9es par la prostitution<\/li>\n<li>TIC et travail social<\/li>\n<\/ul>\n<\/div>\n<div class=\"su-animate\" style=\"opacity:0;-webkit-animation-duration:1s;-webkit-animation-delay:0s;animation-duration:1s;animation-delay:0s;\" data-animation=\"bounceInUp\" data-duration=\"1\" data-delay=\"0\">\n<h2>M\u00e9thodes de recherche<\/h2>\n<ul>\n<li>Les recherches de la FdSS sont majoritairement conduites selon une approche qualitative (entretiens individuels, observations, m\u00e9thode d\u2019analyse en groupe).<\/li>\n<li>Elles se font \u00e9galement selon des m\u00e9thodes quantitatives (enqu\u00eates par questionnaire, traitement de bases de donn\u00e9es), notamment lors de l\u2019analyse annuelle des donn\u00e9es encod\u00e9es par les centres bruxellois et wallons membres de la FdSS-FdSSB<\/li>\n<li>Plus r\u00e9cemment, la cellule d\u00e9veloppe des outils sp\u00e9cifiquement adapt\u00e9s aux projets de recherche men\u00e9s \u00ab en co-cr\u00e9ation \u00bb (cfr cocreate \u2013 innoviris).<\/li>\n<\/ul>\n<p><a href=\"https:\/\/www.fdss.be\/recherchaction\/recherches\/\">&gt;&gt; Les diff\u00e9rentes recherches men\u00e9es par la FdSS-FdSSB<\/a><\/p>\n<\/div>\n","protected":false},"excerpt":{"rendered":"<p>Les activit\u00e9s de recherche de la FdSS-FdSSB visent \u00e0 nourrir la r\u00e9flexion des travailleurs sociaux et des acteurs politiques<\/p>\n","protected":false},"author":4,"featured_media":0,"parent":35,"menu_order":145,"comment_status":"closed","ping_status":"closed","template":"","meta":{"_acf_changed":false,"footnotes":""},"class_list":["post-459","page","type-page","status-publish","hentry"],"acf":[],"_links":{"self":[{"href":"https:\/\/www.fdss.be\/fr\/wp-json\/wp\/v2\/pages\/459","targetHints":{"allow":["GET"]}}],"collection":[{"href":"https:\/\/www.fdss.be\/fr\/wp-json\/wp\/v2\/pages"}],"about":[{"href":"https:\/\/www.fdss.be\/fr\/wp-json\/wp\/v2\/types\/page"}],"author":[{"embeddable":true,"href":"https:\/\/www.fdss.be\/fr\/wp-json\/wp\/v2\/users\/4"}],"replies":[{"embeddable":true,"href":"https:\/\/www.fdss.be\/fr\/wp-json\/wp\/v2\/comments?post=459"}],"version-history":[{"count":19,"href":"https:\/\/www.fdss.be\/fr\/wp-json\/wp\/v2\/pages\/459\/revisions"}],"predecessor-version":[{"id":8627,"href":"https:\/\/www.fdss.be\/fr\/wp-json\/wp\/v2\/pages\/459\/revisions\/8627"}],"up":[{"embeddable":true,"href":"https:\/\/www.fdss.be\/fr\/wp-json\/wp\/v2\/pages\/35"}],"wp:attachment":[{"href":"https:\/\/www.fdss.be\/fr\/wp-json\/wp\/v2\/media?parent=459"}],"curies":[{"name":"wp","href":"https:\/\/api.w.org\/{rel}","templated":true}]}}