{"id":453,"date":"2019-02-26T16:17:16","date_gmt":"2019-02-26T15:17:16","guid":{"rendered":"http:\/\/ry0xytcrk.preview.infomaniak.website\/?page_id=453"},"modified":"2026-04-14T16:46:20","modified_gmt":"2026-04-14T14:46:20","slug":"a-propos","status":"publish","type":"page","link":"https:\/\/www.fdss.be\/fr\/caa\/a-propos\/","title":{"rendered":"La Concertation Aide Alimentaire"},"content":{"rendered":"<p>Depuis plus de 10 ans, la Concertation Aide Alimentaire rassemble les organisations actives dans l\u2019aide alimentaire en R\u00e9gion bruxelloise et en Wallonie : \u00e9piceries sociales, restaurants sociaux, centres de distribution de colis, frigos solidaires, plateformes d\u2019approvisionnement, etc. Ces organisations sont principalement des associations (professionnelles ou b\u00e9n\u00e9voles) et des CPAS.<\/p>\n<p>La FdSS est agr\u00e9\u00e9e en tant qu\u2019Organisme Wallon de Concertation de l\u2019aide alimentaire en vertu du D\u00e9cret du 23 mars 2017 et ses arr\u00eat\u00e9s d\u2019application. La Concertation Aide Alimentaire est \u00e9galement reconnue et financ\u00e9e par la COCOM et la COCOF pour son travail dans la R\u00e9gion de Bruxelles-Capitale<span data-olk-copy-source=\"MessageBody\">\u00a0<\/span>ainsi que par le Programme f\u00e9d\u00e9ral d\u2019aide alimentaire dans le cadre du Fonds social europ\u00e9en plus (FSE+).<\/p>\n<p><a class=\"button\" href=\"https:\/\/www.fdss.be\/concertation-aide-alimentaire\/laide-alimentaire-en-belgique\/\">En savoir plus sur l&rsquo;aide alimentaire en Belgique<\/a><\/p>\n<h3>OBJECTIFS DE LA CONCERTATION AIDE ALIMENTAIRE<\/h3>\n<p>La Concertation Aide Alimentaire<strong> travaille avec les acteurs de terrain pour d\u00e9velopper des projets<\/strong> dont l\u2019objectif premier est de<strong> renforcer l\u2019acc\u00e8s aux droits des personnes qui vivent en situation de pr\u00e9carit\u00e9<\/strong>. Concr\u00e8tement cela se traduit par\u00a0:<\/p>\n<ul>\n<li>une offre de formations \u00e0 destination des volontaires et des travailleurs actifs dans l\u2019aide alimentaire<\/li>\n<li>des projets pour am\u00e9liorer l\u2019approvisionnement des organisations de terrain<\/li>\n<li>un r\u00f4le d\u2019interface vis-\u00e0-vis des autorit\u00e9s politiques<\/li>\n<li>l\u2019animation de groupes de travail et de r\u00e9unions en pl\u00e9ni\u00e8re<\/li>\n<li>des projets pour promouvoir la sant\u00e9 dans le cadre de l\u2019aide alimentaire<\/li>\n<li>des <a href=\"https:\/\/www.fdss.be\/recherchaction\/recherches\/\">projets de recherche-action<\/a> avec les travailleurs de terrain et\/ou les personnes concern\u00e9es par ces aides<\/li>\n<li>des mobilisations pour augmenter la visibilit\u00e9 de l\u2019aide alimentaire<\/li>\n<li>un soutien quotidien pour les organisations partenaires<\/li>\n<\/ul>\n<h3>VISION<\/h3>\n<p>Le droit \u00e0 l\u2019alimentation est reconnu comme un droit humain fondamental. Or les demandes d\u2019aide alimentaire tendent \u00e0 cro\u00eetre d\u2019ann\u00e9e en ann\u00e9e signalant par l\u00e0 un recul de ce droit. Si l\u2019aide alimentaire est n\u00e9cessaire pour des milliers de personnes, elle demeure n\u00e9anmoins un rem\u00e8de palliatif.<\/p>\n<p><strong>Une v\u00e9ritable politique pour garantir un acc\u00e8s durable \u00e0 une alimentation de qualit\u00e9 pour tous implique<\/strong>, au contraire, d\u2019agir \u00e0 3 niveaux\u00a0:<\/p>\n<div class=\"box-dotted\">\n<p>1. Lutter contre les in\u00e9galit\u00e9s sociales et la pauvret\u00e9. Notamment permettre \u00e0 chacun de disposer d\u2019un revenu ad\u00e9quat, que ce soit \u00e0 travers un salaire ou une allocation sociale<\/p>\n<p>2. Soutenir la transition vers des syst\u00e8mes alimentaires durables et accessibles \u00e0 tous<\/p>\n<p>3. R\u00e9pondre \u00e0 l\u2019urgence \u00e0 travers des m\u00e9canismes d\u2019aide alimentaire de qualit\u00e9<\/p>\n<\/div>\n<p><strong>Vaincre la pauvret\u00e9 est un choix de soci\u00e9t\u00e9\u00a0!<\/strong><\/p>\n<h3>PROJETS &amp; GROUPES DE TRAVAIL<\/h3>\n<p>La Concertation Aide Alimentaire organise des groupes de travail th\u00e9matiques lors desquels elle mobilise des m\u00e9thodes <strong>d\u2019intelligence collective<\/strong> pour faire \u00e9merger de<strong> nouvelles id\u00e9es<\/strong>, cr\u00e9er des outils et formuler des revendications.<\/p>\n<p>Elle collabore \u00e9galement avec les <strong>acteurs de terrain<\/strong> pour concevoir des projets dont l\u2019objectif premier est de renforcer <strong>l\u2019acc\u00e8s aux droits<\/strong> des personnes qui vivent en situation de pr\u00e9carit\u00e9. Pour soutenir le lancement de ces projets innovants, elle joue un <strong>r\u00f4le d\u2019incubatrice<\/strong> en mettant \u00e0 disposition son <strong>expertise<\/strong> jusqu\u2019\u00e0 ce qu\u2019ils puissent voler de leurs propres ailes<em>. <\/em><\/p>\n<p><a class=\"button\" href=\"https:\/\/www.fdss.be\/fr\/concertation-aide-alimentaire\/projets-groupes-de-travail\/\" target=\"_blank\" rel=\"noopener\">En savoir plus sur les projets et les groupes de travail<\/a><\/p>\n","protected":false},"excerpt":{"rendered":"<p>Depuis plus de 10 ans, la Concertation Aide Alimentaire rassemble les organisations actives dans l\u2019aide alimentaire en R\u00e9gion bruxelloise et en Wallonie : \u00e9piceries sociales, restaurants sociaux, centres de distribution de colis, frigos solidaires, plateformes d\u2019approvisionnement, etc. Ces organisations sont principalement des associations (professionnelles ou b\u00e9n\u00e9voles) et des CPAS. La FdSS est agr\u00e9\u00e9e en tant [&hellip;]<\/p>\n","protected":false},"author":4,"featured_media":0,"parent":161,"menu_order":80,"comment_status":"closed","ping_status":"closed","template":"","meta":{"_acf_changed":false,"footnotes":""},"class_list":["post-453","page","type-page","status-publish","hentry"],"acf":[],"_links":{"self":[{"href":"https:\/\/www.fdss.be\/fr\/wp-json\/wp\/v2\/pages\/453","targetHints":{"allow":["GET"]}}],"collection":[{"href":"https:\/\/www.fdss.be\/fr\/wp-json\/wp\/v2\/pages"}],"about":[{"href":"https:\/\/www.fdss.be\/fr\/wp-json\/wp\/v2\/types\/page"}],"author":[{"embeddable":true,"href":"https:\/\/www.fdss.be\/fr\/wp-json\/wp\/v2\/users\/4"}],"replies":[{"embeddable":true,"href":"https:\/\/www.fdss.be\/fr\/wp-json\/wp\/v2\/comments?post=453"}],"version-history":[{"count":43,"href":"https:\/\/www.fdss.be\/fr\/wp-json\/wp\/v2\/pages\/453\/revisions"}],"predecessor-version":[{"id":14816,"href":"https:\/\/www.fdss.be\/fr\/wp-json\/wp\/v2\/pages\/453\/revisions\/14816"}],"up":[{"embeddable":true,"href":"https:\/\/www.fdss.be\/fr\/wp-json\/wp\/v2\/pages\/161"}],"wp:attachment":[{"href":"https:\/\/www.fdss.be\/fr\/wp-json\/wp\/v2\/media?parent=453"}],"curies":[{"name":"wp","href":"https:\/\/api.w.org\/{rel}","templated":true}]}}