{"id":4298,"date":"2020-06-09T17:09:27","date_gmt":"2020-06-09T15:09:27","guid":{"rendered":"https:\/\/0x1wxbcjat.preview.infomaniak.website\/?page_id=4298"},"modified":"2026-03-27T09:40:58","modified_gmt":"2026-03-27T08:40:58","slug":"numerovert-bdd","status":"publish","type":"page","link":"https:\/\/www.fdss.be\/fr\/numerovert-bdd\/","title":{"rendered":"Num\u00e9ro vert Allo ? aide sociale  &#8211; base de donn\u00e9es"},"content":{"rendered":"<h4 style=\"text-align: center;\"><strong>D\u00e9couvrez toutes les coordonn\u00e9es utiles class\u00e9es par th\u00e9matiques :<br \/>\n<\/strong><\/h4>\n<h3 style=\"text-align: center;\"><a href=\"https:\/\/feddesservicessociaux.sharepoint.com\/:x:\/s\/PartageExterne\/IQA6nrcTrKz-Q5EQrEPUWe3_AWawnh-2SrpKZRb3naGM930?e=TEBD0j\">Base de donn\u00e9es du num\u00e9ro vert ALLO? AIDE SOCIALE<\/a><\/h3>\n<p>&nbsp;<\/p>\n<p style=\"text-align: left;\"><strong>Vous souhaitez des informations sur le projet\u00a0: num\u00e9ro vert social bruxellois \u00ab\u00a0Allo\u00a0? Aide sociale\u00a0\u00bb : <a href=\"https:\/\/www.fdss.be\/fr\/membres\/allo-aide-sociale-numero-gratuit-bruxelles-0800-35-243\/\" target=\"_blank\" rel=\"noopener\">c&rsquo;est par ici<\/a> !<\/strong><em><br \/>\n<\/em><\/p>\n<p>Vous pourrez y trouver entre autres\u00a0:<\/p>\n<ul>\n<li>des informations sur le dispositif et ses missions ;<\/li>\n<li>des kits pour les partenaires ;<\/li>\n<li>les bilans mensuels des appels re\u00e7us au num\u00e9ro vert (2021 \u00e0 aujourd\u2019hui) ;<\/li>\n<li>les bilans globaux et analyses des donn\u00e9es plus pouss\u00e9es ;<\/li>\n<li>etc.<\/li>\n<\/ul>\n<div id=\"ConnectiveDocSignExtentionInstalled\" data-extension-version=\"1.0.4\"><\/div>\n<div id=\"ConnectiveDocSignExtentionInstalled\" data-extension-version=\"1.0.4\">\n<p>&nbsp;<\/p>\n<p><em>Remarque\u00a0: cette base de donn\u00e9es n&rsquo;est plus mise \u00e0 jour automatiquement. Toute correction d\u2019informations ou ajout d\u2019une organisation\/service peuvent \u00eatre communiqu\u00e9es \u00e0 la coordination du projet du num\u00e9ro vert (<a href=\"m&#97;&#105;&#x6c;&#x74;&#x6f;:t&#111;&#109;&#x2e;&#x64;&#x65;l&#112;&#105;&#101;&#x72;&#x72;&#x65;&#64;&#102;&#100;&#x73;&#x73;&#x2e;be\">&#x74;&#x6f;&#109;&#46;d&#x65;&#x6c;&#x70;&#105;er&#x72;&#x65;&#64;&#102;d&#x73;&#x73;&#x2e;&#98;e<\/a>).<\/em><\/p>\n<\/div>\n","protected":false},"excerpt":{"rendered":"<p>D\u00e9couvrez toutes les coordonn\u00e9es utiles class\u00e9es par th\u00e9matiques : Base de donn\u00e9es du num\u00e9ro vert ALLO? AIDE SOCIALE &nbsp; Vous souhaitez des informations sur le projet\u00a0: num\u00e9ro vert social bruxellois \u00ab\u00a0Allo\u00a0? Aide sociale\u00a0\u00bb : c&rsquo;est par ici ! Vous pourrez y trouver entre autres\u00a0: des informations sur le dispositif et ses missions ; des kits [&hellip;]<\/p>\n","protected":false},"author":4,"featured_media":0,"parent":0,"menu_order":44,"comment_status":"closed","ping_status":"closed","template":"","meta":{"_acf_changed":false,"footnotes":""},"class_list":["post-4298","page","type-page","status-publish","hentry"],"acf":[],"_links":{"self":[{"href":"https:\/\/www.fdss.be\/fr\/wp-json\/wp\/v2\/pages\/4298","targetHints":{"allow":["GET"]}}],"collection":[{"href":"https:\/\/www.fdss.be\/fr\/wp-json\/wp\/v2\/pages"}],"about":[{"href":"https:\/\/www.fdss.be\/fr\/wp-json\/wp\/v2\/types\/page"}],"author":[{"embeddable":true,"href":"https:\/\/www.fdss.be\/fr\/wp-json\/wp\/v2\/users\/4"}],"replies":[{"embeddable":true,"href":"https:\/\/www.fdss.be\/fr\/wp-json\/wp\/v2\/comments?post=4298"}],"version-history":[{"count":38,"href":"https:\/\/www.fdss.be\/fr\/wp-json\/wp\/v2\/pages\/4298\/revisions"}],"predecessor-version":[{"id":14753,"href":"https:\/\/www.fdss.be\/fr\/wp-json\/wp\/v2\/pages\/4298\/revisions\/14753"}],"wp:attachment":[{"href":"https:\/\/www.fdss.be\/fr\/wp-json\/wp\/v2\/media?parent=4298"}],"curies":[{"name":"wp","href":"https:\/\/api.w.org\/{rel}","templated":true}]}}