{"id":3510,"date":"2020-03-02T13:03:21","date_gmt":"2020-03-02T12:03:21","guid":{"rendered":"https:\/\/0x1wxbcjat.preview.infomaniak.website\/?page_id=3510"},"modified":"2026-04-28T15:22:23","modified_gmt":"2026-04-28T13:22:23","slug":"la-fdss","status":"publish","type":"page","link":"https:\/\/www.fdss.be\/fr\/la-fdss\/","title":{"rendered":"La FdSS"},"content":{"rendered":"<p><img loading=\"lazy\" decoding=\"async\" class=\"wp-image-12549 alignright\" src=\"https:\/\/www.fdss.be\/wp-content\/uploads\/2025_FdSS_ILLU_haut-parleur-500x452.png\" alt=\"\" width=\"315\" height=\"285\" srcset=\"https:\/\/www.fdss.be\/wp-content\/uploads\/2025_FdSS_ILLU_haut-parleur-500x452.png 500w, https:\/\/www.fdss.be\/wp-content\/uploads\/2025_FdSS_ILLU_haut-parleur-150x135.png 150w, https:\/\/www.fdss.be\/wp-content\/uploads\/2025_FdSS_ILLU_haut-parleur.png 661w\" sizes=\"auto, (max-width: 315px) 100vw, 315px\" \/>La <strong>FdSS*<\/strong> f\u00e9d\u00e8re et repr\u00e9sente des <a href=\"https:\/\/www.fdss.be\/member\/\">services sociaux associatifs<\/a><a href=\"https:\/\/www.fdss.be\/member\/\"> et mutuellistes<\/a> en Wallonie et \u00e0 Bruxelles.<\/p>\n<p><span dir=\"ltr\" role=\"presentation\">Pour soutenir les acteurs\u00b7rices sociaux\u00b7ales<\/span> de terrain, elle d\u00e9veloppe des projets, des formations et une expertise, dans les domaines du travail social et de l\u2019acc\u00e8s aux droits, plus particuli\u00e8rement le <a href=\"https:\/\/www.fdss.be\/concertation-aide-alimentaire\/\">droit \u00e0 l\u2019alimentation<\/a>, \u00e0 <a href=\"https:\/\/www.fdss.be\/centre-dappui-socialenergie\/\">l\u2019eau et \u00e0 l\u2019\u00e9nergie<\/a>.<\/p>\n<p>Elle agit \u00e0 l\u2019\u00e9chelle locale avec ses <a href=\"https:\/\/www.fdss.be\/fr\/hors-les-murs\/relais-action-quartier\/\">travailleurs\u00b7euses communautaires<\/a> en partenariat avec des structures locales.<\/p>\n<p>Elle contribue \u00e9galement \u00e0 la r\u00e9flexion en mati\u00e8re de travail social et de politique sociale via ses <a href=\"https:\/\/www.fdss.be\/fr\/crac\">projets de recherches-action<\/a>.<\/p>\n<p>\u00c0 partir de ses analyses et en collaboration avec les travailleurs\u00b7euses sociaux\u00b7ales, elle interpelle et formule des <a href=\"https:\/\/www.fdss.be\/fr\/publication\/#documents-politiques\">recommandations<\/a> \u00e0 l\u2019attention des pouvoirs publics et des acteurs\u00b7rices administratifs\u00b7ives et associatifs\u00b7ives.<\/p>\n<h5><span dir=\"ltr\" role=\"presentation\">* La FdSS (F\u00e9d\u00e9ration des Services Sociaux) regroupe deux ASBL distinctes mais s\u0153urs : l\u2019ASBL F\u00e9d\u00e9ration des Services Sociaux <\/span><span dir=\"ltr\" role=\"presentation\">et l\u2019ASBL F\u00e9d\u00e9ration des Services Sociaux Bicommunautaires \/ de VZW Federatie van de Bicommunautaire Maatschappelijke <\/span><span dir=\"ltr\" role=\"presentation\">Diensten. Elles mettent en commun leurs ressources et poursuivent des objectifs simi<\/span><span dir=\"ltr\" role=\"presentation\">laires, tout en \u00e9tant attentives, l\u2019une et l\u2019autre, \u00e0 d\u00e9fendre les int\u00e9r\u00eats sp\u00e9cifiques de leurs membres.<\/span><\/h5>\n<p>&nbsp;<\/p>\n<p><a class=\"button\" href=\"https:\/\/www.fdss.be\/wp-content\/uploads\/2025_FdSS_PUB_brochure-interactive_105x210_FR_V01.pdf\" target=\"_blank\" rel=\"noopener noreferrer\">Voir la brochure de pr\u00e9sentation<\/a><\/p>\n<p>&nbsp;<\/p>\n<h2>NOS COMBATS<\/h2>\n<div class=\"title_code\">In\u00e9galit\u00e9s sociales et pr\u00e9carit\u00e9s<\/div>\n        <div class=\"content_code\"><\/p>\n<p>Nous luttons contre les in\u00e9galit\u00e9s socio-\u00e9conomiques, les pr\u00e9carit\u00e9s et les exclusions. Pour cela, nous remettons en cause le syst\u00e8me producteur de ces in\u00e9galit\u00e9s et nous plaidons pour le renforcement des protections sociales et une meilleure justice sociale, fiscale et environnementale.<\/p>\n<p>Nous combattons aussi les st\u00e9r\u00e9otypes et les id\u00e9es re\u00e7ues \u00e0 propos de la pauvret\u00e9 et des personnes qui en sont victimes.<\/p>\n<p>Nous visons un partage et la reconnaissance des savoirs et des exp\u00e9riences de toutes et tous, dans une perspective de justice sociale.<\/p>\n<p>&nbsp;<\/p>\n<p><\/div>\n<div class=\"title_code\">Acc\u00e8s aux droits fondamentaux<\/div>\n        <div class=\"content_code\"><\/p>\n<p>Nous d\u00e9fendons et promouvons l\u2019acc\u00e8s aux droits fondamentaux* des personnes qui en sont le plus \u00e9loign\u00e9es. Au c\u0153ur de nos actions\u00a0: les droits \u00e0 la protection sociale, \u00e0 la justice, \u00e0 la vie priv\u00e9e, \u00e0 la sant\u00e9, \u00e0 l\u2019alimentation, \u00e0 l\u2019\u00e9nergie et \u00e0 l\u2019eau, \u00e0 un environnement sain, \u00e0 la culture, \u00e0 la citoyennet\u00e9, \u2026<\/p>\n<p>Ces droits fondamentaux sont consid\u00e9r\u00e9s comme interd\u00e9pendants.<\/p>\n<h5>*en r\u00e9f\u00e9rence \u00e0 l\u2019art. 23 de la constitution belge<\/h5>\n<p><\/div>\n<div class=\"title_code\">Une vision et une \u00e9thique du travail social<\/div>\n        <div class=\"content_code\">\n<p>Nous d\u00e9fendons un travail social respectueux de l\u2019\u00e9thique et du <a href=\"https:\/\/www.fdss.be\/wp-content\/uploads\/code_belge_AS.pdf\">code de d\u00e9ontologie<\/a>, tant dans les pratiques que dans les conditions d\u2019exercice.<\/p>\n<p>Nous d\u00e9fendons un travail social porteur de sens et de transformations sociales.<\/p>\n<p>En cons\u00e9quence, nous luttons contre l\u2019instrumentalisation du travail social \u00e0 des fins s\u00e9curitaires, de contr\u00f4le ou de r\u00e9pression.<\/p>\n<h3><\/div><\/h3>\n<h2>NOS ACTIONS<\/h2>\n<div class=\"title_code\">D\u00e9fendre &amp; Repr\u00e9senter<\/div>\n        <div class=\"content_code\"><\/p>\n<p>Nous poursuivons une mission de conseil, de plaidoyer et de repr\u00e9sentation par la d\u00e9fense des int\u00e9r\u00eats de <strong>services sociaux<\/strong> aupr\u00e8s des pouvoirs publics et de diverses instances consultatives et intersectorielles.<\/p>\n<p>&nbsp;<\/p>\n<p><\/div>\n<div class=\"title_code\">Former &amp; Accompagner<\/div>\n        <div class=\"content_code\"><\/p>\n<p>Nous accompagnons<strong> les organisations et les acteur\u00b7rice\u00b7s de terrain<\/strong> en d\u00e9veloppant des formations, des services, des projets et des outils pour soutenir le travail social.<\/p>\n<p>Nous nous impliquons dans la cr\u00e9ation d\u2019espaces de collaboration, de dialogue et de coordination, entre les acteurs de terrain, entre les membres de la FdSS ainsi qu\u2019avec d\u2019autres partenaires du secteur. Ce travail a pour finalit\u00e9 d\u2019\u00e9changer autour des pratiques professionnelles et des probl\u00e9matiques rencontr\u00e9es dans l\u2019action sociale.<\/p>\n<p>&nbsp;<\/p>\n<p><\/div>\n<div class=\"title_code\">Produire de l\u2019analyse, communiquer &amp; Interpeller<\/div>\n        <div class=\"content_code\"><\/p>\n<p>Pour nourrir l\u2019action, nous documentons et analysons les in\u00e9galit\u00e9s sociales, les formes de pr\u00e9carit\u00e9, les r\u00e9alit\u00e9s du travail social et les cons\u00e9quences des politiques sociales. Nos analyses s\u2019appuient sur les expertises multiples (sociologiques, professionnelles, exp\u00e9rientielles), en donnant aux personnes concern\u00e9es une place d\u2019acteur dans nos recherches.<\/p>\n<p>\u00c0 partir de ces analyses et en collaboration avec les travailleurs sociaux, nous interpellons et formulons des recommandations \u00e0 l\u2019attention des pouvoirs publics et des acteurs administratifs et associatifs.<\/p>\n<p>Nous initions ou participons \u00e0 des mobilisations, dans les m\u00e9dias ou l\u2019espace public, afin de sensibiliser sur les m\u00e9canismes g\u00e9n\u00e9rateurs d\u2019exclusion et producteurs d\u2019in\u00e9galit\u00e9s sociales.<\/p>\n<p>&nbsp;<\/p>\n<p><a href=\"https:\/\/www.fdss.be\/publication\/\">&gt;&gt; Nos publications<\/a><br \/>\n<a href=\"https:\/\/www.fdss.be\/recherchaction\/recherches\/\">&gt;&gt; Nos recherches<\/a><br \/>\n<a href=\"https:\/\/www.fdss.be\/publication\/#documents-politiques\">&gt;&gt; Nos documents politiques<\/a><\/p>\n<p><\/div>\n<div class=\"title_code\">Cr\u00e9er &amp; agir<\/div>\n        <div class=\"content_code\"><\/p>\n<p>\u00c0 partir de nos analyses et en interaction avec les acteurs de terrain et des habitant\u00b7e\u00b7s, nous impulsons et initions des projets l\u00e0 o\u00f9 des besoins, des demandes et des opportunit\u00e9s sont identifi\u00e9s.<\/p>\n<p>La FdSS agit ainsi en tant que laboratoire d\u2019id\u00e9es et de projets innovants dans diff\u00e9rents domaines de l\u2019action sociale.<\/p>\n<p>\u00c0 travers ces impulsions et ces projets, la FdSS cherche constamment les moyens de lever les contraintes qui p\u00e8sent sur les travailleur\u00b7euse\u00b7s sociaux\u00b7ales et les citoyen\u00b7ne\u00b7s en vue d\u2019am\u00e9liorer les conditions d\u2019existence de toutes et tous et de bousculer l\u2019ordre \u00e9tabli.<\/p>\n<p>&nbsp;<\/p>\n<p><\/div>\n<p>&nbsp;<\/p>\n<div class=\"box-dotted\"><\/p>\n<p>L&rsquo;assembl\u00e9e g\u00e9n\u00e9rale est compos\u00e9e de nos <a href=\"https:\/\/www.fdss.be\/fr\/member\/\">membres<\/a>. Le conseil d&rsquo;administration est compos\u00e9 de : Anne-Fran\u00e7oise Bastin, Anne Dussart, Gilles Hallez, Samuel Haquin, Caroline Vandermeersch et Gladys Villey.<\/p>\n<p><\/div>\n<p>\u00c0 la FdSS, nous sommes pour une communication inclusive qui vise \u00e0 garantir que chaque personne puisse comprendre et se sentir concern\u00e9e par les messages, en int\u00e9grant la diversit\u00e9 des publics cibles et en \u00e9vitant les exclusions ou st\u00e9r\u00e9otypes.<\/p>\n<div id=\"ConnectiveDocSignExtentionInstalled\" data-extension-version=\"1.0.4\"><\/div>\n<div id=\"ConnectiveDocSignExtentionInstalled\" data-extension-version=\"1.0.4\"><\/div>\n","protected":false},"excerpt":{"rendered":"<p>La FdSS* f\u00e9d\u00e8re et repr\u00e9sente des services sociaux associatifs et mutuellistes en Wallonie et \u00e0 Bruxelles. Pour soutenir les acteurs\u00b7rices sociaux\u00b7ales de terrain, elle d\u00e9veloppe des projets, des formations et une expertise, dans les domaines du travail social et de l\u2019acc\u00e8s aux droits, plus particuli\u00e8rement le droit \u00e0 l\u2019alimentation, \u00e0 l\u2019eau et \u00e0 l\u2019\u00e9nergie. Elle [&hellip;]<\/p>\n","protected":false},"author":4,"featured_media":0,"parent":0,"menu_order":51,"comment_status":"closed","ping_status":"closed","template":"","meta":{"_acf_changed":false,"footnotes":""},"class_list":["post-3510","page","type-page","status-publish","hentry"],"acf":[],"_links":{"self":[{"href":"https:\/\/www.fdss.be\/fr\/wp-json\/wp\/v2\/pages\/3510","targetHints":{"allow":["GET"]}}],"collection":[{"href":"https:\/\/www.fdss.be\/fr\/wp-json\/wp\/v2\/pages"}],"about":[{"href":"https:\/\/www.fdss.be\/fr\/wp-json\/wp\/v2\/types\/page"}],"author":[{"embeddable":true,"href":"https:\/\/www.fdss.be\/fr\/wp-json\/wp\/v2\/users\/4"}],"replies":[{"embeddable":true,"href":"https:\/\/www.fdss.be\/fr\/wp-json\/wp\/v2\/comments?post=3510"}],"version-history":[{"count":54,"href":"https:\/\/www.fdss.be\/fr\/wp-json\/wp\/v2\/pages\/3510\/revisions"}],"predecessor-version":[{"id":14858,"href":"https:\/\/www.fdss.be\/fr\/wp-json\/wp\/v2\/pages\/3510\/revisions\/14858"}],"wp:attachment":[{"href":"https:\/\/www.fdss.be\/fr\/wp-json\/wp\/v2\/media?parent=3510"}],"curies":[{"name":"wp","href":"https:\/\/api.w.org\/{rel}","templated":true}]}}