{"id":3113,"date":"2019-11-25T12:24:14","date_gmt":"2019-11-25T11:24:14","guid":{"rendered":"https:\/\/0x1wxbcjat.preview.infomaniak.website\/?page_id=3113"},"modified":"2023-07-25T12:11:57","modified_gmt":"2023-07-25T10:11:57","slug":"reportages-et-videos","status":"publish","type":"page","link":"https:\/\/www.fdss.be\/fr\/caa\/ressources-caa\/reportages-et-videos\/","title":{"rendered":"Reportages et vid\u00e9os"},"content":{"rendered":"<p><strong>Le grand march\u00e9 des invendus : \u00c9mission Tendances Premi\u00e8re (RTBF)<br \/>\n<\/strong><\/p>\n<p>D\u00e9cryptage du syst\u00e8me de l&rsquo;aide alimentaire en Belgique avec Laure de Hesselle, journaliste, Brigitte Grisar de la f\u00e9d\u00e9ration des services sociaux et Dominique Watteyne, du frigo solidaire Les Cagettes.<\/p>\n<p><a class=\"button\" href=\"https:\/\/www.rtbf.be\/auvio\/detail_tendances-premiere-le-dossier?id=2859946\" target=\"_blank\" rel=\"noopener\">Visionner la vid\u00e9o: Le grand march\u00e9 des invendus<\/a><\/p>\n<p>&nbsp;<\/p>\n<p><strong>L&rsquo;aide alimentaire en d\u00e9bat sur LN24 (octobre 2019)<\/strong><\/p>\n<p>avec Deborah Myaux, coordinatrice de projets \u00e0 la Concertation Aide Alimentaire ; Stephan Desgain, charg\u00e9 de recherche sur la souverainet\u00e9 alimentaire (CNCD &#8211; 11.11.11.) ; Jacques Fierens, avocat au barreau de Bruxelles sur les urgences alimentaires en Belgique ; Catarina Letor, journaliste et pr\u00e9sentatrice sur LN24.<\/p>\n<p><iframe loading=\"lazy\" src=\"https:\/\/www.youtube.com\/embed\/RmN6xuLnzF0\" width=\"560\" height=\"315\" frameborder=\"0\" allowfullscreen=\"allowfullscreen\"><\/iframe><\/p>\n<p>&nbsp;<\/p>\n<p><strong>Reportage du Festival Gastronomique Solidaire organis\u00e9 par le Ralliement des Fourchettes (17 juin 2018)<\/strong><\/p>\n<p><a class=\"button\" href=\"https:\/\/www.fdss.be\/concertation-aide-alimentaire\/projets\/le-ralliement-des-fourchettes\/\">En savoir plus sur le Ralliement des Fourchettes<\/a><\/p>\n<p><iframe loading=\"lazy\" src=\"https:\/\/www.youtube.com\/embed\/nj11g5weSL8\" width=\"560\" height=\"315\" frameborder=\"0\" allowfullscreen=\"allowfullscreen\" data-mce-fragment=\"1\"><\/iframe><\/p>\n<p>&nbsp;<\/p>\n<p><strong>\u00ab De la gastronomie pour tous \u00bb (2017)<\/strong><\/p>\n<p>La qualit\u00e9 et le service au c\u0153ur d\u2019une assiette gastronomique accessible \u00e0 tous : bienvenue chez \u00ab\u00a0Les Uns et les Autres\u00a0\u00bb !<\/p>\n<p><iframe loading=\"lazy\" src=\"https:\/\/www.youtube.com\/embed\/SK207hxPoEA\" width=\"500\" height=\"315\" frameborder=\"0\" data-mce-fragment=\"1\"><\/iframe><\/p>\n<p>&nbsp;<\/p>\n<p><strong> \u00ab Le sans-abrisme \u00e0 l\u2019\u00e8re de l\u2019alimentation durable \u00bb (2017)<\/strong><\/p>\n<p>Le restaurant social \u00ab\u00a0Le Clos\u00a0\u00bb pr\u00e9pare tous ses repas \u00e0 partir d\u2019invendus de la cha\u00eene agro-alimentaire et propose une fois\/sem un repas sans viande.<\/p>\n<p><iframe loading=\"lazy\" src=\"https:\/\/www.youtube.com\/embed\/uuxfYNmS0Ds\" width=\"500\" height=\"315\" frameborder=\"0\" data-mce-fragment=\"1\"><\/iframe><\/p>\n<p>&nbsp;<\/p>\n<p><strong>\u00ab Se nourrir\u00a0 et se soigner \u00e0 petits prix, un d\u00e9fi permanent ! \u00bb (2017)<\/strong><\/p>\n<p>Avec seulement quelques euros par jour ou par semaine, se nourrir sainement est un d\u00e9fi du quotidien. Le R\u00e9seau Sant\u00e9-Diab\u00e8te et l\u2019\u00e9picerie sociale Les Capucines proposent des aides pour soutenir les personnes qui y sont confront\u00e9es.<\/p>\n<p><iframe loading=\"lazy\" src=\"https:\/\/www.youtube.com\/embed\/i4LTmPE1U8s\" width=\"500\" height=\"315\" frameborder=\"0\" data-mce-fragment=\"1\"><\/iframe><\/p>\n<p>&nbsp;<\/p>\n","protected":false},"excerpt":{"rendered":"<p>Le grand march\u00e9 des invendus : \u00c9mission Tendances Premi\u00e8re (RTBF) D\u00e9cryptage du syst\u00e8me de l&rsquo;aide alimentaire en Belgique avec Laure de Hesselle, journaliste, Brigitte Grisar de la f\u00e9d\u00e9ration des services sociaux et Dominique Watteyne, du frigo solidaire Les Cagettes. Visionner la vid\u00e9o: Le grand march\u00e9 des invendus &nbsp; L&rsquo;aide alimentaire en d\u00e9bat sur LN24 (octobre [&hellip;]<\/p>\n","protected":false},"author":4,"featured_media":0,"parent":7423,"menu_order":71,"comment_status":"closed","ping_status":"closed","template":"","meta":{"_acf_changed":false,"footnotes":""},"class_list":["post-3113","page","type-page","status-publish","hentry"],"acf":[],"_links":{"self":[{"href":"https:\/\/www.fdss.be\/fr\/wp-json\/wp\/v2\/pages\/3113","targetHints":{"allow":["GET"]}}],"collection":[{"href":"https:\/\/www.fdss.be\/fr\/wp-json\/wp\/v2\/pages"}],"about":[{"href":"https:\/\/www.fdss.be\/fr\/wp-json\/wp\/v2\/types\/page"}],"author":[{"embeddable":true,"href":"https:\/\/www.fdss.be\/fr\/wp-json\/wp\/v2\/users\/4"}],"replies":[{"embeddable":true,"href":"https:\/\/www.fdss.be\/fr\/wp-json\/wp\/v2\/comments?post=3113"}],"version-history":[{"count":14,"href":"https:\/\/www.fdss.be\/fr\/wp-json\/wp\/v2\/pages\/3113\/revisions"}],"predecessor-version":[{"id":8143,"href":"https:\/\/www.fdss.be\/fr\/wp-json\/wp\/v2\/pages\/3113\/revisions\/8143"}],"up":[{"embeddable":true,"href":"https:\/\/www.fdss.be\/fr\/wp-json\/wp\/v2\/pages\/7423"}],"wp:attachment":[{"href":"https:\/\/www.fdss.be\/fr\/wp-json\/wp\/v2\/media?parent=3113"}],"curies":[{"name":"wp","href":"https:\/\/api.w.org\/{rel}","templated":true}]}}