{"id":2185,"date":"2019-06-25T15:54:28","date_gmt":"2019-06-25T13:54:28","guid":{"rendered":"https:\/\/0x1wxbcjat.preview.infomaniak.website\/?page_id=2185"},"modified":"2022-10-27T13:18:02","modified_gmt":"2022-10-27T11:18:02","slug":"le-ralliement-des-fourchettes","status":"publish","type":"page","link":"https:\/\/www.fdss.be\/fr\/caa\/projets\/le-ralliement-des-fourchettes\/","title":{"rendered":"Le Ralliement des Fourchettes"},"content":{"rendered":"<p>En Belgique, pr\u00e8s de 600 000 personnes doivent recourir \u00e0 l\u2019aide alimentaire.<a href=\"https:\/\/www.fdss.be\/concertation-aide-alimentaire\/projets\/le-ralliement-des-fourchettes\/21-29-1080px-insta-logo_01b\/\" rel=\"attachment wp-att-6164\"><img loading=\"lazy\" decoding=\"async\" class=\" wp-image-6164 alignright\" src=\"https:\/\/www.fdss.be\/wp-content\/uploads\/21-29-1080px-insta-logo_01B-500x500.jpg\" alt=\"\" width=\"237\" height=\"237\" srcset=\"https:\/\/www.fdss.be\/wp-content\/uploads\/21-29-1080px-insta-logo_01B-500x500.jpg 500w, https:\/\/www.fdss.be\/wp-content\/uploads\/21-29-1080px-insta-logo_01B-1024x1024.jpg 1024w, https:\/\/www.fdss.be\/wp-content\/uploads\/21-29-1080px-insta-logo_01B-150x150.jpg 150w, https:\/\/www.fdss.be\/wp-content\/uploads\/21-29-1080px-insta-logo_01B-768x768.jpg 768w, https:\/\/www.fdss.be\/wp-content\/uploads\/21-29-1080px-insta-logo_01B-1536x1536.jpg 1536w, https:\/\/www.fdss.be\/wp-content\/uploads\/21-29-1080px-insta-logo_01B-2048x2048.jpg 2048w, https:\/\/www.fdss.be\/wp-content\/uploads\/21-29-1080px-insta-logo_01B-60x60.jpg 60w, https:\/\/www.fdss.be\/wp-content\/uploads\/21-29-1080px-insta-logo_01B-400x400.jpg 400w\" sizes=\"auto, (max-width: 237px) 100vw, 237px\" \/><\/a><\/p>\n<p>\u00c0 Bruxelles, 33 % se trouve sous le seuil de pauvret\u00e9 !<\/p>\n<blockquote><p>Bien manger : un luxe de nos jours !<\/p><\/blockquote>\n<h2>Qui sommes-nous?<\/h2>\n<p><strong>Un r\u00e9seau de restaurants sociaux<\/strong> qui m\u00e8ne un combat \u00ab sans faim \u00bb pour l\u2019inclusion de tous.<\/p>\n<p>Un r\u00e9seau qui d\u00e9fend l\u2019acc\u00e8s \u00e0 l\u2019alimentation de qualit\u00e9 pour tous comme un droit fondamental.<\/p>\n<p>Un r\u00e9seau qui lutte contre la pr\u00e9carit\u00e9 alimentaire \u00e0 travers diff\u00e9rentes actions\u00a0:<\/p>\n<ul>\n<li>le soutien associatif : par la formation, l\u2019\u00e9change de bonnes pratiques, les sources d\u2019approvisionnement et la logistique<\/li>\n<li>\u00e9v\u00e9nementiel : par la communication, la sensibilisation, la revendication<\/li>\n<\/ul>\n<h2>Nos objectifs\u00a0?<\/h2>\n<p>Rendre un acc\u00e8s pour tous \u00e0 une assiette digne et de qualit\u00e9.<br \/>\nRevendiquer et porter ensemble des recommandations pour lutter contre la pr\u00e9carit\u00e9 des organismes d\u2019aide alimentaire.<br \/>\nRappeler que \u00ab<strong>\u00a0vaincre la pauvret\u00e9 est un choix de soci\u00e9t\u00e9\u00a0<\/strong>\u00bb.<\/p>\n<p><a href=\"https:\/\/www.fdss.be\/concertation-aide-alimentaire\/projets\/le-ralliement-des-fourchettes\/ralliementdesfourchettesrec-1024x341-2\/\" rel=\"attachment wp-att-5231\"><img loading=\"lazy\" decoding=\"async\" class=\"alignnone size-medium wp-image-5231\" src=\"https:\/\/www.fdss.be\/wp-content\/uploads\/ralliementdesfourchettesrec-1024x341-1-e1623749090603-500x252.jpg\" alt=\"\" width=\"500\" height=\"252\" srcset=\"https:\/\/www.fdss.be\/wp-content\/uploads\/ralliementdesfourchettesrec-1024x341-1-e1623749090603-500x252.jpg 500w, https:\/\/www.fdss.be\/wp-content\/uploads\/ralliementdesfourchettesrec-1024x341-1-e1623749090603-150x76.jpg 150w, https:\/\/www.fdss.be\/wp-content\/uploads\/ralliementdesfourchettesrec-1024x341-1-e1623749090603.jpg 675w\" sizes=\"auto, (max-width: 500px) 100vw, 500px\" \/><\/a><\/p>\n<h2 style=\"text-align: left;\">ACTU : le ralliement des fourchettes lance son foodtruck solidaire !<\/h2>\n<p style=\"text-align: center;\" data-wp-editing=\"1\"><a href=\"https:\/\/www.fdss.be\/hors-les-murs\/foodtruck-solidaire\/\"><img loading=\"lazy\" decoding=\"async\" class=\"alignnone wp-image-6156 size-medium\" src=\"https:\/\/www.fdss.be\/wp-content\/uploads\/21-29-CAA-820x360px-banner-facebook_01-e1636387620783-500x203.jpg\" alt=\"\" width=\"500\" height=\"203\" srcset=\"https:\/\/www.fdss.be\/wp-content\/uploads\/21-29-CAA-820x360px-banner-facebook_01-e1636387620783-500x203.jpg 500w, https:\/\/www.fdss.be\/wp-content\/uploads\/21-29-CAA-820x360px-banner-facebook_01-e1636387620783-150x61.jpg 150w, https:\/\/www.fdss.be\/wp-content\/uploads\/21-29-CAA-820x360px-banner-facebook_01-e1636387620783-768x312.jpg 768w, https:\/\/www.fdss.be\/wp-content\/uploads\/21-29-CAA-820x360px-banner-facebook_01-e1636387620783.jpg 807w\" sizes=\"auto, (max-width: 500px) 100vw, 500px\" \/><\/a><\/p>\n<p style=\"text-align: left;\"><a href=\"https:\/\/www.fdss.be\/hors-les-murs\/foodtruck-solidaire\/\"><span style=\"text-align: left;\">&gt;&gt; Les infos<\/span><\/a><\/p>\n<h2>Les membres du ralliement des fourchettes<\/h2>\n<p>&#8211; La Rencontre (asbl Source)<br \/>\n&#8211; Les Uns et Les Autres (asbl Mission Locale de Molenbeek)<br \/>\n&#8211; RestoJet<br \/>\n&#8211; L\u2019Ilot (Le Clos)<br \/>\n&#8211; La Porte Verte<br \/>\n&#8211; Le Comit\u00e9 de la Samaritaine<br \/>\n&#8211; Resto du C\u0153ur de St Gilles<br \/>\n&#8211; La F\u00e9d\u00e9ration des Services Sociaux (via la Concertation Aide Alimentaire)<br \/>\n&#8211; Le restaurant Le Tero<\/p>\n<p><strong>Avec le soutien de :<\/strong><br \/>\nLa Fondation 4 wings &#8211; La R\u00e9gion de Bruxelles-Capitale &#8211; La Commission Communautaire Commune<\/p>\n<h2>Nous soutenir et\/ou nous rejoindre\u00a0?<\/h2>\n<p>Contacter Brigitte Grisar de la F\u00e9d\u00e9ration des Services Sociaux\u00a0: <a href=\"&#109;&#x61;i&#x6c;&#x74;&#111;&#x3a;b&#x72;&#x69;&#103;&#x69;t&#x74;&#x65;&#46;&#x67;r&#x69;&#x73;&#97;&#x72;&#64;&#x66;&#x64;&#115;&#x73;&#46;&#x62;&#x65;\">&#x62;r&#x69;&#103;&#x69;&#116;t&#x65;&#46;&#x67;&#114;i&#x73;&#97;&#x72;&#64;f&#x64;s&#x73;&#46;&#x62;&#x65;<\/a><\/p>\n<p><a href=\"https:\/\/www.facebook.com\/ralliementdesfourchettes\/?__tn__=kC-R&amp;eid=ARC07oHIu-7X8SEYI6fD6-ceojxEWoICSSciNVxPPRi8k-JzELhCkJlTamwXpnPYKYJb-5YhVMFBNHPm&amp;hc_ref=ARQvm6z4eH6sQJIueS_c-YnEJ3sMJU1XLoePhsvYmh0qbmyLTRPqBQMLIHlKH3QF9L4&amp;__xts__[0]=68.ARCS7n7njOS9ft99oHIshlSceMH_MZ0m1l9hqD5VxR5nCJ8XuzuGQesL8EZagPc3-jspHNCkswTgGG-t17ChXwqyep1ztUd3R2VEnbVH_rlHGoUIhX7jaRqR6zkzmtqtiz1v0MAQ3tk-b_ocgGMhILdjeUsx9cystvzD2ual551BN0iXpIakSw-ByJANjD5qaw5WYLjFPARDYv3VvzIwFNbcHptDj9jwugvBgbhi9mEHrPob8XebvpDgL9yyNOpW_j6GpeVdFC9f4PvBRgtzSB_xhHBkh4sY1qU_ueBEDwdIAzFQf_xJstfLgNed4ui2f_6mmsL0sMTLYLruEkvS0E0V3w7CgXFi4JejrF8lp3zjYh_5MGNOyj5C1wZZ_OF1WecVD3I-5gFPjyEbEOzK68dW\">Nous rejoindre sur facebook\u00a0<\/a><\/p>\n<p>&nbsp;<\/p>\n<p><strong>After Movie du Festival Gastronomique Solidaire du 17 juin 2018<\/strong><\/p>\n<p><iframe loading=\"lazy\" src=\"https:\/\/www.youtube.com\/embed\/nj11g5weSL8\" width=\"560\" height=\"315\" frameborder=\"0\" allowfullscreen=\"allowfullscreen\"><\/iframe><\/p>\n<p>&nbsp;<\/p>\n<p>&nbsp;<\/p>\n","protected":false},"excerpt":{"rendered":"<p>En Belgique, pr\u00e8s de 600 000 personnes doivent recourir \u00e0 l\u2019aide alimentaire. \u00c0 Bruxelles, 33 % se trouve sous le seuil de pauvret\u00e9 ! Bien manger : un luxe de nos jours ! Qui sommes-nous? Un r\u00e9seau de restaurants sociaux qui m\u00e8ne un combat \u00ab sans faim \u00bb pour l\u2019inclusion de tous. Un r\u00e9seau qui [&hellip;]<\/p>\n","protected":false},"author":4,"featured_media":6150,"parent":2148,"menu_order":77,"comment_status":"closed","ping_status":"closed","template":"","meta":{"_acf_changed":false,"footnotes":""},"class_list":["post-2185","page","type-page","status-publish","has-post-thumbnail","hentry"],"acf":[],"_links":{"self":[{"href":"https:\/\/www.fdss.be\/fr\/wp-json\/wp\/v2\/pages\/2185","targetHints":{"allow":["GET"]}}],"collection":[{"href":"https:\/\/www.fdss.be\/fr\/wp-json\/wp\/v2\/pages"}],"about":[{"href":"https:\/\/www.fdss.be\/fr\/wp-json\/wp\/v2\/types\/page"}],"author":[{"embeddable":true,"href":"https:\/\/www.fdss.be\/fr\/wp-json\/wp\/v2\/users\/4"}],"replies":[{"embeddable":true,"href":"https:\/\/www.fdss.be\/fr\/wp-json\/wp\/v2\/comments?post=2185"}],"version-history":[{"count":38,"href":"https:\/\/www.fdss.be\/fr\/wp-json\/wp\/v2\/pages\/2185\/revisions"}],"predecessor-version":[{"id":2187,"href":"https:\/\/www.fdss.be\/fr\/wp-json\/wp\/v2\/pages\/2185\/revisions\/2187"}],"up":[{"embeddable":true,"href":"https:\/\/www.fdss.be\/fr\/wp-json\/wp\/v2\/pages\/2148"}],"wp:featuredmedia":[{"embeddable":true,"href":"https:\/\/www.fdss.be\/fr\/wp-json\/wp\/v2\/media\/6150"}],"wp:attachment":[{"href":"https:\/\/www.fdss.be\/fr\/wp-json\/wp\/v2\/media?parent=2185"}],"curies":[{"name":"wp","href":"https:\/\/api.w.org\/{rel}","templated":true}]}}