{"id":205,"date":"2019-02-06T09:52:38","date_gmt":"2019-02-06T08:52:38","guid":{"rendered":"http:\/\/ry0xytcrk.preview.infomaniak.website\/?page_id=205"},"modified":"2025-04-09T15:24:24","modified_gmt":"2025-04-09T13:24:24","slug":"site","status":"publish","type":"page","link":"https:\/\/www.fdss.be\/fr\/case\/site\/","title":{"rendered":"Le site SocialEnergie"},"content":{"rendered":"<div class=\"su-animate\" style=\"opacity:0;-webkit-animation-duration:1s;-webkit-animation-delay:0s;animation-duration:1s;animation-delay:0s;\" data-animation=\"bounceInUp\" data-duration=\"1\" data-delay=\"0\">\nLe site du Centre d\u2019Appui SocialEnergie met \u00e0 disposition une s\u00e9rie de services relatifs \u00e0 ses missions<\/p>\n<ul>\n<li>des <strong>outils<\/strong> et <strong>informations<\/strong> pour les travailleurs sociaux en mati\u00e8re d&rsquo;\u00e9nergie et eau<\/li>\n<li>\u00a0les\u00a0<strong>actualit\u00e9s<\/strong> des secteurs de l\u2019\u00e9nergie et de l\u2019eau<\/li>\n<li>le catalogue des <strong>formations<\/strong> \u00e9nergie et eau<\/li>\n<li>les<strong> recommandations<\/strong> et <strong>publications<\/strong> du CASE.<\/li>\n<\/ul>\n<p><a class=\"button\" href=\"http:\/\/www.socialenergie.be\" target=\"_blank\" rel=\"noopener noreferrer\">Vers le site &gt;<\/a><br \/>\n<\/div>\n<div class=\"su-animate\" style=\"opacity:0;-webkit-animation-duration:1s;-webkit-animation-delay:0s;animation-duration:1s;animation-delay:0s;\" data-animation=\"bounceInUp\" data-duration=\"1\" data-delay=\"0\">\n<a href=\"http:\/\/www.socialenergie.be\" target=\"_blank\" rel=\"noopener noreferrer\"><br \/>\n<img loading=\"lazy\" decoding=\"async\" class=\"alignnone wp-image-13061 size-full\" src=\"https:\/\/www.fdss.be\/wp-content\/uploads\/Site-SocialEnergie.png\" alt=\"\" width=\"1248\" height=\"912\" srcset=\"https:\/\/www.fdss.be\/wp-content\/uploads\/Site-SocialEnergie.png 1248w, https:\/\/www.fdss.be\/wp-content\/uploads\/Site-SocialEnergie-500x365.png 500w, https:\/\/www.fdss.be\/wp-content\/uploads\/Site-SocialEnergie-1024x748.png 1024w, https:\/\/www.fdss.be\/wp-content\/uploads\/Site-SocialEnergie-150x110.png 150w, https:\/\/www.fdss.be\/wp-content\/uploads\/Site-SocialEnergie-768x561.png 768w\" sizes=\"auto, (max-width: 1248px) 100vw, 1248px\" \/><\/a><br \/>\n<\/div>\n","protected":false},"excerpt":{"rendered":"","protected":false},"author":4,"featured_media":0,"parent":163,"menu_order":66,"comment_status":"closed","ping_status":"closed","template":"","meta":{"_acf_changed":false,"footnotes":""},"class_list":["post-205","page","type-page","status-publish","hentry"],"acf":[],"_links":{"self":[{"href":"https:\/\/www.fdss.be\/fr\/wp-json\/wp\/v2\/pages\/205","targetHints":{"allow":["GET"]}}],"collection":[{"href":"https:\/\/www.fdss.be\/fr\/wp-json\/wp\/v2\/pages"}],"about":[{"href":"https:\/\/www.fdss.be\/fr\/wp-json\/wp\/v2\/types\/page"}],"author":[{"embeddable":true,"href":"https:\/\/www.fdss.be\/fr\/wp-json\/wp\/v2\/users\/4"}],"replies":[{"embeddable":true,"href":"https:\/\/www.fdss.be\/fr\/wp-json\/wp\/v2\/comments?post=205"}],"version-history":[{"count":21,"href":"https:\/\/www.fdss.be\/fr\/wp-json\/wp\/v2\/pages\/205\/revisions"}],"predecessor-version":[{"id":13064,"href":"https:\/\/www.fdss.be\/fr\/wp-json\/wp\/v2\/pages\/205\/revisions\/13064"}],"up":[{"embeddable":true,"href":"https:\/\/www.fdss.be\/fr\/wp-json\/wp\/v2\/pages\/163"}],"wp:attachment":[{"href":"https:\/\/www.fdss.be\/fr\/wp-json\/wp\/v2\/media?parent=205"}],"curies":[{"name":"wp","href":"https:\/\/api.w.org\/{rel}","templated":true}]}}