{"id":196,"date":"2019-02-06T09:50:48","date_gmt":"2019-02-06T08:50:48","guid":{"rendered":"http:\/\/ry0xytcrk.preview.infomaniak.website\/?page_id=196"},"modified":"2026-03-23T11:43:21","modified_gmt":"2026-03-23T10:43:21","slug":"laide-alimentaire-en-belgique","status":"publish","type":"page","link":"https:\/\/www.fdss.be\/fr\/caa\/laide-alimentaire-en-belgique\/","title":{"rendered":"L&rsquo;aide alimentaire en Belgique"},"content":{"rendered":"<p>Aujourd\u2019hui, on estime que vit <strong>dans la pauvret\u00e9<\/strong> une personne dont le revenu n\u2019atteint pas 1.565 euros par mois pour une personne isol\u00e9e ou 3.287 euros par mois pour un m\u00e9nage compos\u00e9 de deux adultes et deux enfants. <strong>En Belgique, cela concerne 1 personne sur 10<\/strong>, mais la situation s&rsquo;aggrave en R\u00e9gion wallonne (13%) et en R\u00e9gion bruxelloise (23%).<\/p>\n<p>Les personnes qui vivent dans cette situation ont alors trop peu de moyens pour payer \u00e0 la fois le logement, l\u2019\u00e9nergie, les soins de sant\u00e9, les autres frais obligatoires et la nourriture. Beaucoup<strong> se privent de manger<\/strong> pour nourrir un proche ou un enfant. D&rsquo;autres se tournent alors vers l\u2019aide alimentaire. Entre les distributions de colis, les restaurants sociaux ou encore les \u00e9piceries sociales, <strong>on estime que 600.000 personnes recourent \u00e0 l\u2019aide alimentaire en Belgique. <\/strong>Ce chiffre a <strong>doubl\u00e9<\/strong> depuis 10 ans.<\/p>\n<p>Sur le terrain, les organisations tentent, tant bien que mal, de r\u00e9pondre aux besoins. Parfois professionnelles, reposant souvent exclusivement sur du travail b\u00e9n\u00e9vole, ces organisations ont comme point commun de manquer cruellement de moyens pour faire face \u00e0 une demande toujours croissante.<\/p>\n<h3>En Wallonie<\/h3>\n<p>En Wallonie, des services d\u2019aide alimentaire sont pr\u00e9sents sur l\u2019ensemble du territoire, tant dans les grosses agglom\u00e9rations que dans des zones rurales. On y d\u00e9nombre\u00a0:<\/p>\n<ul>\n<li><strong>plus de 400 services de distribution de colis alimentaires<\/strong> g\u00e9r\u00e9s par des conf\u00e9rences et centres de la Soci\u00e9t\u00e9 de Saint Vincent de Paul (plus du tiers), par des CPAS (autour d\u2019un tiers \u00e9galement), par la Croix-Rouge de Belgique et par diff\u00e9rentes associations<\/li>\n<li><strong>plus d&rsquo;une centaine d&rsquo;\u00e9piceries sociales<\/strong>, dont plusieurs en projet<\/li>\n<li><strong>plus d&rsquo;une cinquantaine de restaurants sociaux<\/strong><\/li>\n<li>quelques<strong> frigos solidaires<\/strong>, dont plusieurs en projet<\/li>\n<\/ul>\n<p>Afin de r\u00e9pondre aux enjeux de mobilit\u00e9 propre \u00e0 la Wallonie, l\u2019aide alimentaire y prend parfois des formes sp\u00e9cifiques : livraison \u00e0 domicile, services de distribution mobile, ch\u00e8ques alimentaires, etc.<\/p>\n<p>En 2017, le Parlement wallon a adopt\u00e9 un D\u00e9cret ins\u00e9rant des dispositions relatives \u00e0 l\u2019aide alimentaire dans le Code wallon de l\u2019Action sociale et de la Sant\u00e9 (publi\u00e9 au MB le 2\/05\/2017). Ce d\u00e9cret pr\u00e9voit d\u2019agr\u00e9er et de financer des \u00e9piceries sociales et des restaurants sociaux, \u00e0 charge pour ceux-ci d\u2019assurer un \u00ab accompagnement social (des b\u00e9n\u00e9ficiaires) soit en interne soit via une convention de partenariat \u00bb. Ce d\u00e9cret a \u00e9galement ouvert la voie \u00e0 la reconnaissance de la Concertation Aide Alimentaire\u00a0en tant qu\u2019 \u00ab\u00a0organisme wallon de concertation de l\u2019aide alimentaire\u00a0\u00bb.<\/p>\n<h3>A Bruxelles<\/h3>\n<p>En R\u00e9gion bruxelloise, on d\u00e9nombre :<\/p>\n<ul>\n<li>une<strong> septantaine de<\/strong><strong> services de distribution de colis alimentaires <\/strong><strong><br \/>\n<\/strong><\/li>\n<li>une<strong> quarantaine de restaurants sociaux <\/strong><strong><br \/>\n<\/strong><\/li>\n<li><span style=\"color: #6e6e70;\">une <\/span><strong>douzaine d&rsquo;\u00e9piceries sociales\u00a0<\/strong><\/li>\n<li>une<strong> dizaine de frigos solidaires<\/strong>, dont plusieurs en projet<\/li>\n<li>et de nombreuses maraudes pour les personnes habitant en rue<\/li>\n<\/ul>\n<p>On estime que plus de <strong>90 000 personnes <\/strong>ont recours \u00e0 l\u2019aide alimentaire en R\u00e9gion bruxelloise.<\/p>\n<p>&nbsp;<\/p>\n<h3>Comment s&rsquo;organise l&rsquo;aide alimentaire?<\/h3>\n<p><img loading=\"lazy\" decoding=\"async\" class=\"alignnone wp-image-13567\" src=\"https:\/\/www.fdss.be\/wp-content\/uploads\/2025_CAA_schema-aa_A3_V02-500x177.jpg\" alt=\"\" width=\"834\" height=\"295\" srcset=\"https:\/\/www.fdss.be\/wp-content\/uploads\/2025_CAA_schema-aa_A3_V02-500x177.jpg 500w, https:\/\/www.fdss.be\/wp-content\/uploads\/2025_CAA_schema-aa_A3_V02-1024x362.jpg 1024w, https:\/\/www.fdss.be\/wp-content\/uploads\/2025_CAA_schema-aa_A3_V02-150x53.jpg 150w, https:\/\/www.fdss.be\/wp-content\/uploads\/2025_CAA_schema-aa_A3_V02-768x272.jpg 768w, https:\/\/www.fdss.be\/wp-content\/uploads\/2025_CAA_schema-aa_A3_V02-1536x543.jpg 1536w, https:\/\/www.fdss.be\/wp-content\/uploads\/2025_CAA_schema-aa_A3_V02-2048x724.jpg 2048w\" sizes=\"auto, (max-width: 834px) 100vw, 834px\" \/><\/p>\n<p>&nbsp;<\/p>\n<p>&nbsp;<\/p>\n","protected":false},"excerpt":{"rendered":"<p>Aujourd\u2019hui, on estime que vit dans la pauvret\u00e9 une personne dont le revenu n\u2019atteint pas 1.565 euros par mois pour une personne isol\u00e9e ou 3.287 euros par mois pour un m\u00e9nage compos\u00e9 de deux adultes et deux enfants. En Belgique, cela concerne 1 personne sur 10, mais la situation s&rsquo;aggrave en R\u00e9gion wallonne (13%) et [&hellip;]<\/p>\n","protected":false},"author":4,"featured_media":0,"parent":161,"menu_order":82,"comment_status":"closed","ping_status":"closed","template":"","meta":{"_acf_changed":false,"footnotes":""},"class_list":["post-196","page","type-page","status-publish","hentry"],"acf":[],"_links":{"self":[{"href":"https:\/\/www.fdss.be\/fr\/wp-json\/wp\/v2\/pages\/196","targetHints":{"allow":["GET"]}}],"collection":[{"href":"https:\/\/www.fdss.be\/fr\/wp-json\/wp\/v2\/pages"}],"about":[{"href":"https:\/\/www.fdss.be\/fr\/wp-json\/wp\/v2\/types\/page"}],"author":[{"embeddable":true,"href":"https:\/\/www.fdss.be\/fr\/wp-json\/wp\/v2\/users\/4"}],"replies":[{"embeddable":true,"href":"https:\/\/www.fdss.be\/fr\/wp-json\/wp\/v2\/comments?post=196"}],"version-history":[{"count":67,"href":"https:\/\/www.fdss.be\/fr\/wp-json\/wp\/v2\/pages\/196\/revisions"}],"predecessor-version":[{"id":14714,"href":"https:\/\/www.fdss.be\/fr\/wp-json\/wp\/v2\/pages\/196\/revisions\/14714"}],"up":[{"embeddable":true,"href":"https:\/\/www.fdss.be\/fr\/wp-json\/wp\/v2\/pages\/161"}],"wp:attachment":[{"href":"https:\/\/www.fdss.be\/fr\/wp-json\/wp\/v2\/media?parent=196"}],"curies":[{"name":"wp","href":"https:\/\/api.w.org\/{rel}","templated":true}]}}