{"id":159,"date":"2019-02-06T09:35:44","date_gmt":"2019-02-06T08:35:44","guid":{"rendered":"http:\/\/ry0xytcrk.preview.infomaniak.website\/?page_id=159"},"modified":"2024-12-17T15:01:25","modified_gmt":"2024-12-17T14:01:25","slug":"membres","status":"publish","type":"page","link":"https:\/\/www.fdss.be\/fr\/membres\/","title":{"rendered":"Les membres effectifs"},"content":{"rendered":"<p>La FdSS-FdSSB f\u00e9d\u00e8re des services sociaux associatifs bruxellois (CASG, CAP, SASLS) et wallons (CSS, ILI, SASPP) reconnus et\/ou agr\u00e9\u00e9s.\u00a0Leur champ d\u2019action est la lutte contre la pauvret\u00e9, la pr\u00e9carit\u00e9 et l\u2019exclusion sociale.<\/p>\n","protected":false},"excerpt":{"rendered":"<p>La FdSS-FdSSB f\u00e9d\u00e8re des services sociaux associatifs bruxellois (CASG, CAP, SASLS) et wallons (CSS, ILI, SASPP) reconnus et\/ou agr\u00e9\u00e9s.\u00a0Leur champ d\u2019action est la lutte contre la pauvret\u00e9, la pr\u00e9carit\u00e9 et l\u2019exclusion sociale.<\/p>\n","protected":false},"author":4,"featured_media":0,"parent":0,"menu_order":87,"comment_status":"closed","ping_status":"closed","template":"temp_home_sections.php","meta":{"_acf_changed":false,"footnotes":""},"class_list":["post-159","page","type-page","status-publish","hentry"],"acf":[],"_links":{"self":[{"href":"https:\/\/www.fdss.be\/fr\/wp-json\/wp\/v2\/pages\/159","targetHints":{"allow":["GET"]}}],"collection":[{"href":"https:\/\/www.fdss.be\/fr\/wp-json\/wp\/v2\/pages"}],"about":[{"href":"https:\/\/www.fdss.be\/fr\/wp-json\/wp\/v2\/types\/page"}],"author":[{"embeddable":true,"href":"https:\/\/www.fdss.be\/fr\/wp-json\/wp\/v2\/users\/4"}],"replies":[{"embeddable":true,"href":"https:\/\/www.fdss.be\/fr\/wp-json\/wp\/v2\/comments?post=159"}],"version-history":[{"count":7,"href":"https:\/\/www.fdss.be\/fr\/wp-json\/wp\/v2\/pages\/159\/revisions"}],"predecessor-version":[{"id":12213,"href":"https:\/\/www.fdss.be\/fr\/wp-json\/wp\/v2\/pages\/159\/revisions\/12213"}],"wp:attachment":[{"href":"https:\/\/www.fdss.be\/fr\/wp-json\/wp\/v2\/media?parent=159"}],"curies":[{"name":"wp","href":"https:\/\/api.w.org\/{rel}","templated":true}]}}