{"id":1247,"date":"2019-05-17T09:38:50","date_gmt":"2019-05-17T07:38:50","guid":{"rendered":"http:\/\/ry0xytcrk.preview.infomaniak.website\/?page_id=1247"},"modified":"2020-02-10T17:34:07","modified_gmt":"2020-02-10T16:34:07","slug":"conditions-relatives-au-traitement-des-donnees","status":"publish","type":"page","link":"https:\/\/www.fdss.be\/fr\/conditions-relatives-au-traitement-des-donnees\/","title":{"rendered":"Conditions relatives au traitement des donn\u00e9es"},"content":{"rendered":"<p>Ce site Web comporte des informations nominatives concernant notamment le personnel de l\u2019ASBL F\u00e9d\u00e9ration des Services Sociaux et de ses partenaires. Vous disposez d\u2019un droit d\u2019acc\u00e8s, de modification, de rectification et de suppression des donn\u00e9es vous concernant en ligne sur ce site. Pour exercer ce droit adressez vous \u00e0 l\u2019administrateur du site via <a href=\"&#x6d;a&#x69;&#108;&#x74;&#111;:&#x69;&#110;&#x66;&#111;&#64;&#x66;&#100;&#x73;&#115;&#46;&#x62;e\">in&#102;&#111;&#64;&#102;&#x64;&#x73;&#x73;&#x2e;&#x62;e<\/a> .<\/p>\n<p>Pour en savoir plus sur le R\u00e8glement G\u00e9n\u00e9ral de Protection des Donn\u00e9es : <a href=\"https:\/\/www.autoriteprotectiondonnees.be\" target=\"_blank\" rel=\"noopener noreferrer\">https:\/\/www.autoriteprotectiondonnees.be<\/a><\/p>\n","protected":false},"excerpt":{"rendered":"<p>Ce site Web comporte des informations nominatives concernant notamment le personnel de l\u2019ASBL F\u00e9d\u00e9ration des Services Sociaux et de ses partenaires. Vous disposez d\u2019un droit d\u2019acc\u00e8s, de modification, de rectification et de suppression des donn\u00e9es vous concernant en ligne sur ce site. Pour exercer ce droit adressez vous \u00e0 l\u2019administrateur du site via &#x69;n&#x66;&#111;&#x40;&#102;&#x64;&#x73;s&#x2e;&#98;&#x65; . [&hellip;]<\/p>\n","protected":false},"author":4,"featured_media":0,"parent":0,"menu_order":59,"comment_status":"closed","ping_status":"closed","template":"","meta":{"_acf_changed":false,"footnotes":""},"class_list":["post-1247","page","type-page","status-publish","hentry"],"acf":[],"_links":{"self":[{"href":"https:\/\/www.fdss.be\/fr\/wp-json\/wp\/v2\/pages\/1247","targetHints":{"allow":["GET"]}}],"collection":[{"href":"https:\/\/www.fdss.be\/fr\/wp-json\/wp\/v2\/pages"}],"about":[{"href":"https:\/\/www.fdss.be\/fr\/wp-json\/wp\/v2\/types\/page"}],"author":[{"embeddable":true,"href":"https:\/\/www.fdss.be\/fr\/wp-json\/wp\/v2\/users\/4"}],"replies":[{"embeddable":true,"href":"https:\/\/www.fdss.be\/fr\/wp-json\/wp\/v2\/comments?post=1247"}],"version-history":[{"count":2,"href":"https:\/\/www.fdss.be\/fr\/wp-json\/wp\/v2\/pages\/1247\/revisions"}],"predecessor-version":[{"id":1251,"href":"https:\/\/www.fdss.be\/fr\/wp-json\/wp\/v2\/pages\/1247\/revisions\/1251"}],"wp:attachment":[{"href":"https:\/\/www.fdss.be\/fr\/wp-json\/wp\/v2\/media?parent=1247"}],"curies":[{"name":"wp","href":"https:\/\/api.w.org\/{rel}","templated":true}]}}