{"id":122,"date":"2018-08-07T12:23:28","date_gmt":"2018-08-07T10:23:28","guid":{"rendered":"http:\/\/ry0xytcrk.preview.infomaniak.website?page_id=122"},"modified":"2025-08-18T09:50:27","modified_gmt":"2025-08-18T07:50:27","slug":"a-propos","status":"publish","type":"page","link":"https:\/\/www.fdss.be\/fr\/membres\/a-propos\/","title":{"rendered":"La coordination des membres"},"content":{"rendered":"<div class=\"su-row\"><div class=\"su-column su-column-size-1-2\"><div class=\"su-column-inner su-u-clearfix su-u-trim\">\n<p>Le c\u0153ur de m\u00e9tier de la FdSS est de soutenir les <strong>travailleurs\u00b7euses sociaux\u00b7ales<\/strong> et le <strong>travail social <\/strong>au sens large. Le r\u00f4le et la place de ces m\u00e9tiers sont essentiels pour le maintien et le renforcement d\u2019une soci\u00e9t\u00e9 solidaire et d\u00e9mocratique. Consciente des difficult\u00e9s croissantes auxquelles le secteur fait face (creusement des in\u00e9galit\u00e9s, pr\u00e9carisation des financements des associations, etc.), la FdSS s&rsquo;ouvre \u00e0 de <strong>nouveaux membres<\/strong> afin d\u2019\u00e9largir la <strong>solidarit\u00e9 entre les acteurs<\/strong> qui partagent des valeurs et des <strong>enjeux communs<\/strong>. La FdSS propose aux <strong>travailleurs\u00b7euses sociaux\u00b7ales<\/strong> et aux <strong>associations<\/strong> qui le souhaitent de devenir <strong>membres adh\u00e9rents<\/strong>.<\/p>\n<p>La FdSS offrira un <strong>service diff\u00e9rent <\/strong>aux <a href=\"https:\/\/www.fdss.be\/fr\/member\/\">membres effectifs<\/a> et aux <a href=\"https:\/\/www.fdss.be\/fr\/membres-adherents\/\">membres adh\u00e9rents<\/a>. Les membres effectifs pourront compter sur un soutien et une repr\u00e9sentation de la FdSS sur les <strong>aspects employeurs<\/strong> (f\u00e9d\u00e9ration patronale). Les membres adh\u00e9rents auront acc\u00e8s aux <strong>r\u00e9flexions sur les enjeux de fond<\/strong> du travail social et la sp\u00e9cificit\u00e9 du secteur associatif (f\u00e9d\u00e9ration de services).<\/p>\n<\/div><\/div> <div class=\"su-column su-column-size-1-2\"><div class=\"su-column-inner su-u-clearfix su-u-trim\"><img loading=\"lazy\" decoding=\"async\" class=\"wp-image-4696 aligncenter\" src=\"https:\/\/www.fdss.be\/wp-content\/uploads\/20014-schema_02-488x500.jpg\" alt=\"\" width=\"434\" height=\"445\" srcset=\"https:\/\/www.fdss.be\/wp-content\/uploads\/20014-schema_02-488x500.jpg 488w, https:\/\/www.fdss.be\/wp-content\/uploads\/20014-schema_02-999x1024.jpg 999w, https:\/\/www.fdss.be\/wp-content\/uploads\/20014-schema_02-146x150.jpg 146w, https:\/\/www.fdss.be\/wp-content\/uploads\/20014-schema_02-768x787.jpg 768w, https:\/\/www.fdss.be\/wp-content\/uploads\/20014-schema_02.jpg 1210w\" sizes=\"auto, (max-width: 434px) 100vw, 434px\" \/><\/div><\/div> <\/div>\n<p><strong>La FdSS coordonne actuellement six types de services sociaux (CASG, CAP, SASLS, CSS, ILI, SASPP)<\/strong><\/p>\n<div class=\"title_code\">Coordination des membres<\/div>\n        <div class=\"content_code\">\n<p>Ce travail se traduit par un soutien dans leur r\u00e9flexion sur les questions sociales ;<\/p>\n<p>Elle les informe sur les questions patronales et les changements de cadre l\u00e9gal ;<\/p>\n<p>Elle soutient la cr\u00e9ation, au sein de chaque secteur, d\u2019une dynamique collective commune ;<\/p>\n<p>Elle favorise \u00e9galement un dialogue permanent entre les membres d\u2019un m\u00eame secteur et de secteurs diff\u00e9rents, par le biais des Inter-Centres et des groupes de travail.<\/p>\n<p>&nbsp;<\/p>\n<\/div>\n<div class=\"title_code\">Les inter-centres<\/div>\n        <div class=\"content_code\">\n<p>Les Inter-centres sont des r\u00e9unions propres \u00e0 chaque secteur, qui regroupent des coordinateurs et parfois, des travailleurs. Les questions de travail de terrain, de relation aux pouvoirs subsidiants, de m\u00e9thodologie, de rapport au travail social, de coh\u00e9rence des secteurs y sont principalement travaill\u00e9es.<\/p>\n<\/div>\n<div class=\"title_code\">L'\u00e9quipe en charge de la coordination et la repr\u00e9sentation des membres<\/div>\n        <div class=\"content_code\">\n<p><strong><img loading=\"lazy\" decoding=\"async\" class=\"wp-image-880 size-thumbnail alignleft\" src=\"https:\/\/www.fdss.be\/wp-content\/uploads\/julie-square-150x150.jpg\" alt=\"\" width=\"150\" height=\"150\" srcset=\"https:\/\/www.fdss.be\/wp-content\/uploads\/julie-square-150x150.jpg 150w, https:\/\/www.fdss.be\/wp-content\/uploads\/julie-square-500x500.jpg 500w, https:\/\/www.fdss.be\/wp-content\/uploads\/julie-square-768x768.jpg 768w, https:\/\/www.fdss.be\/wp-content\/uploads\/julie-square-1024x1024.jpg 1024w, https:\/\/www.fdss.be\/wp-content\/uploads\/julie-square-60x60.jpg 60w, https:\/\/www.fdss.be\/wp-content\/uploads\/julie-square-400x400.jpg 400w\" sizes=\"auto, (max-width: 150px) 100vw, 150px\" \/><\/strong><\/p>\n<p>&nbsp;<\/p>\n<p><strong>Julie Kesteloot<\/strong><br \/>\n<em>Coordinatrice de la cellule Membres &#8211; R\u00e9gion bruxelloise<\/em><\/p>\n<p><a href=\"&#x6d;&#97;i&#x6c;&#116;o&#x3a;&#106;u&#x6c;&#105;e&#x2e;&#107;e&#x73;&#116;e&#x6c;&#111;o&#x74;&#64;f&#x64;&#115;s&#x2e;&#98;e\">julie&#46;ke&#115;&#116;&#101;&#108;&#111;&#111;&#116;&#64;&#102;&#100;&#x73;&#x73;&#x2e;&#x62;&#x65;<\/a><\/p>\n<p><a href=\"tel:0477305378\">0477 30 53 78<\/a><\/p>\n<p>&nbsp;<\/p>\n<p><img loading=\"lazy\" decoding=\"async\" class=\" wp-image-9188 alignleft\" src=\"https:\/\/www.fdss.be\/wp-content\/uploads\/stephanieg-square-500x500.jpg\" alt=\"\" width=\"147\" height=\"147\" srcset=\"https:\/\/www.fdss.be\/wp-content\/uploads\/stephanieg-square-500x500.jpg 500w, https:\/\/www.fdss.be\/wp-content\/uploads\/stephanieg-square-1024x1024.jpg 1024w, https:\/\/www.fdss.be\/wp-content\/uploads\/stephanieg-square-150x150.jpg 150w, https:\/\/www.fdss.be\/wp-content\/uploads\/stephanieg-square-768x768.jpg 768w, https:\/\/www.fdss.be\/wp-content\/uploads\/stephanieg-square-1536x1536.jpg 1536w, https:\/\/www.fdss.be\/wp-content\/uploads\/stephanieg-square-2048x2048.jpg 2048w, https:\/\/www.fdss.be\/wp-content\/uploads\/stephanieg-square-60x60.jpg 60w, https:\/\/www.fdss.be\/wp-content\/uploads\/stephanieg-square-400x400.jpg 400w\" sizes=\"auto, (max-width: 147px) 100vw, 147px\" \/><\/p>\n<p><strong>St\u00e9phanie Gribomont<br \/>\n<\/strong><em>Coordinatrice de la cellule Membres &#8211; R\u00e9gion wallonne<br \/>\n<\/em><\/p>\n<p><a href=\"&#x6d;&#x61;&#x69;&#x6c;&#x74;&#x6f;&#x3a;&#x73;&#x74;&#x65;&#x70;&#104;&#97;&#110;&#105;&#101;&#46;&#103;ribomo&#x6e;&#x74;&#x40;&#x66;&#x64;&#x73;&#x73;&#x2e;&#x62;&#x65;\">s&#116;&#101;&#x70;&#x68;an&#105;&#101;&#x2e;&#x67;ri&#98;&#111;&#x6d;&#x6f;nt&#64;&#x66;&#x64;&#x73;s&#46;&#98;&#x65;<\/a><\/p>\n<p><a href=\"tel:0498 15 01 58\">0498 15 01 58<\/a><\/p>\n<p>&nbsp;<\/p>\n<p>&nbsp;<\/p>\n<p><strong><img loading=\"lazy\" decoding=\"async\" class=\"wp-image-1328 alignleft\" src=\"https:\/\/www.fdss.be\/wp-content\/uploads\/jonathan-square-500x500.jpg\" alt=\"\" width=\"150\" height=\"150\" srcset=\"https:\/\/www.fdss.be\/wp-content\/uploads\/jonathan-square-500x500.jpg 500w, https:\/\/www.fdss.be\/wp-content\/uploads\/jonathan-square-150x150.jpg 150w, https:\/\/www.fdss.be\/wp-content\/uploads\/jonathan-square-768x768.jpg 768w, https:\/\/www.fdss.be\/wp-content\/uploads\/jonathan-square-1024x1024.jpg 1024w, https:\/\/www.fdss.be\/wp-content\/uploads\/jonathan-square-60x60.jpg 60w, https:\/\/www.fdss.be\/wp-content\/uploads\/jonathan-square-400x400.jpg 400w\" sizes=\"auto, (max-width: 150px) 100vw, 150px\" \/>Jonathan de Schaetzen<br \/>\n<\/strong><em>Charg\u00e9 de projets \u2013 Coordination des membres wallons (CSS, ILI, SASPP)<\/em><\/p>\n<p><a href=\"&#x6d;a&#x69;l&#x74;&#111;&#x3a;&#74;o&#x6e;a&#x74;&#104;&#x61;&#110;&#x2e;&#68;e&#x53;c&#x68;&#97;&#x65;&#116;&#x7a;&#x65;n&#x40;f&#x64;&#115;&#x73;&#46;b&#x65;\">&#x4a;&#x6f;&#110;at&#x68;&#x61;&#110;&#46;D&#x65;&#x53;&#99;&#104;a&#x65;&#x74;&#x7a;&#101;n&#64;&#x66;&#x64;&#115;&#115;&#46;&#x62;&#x65;<\/a><\/p>\n<p><a href=\"tel:0483 59 59 77\">0483 59 59 77<\/a><\/p>\n<p>&nbsp;<\/p>\n<p>&nbsp;<\/p>\n<p><img loading=\"lazy\" decoding=\"async\" class=\"wp-image-8270 alignleft\" src=\"https:\/\/www.fdss.be\/wp-content\/uploads\/vien-square-500x500.jpg\" alt=\"\" width=\"147\" height=\"147\" srcset=\"https:\/\/www.fdss.be\/wp-content\/uploads\/vien-square-500x500.jpg 500w, https:\/\/www.fdss.be\/wp-content\/uploads\/vien-square-1024x1024.jpg 1024w, https:\/\/www.fdss.be\/wp-content\/uploads\/vien-square-150x150.jpg 150w, https:\/\/www.fdss.be\/wp-content\/uploads\/vien-square-768x768.jpg 768w, https:\/\/www.fdss.be\/wp-content\/uploads\/vien-square-1536x1536.jpg 1536w, https:\/\/www.fdss.be\/wp-content\/uploads\/vien-square-2048x2048.jpg 2048w, https:\/\/www.fdss.be\/wp-content\/uploads\/vien-square-60x60.jpg 60w, https:\/\/www.fdss.be\/wp-content\/uploads\/vien-square-400x400.jpg 400w\" sizes=\"auto, (max-width: 147px) 100vw, 147px\" \/><\/p>\n<p><strong>Vi\u00ean H\u00f4<\/strong><\/p>\n<p><em>Charg\u00e9 de projets \u2013 Coordination des membres bruxellois (CASG \u2013 CAP)<\/em><\/p>\n<p><a href=\"&#x6d;&#97;&#x69;&#x6c;&#116;&#x6f;&#x3a;&#118;&#x69;&#x65;&#110;&#x2e;&#x68;o&#x40;&#x66;d&#x73;&#115;&#46;&#x62;&#101;\">&#118;&#105;&#x65;&#x6e;&#46;&#104;&#x6f;&#x40;&#102;&#100;&#x73;&#x73;&#46;&#98;&#x65;<\/a><\/p>\n<p><a href=\"tel:0484 61 88 05\">0484 61 88 05<\/a><\/p>\n<p>&nbsp;<\/p>\n<p><img loading=\"lazy\" decoding=\"async\" class=\"wp-image-6630 alignleft\" src=\"https:\/\/www.fdss.be\/wp-content\/uploads\/renaud-square-500x500.jpg\" alt=\"\" width=\"153\" height=\"153\" srcset=\"https:\/\/www.fdss.be\/wp-content\/uploads\/renaud-square-500x500.jpg 500w, https:\/\/www.fdss.be\/wp-content\/uploads\/renaud-square-1024x1024.jpg 1024w, https:\/\/www.fdss.be\/wp-content\/uploads\/renaud-square-150x150.jpg 150w, https:\/\/www.fdss.be\/wp-content\/uploads\/renaud-square-768x768.jpg 768w, https:\/\/www.fdss.be\/wp-content\/uploads\/renaud-square-1536x1536.jpg 1536w, https:\/\/www.fdss.be\/wp-content\/uploads\/renaud-square-2048x2048.jpg 2048w, https:\/\/www.fdss.be\/wp-content\/uploads\/renaud-square-60x60.jpg 60w, https:\/\/www.fdss.be\/wp-content\/uploads\/renaud-square-400x400.jpg 400w\" sizes=\"auto, (max-width: 153px) 100vw, 153px\" \/><\/p>\n<p><strong>Renaud Van der Meerschen<\/strong><\/p>\n<p><em>Charg\u00e9 de projets \u2013 R\u00e9f\u00e9rent associatif action sociale et communautaire<\/em><\/p>\n<p><a href=\"&#109;&#x61;&#x69;&#108;&#x74;&#x6f;&#58;&#x72;&#x65;&#110;&#x61;&#x75;&#100;&#x2e;&#x76;&#97;&#x6e;&#x64;&#101;&#x72;&#x6d;&#101;&#x65;&#x72;&#115;&#x63;&#x68;e&#x6e;&#x40;f&#x64;&#x73;s&#46;&#x62;e\">&#x72;&#x65;&#x6e;&#x61;&#x75;&#100;&#46;&#118;&#97;nde&#x72;&#x6d;&#x65;&#x65;&#x72;&#x73;&#99;&#104;&#101;n&#64;f&#x64;&#x73;&#x73;&#x2e;&#x62;&#x65;<\/a><\/p>\n<p><a href=\"tel:0476 83 76 68\">0476 83 76 68<\/a><\/p>\n<p>&nbsp;<\/p>\n<p><img loading=\"lazy\" decoding=\"async\" class=\"wp-image-11075 alignleft\" src=\"https:\/\/www.fdss.be\/wp-content\/uploads\/samantha-square-1-500x500.jpg\" alt=\"\" width=\"152\" height=\"152\" srcset=\"https:\/\/www.fdss.be\/wp-content\/uploads\/samantha-square-1-500x500.jpg 500w, https:\/\/www.fdss.be\/wp-content\/uploads\/samantha-square-1-1024x1024.jpg 1024w, https:\/\/www.fdss.be\/wp-content\/uploads\/samantha-square-1-150x150.jpg 150w, https:\/\/www.fdss.be\/wp-content\/uploads\/samantha-square-1-768x768.jpg 768w, https:\/\/www.fdss.be\/wp-content\/uploads\/samantha-square-1-1536x1536.jpg 1536w, https:\/\/www.fdss.be\/wp-content\/uploads\/samantha-square-1-2048x2048.jpg 2048w, https:\/\/www.fdss.be\/wp-content\/uploads\/samantha-square-1-60x60.jpg 60w, https:\/\/www.fdss.be\/wp-content\/uploads\/samantha-square-1-400x400.jpg 400w\" sizes=\"auto, (max-width: 152px) 100vw, 152px\" \/><\/p>\n<p><strong>Samantha Smith Vicat<br \/>\n<\/strong><em>Conseill\u00e8re non-marchand<\/em><br \/>\n<a href=\"&#109;a&#x69;l&#x74;o&#x3a;&#115;&#x61;&#109;&#x61;&#110;t&#x68;a&#x2e;s&#x6d;&#105;&#x74;&#104;&#x40;&#102;&#x64;&#115;s&#x2e;b&#x65;\">&#x73;&#97;m&#x61;&#110;&#116;&#x68;&#x61;&#46;s&#x6d;&#105;t&#x68;&#x40;&#102;d&#x73;&#115;&#46;&#x62;&#x65;\u00a0<\/a><\/p>\n<p><a href=\"tel:0486886898\">0486 88 68 98<\/a><\/p>\n<p>&nbsp;<\/p>\n<p>&nbsp;<\/p>\n<\/div>\n<div class=\"title_code\">D\u00e9couvrez notre d\u00e9pliant de pr\u00e9sentation<\/div>\n        <div class=\"content_code\">\n<p><a href=\"https:\/\/www.fdss.be\/wp-content\/uploads\/22-48-c.identite-membresFR_02.pdf\">Pdf \u00e0 t\u00e9l\u00e9charger<\/a><\/p>\n<\/div>\n<h2>Les types de services sociaux<\/h2>\n","protected":false},"excerpt":{"rendered":"<p>La FdSS coordonne actuellement six types de services sociaux (CASG, CAP, SASLS, CSS, ILI, SASPP) Les types de services sociaux<\/p>\n","protected":false},"author":4,"featured_media":0,"parent":159,"menu_order":89,"comment_status":"closed","ping_status":"closed","template":"temp-members.php","meta":{"_acf_changed":false,"footnotes":""},"class_list":["post-122","page","type-page","status-publish","hentry"],"acf":[],"_links":{"self":[{"href":"https:\/\/www.fdss.be\/fr\/wp-json\/wp\/v2\/pages\/122","targetHints":{"allow":["GET"]}}],"collection":[{"href":"https:\/\/www.fdss.be\/fr\/wp-json\/wp\/v2\/pages"}],"about":[{"href":"https:\/\/www.fdss.be\/fr\/wp-json\/wp\/v2\/types\/page"}],"author":[{"embeddable":true,"href":"https:\/\/www.fdss.be\/fr\/wp-json\/wp\/v2\/users\/4"}],"replies":[{"embeddable":true,"href":"https:\/\/www.fdss.be\/fr\/wp-json\/wp\/v2\/comments?post=122"}],"version-history":[{"count":98,"href":"https:\/\/www.fdss.be\/fr\/wp-json\/wp\/v2\/pages\/122\/revisions"}],"predecessor-version":[{"id":13681,"href":"https:\/\/www.fdss.be\/fr\/wp-json\/wp\/v2\/pages\/122\/revisions\/13681"}],"up":[{"embeddable":true,"href":"https:\/\/www.fdss.be\/fr\/wp-json\/wp\/v2\/pages\/159"}],"wp:attachment":[{"href":"https:\/\/www.fdss.be\/fr\/wp-json\/wp\/v2\/media?parent=122"}],"curies":[{"name":"wp","href":"https:\/\/api.w.org\/{rel}","templated":true}]}}