{"id":12064,"date":"2024-12-04T12:13:45","date_gmt":"2024-12-04T11:13:45","guid":{"rendered":"https:\/\/www.fdss.be\/?page_id=12064"},"modified":"2025-12-23T12:03:33","modified_gmt":"2025-12-23T11:03:33","slug":"acces-et-fonctionnement","status":"publish","type":"page","link":"https:\/\/www.fdss.be\/fr\/caa\/acces-et-fonctionnement\/","title":{"rendered":"Acc\u00e8s et fonctionnement"},"content":{"rendered":"<p><img loading=\"lazy\" decoding=\"async\" class=\"size-medium wp-image-12117 alignleft\" src=\"https:\/\/www.fdss.be\/wp-content\/uploads\/2024_CAA_ILLU_repis_page-int_DEF7-500x208.jpg\" alt=\"\" width=\"500\" height=\"208\" srcset=\"https:\/\/www.fdss.be\/wp-content\/uploads\/2024_CAA_ILLU_repis_page-int_DEF7-500x208.jpg 500w, https:\/\/www.fdss.be\/wp-content\/uploads\/2024_CAA_ILLU_repis_page-int_DEF7-1024x426.jpg 1024w, https:\/\/www.fdss.be\/wp-content\/uploads\/2024_CAA_ILLU_repis_page-int_DEF7-150x62.jpg 150w, https:\/\/www.fdss.be\/wp-content\/uploads\/2024_CAA_ILLU_repis_page-int_DEF7-768x319.jpg 768w, https:\/\/www.fdss.be\/wp-content\/uploads\/2024_CAA_ILLU_repis_page-int_DEF7-1536x639.jpg 1536w, https:\/\/www.fdss.be\/wp-content\/uploads\/2024_CAA_ILLU_repis_page-int_DEF7-2048x852.jpg 2048w\" sizes=\"auto, (max-width: 500px) 100vw, 500px\" \/>Dans cette partie, vous trouverez des r\u00e9ponses aux questions suivantes :<\/p>\n<p>Quel est le <strong>public cible<\/strong> prioritaire ? Comment <strong>l&rsquo;atteindre<\/strong> ? Quels sont <strong>les crit\u00e8res et la proc\u00e9dure d\u2019acc\u00e8s<\/strong> ? Comment mettre en place l\u2019<strong>inconditionnalit\u00e9<\/strong> ? Quels sont les <strong>services sociaux \u00e0 proximit\u00e9 <\/strong>? Quelle <strong>compl\u00e9mentarit\u00e9<\/strong> le projet peut-il apporter ? Quels sont les <strong>horaires d\u2019ouverture<\/strong> ? Quelles sont les <strong>r\u00e8gles \u00e0 suivre<\/strong> ? Comment les<strong> co-construire avec le public<\/strong> ? Comment les rendre <strong>transparentes et accessibles<\/strong> \u00e0 tous ?<\/p>\n<p>&nbsp;<\/p>\n<p>&nbsp;<\/p>\n<h2><\/h2>\n<div class=\"su-row\"><div class=\"su-column su-column-size-1-3\"><div class=\"su-column-inner su-u-clearfix su-u-trim\">\n<p><img loading=\"lazy\" decoding=\"async\" class=\"alignnone size-full wp-image-12263\" src=\"https:\/\/www.fdss.be\/wp-content\/uploads\/2024_CAA_ILLU_repis_bouton-fiche-acces_FR_V01-1.jpg\" alt=\"\" width=\"190\" height=\"190\" srcset=\"https:\/\/www.fdss.be\/wp-content\/uploads\/2024_CAA_ILLU_repis_bouton-fiche-acces_FR_V01-1.jpg 190w, https:\/\/www.fdss.be\/wp-content\/uploads\/2024_CAA_ILLU_repis_bouton-fiche-acces_FR_V01-1-150x150.jpg 150w, https:\/\/www.fdss.be\/wp-content\/uploads\/2024_CAA_ILLU_repis_bouton-fiche-acces_FR_V01-1-60x60.jpg 60w\" sizes=\"auto, (max-width: 190px) 100vw, 190px\" \/><\/p>\n<p>Public cible <em>\u2022<\/em> Dur\u00e9e d&rsquo;acc\u00e8s <em>\u2022<\/em> Fr\u00e9quence d&rsquo;acc\u00e8s<\/p>\n<p><strong>En cours d&rsquo;actualisation<\/strong><\/p>\n<p><a class=\"button\" href=\"https:\/\/www.fdss.be\/fr\/publication\/monter-une-epicerie-sociale-10-cles-pour-reussir-son-projet-juin-2014\/\" target=\"_blank\" rel=\"noopener\">Consulter le guide de 2014<\/a><\/p>\n<\/div><\/div>\n<div class=\"su-column su-column-size-1-3\"><div class=\"su-column-inner su-u-clearfix su-u-trim\">\n<p><strong><img loading=\"lazy\" decoding=\"async\" class=\"alignnone size-full wp-image-12265\" src=\"https:\/\/www.fdss.be\/wp-content\/uploads\/2024_CAA_ILLU_repis_bouton-fiche-acces_FR_V012-1.jpg\" alt=\"\" width=\"190\" height=\"190\" srcset=\"https:\/\/www.fdss.be\/wp-content\/uploads\/2024_CAA_ILLU_repis_bouton-fiche-acces_FR_V012-1.jpg 190w, https:\/\/www.fdss.be\/wp-content\/uploads\/2024_CAA_ILLU_repis_bouton-fiche-acces_FR_V012-1-150x150.jpg 150w, https:\/\/www.fdss.be\/wp-content\/uploads\/2024_CAA_ILLU_repis_bouton-fiche-acces_FR_V012-1-60x60.jpg 60w\" sizes=\"auto, (max-width: 190px) 100vw, 190px\" \/><\/strong><\/p>\n<p>Ouverture <em>\u2022<\/em> Autre<\/p>\n<p><strong>En cours d&rsquo;actualisation<\/strong><\/p>\n<p><a class=\"button\" href=\"https:\/\/www.fdss.be\/fr\/publication\/monter-une-epicerie-sociale-10-cles-pour-reussir-son-projet-juin-2014\/\" target=\"_blank\" rel=\"noopener\">Consulter le guide de 2014<\/a><\/p>\n<\/div><\/div>\n<div class=\"su-column su-column-size-1-3\"><div class=\"su-column-inner su-u-clearfix su-u-trim\">\n<p><strong><img loading=\"lazy\" decoding=\"async\" class=\"alignnone size-full wp-image-12267\" src=\"https:\/\/www.fdss.be\/wp-content\/uploads\/2024_CAA_ILLU_repis_bouton-fiche-acces_FR_V013-1.jpg\" alt=\"\" width=\"190\" height=\"190\" srcset=\"https:\/\/www.fdss.be\/wp-content\/uploads\/2024_CAA_ILLU_repis_bouton-fiche-acces_FR_V013-1.jpg 190w, https:\/\/www.fdss.be\/wp-content\/uploads\/2024_CAA_ILLU_repis_bouton-fiche-acces_FR_V013-1-150x150.jpg 150w, https:\/\/www.fdss.be\/wp-content\/uploads\/2024_CAA_ILLU_repis_bouton-fiche-acces_FR_V013-1-60x60.jpg 60w\" sizes=\"auto, (max-width: 190px) 100vw, 190px\" \/><\/strong><\/p>\n<p>Montants disponibles <em>\u2022<\/em> Nombre de produits <em>\u2022 <\/em>Pr\u00e9sentation des produits <em><br \/>\n<\/em><\/p>\n<p><strong>En cours d&rsquo;actualisation<\/strong><\/p>\n<p><a class=\"button\" href=\"https:\/\/www.fdss.be\/fr\/publication\/monter-une-epicerie-sociale-10-cles-pour-reussir-son-projet-juin-2014\/\" target=\"_blank\" rel=\"noopener\">Consulter le guide de 2014<\/a><\/p>\n<\/div><\/div>\n<\/div>\n","protected":false},"excerpt":{"rendered":"<p>Dans cette partie, vous trouverez des r\u00e9ponses aux questions suivantes : Quel est le public cible prioritaire ? Comment l&rsquo;atteindre ? Quels sont les crit\u00e8res et la proc\u00e9dure d\u2019acc\u00e8s ? Comment mettre en place l\u2019inconditionnalit\u00e9 ? Quels sont les services sociaux \u00e0 proximit\u00e9 ? Quelle compl\u00e9mentarit\u00e9 le projet peut-il apporter ? Quels sont les horaires [&hellip;]<\/p>\n","protected":false},"author":4,"featured_media":0,"parent":161,"menu_order":0,"comment_status":"closed","ping_status":"closed","template":"","meta":{"_acf_changed":false,"footnotes":""},"class_list":["post-12064","page","type-page","status-publish","hentry"],"acf":[],"_links":{"self":[{"href":"https:\/\/www.fdss.be\/fr\/wp-json\/wp\/v2\/pages\/12064","targetHints":{"allow":["GET"]}}],"collection":[{"href":"https:\/\/www.fdss.be\/fr\/wp-json\/wp\/v2\/pages"}],"about":[{"href":"https:\/\/www.fdss.be\/fr\/wp-json\/wp\/v2\/types\/page"}],"author":[{"embeddable":true,"href":"https:\/\/www.fdss.be\/fr\/wp-json\/wp\/v2\/users\/4"}],"replies":[{"embeddable":true,"href":"https:\/\/www.fdss.be\/fr\/wp-json\/wp\/v2\/comments?post=12064"}],"version-history":[{"count":12,"href":"https:\/\/www.fdss.be\/fr\/wp-json\/wp\/v2\/pages\/12064\/revisions"}],"predecessor-version":[{"id":14261,"href":"https:\/\/www.fdss.be\/fr\/wp-json\/wp\/v2\/pages\/12064\/revisions\/14261"}],"up":[{"embeddable":true,"href":"https:\/\/www.fdss.be\/fr\/wp-json\/wp\/v2\/pages\/161"}],"wp:attachment":[{"href":"https:\/\/www.fdss.be\/fr\/wp-json\/wp\/v2\/media?parent=12064"}],"curies":[{"name":"wp","href":"https:\/\/api.w.org\/{rel}","templated":true}]}}