{"id":12062,"date":"2024-12-04T12:08:38","date_gmt":"2024-12-04T11:08:38","guid":{"rendered":"https:\/\/www.fdss.be\/?page_id=12062"},"modified":"2025-12-23T13:03:43","modified_gmt":"2025-12-23T12:03:43","slug":"logistique","status":"publish","type":"page","link":"https:\/\/www.fdss.be\/fr\/caa\/a-propos\/logistique\/","title":{"rendered":"Logistique"},"content":{"rendered":"<p><img loading=\"lazy\" decoding=\"async\" class=\"size-medium wp-image-12120 alignleft\" src=\"https:\/\/www.fdss.be\/wp-content\/uploads\/2024_CAA_ILLU_repis_page-int_DEF4-500x208.jpg\" alt=\"\" width=\"500\" height=\"208\" srcset=\"https:\/\/www.fdss.be\/wp-content\/uploads\/2024_CAA_ILLU_repis_page-int_DEF4-500x208.jpg 500w, https:\/\/www.fdss.be\/wp-content\/uploads\/2024_CAA_ILLU_repis_page-int_DEF4-1024x426.jpg 1024w, https:\/\/www.fdss.be\/wp-content\/uploads\/2024_CAA_ILLU_repis_page-int_DEF4-150x62.jpg 150w, https:\/\/www.fdss.be\/wp-content\/uploads\/2024_CAA_ILLU_repis_page-int_DEF4-768x319.jpg 768w, https:\/\/www.fdss.be\/wp-content\/uploads\/2024_CAA_ILLU_repis_page-int_DEF4-1536x639.jpg 1536w, https:\/\/www.fdss.be\/wp-content\/uploads\/2024_CAA_ILLU_repis_page-int_DEF4-2048x852.jpg 2048w\" sizes=\"auto, (max-width: 500px) 100vw, 500px\" \/>Dans cette partie, vous trouverez des r\u00e9ponses aux questions suivantes :<\/p>\n<p>Qui va g\u00e9rer <strong>le quotidien<\/strong> au niveau logistique ? Quelles sont les<strong> comp\u00e9tences n\u00e9cessaires<\/strong> ? Quelle <strong>localisation<\/strong> choisir ? Quel <strong>cadre r\u00e9glementaire<\/strong> faut-il respecter ? S\u00e9curit\u00e9 alimentaire, march\u00e9s publics, etc.<\/p>\n<p>&nbsp;<\/p>\n<p>&nbsp;<\/p>\n<h2><\/h2>\n<div class=\"su-row\"><div class=\"su-column su-column-size-1-3\"><div class=\"su-column-inner su-u-clearfix su-u-trim\">\n<p><img loading=\"lazy\" decoding=\"async\" class=\"alignnone size-full wp-image-12289\" src=\"https:\/\/www.fdss.be\/wp-content\/uploads\/2024_CAA_ILLU_repis_bouton-fiche-logistique_FR_V01.jpg\" alt=\"\" width=\"190\" height=\"190\" srcset=\"https:\/\/www.fdss.be\/wp-content\/uploads\/2024_CAA_ILLU_repis_bouton-fiche-logistique_FR_V01.jpg 190w, https:\/\/www.fdss.be\/wp-content\/uploads\/2024_CAA_ILLU_repis_bouton-fiche-logistique_FR_V01-150x150.jpg 150w, https:\/\/www.fdss.be\/wp-content\/uploads\/2024_CAA_ILLU_repis_bouton-fiche-logistique_FR_V01-60x60.jpg 60w\" sizes=\"auto, (max-width: 190px) 100vw, 190px\" \/><\/p>\n<p>Logistique <em>\u2022<\/em> Transport <em>\u2022<\/em> Marchandises<\/p>\n<p><strong>En cours d&rsquo;actualisation<\/strong><\/p>\n<p><a class=\"button\" href=\"https:\/\/www.fdss.be\/fr\/publication\/monter-une-epicerie-sociale-10-cles-pour-reussir-son-projet-juin-2014\/\" target=\"_blank\" rel=\"noopener\">Consulter le guide de 2014<\/a><\/p>\n<\/div><\/div>\n<div class=\"su-column su-column-size-1-3\"><div class=\"su-column-inner su-u-clearfix su-u-trim\">\n<p><img loading=\"lazy\" decoding=\"async\" class=\"alignnone size-full wp-image-12291\" src=\"https:\/\/www.fdss.be\/wp-content\/uploads\/2024_CAA_ILLU_repis_bouton-fiche-logistique_FR_V012.jpg\" alt=\"\" width=\"190\" height=\"190\" srcset=\"https:\/\/www.fdss.be\/wp-content\/uploads\/2024_CAA_ILLU_repis_bouton-fiche-logistique_FR_V012.jpg 190w, https:\/\/www.fdss.be\/wp-content\/uploads\/2024_CAA_ILLU_repis_bouton-fiche-logistique_FR_V012-150x150.jpg 150w, https:\/\/www.fdss.be\/wp-content\/uploads\/2024_CAA_ILLU_repis_bouton-fiche-logistique_FR_V012-60x60.jpg 60w\" sizes=\"auto, (max-width: 190px) 100vw, 190px\" \/><\/p>\n<p>Gestion <em>\u2022<\/em> Stocks<\/p>\n<p><strong>En cours d&rsquo;actualisation<\/strong><\/p>\n<p><a class=\"button\" href=\"https:\/\/www.fdss.be\/fr\/publication\/monter-une-epicerie-sociale-10-cles-pour-reussir-son-projet-juin-2014\/\" target=\"_blank\" rel=\"noopener\">Consulter le guide de 2014<\/a><\/p>\n<\/div><\/div>\n<div class=\"su-column su-column-size-1-3\"><div class=\"su-column-inner su-u-clearfix su-u-trim\">\n<p><img loading=\"lazy\" decoding=\"async\" class=\"alignnone size-full wp-image-12293\" src=\"https:\/\/www.fdss.be\/wp-content\/uploads\/2024_CAA_ILLU_repis_bouton-fiche-logistique_FR_V013.jpg\" alt=\"\" width=\"190\" height=\"190\" srcset=\"https:\/\/www.fdss.be\/wp-content\/uploads\/2024_CAA_ILLU_repis_bouton-fiche-logistique_FR_V013.jpg 190w, https:\/\/www.fdss.be\/wp-content\/uploads\/2024_CAA_ILLU_repis_bouton-fiche-logistique_FR_V013-150x150.jpg 150w, https:\/\/www.fdss.be\/wp-content\/uploads\/2024_CAA_ILLU_repis_bouton-fiche-logistique_FR_V013-60x60.jpg 60w\" sizes=\"auto, (max-width: 190px) 100vw, 190px\" \/><\/p>\n<p>Taxi social <em>\u2022<\/em> Livraison <em>\u2022 <\/em>\u00c9picerie sociale<\/p>\n<p><strong>En cours d&rsquo;actualisation<\/strong><\/p>\n<p><a class=\"button\" href=\"https:\/\/www.fdss.be\/fr\/publication\/monter-une-epicerie-sociale-10-cles-pour-reussir-son-projet-juin-2014\/\" target=\"_blank\" rel=\"noopener\">Consulter le guide de 2014<\/a><\/p>\n<\/div><\/div>\n<\/div>\n","protected":false},"excerpt":{"rendered":"<p>Dans cette partie, vous trouverez des r\u00e9ponses aux questions suivantes : Qui va g\u00e9rer le quotidien au niveau logistique ? Quelles sont les comp\u00e9tences n\u00e9cessaires ? Quelle localisation choisir ? Quel cadre r\u00e9glementaire faut-il respecter ? S\u00e9curit\u00e9 alimentaire, march\u00e9s publics, etc. &nbsp; &nbsp;<\/p>\n","protected":false},"author":4,"featured_media":0,"parent":453,"menu_order":0,"comment_status":"closed","ping_status":"closed","template":"","meta":{"_acf_changed":false,"footnotes":""},"class_list":["post-12062","page","type-page","status-publish","hentry"],"acf":[],"_links":{"self":[{"href":"https:\/\/www.fdss.be\/fr\/wp-json\/wp\/v2\/pages\/12062","targetHints":{"allow":["GET"]}}],"collection":[{"href":"https:\/\/www.fdss.be\/fr\/wp-json\/wp\/v2\/pages"}],"about":[{"href":"https:\/\/www.fdss.be\/fr\/wp-json\/wp\/v2\/types\/page"}],"author":[{"embeddable":true,"href":"https:\/\/www.fdss.be\/fr\/wp-json\/wp\/v2\/users\/4"}],"replies":[{"embeddable":true,"href":"https:\/\/www.fdss.be\/fr\/wp-json\/wp\/v2\/comments?post=12062"}],"version-history":[{"count":7,"href":"https:\/\/www.fdss.be\/fr\/wp-json\/wp\/v2\/pages\/12062\/revisions"}],"predecessor-version":[{"id":14268,"href":"https:\/\/www.fdss.be\/fr\/wp-json\/wp\/v2\/pages\/12062\/revisions\/14268"}],"up":[{"embeddable":true,"href":"https:\/\/www.fdss.be\/fr\/wp-json\/wp\/v2\/pages\/453"}],"wp:attachment":[{"href":"https:\/\/www.fdss.be\/fr\/wp-json\/wp\/v2\/media?parent=12062"}],"curies":[{"name":"wp","href":"https:\/\/api.w.org\/{rel}","templated":true}]}}