{"id":12051,"date":"2024-12-04T11:55:21","date_gmt":"2024-12-04T10:55:21","guid":{"rendered":"https:\/\/www.fdss.be\/?page_id=12051"},"modified":"2025-12-23T12:07:13","modified_gmt":"2025-12-23T11:07:13","slug":"equipe-2","status":"publish","type":"page","link":"https:\/\/www.fdss.be\/fr\/caa\/equipe-2\/","title":{"rendered":"\u00c9quipe"},"content":{"rendered":"<p><img loading=\"lazy\" decoding=\"async\" class=\"size-medium wp-image-12127 alignleft\" src=\"https:\/\/www.fdss.be\/wp-content\/uploads\/2024_CAA_ILLU_repis_page-int_DEF2-500x208.jpg\" alt=\"\" width=\"500\" height=\"208\" srcset=\"https:\/\/www.fdss.be\/wp-content\/uploads\/2024_CAA_ILLU_repis_page-int_DEF2-500x208.jpg 500w, https:\/\/www.fdss.be\/wp-content\/uploads\/2024_CAA_ILLU_repis_page-int_DEF2-1024x426.jpg 1024w, https:\/\/www.fdss.be\/wp-content\/uploads\/2024_CAA_ILLU_repis_page-int_DEF2-150x62.jpg 150w, https:\/\/www.fdss.be\/wp-content\/uploads\/2024_CAA_ILLU_repis_page-int_DEF2-768x319.jpg 768w, https:\/\/www.fdss.be\/wp-content\/uploads\/2024_CAA_ILLU_repis_page-int_DEF2-1536x639.jpg 1536w, https:\/\/www.fdss.be\/wp-content\/uploads\/2024_CAA_ILLU_repis_page-int_DEF2-2048x852.jpg 2048w\" sizes=\"auto, (max-width: 500px) 100vw, 500px\" \/>Dans cette partie, vous trouverez des r\u00e9ponses aux questions suivantes :<\/p>\n<p>Qui met le <strong>projet en place<\/strong> ? Quelles sont les <strong>comp\u00e9tences n\u00e9cessaires<\/strong> ? Qui va g\u00e9rer <strong>l&rsquo;\u00e9quipe au quotidien<\/strong> ? Comment <strong>r\u00e9tribuer le travail<\/strong> ? Y a-t-il des <strong>aides \u00e0 l\u2019emploi<\/strong> ? Quelles sont les obligations l\u00e9gales concernant le <strong>volontariat<\/strong> ? O\u00f9 puis-je <strong>trouver du personnel<\/strong> ou des b\u00e9n\u00e9voles ? Comment les <strong>int\u00e9grer \u00e0 l&rsquo;\u00e9quipe<\/strong>, les former \u00e0 la fonction, \u00e0 la mission ?<\/p>\n<p>&nbsp;<\/p>\n<p>&nbsp;<\/p>\n<h2><\/h2>\n<div class=\"su-row\"><div class=\"su-column su-column-size-1-3\"><div class=\"su-column-inner su-u-clearfix su-u-trim\">\n<p><img loading=\"lazy\" decoding=\"async\" class=\"alignnone size-full wp-image-12325\" src=\"https:\/\/www.fdss.be\/wp-content\/uploads\/2024_CAA_ILLU_repis_bouton-fiche-equipe_FR_V01.jpg\" alt=\"\" width=\"190\" height=\"190\" srcset=\"https:\/\/www.fdss.be\/wp-content\/uploads\/2024_CAA_ILLU_repis_bouton-fiche-equipe_FR_V01.jpg 190w, https:\/\/www.fdss.be\/wp-content\/uploads\/2024_CAA_ILLU_repis_bouton-fiche-equipe_FR_V01-150x150.jpg 150w, https:\/\/www.fdss.be\/wp-content\/uploads\/2024_CAA_ILLU_repis_bouton-fiche-equipe_FR_V01-60x60.jpg 60w\" sizes=\"auto, (max-width: 190px) 100vw, 190px\" \/><\/p>\n<p>Coordination <em>\u2022<\/em> Logisitique <em>\u2022<\/em> Vente <em>\u2022<\/em> Travail social et animation<\/p>\n<p><strong>En cours d&rsquo;actualisation<\/strong><\/p>\n<p><a class=\"button\" href=\"https:\/\/www.fdss.be\/fr\/publication\/monter-une-epicerie-sociale-10-cles-pour-reussir-son-projet-juin-2014\/\" target=\"_blank\" rel=\"noopener\">Consulter le guide de 2014<\/a><\/p>\n<\/div><\/div>\n<div class=\"su-column su-column-size-1-3\"><div class=\"su-column-inner su-u-clearfix su-u-trim\">\n<p><img loading=\"lazy\" decoding=\"async\" class=\"alignnone size-full wp-image-12327\" src=\"https:\/\/www.fdss.be\/wp-content\/uploads\/2024_CAA_ILLU_repis_bouton-fiche-equipe_FR_V012.jpg\" alt=\"\" width=\"190\" height=\"190\" srcset=\"https:\/\/www.fdss.be\/wp-content\/uploads\/2024_CAA_ILLU_repis_bouton-fiche-equipe_FR_V012.jpg 190w, https:\/\/www.fdss.be\/wp-content\/uploads\/2024_CAA_ILLU_repis_bouton-fiche-equipe_FR_V012-150x150.jpg 150w, https:\/\/www.fdss.be\/wp-content\/uploads\/2024_CAA_ILLU_repis_bouton-fiche-equipe_FR_V012-60x60.jpg 60w\" sizes=\"auto, (max-width: 190px) 100vw, 190px\" \/><\/p>\n<p>Salari\u00e9 <em>\u2022<\/em> Volontariat <em>\u2022 <\/em>Insertion socio-professionnelle <em>\u2022<\/em> Outil de gestion<\/p>\n<p><strong>En cours d&rsquo;actualisation<\/strong><\/p>\n<p><a class=\"button\" href=\"https:\/\/www.fdss.be\/fr\/publication\/monter-une-epicerie-sociale-10-cles-pour-reussir-son-projet-juin-2014\/\" target=\"_blank\" rel=\"noopener\">Consulter le guide de 2014<\/a><\/p>\n<\/div><\/div>\n<div class=\"su-column su-column-size-1-3\"><div class=\"su-column-inner su-u-clearfix su-u-trim\">\n<p><img loading=\"lazy\" decoding=\"async\" class=\"alignnone size-full wp-image-12329\" src=\"https:\/\/www.fdss.be\/wp-content\/uploads\/2024_CAA_ILLU_repis_bouton-fiche-equipe_FR_V013.jpg\" alt=\"\" width=\"190\" height=\"190\" srcset=\"https:\/\/www.fdss.be\/wp-content\/uploads\/2024_CAA_ILLU_repis_bouton-fiche-equipe_FR_V013.jpg 190w, https:\/\/www.fdss.be\/wp-content\/uploads\/2024_CAA_ILLU_repis_bouton-fiche-equipe_FR_V013-150x150.jpg 150w, https:\/\/www.fdss.be\/wp-content\/uploads\/2024_CAA_ILLU_repis_bouton-fiche-equipe_FR_V013-60x60.jpg 60w\" sizes=\"auto, (max-width: 190px) 100vw, 190px\" \/><\/p>\n<p>Formations <em>\u2022<\/em> Autre<\/p>\n<p><strong>En cours d&rsquo;actualisation<\/strong><\/p>\n<p><a class=\"button\" href=\"https:\/\/www.fdss.be\/fr\/publication\/monter-une-epicerie-sociale-10-cles-pour-reussir-son-projet-juin-2014\/\" target=\"_blank\" rel=\"noopener\">Consulter le guide de 2014<\/a><\/p>\n<\/div><\/div>\n<\/div>\n","protected":false},"excerpt":{"rendered":"<p>Dans cette partie, vous trouverez des r\u00e9ponses aux questions suivantes : Qui met le projet en place ? Quelles sont les comp\u00e9tences n\u00e9cessaires ? Qui va g\u00e9rer l&rsquo;\u00e9quipe au quotidien ? Comment r\u00e9tribuer le travail ? Y a-t-il des aides \u00e0 l\u2019emploi ? Quelles sont les obligations l\u00e9gales concernant le volontariat ? O\u00f9 puis-je trouver [&hellip;]<\/p>\n","protected":false},"author":4,"featured_media":0,"parent":161,"menu_order":0,"comment_status":"closed","ping_status":"closed","template":"","meta":{"_acf_changed":false,"footnotes":""},"class_list":["post-12051","page","type-page","status-publish","hentry"],"acf":[],"_links":{"self":[{"href":"https:\/\/www.fdss.be\/fr\/wp-json\/wp\/v2\/pages\/12051","targetHints":{"allow":["GET"]}}],"collection":[{"href":"https:\/\/www.fdss.be\/fr\/wp-json\/wp\/v2\/pages"}],"about":[{"href":"https:\/\/www.fdss.be\/fr\/wp-json\/wp\/v2\/types\/page"}],"author":[{"embeddable":true,"href":"https:\/\/www.fdss.be\/fr\/wp-json\/wp\/v2\/users\/4"}],"replies":[{"embeddable":true,"href":"https:\/\/www.fdss.be\/fr\/wp-json\/wp\/v2\/comments?post=12051"}],"version-history":[{"count":7,"href":"https:\/\/www.fdss.be\/fr\/wp-json\/wp\/v2\/pages\/12051\/revisions"}],"predecessor-version":[{"id":14264,"href":"https:\/\/www.fdss.be\/fr\/wp-json\/wp\/v2\/pages\/12051\/revisions\/14264"}],"up":[{"embeddable":true,"href":"https:\/\/www.fdss.be\/fr\/wp-json\/wp\/v2\/pages\/161"}],"wp:attachment":[{"href":"https:\/\/www.fdss.be\/fr\/wp-json\/wp\/v2\/media?parent=12051"}],"curies":[{"name":"wp","href":"https:\/\/api.w.org\/{rel}","templated":true}]}}