{"id":12048,"date":"2024-12-04T11:12:09","date_gmt":"2024-12-04T10:12:09","guid":{"rendered":"https:\/\/www.fdss.be\/?page_id=12048"},"modified":"2025-12-23T12:04:49","modified_gmt":"2025-12-23T11:04:49","slug":"reconnaissance-et-financement","status":"publish","type":"page","link":"https:\/\/www.fdss.be\/fr\/caa\/reconnaissance-et-financement\/","title":{"rendered":"Reconnaissance et financement"},"content":{"rendered":"<p><img loading=\"lazy\" decoding=\"async\" class=\"size-medium wp-image-12130 alignleft\" src=\"https:\/\/www.fdss.be\/wp-content\/uploads\/2024_CAA_ILLU_repis_page-int_DEF5-500x208.jpg\" alt=\"\" width=\"500\" height=\"208\" srcset=\"https:\/\/www.fdss.be\/wp-content\/uploads\/2024_CAA_ILLU_repis_page-int_DEF5-500x208.jpg 500w, https:\/\/www.fdss.be\/wp-content\/uploads\/2024_CAA_ILLU_repis_page-int_DEF5-1024x426.jpg 1024w, https:\/\/www.fdss.be\/wp-content\/uploads\/2024_CAA_ILLU_repis_page-int_DEF5-150x62.jpg 150w, https:\/\/www.fdss.be\/wp-content\/uploads\/2024_CAA_ILLU_repis_page-int_DEF5-768x319.jpg 768w, https:\/\/www.fdss.be\/wp-content\/uploads\/2024_CAA_ILLU_repis_page-int_DEF5-1536x639.jpg 1536w, https:\/\/www.fdss.be\/wp-content\/uploads\/2024_CAA_ILLU_repis_page-int_DEF5-2048x852.jpg 2048w\" sizes=\"auto, (max-width: 500px) 100vw, 500px\" \/>Dans cette partie, vous trouverez des r\u00e9ponses aux questions suivantes :<\/p>\n<p>Quelle sont <strong>les reconnaissances l\u00e9gales et les subventions<\/strong> disponibles ? Quel est le <strong>cadre l\u00e9gislatif<\/strong> de ces aides et les <strong>obligations<\/strong> y aff\u00e9rent ?<\/p>\n<p>&nbsp;<\/p>\n<p>&nbsp;<\/p>\n<p>&nbsp;<\/p>\n<h2><\/h2>\n<div class=\"su-row\"><div class=\"su-column su-column-size-1-4\"><div class=\"su-column-inner su-u-clearfix su-u-trim\">\n<p><img loading=\"lazy\" decoding=\"async\" class=\"alignnone size-full wp-image-12341\" src=\"https:\/\/www.fdss.be\/wp-content\/uploads\/2024_CAA_ILLU_repis_bouton-fiche-reconnaissance_FR_V01.jpg\" alt=\"\" width=\"190\" height=\"190\" srcset=\"https:\/\/www.fdss.be\/wp-content\/uploads\/2024_CAA_ILLU_repis_bouton-fiche-reconnaissance_FR_V01.jpg 190w, https:\/\/www.fdss.be\/wp-content\/uploads\/2024_CAA_ILLU_repis_bouton-fiche-reconnaissance_FR_V01-150x150.jpg 150w, https:\/\/www.fdss.be\/wp-content\/uploads\/2024_CAA_ILLU_repis_bouton-fiche-reconnaissance_FR_V01-60x60.jpg 60w\" sizes=\"auto, (max-width: 190px) 100vw, 190px\" \/><\/p>\n<p>Conventionnelle <em>\u2022<\/em> Solidaire <em>\u2022<\/em> Sociale <em>\u2022<\/em> Prix de vente<\/p>\n<p><a class=\"button\" href=\"https:\/\/www.fdss.be\/wp-content\/uploads\/2025_CAA_PUB_repis_fiche_recon_agrement-wall_V05.pdf\" target=\"_blank\" rel=\"noopener\">T\u00e9l\u00e9charger la fiche<\/a><\/p>\n<\/div><\/div>\n<div class=\"su-column su-column-size-1-4\"><div class=\"su-column-inner su-u-clearfix su-u-trim\">\n<p><img loading=\"lazy\" decoding=\"async\" class=\"alignnone size-full wp-image-12343\" src=\"https:\/\/www.fdss.be\/wp-content\/uploads\/2024_CAA_ILLU_repis_bouton-fiche-reconnaissance_FR_V012.jpg\" alt=\"\" width=\"190\" height=\"190\" srcset=\"https:\/\/www.fdss.be\/wp-content\/uploads\/2024_CAA_ILLU_repis_bouton-fiche-reconnaissance_FR_V012.jpg 190w, https:\/\/www.fdss.be\/wp-content\/uploads\/2024_CAA_ILLU_repis_bouton-fiche-reconnaissance_FR_V012-150x150.jpg 150w, https:\/\/www.fdss.be\/wp-content\/uploads\/2024_CAA_ILLU_repis_bouton-fiche-reconnaissance_FR_V012-60x60.jpg 60w\" sizes=\"auto, (max-width: 190px) 100vw, 190px\" \/><\/p>\n<p>Mise en place <em>\u2022<\/em> Fonctionnement <em>\u2022 <\/em>Budget type <em>\u2022<\/em> Outil de gestion<\/p>\n<p><strong>En cours d&rsquo;actualisation<\/strong><\/p>\n<p><a class=\"button\" href=\"https:\/\/www.fdss.be\/fr\/publication\/monter-une-epicerie-sociale-10-cles-pour-reussir-son-projet-juin-2014\/\" target=\"_blank\" rel=\"noopener\">Consulter le guide de 2014<\/a><\/p>\n<\/div><\/div>\n<div class=\"su-column su-column-size-1-4\"><div class=\"su-column-inner su-u-clearfix su-u-trim\">\n<p><img loading=\"lazy\" decoding=\"async\" class=\"alignnone size-full wp-image-14085\" src=\"https:\/\/www.fdss.be\/wp-content\/uploads\/2024_CAA_ILLU_repis_bouton-fiche-reconnaissance_FR_V013-1.jpg\" alt=\"\" width=\"190\" height=\"190\" srcset=\"https:\/\/www.fdss.be\/wp-content\/uploads\/2024_CAA_ILLU_repis_bouton-fiche-reconnaissance_FR_V013-1.jpg 190w, https:\/\/www.fdss.be\/wp-content\/uploads\/2024_CAA_ILLU_repis_bouton-fiche-reconnaissance_FR_V013-1-150x150.jpg 150w, https:\/\/www.fdss.be\/wp-content\/uploads\/2024_CAA_ILLU_repis_bouton-fiche-reconnaissance_FR_V013-1-60x60.jpg 60w\" sizes=\"auto, (max-width: 190px) 100vw, 190px\" \/><\/p>\n<p>Forme <em>\u2022<\/em> Juridique<\/p>\n<p><a class=\"button\" href=\"https:\/\/www.fdss.be\/wp-content\/uploads\/2025_CAA_PUB_repis_fiche_recon_ent-soc-bxl_V05.pdf\" target=\"_blank\" rel=\"noopener\">T\u00e9l\u00e9charger la fiche<\/a><\/p>\n<\/div><\/div>\n<div class=\"su-column su-column-size-1-4\"><div class=\"su-column-inner su-u-clearfix su-u-trim\">\n<p><img loading=\"lazy\" decoding=\"async\" class=\"alignnone size-full wp-image-12347\" src=\"https:\/\/www.fdss.be\/wp-content\/uploads\/2024_CAA_ILLU_repis_bouton-fiche-reconnaissance_FR_V014.jpg\" alt=\"\" width=\"190\" height=\"190\" srcset=\"https:\/\/www.fdss.be\/wp-content\/uploads\/2024_CAA_ILLU_repis_bouton-fiche-reconnaissance_FR_V014.jpg 190w, https:\/\/www.fdss.be\/wp-content\/uploads\/2024_CAA_ILLU_repis_bouton-fiche-reconnaissance_FR_V014-150x150.jpg 150w, https:\/\/www.fdss.be\/wp-content\/uploads\/2024_CAA_ILLU_repis_bouton-fiche-reconnaissance_FR_V014-60x60.jpg 60w\" sizes=\"auto, (max-width: 190px) 100vw, 190px\" \/><\/p>\n<p>Assujettissement <em>\u2022<\/em> Dons et exemptions<\/p>\n<p><a class=\"button\" href=\"https:\/\/www.fdss.be\/wp-content\/uploads\/2025_CAA_PUB_repis_fiche_recon_piste-finance_V02.pdf\" target=\"_blank\" rel=\"noopener\">T\u00e9l\u00e9charger la fiche<\/a><\/p>\n<\/div><\/div>\n<\/div>\n","protected":false},"excerpt":{"rendered":"<p>Dans cette partie, vous trouverez des r\u00e9ponses aux questions suivantes : Quelle sont les reconnaissances l\u00e9gales et les subventions disponibles ? Quel est le cadre l\u00e9gislatif de ces aides et les obligations y aff\u00e9rent ? &nbsp; &nbsp; &nbsp;<\/p>\n","protected":false},"author":4,"featured_media":0,"parent":161,"menu_order":0,"comment_status":"closed","ping_status":"closed","template":"","meta":{"_acf_changed":false,"footnotes":""},"class_list":["post-12048","page","type-page","status-publish","hentry"],"acf":[],"_links":{"self":[{"href":"https:\/\/www.fdss.be\/fr\/wp-json\/wp\/v2\/pages\/12048","targetHints":{"allow":["GET"]}}],"collection":[{"href":"https:\/\/www.fdss.be\/fr\/wp-json\/wp\/v2\/pages"}],"about":[{"href":"https:\/\/www.fdss.be\/fr\/wp-json\/wp\/v2\/types\/page"}],"author":[{"embeddable":true,"href":"https:\/\/www.fdss.be\/fr\/wp-json\/wp\/v2\/users\/4"}],"replies":[{"embeddable":true,"href":"https:\/\/www.fdss.be\/fr\/wp-json\/wp\/v2\/comments?post=12048"}],"version-history":[{"count":15,"href":"https:\/\/www.fdss.be\/fr\/wp-json\/wp\/v2\/pages\/12048\/revisions"}],"predecessor-version":[{"id":14262,"href":"https:\/\/www.fdss.be\/fr\/wp-json\/wp\/v2\/pages\/12048\/revisions\/14262"}],"up":[{"embeddable":true,"href":"https:\/\/www.fdss.be\/fr\/wp-json\/wp\/v2\/pages\/161"}],"wp:attachment":[{"href":"https:\/\/www.fdss.be\/fr\/wp-json\/wp\/v2\/media?parent=12048"}],"curies":[{"name":"wp","href":"https:\/\/api.w.org\/{rel}","templated":true}]}}