{"id":12045,"date":"2024-12-04T11:07:45","date_gmt":"2024-12-04T10:07:45","guid":{"rendered":"https:\/\/www.fdss.be\/?page_id=12045"},"modified":"2025-12-23T12:06:06","modified_gmt":"2025-12-23T11:06:06","slug":"gestion-et-budget","status":"publish","type":"page","link":"https:\/\/www.fdss.be\/fr\/caa\/gestion-et-budget\/","title":{"rendered":"Gestion et budget"},"content":{"rendered":"<p><img loading=\"lazy\" decoding=\"async\" class=\"size-medium wp-image-12133 alignleft\" src=\"https:\/\/www.fdss.be\/wp-content\/uploads\/2024_CAA_ILLU_repis_page-int_DEF6-500x208.jpg\" alt=\"\" width=\"500\" height=\"208\" srcset=\"https:\/\/www.fdss.be\/wp-content\/uploads\/2024_CAA_ILLU_repis_page-int_DEF6-500x208.jpg 500w, https:\/\/www.fdss.be\/wp-content\/uploads\/2024_CAA_ILLU_repis_page-int_DEF6-1024x426.jpg 1024w, https:\/\/www.fdss.be\/wp-content\/uploads\/2024_CAA_ILLU_repis_page-int_DEF6-150x62.jpg 150w, https:\/\/www.fdss.be\/wp-content\/uploads\/2024_CAA_ILLU_repis_page-int_DEF6-768x319.jpg 768w, https:\/\/www.fdss.be\/wp-content\/uploads\/2024_CAA_ILLU_repis_page-int_DEF6-1536x639.jpg 1536w, https:\/\/www.fdss.be\/wp-content\/uploads\/2024_CAA_ILLU_repis_page-int_DEF6-2048x852.jpg 2048w\" sizes=\"auto, (max-width: 500px) 100vw, 500px\" \/>Dans cette partie, vous trouverez des r\u00e9ponses aux questions suivantes :<\/p>\n<p class=\"ewa-rteLine\">Qui met le <strong>projet en place<\/strong> ? Qui coordonne l\u2019<strong>\u00e9tude de faisabilit\u00e9<\/strong> du projet ? Quelles seront <strong>l\u2019ampleur et la dur\u00e9e<\/strong> du projet ? Quelle <strong>forme juridique<\/strong> prendra le projet ? Quels sont les <strong>crit\u00e8res d&rsquo;acc\u00e8s <\/strong>? Combien y aura-t-il de <strong>b\u00e9n\u00e9ficiaires\/participants <\/strong>? Comment d\u00e9cider de la <strong>participation financi\u00e8re <\/strong>? Quel est le <strong>budget de fonctionnement<\/strong> n\u00e9cessaire ? Quelles sont les <strong>ressources disponibles<\/strong> ? Quel <strong>cadre r\u00e8glementaire<\/strong> faut-il respecter ? March\u00e9 public, TVA, etc.<\/p>\n<p>&nbsp;<\/p>\n<h2><\/h2>\n<div class=\"su-row\"><div class=\"su-column su-column-size-1-4\"><div class=\"su-column-inner su-u-clearfix su-u-trim\">\n<p><img loading=\"lazy\" decoding=\"async\" class=\"alignnone size-full wp-image-12361\" src=\"https:\/\/www.fdss.be\/wp-content\/uploads\/2024_CAA_ILLU_repis_bouton-fiche-gestion_FR_V01.jpg\" alt=\"\" width=\"190\" height=\"190\" srcset=\"https:\/\/www.fdss.be\/wp-content\/uploads\/2024_CAA_ILLU_repis_bouton-fiche-gestion_FR_V01.jpg 190w, https:\/\/www.fdss.be\/wp-content\/uploads\/2024_CAA_ILLU_repis_bouton-fiche-gestion_FR_V01-150x150.jpg 150w, https:\/\/www.fdss.be\/wp-content\/uploads\/2024_CAA_ILLU_repis_bouton-fiche-gestion_FR_V01-60x60.jpg 60w\" sizes=\"auto, (max-width: 190px) 100vw, 190px\" \/><\/p>\n<p>Conventionnelle <em>\u2022<\/em> Solidaire <em>\u2022<\/em> Sociale <em>\u2022<\/em> Prix de vente<\/p>\n<p><a class=\"button\" href=\"https:\/\/www.fdss.be\/wp-content\/uploads\/2025_CAA_PUB_repis_fiche_gestion_modele-ep-soc_V03.pdf\" target=\"_blank\" rel=\"noopener\">T\u00e9l\u00e9charger la fiche<\/a><\/p>\n<\/div><\/div>\n<div class=\"su-column su-column-size-1-4\"><div class=\"su-column-inner su-u-clearfix su-u-trim\">\n<p><img loading=\"lazy\" decoding=\"async\" class=\"alignnone wp-image-14120\" src=\"https:\/\/www.fdss.be\/wp-content\/uploads\/2024_CAA_ILLU_repis_bouton-fiche-gestion_FR_V012-1.jpg\" alt=\"\" width=\"200\" height=\"200\" srcset=\"https:\/\/www.fdss.be\/wp-content\/uploads\/2024_CAA_ILLU_repis_bouton-fiche-gestion_FR_V012-1.jpg 396w, https:\/\/www.fdss.be\/wp-content\/uploads\/2024_CAA_ILLU_repis_bouton-fiche-gestion_FR_V012-1-150x150.jpg 150w, https:\/\/www.fdss.be\/wp-content\/uploads\/2024_CAA_ILLU_repis_bouton-fiche-gestion_FR_V012-1-60x60.jpg 60w\" sizes=\"auto, (max-width: 200px) 100vw, 200px\" \/><\/p>\n<p>Mise en place <em>\u2022<\/em> Fonctionnement <em>\u2022 <\/em>Budget type <em>\u2022<\/em> Outil de gestion<\/p>\n<p><a class=\"button\" href=\"https:\/\/www.fdss.be\/wp-content\/uploads\/2025_CAA_PUB_repis_fiche_gestion_modele-economique_V02.pdf\" target=\"_blank\" rel=\"noopener\">T\u00e9l\u00e9charger la fiche<\/a><\/p>\n<\/div><\/div>\n<div class=\"su-column su-column-size-1-4\"><div class=\"su-column-inner su-u-clearfix su-u-trim\">\n<p><img loading=\"lazy\" decoding=\"async\" class=\"alignnone size-full wp-image-12365\" src=\"https:\/\/www.fdss.be\/wp-content\/uploads\/2024_CAA_ILLU_repis_bouton-fiche-gestion_FR_V013.jpg\" alt=\"\" width=\"190\" height=\"190\" srcset=\"https:\/\/www.fdss.be\/wp-content\/uploads\/2024_CAA_ILLU_repis_bouton-fiche-gestion_FR_V013.jpg 190w, https:\/\/www.fdss.be\/wp-content\/uploads\/2024_CAA_ILLU_repis_bouton-fiche-gestion_FR_V013-150x150.jpg 150w, https:\/\/www.fdss.be\/wp-content\/uploads\/2024_CAA_ILLU_repis_bouton-fiche-gestion_FR_V013-60x60.jpg 60w\" sizes=\"auto, (max-width: 190px) 100vw, 190px\" \/><\/p>\n<p>Forme <em>\u2022<\/em> Juridique<\/p>\n<p><strong>En cours d&rsquo;actualisation<\/strong><\/p>\n<p><a class=\"button\" href=\"https:\/\/www.fdss.be\/fr\/publication\/monter-une-epicerie-sociale-10-cles-pour-reussir-son-projet-juin-2014\/\" target=\"_blank\" rel=\"noopener\">Consulter le guide de 2014<\/a><\/p>\n<\/div><\/div>\n<div class=\"su-column su-column-size-1-4\"><div class=\"su-column-inner su-u-clearfix su-u-trim\">\n<p><img loading=\"lazy\" decoding=\"async\" class=\"alignnone size-full wp-image-12367\" src=\"https:\/\/www.fdss.be\/wp-content\/uploads\/2024_CAA_ILLU_repis_bouton-fiche-gestion_FR_V014.jpg\" alt=\"\" width=\"190\" height=\"190\" srcset=\"https:\/\/www.fdss.be\/wp-content\/uploads\/2024_CAA_ILLU_repis_bouton-fiche-gestion_FR_V014.jpg 190w, https:\/\/www.fdss.be\/wp-content\/uploads\/2024_CAA_ILLU_repis_bouton-fiche-gestion_FR_V014-150x150.jpg 150w, https:\/\/www.fdss.be\/wp-content\/uploads\/2024_CAA_ILLU_repis_bouton-fiche-gestion_FR_V014-60x60.jpg 60w\" sizes=\"auto, (max-width: 190px) 100vw, 190px\" \/><\/p>\n<p>Assujettissement <em>\u2022<\/em> Dons et exemptions<\/p>\n<p><strong>En cours d&rsquo;actualisation<\/strong><\/p>\n<p><a class=\"button\" href=\"https:\/\/www.fdss.be\/fr\/publication\/monter-une-epicerie-sociale-10-cles-pour-reussir-son-projet-juin-2014\/\" target=\"_blank\" rel=\"noopener\">Consulter le guide de 2014<\/a><\/p>\n<\/div><\/div>\n<\/div>\n","protected":false},"excerpt":{"rendered":"<p>Dans cette partie, vous trouverez des r\u00e9ponses aux questions suivantes : Qui met le projet en place ? Qui coordonne l\u2019\u00e9tude de faisabilit\u00e9 du projet ? Quelles seront l\u2019ampleur et la dur\u00e9e du projet ? Quelle forme juridique prendra le projet ? Quels sont les crit\u00e8res d&rsquo;acc\u00e8s ? Combien y aura-t-il de b\u00e9n\u00e9ficiaires\/participants ? Comment [&hellip;]<\/p>\n","protected":false},"author":4,"featured_media":0,"parent":161,"menu_order":0,"comment_status":"closed","ping_status":"closed","template":"","meta":{"_acf_changed":false,"footnotes":""},"class_list":["post-12045","page","type-page","status-publish","hentry"],"acf":[],"_links":{"self":[{"href":"https:\/\/www.fdss.be\/fr\/wp-json\/wp\/v2\/pages\/12045","targetHints":{"allow":["GET"]}}],"collection":[{"href":"https:\/\/www.fdss.be\/fr\/wp-json\/wp\/v2\/pages"}],"about":[{"href":"https:\/\/www.fdss.be\/fr\/wp-json\/wp\/v2\/types\/page"}],"author":[{"embeddable":true,"href":"https:\/\/www.fdss.be\/fr\/wp-json\/wp\/v2\/users\/4"}],"replies":[{"embeddable":true,"href":"https:\/\/www.fdss.be\/fr\/wp-json\/wp\/v2\/comments?post=12045"}],"version-history":[{"count":11,"href":"https:\/\/www.fdss.be\/fr\/wp-json\/wp\/v2\/pages\/12045\/revisions"}],"predecessor-version":[{"id":14263,"href":"https:\/\/www.fdss.be\/fr\/wp-json\/wp\/v2\/pages\/12045\/revisions\/14263"}],"up":[{"embeddable":true,"href":"https:\/\/www.fdss.be\/fr\/wp-json\/wp\/v2\/pages\/161"}],"wp:attachment":[{"href":"https:\/\/www.fdss.be\/fr\/wp-json\/wp\/v2\/media?parent=12045"}],"curies":[{"name":"wp","href":"https:\/\/api.w.org\/{rel}","templated":true}]}}