{"id":11784,"date":"2024-10-10T13:49:41","date_gmt":"2024-10-10T11:49:41","guid":{"rendered":"https:\/\/www.fdss.be\/?page_id=11784"},"modified":"2025-11-24T12:53:32","modified_gmt":"2025-11-24T11:53:32","slug":"cles-projet-alimentaire","status":"publish","type":"page","link":"https:\/\/www.fdss.be\/fr\/caa\/cles-projet-alimentaire\/","title":{"rendered":"Cl\u00e9s pour r\u00e9ussir mon projet de solidarit\u00e9 alimentaire"},"content":{"rendered":"<p>Lancer et g\u00e9rer un projet de solidarit\u00e9 alimentaire n\u00e9cessite de plancher sur une grande diversit\u00e9 de param\u00e8tres, de trouver des solutions pragmatiques et de se projeter dans l\u2019avenir.<\/p>\n<p>Quels sont les objectifs prioritaires de mon projet ? Quelles sont les reconnaissances l\u00e9gales et les subventions disponibles ? Quelles sont les sources d\u2019approvisionnement disponibles ? Quelles activit\u00e9s annexes proposer aux b\u00e9n\u00e9ficiaires ? Voici quelques questions auxquelles vous \u00eates s\u00fbrement confront\u00e9s.<\/p>\n<p>Cette page a pour objectif d\u2019apporter des informations pratiques pour aider \u00e0 la mise en place et \u00e0 la gestion quotidienne d\u2019un projet de solidarit\u00e9 alimentaire. Derri\u00e8re chaque image se cache une s\u00e9rie de fiches th\u00e9matiques dans lesquelles vous trouverez des \u00e9l\u00e9ments de r\u00e9ponse.<\/p>\n<p><strong>Pour consulter les fiches, faites glisser votre souris sur l\u2019image et cliquez, s\u00e9lectionnez ensuite la th\u00e9matique souhait\u00e9e.<\/strong><\/p>\n<style>\n    .imgsblock {position: relative; width: 100%; aspect-ratio: 16\/7;}\n\t#map_ID_nb {position: absolute; top: 0; left: 0; width: 100%;}\n.imgsblock .imgsblockimgs img , .imgsblock  .imghover {position: absolute; top: 0; left: 0; width: 100%; height: auto;} \n.contenutexte, .bonushover {position: absolute; top:0; left: 0; right:0;width: 100%; color:black; text-transform:uppercase; font-weight:bold}\n.contenutexte > div, .bonus > div { background-color: rgba(255,255,255,0.8); padding: 1rem; text-align: center;position: absolute; top:0; left: 0; right:0;width: 100%;}\narea:hover{cursor: pointer;} \n.imgsblockmobil {display:none;}\n@media (pointer:coarse) {\n\t.imgsblock{ display: none; z-index: -99; width: 0px !important; height:0px !important; pointer-events:none; position: relative; }\n\t.imgsblockmobil {display:flex; flex-wrap:wrap}\n\t.imgsblockmobil img {max-width:100%}\n\t.imgsblockmobil > div {width: calc(50% - 1rem); padding: 0.5rem}\n\t@media (max-width: 900px) {\n\t.imgsblockmobil > div {width: 100%; padding: 0.5rem 0}\n\t}\n}\n<\/style>\n\t<div class=\"imgsblock\">\n\t\t<div class=\"imgsblockimgs\">\n\t\t\t<img decoding=\"async\" src=\"\/wp-content\/themes\/fdss\/panneau\/croquisF.ai.png\" id=\"img_ID_nb\" usemap=\"#map_ID_nb\" alt=\"\" class=\"img_ID_nb\" style=\"height: auto;\">\n\t\t\t<img decoding=\"async\" src=\"\/wp-content\/themes\/fdss\/panneau\/armoircentre.png\" border=\"0\" width=\"100%\" alt=\"\" class=\"img_ID_armoir slow imgblock\" style=\"visibility: visible; display: none;\" usemap=\"#map_ID_nb\" id=\"img_ID_armoir\">\n\t\t\t<img decoding=\"async\" src=\"\/wp-content\/themes\/fdss\/panneau\/armoirebas.ai.png\" border=\"0\" width=\"100%\" alt=\"\" class=\"img_ID_armoirbas slow imgblock\" style=\"visibility: visible; display: none;\" usemap=\"#map_ID_nb\" id=\"img_ID_armoirbas\">\n\t\t\t<img decoding=\"async\" src=\"\/wp-content\/themes\/fdss\/panneau\/cafe.png\" border=\"0\" width=\"100%\" alt=\"\" class=\"img_ID_cafe slow imgblock\" style=\"visibility: visible; display: none;\" usemap=\"#map_ID_nb\" id=\"img_ID_cafe\">\n\t\t\t<img decoding=\"async\" src=\"\/wp-content\/themes\/fdss\/panneau\/caisse.png\" border=\"0\" width=\"100%\" alt=\"\" class=\"img_ID_caisse slow imgblock\" style=\"visibility: visible; display: none;\" usemap=\"#map_ID_nb\" id=\"img_ID_caisse\">\n\t\t\t<img decoding=\"async\" src=\"\/wp-content\/themes\/fdss\/panneau\/evier.png\" border=\"0\" width=\"100%\" alt=\"\" class=\"img_ID_evier slow imgblock\" style=\"visibility: visible; display: none;\" usemap=\"#map_ID_nb\" id=\"img_ID_evier\">\n\t\t\t<img decoding=\"async\" src=\"\/wp-content\/themes\/fdss\/panneau\/portedroite.png\" border=\"0\" width=\"100%\" alt=\"\" class=\"img_ID_portedroite slow imgblock\" style=\"visibility: visible; display: none;\" usemap=\"#map_ID_nb\" id=\"img_ID_portedroite\">\n\t\t\t<img decoding=\"async\" src=\"\/wp-content\/themes\/fdss\/panneau\/portegauche.png\" border=\"0\" width=\"100%\" alt=\"\" class=\"img_ID_portegauche slow imgblock\" style=\"visibility: visible; display: none;\" usemap=\"#map_ID_nb\" id=\"img_ID_portegauche\">\n\t\t\t<img decoding=\"async\" src=\"\/wp-content\/themes\/fdss\/panneau\/posters.png\" border=\"0\" width=\"100%\" alt=\"\" class=\"img_ID_posters slow imgblock\" style=\"visibility: visible; display: none;\" usemap=\"#map_ID_nb\" id=\"img_ID_posters\">\n\t\t\t<img decoding=\"async\" src=\"\/wp-content\/themes\/fdss\/panneau\/vendeurup.png\" border=\"0\" width=\"100%\" alt=\"\" class=\"img_ID_vendeurup slow imgblock\" style=\"visibility: visible; display: none;\" usemap=\"#map_ID_nb\" id=\"img_ID_vendeurup\">\n\t\t\t<img decoding=\"async\" src=\"\/wp-content\/themes\/fdss\/panneau\/coffre.png\" border=\"0\" width=\"100%\" alt=\"\" class=\"img_ID_coffre slow slow imgblock\" style=\"visibility: visible; display: none;\" usemap=\"#map_ID_nb\" id=\"img_ID_coffre\">\n\t\t<\/div>\n\t\t<div class=\"contenutexte\">\n\t\t\t<div id=\"img_ID_armoir \" class=\"img_ID_armoir slow imgblock\" style=\"visibility: visible; display: none;\">Accueil et accompagnement \/\/ Onthaal en begeleiding<\/div>\n\t\t\t<div id=\"img_ID_armoirbas\" class=\"img_ID_armoirbas slow imgblock\" style=\"visibility: visible; display: none;\">Approvisionnement \/\/ Bevoorrading<\/div>\n\t\t\t<div id=\"img_ID_caisse\" class=\"img_ID_caisse slow imgblock\" style=\"visibility: visible; display: none;\">Gestion et budget \/\/ Beheer en budget<\/div>\n\t\t\t<div id=\"img_ID_evier\" class=\"img_ID_evier slow imgblock\" style=\"visibility: visible; display: none;\">Hygi\u00e8ne et s\u00e9curit\u00e9 de la cha\u00eene alimentaire \/\/ Hygi\u00ebne en veiligheid in de voedselketen<\/div>\n\t\t\t<div id=\"img_ID_portedroite\" class=\"img_ID_portedroite slow imgblock\" style=\"visibility: visible; display: none;\">Logistique \/\/ Logistiek<\/div>\n\t\t\t<div id=\"img_ID_portegauche\" class=\"img_ID_portegauche slow imgblock\" style=\"visibility: visible; display: none;\">Acc\u00e8s et fonctionnement \/\/ Toegang en werking<\/div>\n\t\t\t<div id=\"img_ID_posters\" class=\"img_ID_posters slow imgblock\" style=\"visibility: visible; display: none;\">Chartes \/\/ Charters <\/div>\n\t\t\t<div id=\"img_ID_vendeurup\" class=\"img_ID_vendeurup slow imgblock\" style=\"visibility: visible; display: none;\">Equipe \/\/ Team<\/div>\n\t\t\t<div id=\"img_ID_coffre\" class=\"img_ID_coffre slow slow imgblock\" style=\"visibility: visible; display: none;\">Reconnaissance et financement \/\/ Erkenning en financiering<\/div>\n\t\t<\/div>\n\t\t<map name=\"map_ID_nb \" id=\"map_ID_nb\" class=\"mapmobile\">\n\t\t\t<area class=\"taphover mapordi\" target=\"\" alt=\"Accueil et accompagnement \/\/ Onthaal en begeleiding\" title=\"Accueil et accompagnement \/\/ Onthaal en begeleiding\" href=\"https:\/\/www.fdss.be\/fr\/caa\/accueil-et-accompagnement\/\" coords=\"989,7,985,707,1003,724,1051,696,1047,729,1038,777,1056,828,1113,828,1111,866,1215,760,1239,762,1239,689,1402,715,1420,786,1519,733,1524,2\" shape=\"poly\" onmouseover=\"setAccessory('\/wp-content\/themes\/fdss\/panneau\/armoirebas.ai.png','.img_ID_armoir');\" onmouseout=\"hideAccessory('.img_ID_armoir');\">\n\t\t\t<area class=\"taphover mapordi\" target=\"\" alt=\"Equipe \/\/ Team\" title=\"Equipe \/\/ Team\" href=\"https:\/\/www.fdss.be\/fr\/caa\/equipe-2\/\" coords=\"727,247,755,223,791,250,802,316,802,362,848,378,844,506,811,548,782,570,758,572,729,579,698,541,682,479,691,378,720,355,755,362,753,336,720,294\" shape=\"poly\" onmouseover=\"setAccessory('\/wp-content\/themes\/fdss\/panneau\/vendeurup.png','.img_ID_vendeurup');\" onmouseout=\"hideAccessory('.img_ID_vendeurup');\">\n\t\t\t<area class=\"taphover mapordi\" target=\"\" alt=\"Acc\u00e8s et fonctionnement \/\/ Toegang en werking\" title=\"Acc\u00e8s et fonctionnement \/\/ Toegang en werking\" href=\"https:\/\/www.fdss.be\/fr\/caa\/acces-et-fonctionnement\/\" coords=\"7,11,221,2,232,552,93,658,80,618,2,669\" shape=\"poly\" onmouseover=\"setAccessory('\/wp-content\/themes\/fdss\/panneau\/portegauche.png','.img_ID_portegauche');\" onmouseout=\"hideAccessory('.img_ID_portegauche');\">\n\t\t\t<area class=\"taphover mapordi\" id=\"areacoffre\" target=\"\" alt=\"Reconnaissance et financement \/\/ Erkenning en financiering\" href=\"https:\/\/www.fdss.be\/fr\/caa\/reconnaissance-et-financement\/\" title=\"Reconnaissance et financement \/\/ Erkenning en financiering\" coords=\"431,44,424,258,550,276,550,44\" shape=\"poly\" onmouseover=\"setAccessory('\/wp-content\/themes\/fdss\/panneau\/coffre.png','.img_ID_coffre');\" onmouseout=\"hideAccessory('.img_ID_coffre');\">\n\t\t\t<area class=\"taphover mapordi\" target=\"\" alt=\"Gestion et budget \/\/ Beheer en budget\" title=\"Gestion et budget \/\/ Beheer en budget\" href=\"https:\/\/www.fdss.be\/fr\/caa\/gestion-et-budget\/\" coords=\"477,360,470,395,464,424,444,457,442,554,559,583,649,567,636,519,592,450,559,402,561,360\" shape=\"poly\" onmouseover=\"setAccessory('\/wp-content\/themes\/fdss\/panneau\/caisse.png','.img_ID_caisse');\" onmouseout=\"hideAccessory('.img_ID_caisse');\">\n\t\t\t<area class=\"taphover mapordi\" target=\"\" alt=\"Chartes \/\/ Charters\" title=\"Chartes \/\/ Charters\" href=\"https:\/\/www.fdss.be\/fr\/caa\/chartes\/\" coords=\"1555,0,1555,208,1590,210,1597,382,1630,389,1634,570,1754,561,1751,380,1807,378,1800,155,1696,166,1692,2\" shape=\"poly\" onmouseover=\"setAccessory('\/wp-content\/themes\/fdss\/panneau\/posters.png','.img_ID_posters');\" onmouseout=\"hideAccessory('.img_ID_posters');\">\n\t\t\t<area class=\"taphover mapordi\" target=\"\" alt=\"Logistique \/\/ Logistiek\" title=\"Logistique \/\/ Logistiek\" href=\"https:\/\/www.fdss.be\/fr\/caa\/a-propos\/logistique\/\" coords=\"1835,124,1846,707,2083,731,2078,689,2133,685,2160,141\" shape=\"poly\" onmouseover=\"setAccessory('\/wp-content\/themes\/fdss\/panneau\/portedroite.png','.img_ID_portedroite');\" onmouseout=\"hideAccessory('.img_ID_portedroite');\">\n\t\t\t<area class=\"taphover mapordi\" target=\"\" alt=\"Hygi\u00e8ne et s\u00e9curit\u00e9 de la cha\u00eene alimentaire \/\/ Hygi\u00ebne en veiligheid in de voedselketen\" title=\"Hygi\u00e8ne et s\u00e9curit\u00e9 de la cha\u00eene alimentaire \/\/ Hygi\u00ebne en veiligheid in de voedselketen\" href=\"https:\/\/www.fdss.be\/fr\/caa\/hygiene-et-securite-de-la-chaine-alimentaire\/\" coords=\"259,159,2266,344,2189,408,2187,475,2215,497,2259,506,2282,570,2352,576,2390,645,2452,634,2445,519,2491,428,2491,307,2414,318,2396,287,2394,157\" shape=\"poly\" onmouseover=\"setAccessory('\/wp-content\/themes\/fdss\/panneau\/evier.png','.img_ID_evier');\" onmouseout=\"hideAccessory('.img_ID_evier');\">\n\t\t\t<area class=\"taphover mapordi\" target=\"\" alt=\"Accueil et accompagnement \/\/ Onthaal en begeleiding\" title=\"Accueil et accompagnement \/\/ Onthaal en begeleiding\" href=\"https:\/\/www.fdss.be\/fr\/caa\/accueil-et-accompagnement\/\" coords=\"2098,704,2089,835,1996,914,2001,1036,2418,1029,2427,835,2257,802,2208,698\" shape=\"poly\" onmouseover=\"setAccessory('\/wp-content\/themes\/fdss\/panneau\/armoirebas.ai.png','.img_ID_armoir');\" onmouseout=\"hideAccessory('.img_ID_armoir');\">\n\t\t\t<area class=\"taphover mapordi\" target=\"\" alt=\"Approvisionnement \/\/ Bevoorrading\" title=\"Approvisionnement \/\/ Bevoorrading\" href=\"https:\/\/www.fdss.be\/fr\/caa\/approvisionnement\/\" coords=\"1630,839,1217,764,1014,980,1011,1033,625,1033,621,713,501,773,484,855,82,797,80,632,7,673,0,1036,1645,1033\" shape=\"poly\" onmouseover=\"setAccessory('\/wp-content\/themes\/fdss\/panneau\/armoirebas.ai.png','.img_ID_armoirbas');\" onmouseout=\"hideAccessory('.img_ID_armoirbas');\">\n\t\t<\/map>\n\t<\/div>\n\t<div class=\"imgsblockmobil row\">\n\t\t<div class=\"col12 col-md-6\"><a title=\"Approvisionnement \/\/ Bevoorrading\" href=\"https:\/\/www.fdss.be\/fr\/caa\/approvisionnement\/\"><img decoding=\"async\" src=\"\/wp-content\/themes\/fdss\/panneau\/mobile\/2024_CAA_ILLU_repis_site-web-mobile_DEF.jpg\"><\/a><\/div>\n\t\t<div class=\"col12 col-md-6\"><a title=\"Equipe \/\/ Team\" href=\"https:\/\/www.fdss.be\/fr\/caa\/equipe-2\/\"><img decoding=\"async\" src=\"\/wp-content\/themes\/fdss\/panneau\/mobile\/2024_CAA_ILLU_repis_site-web-mobile_DEF2.jpg\"><\/a><\/div>\n\t\t<div class=\"col12 col-md-6\"><a title=\"Accueil et accompagnement \/\/ Onthaal en begeleiding\" href=\"https:\/\/www.fdss.be\/fr\/caa\/accueil-et-accompagnement\/\"><img decoding=\"async\" src=\"\/wp-content\/themes\/fdss\/panneau\/mobile\/2024_CAA_ILLU_repis_site-web-mobile_DEF3.jpg\"><\/a><\/div>\n\t\t<div class=\"col12 col-md-6\"><a title=\"Logistique \/\/ Logistiek\" href=\"https:\/\/www.fdss.be\/fr\/caa\/a-propos\/logistique\/\"><img decoding=\"async\" src=\"\/wp-content\/themes\/fdss\/panneau\/mobile\/2024_CAA_ILLU_repis_site-web-mobile_DEF4.jpg\"><\/a><\/div>\n\t\t<div class=\"col12 col-md-6\"><a title=\"Reconnaissance et financement \/\/ Erkenning en financiering\" href=\"https:\/\/www.fdss.be\/fr\/caa\/reconnaissance-et-financement\/\"><img decoding=\"async\" src=\"\/wp-content\/themes\/fdss\/panneau\/mobile\/2024_CAA_ILLU_repis_site-web-mobile_DEF5.jpg\"><\/a><\/div>\n\t\t<div class=\"col12 col-md-6\"><a title=\"Gestion et budget \/\/ Beheer en budget\" href=\"https:\/\/www.fdss.be\/fr\/caa\/gestion-et-budget\/\"><img decoding=\"async\" src=\"\/wp-content\/themes\/fdss\/panneau\/mobile\/2024_CAA_ILLU_repis_site-web-mobile_DEF6.jpg\"><\/a><\/div>\n\t\t<div class=\"col12 col-md-6\"><a title=\"Acc\u00e8s et fonctionnement \/\/ Toegang en werking\" href=\"https:\/\/www.fdss.be\/fr\/caa\/acces-et-fonctionnement\/\"><img decoding=\"async\" src=\"\/wp-content\/themes\/fdss\/panneau\/mobile\/2024_CAA_ILLU_repis_site-web-mobile_DEF7.jpg\"><\/a><\/div>\n\t\t<div class=\"col12 col-md-6\"><a title=\"Chartes \/\/ Charters\" href=\"https:\/\/www.fdss.be\/fr\/caa\/chartes\/\"><img decoding=\"async\" src=\"\/wp-content\/themes\/fdss\/panneau\/mobile\/2024_CAA_ILLU_repis_site-web-mobile_DEF8.jpg\"><\/a><\/div>\n\t\t<div class=\"col12 col-md-6\"><a title=\"Hygi\u00e8ne et s\u00e9curit\u00e9 de la cha\u00eene alimentaire \/\/ Hygi\u00ebne en veiligheid in de voedselketen\" href=\"https:\/\/www.fdss.be\/fr\/caa\/hygiene-et-securite-de-la-chaine-alimentaire\/\"><img decoding=\"async\" src=\"\/wp-content\/themes\/fdss\/panneau\/mobile\/2024_CAA_ILLU_repis_site-web-mobile_DEF9.jpg\"><\/a><\/div>\n\t<\/div>\n\n","protected":false},"excerpt":{"rendered":"<p>Lancer et g\u00e9rer un projet de solidarit\u00e9 alimentaire n\u00e9cessite de plancher sur une grande diversit\u00e9 de param\u00e8tres, de trouver des solutions pragmatiques et de se projeter dans l\u2019avenir. Quels sont les objectifs prioritaires de mon projet ? Quelles sont les reconnaissances l\u00e9gales et les subventions disponibles ? Quelles sont les sources d\u2019approvisionnement disponibles ? Quelles [&hellip;]<\/p>\n","protected":false},"author":4,"featured_media":0,"parent":161,"menu_order":0,"comment_status":"closed","ping_status":"closed","template":"","meta":{"_acf_changed":false,"footnotes":""},"class_list":["post-11784","page","type-page","status-publish","hentry"],"acf":[],"_links":{"self":[{"href":"https:\/\/www.fdss.be\/fr\/wp-json\/wp\/v2\/pages\/11784","targetHints":{"allow":["GET"]}}],"collection":[{"href":"https:\/\/www.fdss.be\/fr\/wp-json\/wp\/v2\/pages"}],"about":[{"href":"https:\/\/www.fdss.be\/fr\/wp-json\/wp\/v2\/types\/page"}],"author":[{"embeddable":true,"href":"https:\/\/www.fdss.be\/fr\/wp-json\/wp\/v2\/users\/4"}],"replies":[{"embeddable":true,"href":"https:\/\/www.fdss.be\/fr\/wp-json\/wp\/v2\/comments?post=11784"}],"version-history":[{"count":5,"href":"https:\/\/www.fdss.be\/fr\/wp-json\/wp\/v2\/pages\/11784\/revisions"}],"predecessor-version":[{"id":14187,"href":"https:\/\/www.fdss.be\/fr\/wp-json\/wp\/v2\/pages\/11784\/revisions\/14187"}],"up":[{"embeddable":true,"href":"https:\/\/www.fdss.be\/fr\/wp-json\/wp\/v2\/pages\/161"}],"wp:attachment":[{"href":"https:\/\/www.fdss.be\/fr\/wp-json\/wp\/v2\/media?parent=11784"}],"curies":[{"name":"wp","href":"https:\/\/api.w.org\/{rel}","templated":true}]}}