{"id":11089,"date":"2024-04-25T12:09:31","date_gmt":"2024-04-25T10:09:31","guid":{"rendered":"https:\/\/www.fdss.be\/?page_id=11089"},"modified":"2024-04-29T10:19:28","modified_gmt":"2024-04-29T08:19:28","slug":"conference-gesticulee-faim-de-vie","status":"publish","type":"page","link":"https:\/\/www.fdss.be\/fr\/caa\/ressources\/conference-gesticulee-faim-de-vie\/","title":{"rendered":"Conf\u00e9rence gesticul\u00e9e \u00ab Faim de Vie \u00bb"},"content":{"rendered":"<p>&nbsp;<\/p>\n<p><a class=\"button\" href=\"https:\/\/www.fdss.be\/wp-content\/uploads\/Conference-Gesticulee-1.pdf\" target=\"_blank\" rel=\"noopener\">Fiche Technique<\/a> \u00a0 \u00a0 \u00a0<a class=\"button\" href=\"https:\/\/www.fdss.be\/wp-content\/uploads\/21-31-CAA-flyer-faimdevie-A6_vierge_03.pdf\" target=\"_blank\" rel=\"noopener noreferrer\">Flyers<\/a> \u00a0 \u00a0 \u00a0<a class=\"button\" href=\"https:\/\/www.fdss.be\/wp-content\/uploads\/21-31-CAA-flyer-faimdevie-A6_vierge_03-1.jpg\" target=\"_blank\" rel=\"noopener noreferrer\">Affiche<\/a>\u00a0\u00a0\u00a0\u00a0 \u00a0<a class=\"button\" href=\"https:\/\/www.fdss.be\/wp-content\/uploads\/23-74-CAA-template-word.docx\" target=\"_blank\" rel=\"noopener noreferrer\">Affiche\/flyer \u00e0 compl\u00e9ter<\/a><\/p>\n<p>&nbsp;<\/p>\n<p><strong>Pour les prochaines repr\u00e9sentations, consultez <a href=\"https:\/\/www.fdss.be\/fr\/event\/\">la page agenda<\/a><\/strong><\/p>\n<p>&nbsp;<\/p>\n<div class=\"su-row\"><div class=\"su-column su-column-size-1-2 left\"><div class=\"su-column-inner su-u-clearfix su-u-trim\">\n<div class=\"su-image-carousel  su-image-carousel-has-spacing su-image-carousel-crop su-image-carousel-crop-4-3 su-image-carousel-has-outline su-image-carousel-adaptive su-image-carousel-slides-style-default su-image-carousel-controls-style-dark su-image-carousel-align-none\" style=\"max-width:50%\" data-flickity-options='{\"groupCells\":true,\"cellSelector\":\".su-image-carousel-item\",\"adaptiveHeight\":false,\"cellAlign\":\"left\",\"prevNextButtons\":true,\"pageDots\":true,\"autoPlay\":5000,\"imagesLoaded\":true,\"contain\":true,\"selectedAttraction\":0.025,\"friction\":0.28}' id=\"su_image_carousel_69ff38b11c8a6\"><div class=\"su-image-carousel-item\"><div class=\"su-image-carousel-item-content\"><img loading=\"lazy\" decoding=\"async\" width=\"500\" height=\"335\" src=\"https:\/\/www.fdss.be\/wp-content\/uploads\/P1060448-500x335.jpg\" class=\"\" alt=\"\" srcset=\"https:\/\/www.fdss.be\/wp-content\/uploads\/P1060448-500x335.jpg 500w, https:\/\/www.fdss.be\/wp-content\/uploads\/P1060448-1024x685.jpg 1024w, https:\/\/www.fdss.be\/wp-content\/uploads\/P1060448-150x100.jpg 150w, https:\/\/www.fdss.be\/wp-content\/uploads\/P1060448-768x514.jpg 768w, https:\/\/www.fdss.be\/wp-content\/uploads\/P1060448-1536x1028.jpg 1536w, https:\/\/www.fdss.be\/wp-content\/uploads\/P1060448-2048x1370.jpg 2048w\" sizes=\"auto, (max-width: 500px) 100vw, 500px\" \/><\/div><\/div><div class=\"su-image-carousel-item\"><div class=\"su-image-carousel-item-content\"><img loading=\"lazy\" decoding=\"async\" width=\"500\" height=\"335\" src=\"https:\/\/www.fdss.be\/wp-content\/uploads\/P1060443-500x335.jpg\" class=\"\" alt=\"\" srcset=\"https:\/\/www.fdss.be\/wp-content\/uploads\/P1060443-500x335.jpg 500w, https:\/\/www.fdss.be\/wp-content\/uploads\/P1060443-1024x685.jpg 1024w, https:\/\/www.fdss.be\/wp-content\/uploads\/P1060443-150x100.jpg 150w, https:\/\/www.fdss.be\/wp-content\/uploads\/P1060443-768x514.jpg 768w, https:\/\/www.fdss.be\/wp-content\/uploads\/P1060443-1536x1028.jpg 1536w, https:\/\/www.fdss.be\/wp-content\/uploads\/P1060443-2048x1370.jpg 2048w\" sizes=\"auto, (max-width: 500px) 100vw, 500px\" \/><\/div><\/div><div class=\"su-image-carousel-item\"><div class=\"su-image-carousel-item-content\"><img loading=\"lazy\" decoding=\"async\" width=\"500\" height=\"335\" src=\"https:\/\/www.fdss.be\/wp-content\/uploads\/P1060386-500x335.jpg\" class=\"\" alt=\"\" srcset=\"https:\/\/www.fdss.be\/wp-content\/uploads\/P1060386-500x335.jpg 500w, https:\/\/www.fdss.be\/wp-content\/uploads\/P1060386-1024x685.jpg 1024w, https:\/\/www.fdss.be\/wp-content\/uploads\/P1060386-150x100.jpg 150w, https:\/\/www.fdss.be\/wp-content\/uploads\/P1060386-768x514.jpg 768w, https:\/\/www.fdss.be\/wp-content\/uploads\/P1060386-1536x1028.jpg 1536w, https:\/\/www.fdss.be\/wp-content\/uploads\/P1060386-2048x1370.jpg 2048w\" sizes=\"auto, (max-width: 500px) 100vw, 500px\" \/><\/div><\/div><div class=\"su-image-carousel-item\"><div class=\"su-image-carousel-item-content\"><img loading=\"lazy\" decoding=\"async\" width=\"500\" height=\"335\" src=\"https:\/\/www.fdss.be\/wp-content\/uploads\/P1060381-500x335.jpg\" class=\"\" alt=\"\" srcset=\"https:\/\/www.fdss.be\/wp-content\/uploads\/P1060381-500x335.jpg 500w, https:\/\/www.fdss.be\/wp-content\/uploads\/P1060381-1024x685.jpg 1024w, https:\/\/www.fdss.be\/wp-content\/uploads\/P1060381-150x100.jpg 150w, https:\/\/www.fdss.be\/wp-content\/uploads\/P1060381-768x514.jpg 768w, https:\/\/www.fdss.be\/wp-content\/uploads\/P1060381-1536x1028.jpg 1536w, https:\/\/www.fdss.be\/wp-content\/uploads\/P1060381-2048x1370.jpg 2048w\" sizes=\"auto, (max-width: 500px) 100vw, 500px\" \/><\/div><\/div><\/div><script id=\"su_image_carousel_69ff38b11c8a6_script\">if(window.SUImageCarousel){setTimeout(function() {window.SUImageCarousel.initGallery(document.getElementById(\"su_image_carousel_69ff38b11c8a6\"))}, 0);}var su_image_carousel_69ff38b11c8a6_script=document.getElementById(\"su_image_carousel_69ff38b11c8a6_script\");if(su_image_carousel_69ff38b11c8a6_script){su_image_carousel_69ff38b11c8a6_script.parentNode.removeChild(su_image_carousel_69ff38b11c8a6_script);}<\/script>\n<\/div><\/div>\n<div class=\"su-column su-column-size-1-2 right\"><div class=\"su-column-inner su-u-clearfix su-u-trim\">\n<div class=\"su-image-carousel  su-image-carousel-has-spacing su-image-carousel-crop su-image-carousel-crop-4-3 su-image-carousel-has-outline su-image-carousel-adaptive su-image-carousel-slides-style-default su-image-carousel-controls-style-dark su-image-carousel-align-none\" style=\"max-width:50%\" data-flickity-options='{\"groupCells\":true,\"cellSelector\":\".su-image-carousel-item\",\"adaptiveHeight\":false,\"cellAlign\":\"left\",\"prevNextButtons\":true,\"pageDots\":true,\"autoPlay\":5000,\"imagesLoaded\":true,\"contain\":true,\"selectedAttraction\":0.025,\"friction\":0.28}' id=\"su_image_carousel_69ff38b11ebd5\"><div class=\"su-image-carousel-item\"><div class=\"su-image-carousel-item-content\"><img loading=\"lazy\" decoding=\"async\" width=\"500\" height=\"335\" src=\"https:\/\/www.fdss.be\/wp-content\/uploads\/1230270-Copie-500x335.jpg\" class=\"\" alt=\"\" srcset=\"https:\/\/www.fdss.be\/wp-content\/uploads\/1230270-Copie-500x335.jpg 500w, https:\/\/www.fdss.be\/wp-content\/uploads\/1230270-Copie-1024x685.jpg 1024w, https:\/\/www.fdss.be\/wp-content\/uploads\/1230270-Copie-150x100.jpg 150w, https:\/\/www.fdss.be\/wp-content\/uploads\/1230270-Copie-768x514.jpg 768w, https:\/\/www.fdss.be\/wp-content\/uploads\/1230270-Copie-1536x1028.jpg 1536w, https:\/\/www.fdss.be\/wp-content\/uploads\/1230270-Copie-2048x1370.jpg 2048w\" sizes=\"auto, (max-width: 500px) 100vw, 500px\" \/><\/div><\/div><div class=\"su-image-carousel-item\"><div class=\"su-image-carousel-item-content\"><img loading=\"lazy\" decoding=\"async\" width=\"335\" height=\"500\" src=\"https:\/\/www.fdss.be\/wp-content\/uploads\/P1060432-335x500.jpg\" class=\"\" alt=\"\" srcset=\"https:\/\/www.fdss.be\/wp-content\/uploads\/P1060432-335x500.jpg 335w, https:\/\/www.fdss.be\/wp-content\/uploads\/P1060432-685x1024.jpg 685w, https:\/\/www.fdss.be\/wp-content\/uploads\/P1060432-100x150.jpg 100w, https:\/\/www.fdss.be\/wp-content\/uploads\/P1060432-768x1148.jpg 768w, https:\/\/www.fdss.be\/wp-content\/uploads\/P1060432-1028x1536.jpg 1028w, https:\/\/www.fdss.be\/wp-content\/uploads\/P1060432-1370x2048.jpg 1370w, https:\/\/www.fdss.be\/wp-content\/uploads\/P1060432.jpg 1520w\" sizes=\"auto, (max-width: 335px) 100vw, 335px\" \/><\/div><\/div><\/div><script id=\"su_image_carousel_69ff38b11ebd5_script\">if(window.SUImageCarousel){setTimeout(function() {window.SUImageCarousel.initGallery(document.getElementById(\"su_image_carousel_69ff38b11ebd5\"))}, 0);}var su_image_carousel_69ff38b11ebd5_script=document.getElementById(\"su_image_carousel_69ff38b11ebd5_script\");if(su_image_carousel_69ff38b11ebd5_script){su_image_carousel_69ff38b11ebd5_script.parentNode.removeChild(su_image_carousel_69ff38b11ebd5_script);}<\/script>\n<\/div><\/div> <\/div>\n<h3>Th\u00e9matique<\/h3>\n<p><em>Actuellement, en Belgique, des milliers de personnes ne mangent pas \u00e0 leur faim.<\/em><br \/>\n<em>Comment est-ce possible\u00a0? Quelles injustices permettent cela\u00a0? Qui est responsable\u00a0?<\/em><br \/>\n<em>On parle de pr\u00e9carit\u00e9 alimentaire, d\u2019aide humanitaire\u2026 et nous sommes au 21<sup>\u00e8me<\/sup>\u00a0si\u00e8cle\u00a0!<\/em><br \/>\n<em>Que s\u2019est-il pass\u00e9\u00a0? Qu\u2019est-ce qui se passe\u00a0?<\/em><\/p>\n<p><em>Mais, si la faim n\u2019\u00e9tait pas un ph\u00e9nom\u00e8ne naturel, que serait-elle ? Une ineptie ? Un coup mont\u00e9 ? Une volont\u00e9 des plus forts ?<\/em><\/p>\n<p><em>Et si nous avions surtout faim de vie\u00a0?<\/em><br \/>\n<em>Et si nous avions soif de liens\u00a0?<\/em><br \/>\n<em>Et si nous \u00e9tions gourmands de collectifs\u00a0?<\/em><\/p>\n<p>Cette conf\u00e9rence propose un menu vari\u00e9, compos\u00e9 d\u2019ingr\u00e9dients d\u2019origines diverses : capitalisme d\u00e9complex\u00e9, pauvret\u00e9 alimentaire, pr\u00e9carit\u00e9\u2026 le tout agr\u00e9ment\u00e9 de savoureux instants pr\u00e9sents.<\/p>\n<h3>La conf\u00e9rence gesticul\u00e9e\u00a0: quelques mots<\/h3>\n<p>A partir des savoirs chauds (points de vue, r\u00e9flexion, regards sur le sujet trait\u00e9) et des savoirs froids (apports th\u00e9oriques sur ce m\u00eame sujet), la conf\u00e9rence gesticul\u00e9e aborde un sujet, une th\u00e9matique en utilisant les outils th\u00e9\u00e2tre (mise en sc\u00e8ne, d\u00e9cor, etc.)<\/p>\n<h3>Auteurs<\/h3>\n<p>Ce projet de conf\u00e9rence est une collaboration entre la F\u00e9d\u00e9ration des Services Sociaux (FdSS, <a href=\"https:\/\/www.fdss.be\">www.fdss.be<\/a>) et le Collectif 1984 (<a href=\"http:\/\/www.collectif1984.net\">www.collectif1984.net<\/a>)<\/p>\n<ul>\n<li><strong>Conf\u00e9renci\u00e8re\u00a0<\/strong>: Brigitte Grisar, charg\u00e9e de projet \u00e0 la Concertation aide alimentaire (FdSS)<\/li>\n<li><strong>Ecriture\u00a0<\/strong>: Brigitte Grisar et Jacques Esnault du Collectif 1984<\/li>\n<li><strong>Mise en sc\u00e8ne<\/strong>\u00a0: Brigitte Grisar et Jacques Esnault<\/li>\n<li><strong>Technique\u00a0<\/strong>: Brigitte Grisar et Jacques Esnault<\/li>\n<\/ul>\n<h3>Personnes de contact<\/h3>\n<ul>\n<li>Jacques Esnault\u00a0: <a href=\"&#x6d;a&#x69;&#108;&#x74;&#111;:&#x6a;a&#x63;&#113;&#x75;&#101;s&#x2e;&#101;&#x73;&#110;a&#x75;l&#x74;&#64;&#x79;&#97;h&#x6f;o&#x2e;&#102;&#x72;\">&#x6a;&#x61;&#x63;&#113;&#117;&#101;s&#46;&#x65;&#x73;&#x6e;&#x61;&#117;&#108;t&#64;&#x79;&#x61;&#x68;&#x6f;&#111;&#46;fr<\/a> \/ 0032 (0)477.605.986<\/li>\n<li>Brigitte Grisar\u00a0: <a href=\"&#109;&#x61;i&#x6c;&#x74;&#111;&#x3a;b&#x72;&#x69;&#103;&#x69;t&#x74;&#x65;&#46;&#x67;r&#x69;&#x73;&#97;&#x72;&#64;&#x66;&#x64;&#115;&#x73;&#46;&#x62;&#x65;\">&#98;r&#x69;g&#x69;t&#x74;e&#x2e;&#103;&#x72;&#105;&#x73;&#97;&#x72;&#64;f&#100;s&#x73;&#46;&#x62;e<\/a> \/ 0032 (0)472.473.074<\/li>\n<\/ul>\n<h3>Articles<\/h3>\n<ul>\n<li><a href=\"https:\/\/vivre-ensemble.be\/aide-alimentaire-ou-aide-humanitaire\">Analyse \u00e9crite par Vivre Ensemble\u00a0<\/a><\/li>\n<li class=\"ap-Title ap-StoryTitle\"><a href=\"https:\/\/www.dhnet.be\/regions\/tournai-ath-mouscron\/pays-vert\/2021\/09\/26\/lessines-tends-la-main-a-ton-voisin-2MERQCZBA5AU3IVN4D6X6IXLIE\/\" target=\"_blank\" rel=\"noopener\">Lessines: tends la main \u00e0 ton voisin !<\/a><\/li>\n<\/ul>\n","protected":false},"excerpt":{"rendered":"<p>\u00ab\u00a0Une conf\u00e9rence gesticul\u00e9e qui d\u00e9shabille les enjeux de l\u2019aide alimentaire.\u00a0\u00bb<\/p>\n<p>Vous souhaitez organiser une repr\u00e9sentation pr\u00e8s de chez vous ? Retrouvez toutes les infos ici.<\/p>\n","protected":false},"author":4,"featured_media":2332,"parent":9161,"menu_order":0,"comment_status":"closed","ping_status":"closed","template":"","meta":{"_acf_changed":false,"footnotes":""},"class_list":["post-11089","page","type-page","status-publish","has-post-thumbnail","hentry"],"acf":[],"_links":{"self":[{"href":"https:\/\/www.fdss.be\/fr\/wp-json\/wp\/v2\/pages\/11089","targetHints":{"allow":["GET"]}}],"collection":[{"href":"https:\/\/www.fdss.be\/fr\/wp-json\/wp\/v2\/pages"}],"about":[{"href":"https:\/\/www.fdss.be\/fr\/wp-json\/wp\/v2\/types\/page"}],"author":[{"embeddable":true,"href":"https:\/\/www.fdss.be\/fr\/wp-json\/wp\/v2\/users\/4"}],"replies":[{"embeddable":true,"href":"https:\/\/www.fdss.be\/fr\/wp-json\/wp\/v2\/comments?post=11089"}],"version-history":[{"count":2,"href":"https:\/\/www.fdss.be\/fr\/wp-json\/wp\/v2\/pages\/11089\/revisions"}],"predecessor-version":[{"id":11117,"href":"https:\/\/www.fdss.be\/fr\/wp-json\/wp\/v2\/pages\/11089\/revisions\/11117"}],"up":[{"embeddable":true,"href":"https:\/\/www.fdss.be\/fr\/wp-json\/wp\/v2\/pages\/9161"}],"wp:featuredmedia":[{"embeddable":true,"href":"https:\/\/www.fdss.be\/fr\/wp-json\/wp\/v2\/media\/2332"}],"wp:attachment":[{"href":"https:\/\/www.fdss.be\/fr\/wp-json\/wp\/v2\/media?parent=11089"}],"curies":[{"name":"wp","href":"https:\/\/api.w.org\/{rel}","templated":true}]}}