{"id":10547,"date":"2024-02-05T16:03:53","date_gmt":"2024-02-05T15:03:53","guid":{"rendered":"https:\/\/www.fdss.be\/?page_id=10547"},"modified":"2025-09-04T16:01:53","modified_gmt":"2025-09-04T14:01:53","slug":"collectif-du-gratin-de-la-colere","status":"publish","type":"page","link":"https:\/\/www.fdss.be\/fr\/caa\/projets-groupes-de-travail\/collectif-du-gratin-de-la-colere\/","title":{"rendered":"Collectif du gratin de la col\u00e8re"},"content":{"rendered":"<div class=\"su-image-carousel  su-image-carousel-has-spacing su-image-carousel-crop su-image-carousel-crop-4-3 su-image-carousel-has-outline su-image-carousel-adaptive su-image-carousel-slides-style-default su-image-carousel-controls-style-dark su-image-carousel-align-right\" style=\"max-width:30%\" data-flickity-options='{\"groupCells\":true,\"cellSelector\":\".su-image-carousel-item\",\"adaptiveHeight\":false,\"cellAlign\":\"left\",\"prevNextButtons\":true,\"pageDots\":true,\"autoPlay\":5000,\"imagesLoaded\":true,\"contain\":true,\"selectedAttraction\":0.025,\"friction\":0.28}' id=\"su_image_carousel_69e23d91876f6\"><div class=\"su-image-carousel-item\"><div class=\"su-image-carousel-item-content\"><img loading=\"lazy\" decoding=\"async\" width=\"500\" height=\"334\" src=\"https:\/\/www.fdss.be\/wp-content\/uploads\/DSC_1043-500x334.jpg\" class=\"\" alt=\"\" srcset=\"https:\/\/www.fdss.be\/wp-content\/uploads\/DSC_1043-500x334.jpg 500w, https:\/\/www.fdss.be\/wp-content\/uploads\/DSC_1043-1024x683.jpg 1024w, https:\/\/www.fdss.be\/wp-content\/uploads\/DSC_1043-150x100.jpg 150w, https:\/\/www.fdss.be\/wp-content\/uploads\/DSC_1043-768x512.jpg 768w, https:\/\/www.fdss.be\/wp-content\/uploads\/DSC_1043-1536x1025.jpg 1536w, https:\/\/www.fdss.be\/wp-content\/uploads\/DSC_1043-2048x1366.jpg 2048w\" sizes=\"auto, (max-width: 500px) 100vw, 500px\" \/><\/div><\/div><div class=\"su-image-carousel-item\"><div class=\"su-image-carousel-item-content\"><img loading=\"lazy\" decoding=\"async\" width=\"500\" height=\"334\" src=\"https:\/\/www.fdss.be\/wp-content\/uploads\/DSC_0936-500x334.jpg\" class=\"\" alt=\"\" srcset=\"https:\/\/www.fdss.be\/wp-content\/uploads\/DSC_0936-500x334.jpg 500w, https:\/\/www.fdss.be\/wp-content\/uploads\/DSC_0936-1024x683.jpg 1024w, https:\/\/www.fdss.be\/wp-content\/uploads\/DSC_0936-150x100.jpg 150w, https:\/\/www.fdss.be\/wp-content\/uploads\/DSC_0936-768x512.jpg 768w, https:\/\/www.fdss.be\/wp-content\/uploads\/DSC_0936-1536x1025.jpg 1536w, https:\/\/www.fdss.be\/wp-content\/uploads\/DSC_0936-2048x1366.jpg 2048w\" sizes=\"auto, (max-width: 500px) 100vw, 500px\" \/><\/div><\/div><div class=\"su-image-carousel-item\"><div class=\"su-image-carousel-item-content\"><img loading=\"lazy\" decoding=\"async\" width=\"500\" height=\"334\" src=\"https:\/\/www.fdss.be\/wp-content\/uploads\/DSC_0888-500x334.jpg\" class=\"\" alt=\"\" srcset=\"https:\/\/www.fdss.be\/wp-content\/uploads\/DSC_0888-500x334.jpg 500w, https:\/\/www.fdss.be\/wp-content\/uploads\/DSC_0888-1024x683.jpg 1024w, https:\/\/www.fdss.be\/wp-content\/uploads\/DSC_0888-150x100.jpg 150w, https:\/\/www.fdss.be\/wp-content\/uploads\/DSC_0888-768x512.jpg 768w, https:\/\/www.fdss.be\/wp-content\/uploads\/DSC_0888-1536x1025.jpg 1536w, https:\/\/www.fdss.be\/wp-content\/uploads\/DSC_0888-2048x1367.jpg 2048w\" sizes=\"auto, (max-width: 500px) 100vw, 500px\" \/><\/div><\/div><div class=\"su-image-carousel-item\"><div class=\"su-image-carousel-item-content\"><img loading=\"lazy\" decoding=\"async\" width=\"500\" height=\"334\" src=\"https:\/\/www.fdss.be\/wp-content\/uploads\/DSC_0905-500x334.jpg\" class=\"\" alt=\"\" srcset=\"https:\/\/www.fdss.be\/wp-content\/uploads\/DSC_0905-500x334.jpg 500w, https:\/\/www.fdss.be\/wp-content\/uploads\/DSC_0905-1024x683.jpg 1024w, https:\/\/www.fdss.be\/wp-content\/uploads\/DSC_0905-150x100.jpg 150w, https:\/\/www.fdss.be\/wp-content\/uploads\/DSC_0905-768x512.jpg 768w, https:\/\/www.fdss.be\/wp-content\/uploads\/DSC_0905-1536x1025.jpg 1536w, https:\/\/www.fdss.be\/wp-content\/uploads\/DSC_0905-2048x1367.jpg 2048w\" sizes=\"auto, (max-width: 500px) 100vw, 500px\" \/><\/div><\/div><div class=\"su-image-carousel-item\"><div class=\"su-image-carousel-item-content\"><img loading=\"lazy\" decoding=\"async\" width=\"500\" height=\"334\" src=\"https:\/\/www.fdss.be\/wp-content\/uploads\/DSC_0926-500x334.jpg\" class=\"\" alt=\"\" srcset=\"https:\/\/www.fdss.be\/wp-content\/uploads\/DSC_0926-500x334.jpg 500w, https:\/\/www.fdss.be\/wp-content\/uploads\/DSC_0926-1024x683.jpg 1024w, https:\/\/www.fdss.be\/wp-content\/uploads\/DSC_0926-150x100.jpg 150w, https:\/\/www.fdss.be\/wp-content\/uploads\/DSC_0926-768x512.jpg 768w, https:\/\/www.fdss.be\/wp-content\/uploads\/DSC_0926-1536x1025.jpg 1536w, https:\/\/www.fdss.be\/wp-content\/uploads\/DSC_0926-2048x1367.jpg 2048w\" sizes=\"auto, (max-width: 500px) 100vw, 500px\" \/><\/div><\/div><div class=\"su-image-carousel-item\"><div class=\"su-image-carousel-item-content\"><img loading=\"lazy\" decoding=\"async\" width=\"500\" height=\"334\" src=\"https:\/\/www.fdss.be\/wp-content\/uploads\/DSC_0930-500x334.jpg\" class=\"\" alt=\"\" srcset=\"https:\/\/www.fdss.be\/wp-content\/uploads\/DSC_0930-500x334.jpg 500w, https:\/\/www.fdss.be\/wp-content\/uploads\/DSC_0930-1024x683.jpg 1024w, https:\/\/www.fdss.be\/wp-content\/uploads\/DSC_0930-150x100.jpg 150w, https:\/\/www.fdss.be\/wp-content\/uploads\/DSC_0930-768x512.jpg 768w, https:\/\/www.fdss.be\/wp-content\/uploads\/DSC_0930-1536x1025.jpg 1536w, https:\/\/www.fdss.be\/wp-content\/uploads\/DSC_0930-2048x1367.jpg 2048w\" sizes=\"auto, (max-width: 500px) 100vw, 500px\" \/><\/div><\/div><div class=\"su-image-carousel-item\"><div class=\"su-image-carousel-item-content\"><img loading=\"lazy\" decoding=\"async\" width=\"500\" height=\"334\" src=\"https:\/\/www.fdss.be\/wp-content\/uploads\/DSC_0946-500x334.jpg\" class=\"\" alt=\"\" srcset=\"https:\/\/www.fdss.be\/wp-content\/uploads\/DSC_0946-500x334.jpg 500w, https:\/\/www.fdss.be\/wp-content\/uploads\/DSC_0946-1024x683.jpg 1024w, https:\/\/www.fdss.be\/wp-content\/uploads\/DSC_0946-150x100.jpg 150w, https:\/\/www.fdss.be\/wp-content\/uploads\/DSC_0946-768x512.jpg 768w, https:\/\/www.fdss.be\/wp-content\/uploads\/DSC_0946-1536x1025.jpg 1536w, https:\/\/www.fdss.be\/wp-content\/uploads\/DSC_0946-2048x1367.jpg 2048w\" sizes=\"auto, (max-width: 500px) 100vw, 500px\" \/><\/div><\/div><div class=\"su-image-carousel-item\"><div class=\"su-image-carousel-item-content\"><img loading=\"lazy\" decoding=\"async\" width=\"500\" height=\"334\" src=\"https:\/\/www.fdss.be\/wp-content\/uploads\/DSC_0952-500x334.jpg\" class=\"\" alt=\"\" srcset=\"https:\/\/www.fdss.be\/wp-content\/uploads\/DSC_0952-500x334.jpg 500w, https:\/\/www.fdss.be\/wp-content\/uploads\/DSC_0952-1024x683.jpg 1024w, https:\/\/www.fdss.be\/wp-content\/uploads\/DSC_0952-150x100.jpg 150w, https:\/\/www.fdss.be\/wp-content\/uploads\/DSC_0952-768x512.jpg 768w, https:\/\/www.fdss.be\/wp-content\/uploads\/DSC_0952-1536x1025.jpg 1536w, https:\/\/www.fdss.be\/wp-content\/uploads\/DSC_0952-2048x1367.jpg 2048w\" sizes=\"auto, (max-width: 500px) 100vw, 500px\" \/><\/div><\/div><div class=\"su-image-carousel-item\"><div class=\"su-image-carousel-item-content\"><img loading=\"lazy\" decoding=\"async\" width=\"500\" height=\"334\" src=\"https:\/\/www.fdss.be\/wp-content\/uploads\/DSC_0954-500x334.jpg\" class=\"\" alt=\"\" srcset=\"https:\/\/www.fdss.be\/wp-content\/uploads\/DSC_0954-500x334.jpg 500w, https:\/\/www.fdss.be\/wp-content\/uploads\/DSC_0954-1024x683.jpg 1024w, https:\/\/www.fdss.be\/wp-content\/uploads\/DSC_0954-150x100.jpg 150w, https:\/\/www.fdss.be\/wp-content\/uploads\/DSC_0954-768x512.jpg 768w, https:\/\/www.fdss.be\/wp-content\/uploads\/DSC_0954-1536x1025.jpg 1536w, https:\/\/www.fdss.be\/wp-content\/uploads\/DSC_0954-2048x1367.jpg 2048w\" sizes=\"auto, (max-width: 500px) 100vw, 500px\" \/><\/div><\/div><div class=\"su-image-carousel-item\"><div class=\"su-image-carousel-item-content\"><img loading=\"lazy\" decoding=\"async\" width=\"500\" height=\"334\" src=\"https:\/\/www.fdss.be\/wp-content\/uploads\/DSC_0983-500x334.jpg\" class=\"\" alt=\"\" srcset=\"https:\/\/www.fdss.be\/wp-content\/uploads\/DSC_0983-500x334.jpg 500w, https:\/\/www.fdss.be\/wp-content\/uploads\/DSC_0983-1024x683.jpg 1024w, https:\/\/www.fdss.be\/wp-content\/uploads\/DSC_0983-150x100.jpg 150w, https:\/\/www.fdss.be\/wp-content\/uploads\/DSC_0983-768x513.jpg 768w, https:\/\/www.fdss.be\/wp-content\/uploads\/DSC_0983-1536x1025.jpg 1536w, https:\/\/www.fdss.be\/wp-content\/uploads\/DSC_0983-2048x1367.jpg 2048w\" sizes=\"auto, (max-width: 500px) 100vw, 500px\" \/><\/div><\/div><div class=\"su-image-carousel-item\"><div class=\"su-image-carousel-item-content\"><img loading=\"lazy\" decoding=\"async\" width=\"500\" height=\"334\" src=\"https:\/\/www.fdss.be\/wp-content\/uploads\/DSC_1092-500x334.jpg\" class=\"\" alt=\"\" srcset=\"https:\/\/www.fdss.be\/wp-content\/uploads\/DSC_1092-500x334.jpg 500w, https:\/\/www.fdss.be\/wp-content\/uploads\/DSC_1092-1024x683.jpg 1024w, https:\/\/www.fdss.be\/wp-content\/uploads\/DSC_1092-150x100.jpg 150w, https:\/\/www.fdss.be\/wp-content\/uploads\/DSC_1092-768x512.jpg 768w, https:\/\/www.fdss.be\/wp-content\/uploads\/DSC_1092-1536x1025.jpg 1536w, https:\/\/www.fdss.be\/wp-content\/uploads\/DSC_1092-2048x1367.jpg 2048w\" sizes=\"auto, (max-width: 500px) 100vw, 500px\" \/><\/div><\/div><div class=\"su-image-carousel-item\"><div class=\"su-image-carousel-item-content\"><img loading=\"lazy\" decoding=\"async\" width=\"500\" height=\"334\" src=\"https:\/\/www.fdss.be\/wp-content\/uploads\/DSC_1100-500x334.jpg\" class=\"\" alt=\"\" srcset=\"https:\/\/www.fdss.be\/wp-content\/uploads\/DSC_1100-500x334.jpg 500w, https:\/\/www.fdss.be\/wp-content\/uploads\/DSC_1100-1024x683.jpg 1024w, https:\/\/www.fdss.be\/wp-content\/uploads\/DSC_1100-150x100.jpg 150w, https:\/\/www.fdss.be\/wp-content\/uploads\/DSC_1100-768x512.jpg 768w, https:\/\/www.fdss.be\/wp-content\/uploads\/DSC_1100-1536x1025.jpg 1536w, https:\/\/www.fdss.be\/wp-content\/uploads\/DSC_1100-2048x1367.jpg 2048w\" sizes=\"auto, (max-width: 500px) 100vw, 500px\" \/><\/div><\/div><div class=\"su-image-carousel-item\"><div class=\"su-image-carousel-item-content\"><img loading=\"lazy\" decoding=\"async\" width=\"500\" height=\"375\" src=\"https:\/\/www.fdss.be\/wp-content\/uploads\/IMG_20230517_113106-500x375.jpg\" class=\"\" alt=\"\" srcset=\"https:\/\/www.fdss.be\/wp-content\/uploads\/IMG_20230517_113106-500x375.jpg 500w, https:\/\/www.fdss.be\/wp-content\/uploads\/IMG_20230517_113106-1024x768.jpg 1024w, https:\/\/www.fdss.be\/wp-content\/uploads\/IMG_20230517_113106-150x113.jpg 150w, https:\/\/www.fdss.be\/wp-content\/uploads\/IMG_20230517_113106-768x576.jpg 768w, https:\/\/www.fdss.be\/wp-content\/uploads\/IMG_20230517_113106-1536x1152.jpg 1536w, https:\/\/www.fdss.be\/wp-content\/uploads\/IMG_20230517_113106-2048x1536.jpg 2048w\" sizes=\"auto, (max-width: 500px) 100vw, 500px\" \/><\/div><\/div><div class=\"su-image-carousel-item\"><div class=\"su-image-carousel-item-content\"><img loading=\"lazy\" decoding=\"async\" width=\"500\" height=\"375\" src=\"https:\/\/www.fdss.be\/wp-content\/uploads\/IMG_20230517_113125-500x375.jpg\" class=\"\" alt=\"\" srcset=\"https:\/\/www.fdss.be\/wp-content\/uploads\/IMG_20230517_113125-500x375.jpg 500w, https:\/\/www.fdss.be\/wp-content\/uploads\/IMG_20230517_113125-1024x768.jpg 1024w, https:\/\/www.fdss.be\/wp-content\/uploads\/IMG_20230517_113125-150x113.jpg 150w, https:\/\/www.fdss.be\/wp-content\/uploads\/IMG_20230517_113125-768x576.jpg 768w, https:\/\/www.fdss.be\/wp-content\/uploads\/IMG_20230517_113125-1536x1152.jpg 1536w, https:\/\/www.fdss.be\/wp-content\/uploads\/IMG_20230517_113125-2048x1536.jpg 2048w\" sizes=\"auto, (max-width: 500px) 100vw, 500px\" \/><\/div><\/div><\/div><script id=\"su_image_carousel_69e23d91876f6_script\">if(window.SUImageCarousel){setTimeout(function() {window.SUImageCarousel.initGallery(document.getElementById(\"su_image_carousel_69e23d91876f6\"))}, 0);}var su_image_carousel_69e23d91876f6_script=document.getElementById(\"su_image_carousel_69e23d91876f6_script\");if(su_image_carousel_69e23d91876f6_script){su_image_carousel_69e23d91876f6_script.parentNode.removeChild(su_image_carousel_69e23d91876f6_script);}<\/script>\n<p>Notre collectif a pour objectif de mener des <b><i>actions de mobilisation<\/i><\/b> autour des th\u00e9matiques du droit \u00e0 l\u2019alimentation, de l\u2019acc\u00e8s \u00e0 l\u2019alimentation et de la pr\u00e9carit\u00e9 alimentaire par le biais de :<\/p>\n<ul>\n<li>R\u00e9unions de travail collectif<\/li>\n<li>Pr\u00e9paration et diffusion d\u2019\u00e9v\u00e9nements<\/li>\n<li>Participation aux mobilisations<\/li>\n<\/ul>\n<p><em>Ce collectif est n\u00e9 d&rsquo;un besoin des acteurs\u00b7trices qui travaillent sur les enjeux d&rsquo;accessibilit\u00e9 : la cr\u00e9ation d&rsquo;un espace d\u00e9di\u00e9 \u00e0 la mise en action et aux revendications d&rsquo;acc\u00e8s \u00e0 l\u2019alimentation de qualit\u00e9 pour tous et toutes. <\/em><em>Ce collectif est coordonn\u00e9 par la <strong>Concertation Aide Alimentaire.<\/strong><\/em><\/p>\n<p style=\"text-align: right;\"><em>Marche contre la pr\u00e9carit\u00e9 alimentaire &#8211; 14 juin 2023<\/em><\/p>\n<div class=\"su-animate\" style=\"opacity:0;-webkit-animation-duration:1s;-webkit-animation-delay:0s;animation-duration:1s;animation-delay:0s;\" data-animation=\"slideInRight\" data-duration=\"1\" data-delay=\"0\">\n<div class=\"title_code\"><strong>NOS ACTIONS<\/strong><\/div>\n        <div class=\"content_code\">\n<p><strong>\u00c9DITION 2025 | INTERPELLATION du Parlement bruxellois<\/strong><\/p>\n<p><a href=\"https:\/\/youtube.com\/shorts\/hkku8XKBN9k?feature=share\">La vid\u00e9o du 7 f\u00e9vrier 2025<\/a><\/p>\n<p><a href=\"https:\/\/www.fdss.be\/wp-content\/uploads\/2025_CAA_gratin-A4-communique-word_V01.pdf\">Le communiqu\u00e9 de presse<\/a><\/p>\n<p><strong>\u00c9DITION 2024 | MARATHON DES LETTRES | 11 mars &#8211; 11 avril<\/strong><\/p>\n<p>Du 11 mars au 11 avril 2024, le Gratin de la col\u00e8re vous invite \u00e0 participer \u00e0 son <strong>marathon des lettres<\/strong>. Mettons en lumi\u00e8re les d\u00e9faillances de notre syst\u00e8me alimentaire malade et rel\u00e9gu\u00e9 aux soins palliatifs.<\/p>\n<p><span class=\"ILfuVd\" lang=\"fr\"><span class=\"hgKElc\">\u00c0<\/span><\/span> vos bics pour interpeller notre futur gouvernement bruxellois !<\/p>\n<ul>\n<li><a href=\"https:\/\/www.fdss.be\/wp-content\/uploads\/2024_CAA_gratin_courrier_A4-FR_V04.pdf\" target=\"_blank\" rel=\"noopener\"><strong>Courrier pour le futur gouvernement bruxellois<\/strong><\/a> \u00e0 t\u00e9l\u00e9charger<\/li>\n<li><strong><a href=\"https:\/\/www.fdss.be\/wp-content\/uploads\/2024_CAA_gratin_marathon-A5-FR_V04.pdf\" target=\"_blank\" rel=\"noopener\">Flyer explicatif pour le Marathon des lettres<\/a> <\/strong>\u00e0 t\u00e9l\u00e9charger<\/li>\n<\/ul>\n<blockquote><p>Les documents en version n\u00e9erlandophone sont <a href=\"https:\/\/www.fdss.be\/nl\/voedselhulp\/projecten-werkgroepen\/collectief-woedegratin\/\" target=\"_blank\" rel=\"noopener\">disponibles ici<\/a><\/p><\/blockquote>\n<p>Le 11 avril 2024 : <a href=\"https:\/\/fb.me\/e\/1rWnriyX4\" target=\"_blank\" rel=\"noopener\">Mobilisation \u00ab\u00a0Notre syst\u00e8me alimentaire aux soins palliatifs\u00a0\u00bb<\/a><\/p>\n<p><a class=\"button\" href=\"https:\/\/www.fdss.be\/fr\/publication\/carte-blanche-notre-systeme-alimentaire-aux-soins-palliatifs\/\" target=\"_blank\" rel=\"noopener\">Carte blanche &#8211; \u00c9dition 2024<\/a><\/p>\n<p><strong>\u00c9DITION 2023 | MARCHE contre la pr\u00e9carit\u00e9 alimentaire<\/strong><\/p>\n<p>&nbsp;<\/p>\n<blockquote><p>Manger ou payer ses factures, on ne veut pas choisir !<\/p>\n<p>&nbsp;<\/p><\/blockquote>\n<p><img loading=\"lazy\" decoding=\"async\" class=\"wp-image-10656 alignleft\" src=\"https:\/\/www.fdss.be\/wp-content\/uploads\/2024_CAA_gratin-illu-logo-1.jpg\" alt=\"\" width=\"318\" height=\"239\" srcset=\"https:\/\/www.fdss.be\/wp-content\/uploads\/2024_CAA_gratin-illu-logo-1.jpg 417w, https:\/\/www.fdss.be\/wp-content\/uploads\/2024_CAA_gratin-illu-logo-1-150x113.jpg 150w\" sizes=\"auto, (max-width: 318px) 100vw, 318px\" \/><\/p>\n<p>&nbsp;<\/p>\n<p>&nbsp;<\/p>\n<p>&nbsp;<\/p>\n<p>&nbsp;<\/p>\n<p>&nbsp;<\/p>\n<p>&nbsp;<\/p>\n<p>&nbsp;<\/p>\n<\/div>\n<\/div>\n<div class=\"su-animate\" style=\"opacity:0;-webkit-animation-duration:1s;-webkit-animation-delay:0s;animation-duration:1s;animation-delay:0s;\" data-animation=\"slideInRight\" data-duration=\"1\" data-delay=\"0\">\n<div class=\"title_code\"><strong>QUI SOMMES-NOUS ?<\/strong><\/div>\n        <div class=\"content_code\">\n<p>Des associations des secteurs social, sant\u00e9 et alimentation qui souhaitent co-organiser des actions de mobilisation.<\/p>\n<p>Liste des organisations impliqu\u00e9es :<\/p>\n<ul>\n<li>ASEB<\/li>\n<li>Agroecology in Action<\/li>\n<li>ATD Quart Monde<\/li>\n<li>Citoyenne<\/li>\n<li>Comit\u00e9 de la Samaritaine<\/li>\n<li>Cuisines de quartier<\/li>\n<li>Cultureghem<\/li>\n<li>Epi St-Gilles<\/li>\n<li>Espace Social T\u00e9l\u00e9-Service<\/li>\n<li>F\u00e9d\u00e9ration des Services Sociaux<\/li>\n<li>Fian<\/li>\n<li>KOM \u00e0 la maison<\/li>\n<li>Nourrir Bruxelles<\/li>\n<li>PCQS Evere &#8211; City ZenDev<\/li>\n<li>Rencontres des continents<\/li>\n<li>Serivce Social de Cureghem<\/li>\n<\/ul>\n<p>L&rsquo;h\u00e9bergement de ce collectif se fait au sein de la <strong>Concertation Aide Alimentaire<\/strong> de la F\u00e9d\u00e9ration des Services Sociaux avec l\u2019appui des partenaires.<\/p>\n<\/div>\n<\/div>\n<div class=\"su-animate\" style=\"opacity:0;-webkit-animation-duration:1s;-webkit-animation-delay:0s;animation-duration:1s;animation-delay:0s;\" data-animation=\"slideInRight\" data-duration=\"1\" data-delay=\"0\">\n<div class=\"title_code\"><strong>POUR NOUS REJOINDRE<\/strong><\/div>\n        <div class=\"content_code\">\n<p>Vous pouvez prendre contact avec :<\/p>\n<ul>\n<li><strong>Brigitte Grisar<\/strong>, <em>Coordinatrice de la Concertation Aide Alimentaire et charg\u00e9e de projets<\/em> (FdSS, Cellule Concertation Aide Alimentaire)\n<ul>\n<li><a href=\"&#x6d;&#x61;&#x69;&#108;&#116;&#111;:b&#x72;&#x69;&#x67;&#x69;&#116;&#116;e&#46;&#x67;&#x72;&#x69;&#x73;&#97;&#114;&#64;f&#x64;&#x73;&#x73;&#x2e;&#98;&#101;\">&#98;&#x72;&#105;&#x67;&#105;&#x74;t&#x65;&#46;&#103;&#x72;&#105;&#x73;&#97;&#x72;&#64;&#x66;d&#115;&#x73;&#46;&#x62;&#101;<\/a><\/li>\n<li><a href=\"tel:0472473074\">0472 47 30 74<\/a><\/li>\n<\/ul>\n<\/li>\n<\/ul>\n<\/div>\n<\/div>\n","protected":false},"excerpt":{"rendered":"<p>Notre collectif a pour objectif de mener des actions de mobilisation autour des th\u00e9matiques du droit \u00e0 l\u2019alimentation, de l\u2019acc\u00e8s \u00e0 l\u2019alimentation et de la pr\u00e9carit\u00e9 alimentaire par le biais de : R\u00e9unions de travail collectif Pr\u00e9paration et diffusion d\u2019\u00e9v\u00e9nements Participation aux mobilisations Ce collectif est n\u00e9 d&rsquo;un besoin des acteurs\u00b7trices qui travaillent sur les [&hellip;]<\/p>\n","protected":false},"author":4,"featured_media":0,"parent":8769,"menu_order":0,"comment_status":"closed","ping_status":"closed","template":"","meta":{"_acf_changed":false,"footnotes":""},"class_list":["post-10547","page","type-page","status-publish","hentry"],"acf":[],"_links":{"self":[{"href":"https:\/\/www.fdss.be\/fr\/wp-json\/wp\/v2\/pages\/10547","targetHints":{"allow":["GET"]}}],"collection":[{"href":"https:\/\/www.fdss.be\/fr\/wp-json\/wp\/v2\/pages"}],"about":[{"href":"https:\/\/www.fdss.be\/fr\/wp-json\/wp\/v2\/types\/page"}],"author":[{"embeddable":true,"href":"https:\/\/www.fdss.be\/fr\/wp-json\/wp\/v2\/users\/4"}],"replies":[{"embeddable":true,"href":"https:\/\/www.fdss.be\/fr\/wp-json\/wp\/v2\/comments?post=10547"}],"version-history":[{"count":87,"href":"https:\/\/www.fdss.be\/fr\/wp-json\/wp\/v2\/pages\/10547\/revisions"}],"predecessor-version":[{"id":13829,"href":"https:\/\/www.fdss.be\/fr\/wp-json\/wp\/v2\/pages\/10547\/revisions\/13829"}],"up":[{"embeddable":true,"href":"https:\/\/www.fdss.be\/fr\/wp-json\/wp\/v2\/pages\/8769"}],"wp:attachment":[{"href":"https:\/\/www.fdss.be\/fr\/wp-json\/wp\/v2\/media?parent=10547"}],"curies":[{"name":"wp","href":"https:\/\/api.w.org\/{rel}","templated":true}]}}